{"id":9648,"date":"2023-11-17T17:28:26","date_gmt":"2023-11-17T16:28:26","guid":{"rendered":"https:\/\/www.eyrignac.com\/fr?post_type=product&#038;p=9648"},"modified":"2025-02-25T16:30:40","modified_gmt":"2025-02-25T15:30:40","slug":"marqueurs-de-plante-bambou-set-de-6-2","status":"publish","type":"product","link":"https:\/\/www.eyrignac.com\/fr\/produit\/marqueurs-de-plante-bambou-set-de-6-2","title":{"rendered":"Marqueurs de plante bambou set de 6"},"content":{"rendered":"<p>Outils de jardinage traditionnels pour tous ceux qui ont la main verte. Le choix du mat\u00e9riau durable de cet outil garantit qu&rsquo;il durera longtemps. Les six marqueurs de plante en bambou peuvent \u00eatre utilis\u00e9s pour identifier les diff\u00e9rents semis et les bulbes. Un stylo ou feutre ind\u00e9l\u00e9bile peut \u00eatre utilis\u00e9 pour \u00e9crire sur les marqueurs.<\/p>\n","protected":false},"excerpt":{"rendered":"Outils de jardinage traditionnels pour tous ceux qui ont la main verte. Le choix du mat\u00e9riau durable de cet outil garantit qu&rsquo;il durera longtemps. Les six marqueurs de plante en bambou peuvent \u00eatre utilis\u00e9s pour identifier les diff\u00e9rents semis et les bulbes. Un stylo ou feutre ind\u00e9l\u00e9bile peut \u00eatre utilis\u00e9 pour \u00e9crire sur les marqueurs.","protected":false},"featured_media":8495,"template":"","meta":{"_acf_changed":false},"product_brand":[],"product_cat":[37],"product_tag":[],"class_list":{"0":"post-9648","1":"product","2":"type-product","3":"status-publish","4":"has-post-thumbnail","6":"product_cat-jardinage","8":"first","9":"instock","10":"taxable","11":"shipping-taxable","12":"purchasable","13":"product-type-simple"},"acf":[],"yoast_head":"<!-- This site is optimized with the Yoast SEO plugin v27.5 - https:\/\/yoast.com\/product\/yoast-seo-wordpress\/ -->\n<title>Marqueurs de plante bambou set de 6 - Eyrignac et ses jardins<\/title>\n<meta name=\"robots\" content=\"index, follow, max-snippet:-1, max-image-preview:large, max-video-preview:-1\" \/>\n<link rel=\"canonical\" href=\"https:\/\/www.eyrignac.com\/fr\/produit\/marqueurs-de-plante-bambou-set-de-6-2\" \/>\n<meta property=\"og:locale\" content=\"fr_FR\" \/>\n<meta property=\"og:type\" content=\"article\" \/>\n<meta property=\"og:title\" content=\"Marqueurs de plante bambou set de 6 - Eyrignac et ses jardins\" \/>\n<meta property=\"og:description\" content=\"Outils de jardinage traditionnels pour tous ceux qui ont la main verte. Le choix du mat\u00e9riau durable de cet outil garantit qu&#039;il durera longtemps. Les six marqueurs de plante en bambou peuvent \u00eatre utilis\u00e9s pour identifier les diff\u00e9rents semis et les bulbes. Un stylo ou feutre ind\u00e9l\u00e9bile peut \u00eatre utilis\u00e9 pour \u00e9crire sur les marqueurs.\" \/>\n<meta property=\"og:url\" content=\"https:\/\/www.eyrignac.com\/fr\/produit\/marqueurs-de-plante-bambou-set-de-6-2\" \/>\n<meta property=\"og:site_name\" content=\"Eyrignac et ses jardins\" \/>\n<meta property=\"article:publisher\" content=\"https:\/\/www.facebook.com\/JardinsEyrignac\/\" \/>\n<meta property=\"article:modified_time\" content=\"2025-02-25T15:30:40+00:00\" \/>\n<meta property=\"og:image\" content=\"https:\/\/www.eyrignac.com\/wp-content\/uploads\/2022\/11\/GT58_01.png\" \/>\n\t<meta property=\"og:image:width\" content=\"1240\" \/>\n\t<meta property=\"og:image:height\" content=\"1240\" \/>\n\t<meta property=\"og:image:type\" content=\"image\/png\" \/>\n<meta name=\"twitter:card\" content=\"summary_large_image\" \/>\n<meta name=\"twitter:site\" content=\"@eyrignac\" \/>\n<meta name=\"twitter:label1\" content=\"Dur\u00e9e de lecture estim\u00e9e\" \/>\n\t<meta name=\"twitter:data1\" content=\"1 minute\" \/>\n<script type=\"application\/ld+json\" class=\"yoast-schema-graph\">{\"@context\":\"https:\\\/\\\/schema.org\",\"@graph\":[{\"@type\":\"WebPage\",\"@id\":\"https:\\\/\\\/www.eyrignac.com\\\/fr\\\/produit\\\/marqueurs-de-plante-bambou-set-de-6-2\",\"url\":\"https:\\\/\\\/www.eyrignac.com\\\/fr\\\/produit\\\/marqueurs-de-plante-bambou-set-de-6-2\",\"name\":\"Marqueurs de plante bambou set de 6 - Eyrignac et ses jardins\",\"isPartOf\":{\"@id\":\"https:\\\/\\\/www.eyrignac.com\\\/fr\\\/#website\"},\"primaryImageOfPage\":{\"@id\":\"https:\\\/\\\/www.eyrignac.com\\\/fr\\\/produit\\\/marqueurs-de-plante-bambou-set-de-6-2#primaryimage\"},\"image\":{\"@id\":\"https:\\\/\\\/www.eyrignac.com\\\/fr\\\/produit\\\/marqueurs-de-plante-bambou-set-de-6-2#primaryimage\"},\"thumbnailUrl\":\"https:\\\/\\\/www.eyrignac.com\\\/wp-content\\\/uploads\\\/2022\\\/11\\\/GT58_01.png\",\"datePublished\":\"2023-11-17T16:28:26+00:00\",\"dateModified\":\"2025-02-25T15:30:40+00:00\",\"breadcrumb\":{\"@id\":\"https:\\\/\\\/www.eyrignac.com\\\/fr\\\/produit\\\/marqueurs-de-plante-bambou-set-de-6-2#breadcrumb\"},\"inLanguage\":\"fr-FR\",\"potentialAction\":[{\"@type\":\"ReadAction\",\"target\":[\"https:\\\/\\\/www.eyrignac.com\\\/fr\\\/produit\\\/marqueurs-de-plante-bambou-set-de-6-2\"]}]},{\"@type\":\"ImageObject\",\"inLanguage\":\"fr-FR\",\"@id\":\"https:\\\/\\\/www.eyrignac.com\\\/fr\\\/produit\\\/marqueurs-de-plante-bambou-set-de-6-2#primaryimage\",\"url\":\"https:\\\/\\\/www.eyrignac.com\\\/wp-content\\\/uploads\\\/2022\\\/11\\\/GT58_01.png\",\"contentUrl\":\"https:\\\/\\\/www.eyrignac.com\\\/wp-content\\\/uploads\\\/2022\\\/11\\\/GT58_01.png\",\"width\":1240,\"height\":1240},{\"@type\":\"BreadcrumbList\",\"@id\":\"https:\\\/\\\/www.eyrignac.com\\\/fr\\\/produit\\\/marqueurs-de-plante-bambou-set-de-6-2#breadcrumb\",\"itemListElement\":[{\"@type\":\"ListItem\",\"position\":1,\"name\":\"Accueil\",\"item\":\"https:\\\/\\\/www.eyrignac.com\\\/fr\"},{\"@type\":\"ListItem\",\"position\":2,\"name\":\"Marqueurs de plante bambou set de 6\"}]},{\"@type\":\"WebSite\",\"@id\":\"https:\\\/\\\/www.eyrignac.com\\\/fr\\\/#website\",\"url\":\"https:\\\/\\\/www.eyrignac.com\\\/fr\\\/\",\"name\":\"Eyrignac et ses jardins\",\"description\":\"Lieu de verdure unique en Dordogne\",\"publisher\":{\"@id\":\"https:\\\/\\\/www.eyrignac.com\\\/fr\\\/#organization\"},\"potentialAction\":[{\"@type\":\"SearchAction\",\"target\":{\"@type\":\"EntryPoint\",\"urlTemplate\":\"https:\\\/\\\/www.eyrignac.com\\\/fr\\\/?s={search_term_string}\"},\"query-input\":{\"@type\":\"PropertyValueSpecification\",\"valueRequired\":true,\"valueName\":\"search_term_string\"}}],\"inLanguage\":\"fr-FR\"},{\"@type\":\"Organization\",\"@id\":\"https:\\\/\\\/www.eyrignac.com\\\/fr\\\/#organization\",\"name\":\"Eyrignac\",\"url\":\"https:\\\/\\\/www.eyrignac.com\\\/fr\\\/\",\"logo\":{\"@type\":\"ImageObject\",\"inLanguage\":\"fr-FR\",\"@id\":\"https:\\\/\\\/www.eyrignac.com\\\/fr\\\/#\\\/schema\\\/logo\\\/image\\\/\",\"url\":\"https:\\\/\\\/www.eyrignac.com\\\/wp-content\\\/uploads\\\/2017\\\/12\\\/logo-eyrignac.png\",\"contentUrl\":\"https:\\\/\\\/www.eyrignac.com\\\/wp-content\\\/uploads\\\/2017\\\/12\\\/logo-eyrignac.png\",\"width\":500,\"height\":189,\"caption\":\"Eyrignac\"},\"image\":{\"@id\":\"https:\\\/\\\/www.eyrignac.com\\\/fr\\\/#\\\/schema\\\/logo\\\/image\\\/\"},\"sameAs\":[\"https:\\\/\\\/www.facebook.com\\\/JardinsEyrignac\\\/\",\"https:\\\/\\\/x.com\\\/eyrignac\",\"https:\\\/\\\/www.instagram.com\\\/eyrignac\\\/\",\"https:\\\/\\\/www.pinterest.fr\\\/eyrignac\\\/\",\"https:\\\/\\\/www.youtube.com\\\/channel\\\/UCjWc47ArIew83eRXXjaBowg\"]}]}<\/script>\n<!-- \/ Yoast SEO plugin. -->","yoast_head_json":{"title":"Marqueurs de plante bambou set de 6 - Eyrignac et ses jardins","robots":{"index":"index","follow":"follow","max-snippet":"max-snippet:-1","max-image-preview":"max-image-preview:large","max-video-preview":"max-video-preview:-1"},"canonical":"https:\/\/www.eyrignac.com\/fr\/produit\/marqueurs-de-plante-bambou-set-de-6-2","og_locale":"fr_FR","og_type":"article","og_title":"Marqueurs de plante bambou set de 6 - Eyrignac et ses jardins","og_description":"Outils de jardinage traditionnels pour tous ceux qui ont la main verte. Le choix du mat\u00e9riau durable de cet outil garantit qu'il durera longtemps. Les six marqueurs de plante en bambou peuvent \u00eatre utilis\u00e9s pour identifier les diff\u00e9rents semis et les bulbes. Un stylo ou feutre ind\u00e9l\u00e9bile peut \u00eatre utilis\u00e9 pour \u00e9crire sur les marqueurs.","og_url":"https:\/\/www.eyrignac.com\/fr\/produit\/marqueurs-de-plante-bambou-set-de-6-2","og_site_name":"Eyrignac et ses jardins","article_publisher":"https:\/\/www.facebook.com\/JardinsEyrignac\/","article_modified_time":"2025-02-25T15:30:40+00:00","og_image":[{"width":1240,"height":1240,"url":"https:\/\/www.eyrignac.com\/wp-content\/uploads\/2022\/11\/GT58_01.png","type":"image\/png"}],"twitter_card":"summary_large_image","twitter_site":"@eyrignac","twitter_misc":{"Dur\u00e9e de lecture estim\u00e9e":"1 minute"},"schema":{"@context":"https:\/\/schema.org","@graph":[{"@type":"WebPage","@id":"https:\/\/www.eyrignac.com\/fr\/produit\/marqueurs-de-plante-bambou-set-de-6-2","url":"https:\/\/www.eyrignac.com\/fr\/produit\/marqueurs-de-plante-bambou-set-de-6-2","name":"Marqueurs de plante bambou set de 6 - Eyrignac et ses jardins","isPartOf":{"@id":"https:\/\/www.eyrignac.com\/fr\/#website"},"primaryImageOfPage":{"@id":"https:\/\/www.eyrignac.com\/fr\/produit\/marqueurs-de-plante-bambou-set-de-6-2#primaryimage"},"image":{"@id":"https:\/\/www.eyrignac.com\/fr\/produit\/marqueurs-de-plante-bambou-set-de-6-2#primaryimage"},"thumbnailUrl":"https:\/\/www.eyrignac.com\/wp-content\/uploads\/2022\/11\/GT58_01.png","datePublished":"2023-11-17T16:28:26+00:00","dateModified":"2025-02-25T15:30:40+00:00","breadcrumb":{"@id":"https:\/\/www.eyrignac.com\/fr\/produit\/marqueurs-de-plante-bambou-set-de-6-2#breadcrumb"},"inLanguage":"fr-FR","potentialAction":[{"@type":"ReadAction","target":["https:\/\/www.eyrignac.com\/fr\/produit\/marqueurs-de-plante-bambou-set-de-6-2"]}]},{"@type":"ImageObject","inLanguage":"fr-FR","@id":"https:\/\/www.eyrignac.com\/fr\/produit\/marqueurs-de-plante-bambou-set-de-6-2#primaryimage","url":"https:\/\/www.eyrignac.com\/wp-content\/uploads\/2022\/11\/GT58_01.png","contentUrl":"https:\/\/www.eyrignac.com\/wp-content\/uploads\/2022\/11\/GT58_01.png","width":1240,"height":1240},{"@type":"BreadcrumbList","@id":"https:\/\/www.eyrignac.com\/fr\/produit\/marqueurs-de-plante-bambou-set-de-6-2#breadcrumb","itemListElement":[{"@type":"ListItem","position":1,"name":"Accueil","item":"https:\/\/www.eyrignac.com\/fr"},{"@type":"ListItem","position":2,"name":"Marqueurs de plante bambou set de 6"}]},{"@type":"WebSite","@id":"https:\/\/www.eyrignac.com\/fr\/#website","url":"https:\/\/www.eyrignac.com\/fr\/","name":"Eyrignac et ses jardins","description":"Lieu de verdure unique en Dordogne","publisher":{"@id":"https:\/\/www.eyrignac.com\/fr\/#organization"},"potentialAction":[{"@type":"SearchAction","target":{"@type":"EntryPoint","urlTemplate":"https:\/\/www.eyrignac.com\/fr\/?s={search_term_string}"},"query-input":{"@type":"PropertyValueSpecification","valueRequired":true,"valueName":"search_term_string"}}],"inLanguage":"fr-FR"},{"@type":"Organization","@id":"https:\/\/www.eyrignac.com\/fr\/#organization","name":"Eyrignac","url":"https:\/\/www.eyrignac.com\/fr\/","logo":{"@type":"ImageObject","inLanguage":"fr-FR","@id":"https:\/\/www.eyrignac.com\/fr\/#\/schema\/logo\/image\/","url":"https:\/\/www.eyrignac.com\/wp-content\/uploads\/2017\/12\/logo-eyrignac.png","contentUrl":"https:\/\/www.eyrignac.com\/wp-content\/uploads\/2017\/12\/logo-eyrignac.png","width":500,"height":189,"caption":"Eyrignac"},"image":{"@id":"https:\/\/www.eyrignac.com\/fr\/#\/schema\/logo\/image\/"},"sameAs":["https:\/\/www.facebook.com\/JardinsEyrignac\/","https:\/\/x.com\/eyrignac","https:\/\/www.instagram.com\/eyrignac\/","https:\/\/www.pinterest.fr\/eyrignac\/","https:\/\/www.youtube.com\/channel\/UCjWc47ArIew83eRXXjaBowg"]}]}},"_links":{"self":[{"href":"https:\/\/www.eyrignac.com\/fr\/wp-json\/wp\/v2\/product\/9648","targetHints":{"allow":["GET"]}}],"collection":[{"href":"https:\/\/www.eyrignac.com\/fr\/wp-json\/wp\/v2\/product"}],"about":[{"href":"https:\/\/www.eyrignac.com\/fr\/wp-json\/wp\/v2\/types\/product"}],"wp:featuredmedia":[{"embeddable":true,"href":"https:\/\/www.eyrignac.com\/fr\/wp-json\/wp\/v2\/media\/8495"}],"wp:attachment":[{"href":"https:\/\/www.eyrignac.com\/fr\/wp-json\/wp\/v2\/media?parent=9648"}],"wp:term":[{"taxonomy":"product_brand","embeddable":true,"href":"https:\/\/www.eyrignac.com\/fr\/wp-json\/wp\/v2\/product_brand?post=9648"},{"taxonomy":"product_cat","embeddable":true,"href":"https:\/\/www.eyrignac.com\/fr\/wp-json\/wp\/v2\/product_cat?post=9648"},{"taxonomy":"product_tag","embeddable":true,"href":"https:\/\/www.eyrignac.com\/fr\/wp-json\/wp\/v2\/product_tag?post=9648"}],"curies":[{"name":"wp","href":"https:\/\/api.w.org\/{rel}","templated":true}]}}