{"id":2171,"date":"2018-07-05T17:28:24","date_gmt":"2018-07-05T15:28:24","guid":{"rendered":"https:\/\/www.eyrignac.com\/fr?post_type=product&#038;p=2171"},"modified":"2021-11-21T15:01:30","modified_gmt":"2021-11-21T14:01:30","slug":"pelle_truelle","status":"publish","type":"product","link":"https:\/\/www.eyrignac.com\/fr\/produit\/pelle_truelle","title":{"rendered":"Pelle Truelle"},"content":{"rendered":"","protected":false},"excerpt":{"rendered":"Pelle truelle Burgon&amp;Ball avec une poign\u00e9e en bois certifi\u00e9 pour un confort durable et une t\u00eate en acier inoxydable pour une r\u00e9sistance optimale. Forme incurv\u00e9e pour creuser plus facilement.","protected":false},"featured_media":2330,"template":"","meta":{"_acf_changed":false},"product_brand":[],"product_cat":[37],"product_tag":[],"class_list":{"0":"post-2171","1":"product","2":"type-product","3":"status-publish","4":"has-post-thumbnail","6":"product_cat-jardinage","8":"first","9":"outofstock","10":"taxable","11":"shipping-taxable","12":"purchasable","13":"product-type-simple"},"acf":[],"yoast_head":"<!-- This site is optimized with the Yoast SEO plugin v27.5 - https:\/\/yoast.com\/product\/yoast-seo-wordpress\/ -->\n<title>Pelle truelle - Eyrignac et ses jardins<\/title>\n<meta name=\"robots\" content=\"index, follow, max-snippet:-1, max-image-preview:large, max-video-preview:-1\" \/>\n<link rel=\"canonical\" href=\"https:\/\/www.eyrignac.com\/fr\/produit\/pelle_truelle\" \/>\n<meta property=\"og:locale\" content=\"fr_FR\" \/>\n<meta property=\"og:type\" content=\"article\" \/>\n<meta property=\"og:title\" content=\"Pelle truelle - Eyrignac et ses jardins\" \/>\n<meta property=\"og:description\" content=\"Pelle truelle Burgon&amp;Ball avec une poign\u00e9e en bois certifi\u00e9 pour un confort durable et une t\u00eate en acier inoxydable pour une r\u00e9sistance optimale. Forme incurv\u00e9e pour creuser plus facilement.\" \/>\n<meta property=\"og:url\" content=\"https:\/\/www.eyrignac.com\/fr\/produit\/pelle_truelle\" \/>\n<meta property=\"og:site_name\" content=\"Eyrignac et ses jardins\" \/>\n<meta property=\"article:publisher\" content=\"https:\/\/www.facebook.com\/JardinsEyrignac\/\" \/>\n<meta property=\"article:modified_time\" content=\"2021-11-21T14:01:30+00:00\" \/>\n<meta property=\"og:image\" content=\"https:\/\/www.eyrignac.com\/wp-content\/uploads\/2018\/07\/eyrignac_pelle_truelle_burgon_ball.jpeg\" \/>\n\t<meta property=\"og:image:width\" content=\"1900\" \/>\n\t<meta property=\"og:image:height\" content=\"1425\" \/>\n\t<meta property=\"og:image:type\" content=\"image\/jpeg\" \/>\n<meta name=\"twitter:card\" content=\"summary_large_image\" \/>\n<meta name=\"twitter:site\" content=\"@eyrignac\" \/>\n<script type=\"application\/ld+json\" class=\"yoast-schema-graph\">{\"@context\":\"https:\\\/\\\/schema.org\",\"@graph\":[{\"@type\":\"WebPage\",\"@id\":\"https:\\\/\\\/www.eyrignac.com\\\/fr\\\/produit\\\/pelle_truelle\",\"url\":\"https:\\\/\\\/www.eyrignac.com\\\/fr\\\/produit\\\/pelle_truelle\",\"name\":\"Pelle truelle - Eyrignac et ses jardins\",\"isPartOf\":{\"@id\":\"https:\\\/\\\/www.eyrignac.com\\\/fr\\\/#website\"},\"primaryImageOfPage\":{\"@id\":\"https:\\\/\\\/www.eyrignac.com\\\/fr\\\/produit\\\/pelle_truelle#primaryimage\"},\"image\":{\"@id\":\"https:\\\/\\\/www.eyrignac.com\\\/fr\\\/produit\\\/pelle_truelle#primaryimage\"},\"thumbnailUrl\":\"https:\\\/\\\/www.eyrignac.com\\\/wp-content\\\/uploads\\\/2018\\\/07\\\/eyrignac_pelle_truelle_burgon_ball.jpeg\",\"datePublished\":\"2018-07-05T15:28:24+00:00\",\"dateModified\":\"2021-11-21T14:01:30+00:00\",\"breadcrumb\":{\"@id\":\"https:\\\/\\\/www.eyrignac.com\\\/fr\\\/produit\\\/pelle_truelle#breadcrumb\"},\"inLanguage\":\"fr-FR\",\"potentialAction\":[{\"@type\":\"ReadAction\",\"target\":[\"https:\\\/\\\/www.eyrignac.com\\\/fr\\\/produit\\\/pelle_truelle\"]}]},{\"@type\":\"ImageObject\",\"inLanguage\":\"fr-FR\",\"@id\":\"https:\\\/\\\/www.eyrignac.com\\\/fr\\\/produit\\\/pelle_truelle#primaryimage\",\"url\":\"https:\\\/\\\/www.eyrignac.com\\\/wp-content\\\/uploads\\\/2018\\\/07\\\/eyrignac_pelle_truelle_burgon_ball.jpeg\",\"contentUrl\":\"https:\\\/\\\/www.eyrignac.com\\\/wp-content\\\/uploads\\\/2018\\\/07\\\/eyrignac_pelle_truelle_burgon_ball.jpeg\",\"width\":1900,\"height\":1425,\"caption\":\"Pelle Truelle Burgon&Ball\"},{\"@type\":\"BreadcrumbList\",\"@id\":\"https:\\\/\\\/www.eyrignac.com\\\/fr\\\/produit\\\/pelle_truelle#breadcrumb\",\"itemListElement\":[{\"@type\":\"ListItem\",\"position\":1,\"name\":\"Accueil\",\"item\":\"https:\\\/\\\/www.eyrignac.com\\\/fr\"},{\"@type\":\"ListItem\",\"position\":2,\"name\":\"Pelle Truelle\"}]},{\"@type\":\"WebSite\",\"@id\":\"https:\\\/\\\/www.eyrignac.com\\\/fr\\\/#website\",\"url\":\"https:\\\/\\\/www.eyrignac.com\\\/fr\\\/\",\"name\":\"Eyrignac et ses jardins\",\"description\":\"Lieu de verdure unique en Dordogne\",\"publisher\":{\"@id\":\"https:\\\/\\\/www.eyrignac.com\\\/fr\\\/#organization\"},\"potentialAction\":[{\"@type\":\"SearchAction\",\"target\":{\"@type\":\"EntryPoint\",\"urlTemplate\":\"https:\\\/\\\/www.eyrignac.com\\\/fr\\\/?s={search_term_string}\"},\"query-input\":{\"@type\":\"PropertyValueSpecification\",\"valueRequired\":true,\"valueName\":\"search_term_string\"}}],\"inLanguage\":\"fr-FR\"},{\"@type\":\"Organization\",\"@id\":\"https:\\\/\\\/www.eyrignac.com\\\/fr\\\/#organization\",\"name\":\"Eyrignac\",\"url\":\"https:\\\/\\\/www.eyrignac.com\\\/fr\\\/\",\"logo\":{\"@type\":\"ImageObject\",\"inLanguage\":\"fr-FR\",\"@id\":\"https:\\\/\\\/www.eyrignac.com\\\/fr\\\/#\\\/schema\\\/logo\\\/image\\\/\",\"url\":\"https:\\\/\\\/www.eyrignac.com\\\/wp-content\\\/uploads\\\/2017\\\/12\\\/logo-eyrignac.png\",\"contentUrl\":\"https:\\\/\\\/www.eyrignac.com\\\/wp-content\\\/uploads\\\/2017\\\/12\\\/logo-eyrignac.png\",\"width\":500,\"height\":189,\"caption\":\"Eyrignac\"},\"image\":{\"@id\":\"https:\\\/\\\/www.eyrignac.com\\\/fr\\\/#\\\/schema\\\/logo\\\/image\\\/\"},\"sameAs\":[\"https:\\\/\\\/www.facebook.com\\\/JardinsEyrignac\\\/\",\"https:\\\/\\\/x.com\\\/eyrignac\",\"https:\\\/\\\/www.instagram.com\\\/eyrignac\\\/\",\"https:\\\/\\\/www.pinterest.fr\\\/eyrignac\\\/\",\"https:\\\/\\\/www.youtube.com\\\/channel\\\/UCjWc47ArIew83eRXXjaBowg\"]}]}<\/script>\n<!-- \/ Yoast SEO plugin. -->","yoast_head_json":{"title":"Pelle truelle - Eyrignac et ses jardins","robots":{"index":"index","follow":"follow","max-snippet":"max-snippet:-1","max-image-preview":"max-image-preview:large","max-video-preview":"max-video-preview:-1"},"canonical":"https:\/\/www.eyrignac.com\/fr\/produit\/pelle_truelle","og_locale":"fr_FR","og_type":"article","og_title":"Pelle truelle - Eyrignac et ses jardins","og_description":"Pelle truelle Burgon&amp;Ball avec une poign\u00e9e en bois certifi\u00e9 pour un confort durable et une t\u00eate en acier inoxydable pour une r\u00e9sistance optimale. Forme incurv\u00e9e pour creuser plus facilement.","og_url":"https:\/\/www.eyrignac.com\/fr\/produit\/pelle_truelle","og_site_name":"Eyrignac et ses jardins","article_publisher":"https:\/\/www.facebook.com\/JardinsEyrignac\/","article_modified_time":"2021-11-21T14:01:30+00:00","og_image":[{"width":1900,"height":1425,"url":"https:\/\/www.eyrignac.com\/wp-content\/uploads\/2018\/07\/eyrignac_pelle_truelle_burgon_ball.jpeg","type":"image\/jpeg"}],"twitter_card":"summary_large_image","twitter_site":"@eyrignac","schema":{"@context":"https:\/\/schema.org","@graph":[{"@type":"WebPage","@id":"https:\/\/www.eyrignac.com\/fr\/produit\/pelle_truelle","url":"https:\/\/www.eyrignac.com\/fr\/produit\/pelle_truelle","name":"Pelle truelle - Eyrignac et ses jardins","isPartOf":{"@id":"https:\/\/www.eyrignac.com\/fr\/#website"},"primaryImageOfPage":{"@id":"https:\/\/www.eyrignac.com\/fr\/produit\/pelle_truelle#primaryimage"},"image":{"@id":"https:\/\/www.eyrignac.com\/fr\/produit\/pelle_truelle#primaryimage"},"thumbnailUrl":"https:\/\/www.eyrignac.com\/wp-content\/uploads\/2018\/07\/eyrignac_pelle_truelle_burgon_ball.jpeg","datePublished":"2018-07-05T15:28:24+00:00","dateModified":"2021-11-21T14:01:30+00:00","breadcrumb":{"@id":"https:\/\/www.eyrignac.com\/fr\/produit\/pelle_truelle#breadcrumb"},"inLanguage":"fr-FR","potentialAction":[{"@type":"ReadAction","target":["https:\/\/www.eyrignac.com\/fr\/produit\/pelle_truelle"]}]},{"@type":"ImageObject","inLanguage":"fr-FR","@id":"https:\/\/www.eyrignac.com\/fr\/produit\/pelle_truelle#primaryimage","url":"https:\/\/www.eyrignac.com\/wp-content\/uploads\/2018\/07\/eyrignac_pelle_truelle_burgon_ball.jpeg","contentUrl":"https:\/\/www.eyrignac.com\/wp-content\/uploads\/2018\/07\/eyrignac_pelle_truelle_burgon_ball.jpeg","width":1900,"height":1425,"caption":"Pelle Truelle Burgon&Ball"},{"@type":"BreadcrumbList","@id":"https:\/\/www.eyrignac.com\/fr\/produit\/pelle_truelle#breadcrumb","itemListElement":[{"@type":"ListItem","position":1,"name":"Accueil","item":"https:\/\/www.eyrignac.com\/fr"},{"@type":"ListItem","position":2,"name":"Pelle Truelle"}]},{"@type":"WebSite","@id":"https:\/\/www.eyrignac.com\/fr\/#website","url":"https:\/\/www.eyrignac.com\/fr\/","name":"Eyrignac et ses jardins","description":"Lieu de verdure unique en Dordogne","publisher":{"@id":"https:\/\/www.eyrignac.com\/fr\/#organization"},"potentialAction":[{"@type":"SearchAction","target":{"@type":"EntryPoint","urlTemplate":"https:\/\/www.eyrignac.com\/fr\/?s={search_term_string}"},"query-input":{"@type":"PropertyValueSpecification","valueRequired":true,"valueName":"search_term_string"}}],"inLanguage":"fr-FR"},{"@type":"Organization","@id":"https:\/\/www.eyrignac.com\/fr\/#organization","name":"Eyrignac","url":"https:\/\/www.eyrignac.com\/fr\/","logo":{"@type":"ImageObject","inLanguage":"fr-FR","@id":"https:\/\/www.eyrignac.com\/fr\/#\/schema\/logo\/image\/","url":"https:\/\/www.eyrignac.com\/wp-content\/uploads\/2017\/12\/logo-eyrignac.png","contentUrl":"https:\/\/www.eyrignac.com\/wp-content\/uploads\/2017\/12\/logo-eyrignac.png","width":500,"height":189,"caption":"Eyrignac"},"image":{"@id":"https:\/\/www.eyrignac.com\/fr\/#\/schema\/logo\/image\/"},"sameAs":["https:\/\/www.facebook.com\/JardinsEyrignac\/","https:\/\/x.com\/eyrignac","https:\/\/www.instagram.com\/eyrignac\/","https:\/\/www.pinterest.fr\/eyrignac\/","https:\/\/www.youtube.com\/channel\/UCjWc47ArIew83eRXXjaBowg"]}]}},"_links":{"self":[{"href":"https:\/\/www.eyrignac.com\/fr\/wp-json\/wp\/v2\/product\/2171","targetHints":{"allow":["GET"]}}],"collection":[{"href":"https:\/\/www.eyrignac.com\/fr\/wp-json\/wp\/v2\/product"}],"about":[{"href":"https:\/\/www.eyrignac.com\/fr\/wp-json\/wp\/v2\/types\/product"}],"wp:featuredmedia":[{"embeddable":true,"href":"https:\/\/www.eyrignac.com\/fr\/wp-json\/wp\/v2\/media\/2330"}],"wp:attachment":[{"href":"https:\/\/www.eyrignac.com\/fr\/wp-json\/wp\/v2\/media?parent=2171"}],"wp:term":[{"taxonomy":"product_brand","embeddable":true,"href":"https:\/\/www.eyrignac.com\/fr\/wp-json\/wp\/v2\/product_brand?post=2171"},{"taxonomy":"product_cat","embeddable":true,"href":"https:\/\/www.eyrignac.com\/fr\/wp-json\/wp\/v2\/product_cat?post=2171"},{"taxonomy":"product_tag","embeddable":true,"href":"https:\/\/www.eyrignac.com\/fr\/wp-json\/wp\/v2\/product_tag?post=2171"}],"curies":[{"name":"wp","href":"https:\/\/api.w.org\/{rel}","templated":true}]}}