{"id":2103,"date":"2018-07-03T17:52:53","date_gmt":"2018-07-03T15:52:53","guid":{"rendered":"https:\/\/www.eyrignac.com\/fr?post_type=product&#038;p=2103"},"modified":"2025-02-25T16:42:25","modified_gmt":"2025-02-25T15:42:25","slug":"secateur-ars-20cm","status":"publish","type":"product","link":"https:\/\/www.eyrignac.com\/fr\/produit\/secateur-ars-20cm","title":{"rendered":"S\u00e9cateur ARS 20cm"},"content":{"rendered":"","protected":false},"excerpt":{"rendered":"S\u00e9cateur ARS professionnel pour couper les branches jusqu&rsquo;\u00e0 25mm en carbone et acier durci. Chromage dur et double amortisseur. Dimension 20cm.\r\nS\u00e9cateur utilis\u00e9 au quotidien par les jardiniers d&rsquo;Eyrignac.\r\nEyrignac applique le tarif public conseill\u00e9 + SAV + suivi pi\u00e8ces d\u00e9tach\u00e9es !","protected":false},"featured_media":2339,"template":"","meta":{"_acf_changed":false},"product_brand":[],"product_cat":[37],"product_tag":[],"class_list":{"0":"post-2103","1":"product","2":"type-product","3":"status-publish","4":"has-post-thumbnail","6":"product_cat-jardinage","8":"first","9":"instock","10":"taxable","11":"shipping-taxable","12":"purchasable","13":"product-type-simple"},"acf":[],"yoast_head":"<!-- This site is optimized with the Yoast SEO plugin v27.4 - https:\/\/yoast.com\/product\/yoast-seo-wordpress\/ -->\n<title>S\u00e9cateur ARS 20cm - Eyrignac et ses jardins<\/title>\n<meta name=\"robots\" content=\"index, follow, max-snippet:-1, max-image-preview:large, max-video-preview:-1\" \/>\n<link rel=\"canonical\" href=\"https:\/\/www.eyrignac.com\/fr\/produit\/secateur-ars-20cm\" \/>\n<meta property=\"og:locale\" content=\"fr_FR\" \/>\n<meta property=\"og:type\" content=\"article\" \/>\n<meta property=\"og:title\" content=\"S\u00e9cateur ARS 20cm - Eyrignac et ses jardins\" \/>\n<meta property=\"og:description\" content=\"S\u00e9cateur ARS professionnel pour couper les branches jusqu&#039;\u00e0 25mm en carbone et acier durci. Chromage dur et double amortisseur. Dimension 20cm. S\u00e9cateur utilis\u00e9 au quotidien par les jardiniers d&#039;Eyrignac. Eyrignac applique le tarif public conseill\u00e9 + SAV + suivi pi\u00e8ces d\u00e9tach\u00e9es !\" \/>\n<meta property=\"og:url\" content=\"https:\/\/www.eyrignac.com\/fr\/produit\/secateur-ars-20cm\" \/>\n<meta property=\"og:site_name\" content=\"Eyrignac et ses jardins\" \/>\n<meta property=\"article:publisher\" content=\"https:\/\/www.facebook.com\/JardinsEyrignac\/\" \/>\n<meta property=\"article:modified_time\" content=\"2025-02-25T15:42:25+00:00\" \/>\n<meta property=\"og:image\" content=\"https:\/\/www.eyrignac.com\/wp-content\/uploads\/2018\/07\/eyrignac_secateur_ars_20_cm.jpg\" \/>\n\t<meta property=\"og:image:width\" content=\"1200\" \/>\n\t<meta property=\"og:image:height\" content=\"1000\" \/>\n\t<meta property=\"og:image:type\" content=\"image\/jpeg\" \/>\n<meta name=\"twitter:card\" content=\"summary_large_image\" \/>\n<meta name=\"twitter:site\" content=\"@eyrignac\" \/>\n<script type=\"application\/ld+json\" class=\"yoast-schema-graph\">{\"@context\":\"https:\\\/\\\/schema.org\",\"@graph\":[{\"@type\":\"WebPage\",\"@id\":\"https:\\\/\\\/www.eyrignac.com\\\/fr\\\/produit\\\/secateur-ars-20cm\",\"url\":\"https:\\\/\\\/www.eyrignac.com\\\/fr\\\/produit\\\/secateur-ars-20cm\",\"name\":\"S\u00e9cateur ARS 20cm - Eyrignac et ses jardins\",\"isPartOf\":{\"@id\":\"https:\\\/\\\/www.eyrignac.com\\\/fr\\\/#website\"},\"primaryImageOfPage\":{\"@id\":\"https:\\\/\\\/www.eyrignac.com\\\/fr\\\/produit\\\/secateur-ars-20cm#primaryimage\"},\"image\":{\"@id\":\"https:\\\/\\\/www.eyrignac.com\\\/fr\\\/produit\\\/secateur-ars-20cm#primaryimage\"},\"thumbnailUrl\":\"https:\\\/\\\/www.eyrignac.com\\\/wp-content\\\/uploads\\\/2018\\\/07\\\/eyrignac_secateur_ars_20_cm.jpg\",\"datePublished\":\"2018-07-03T15:52:53+00:00\",\"dateModified\":\"2025-02-25T15:42:25+00:00\",\"breadcrumb\":{\"@id\":\"https:\\\/\\\/www.eyrignac.com\\\/fr\\\/produit\\\/secateur-ars-20cm#breadcrumb\"},\"inLanguage\":\"fr-FR\",\"potentialAction\":[{\"@type\":\"ReadAction\",\"target\":[\"https:\\\/\\\/www.eyrignac.com\\\/fr\\\/produit\\\/secateur-ars-20cm\"]}]},{\"@type\":\"ImageObject\",\"inLanguage\":\"fr-FR\",\"@id\":\"https:\\\/\\\/www.eyrignac.com\\\/fr\\\/produit\\\/secateur-ars-20cm#primaryimage\",\"url\":\"https:\\\/\\\/www.eyrignac.com\\\/wp-content\\\/uploads\\\/2018\\\/07\\\/eyrignac_secateur_ars_20_cm.jpg\",\"contentUrl\":\"https:\\\/\\\/www.eyrignac.com\\\/wp-content\\\/uploads\\\/2018\\\/07\\\/eyrignac_secateur_ars_20_cm.jpg\",\"width\":1200,\"height\":1000,\"caption\":\"S\u00e9cateur Ars 20cm\"},{\"@type\":\"BreadcrumbList\",\"@id\":\"https:\\\/\\\/www.eyrignac.com\\\/fr\\\/produit\\\/secateur-ars-20cm#breadcrumb\",\"itemListElement\":[{\"@type\":\"ListItem\",\"position\":1,\"name\":\"Accueil\",\"item\":\"https:\\\/\\\/www.eyrignac.com\\\/fr\"},{\"@type\":\"ListItem\",\"position\":2,\"name\":\"S\u00e9cateur ARS 20cm\"}]},{\"@type\":\"WebSite\",\"@id\":\"https:\\\/\\\/www.eyrignac.com\\\/fr\\\/#website\",\"url\":\"https:\\\/\\\/www.eyrignac.com\\\/fr\\\/\",\"name\":\"Eyrignac et ses jardins\",\"description\":\"Lieu de verdure unique en Dordogne\",\"publisher\":{\"@id\":\"https:\\\/\\\/www.eyrignac.com\\\/fr\\\/#organization\"},\"potentialAction\":[{\"@type\":\"SearchAction\",\"target\":{\"@type\":\"EntryPoint\",\"urlTemplate\":\"https:\\\/\\\/www.eyrignac.com\\\/fr\\\/?s={search_term_string}\"},\"query-input\":{\"@type\":\"PropertyValueSpecification\",\"valueRequired\":true,\"valueName\":\"search_term_string\"}}],\"inLanguage\":\"fr-FR\"},{\"@type\":\"Organization\",\"@id\":\"https:\\\/\\\/www.eyrignac.com\\\/fr\\\/#organization\",\"name\":\"Eyrignac\",\"url\":\"https:\\\/\\\/www.eyrignac.com\\\/fr\\\/\",\"logo\":{\"@type\":\"ImageObject\",\"inLanguage\":\"fr-FR\",\"@id\":\"https:\\\/\\\/www.eyrignac.com\\\/fr\\\/#\\\/schema\\\/logo\\\/image\\\/\",\"url\":\"https:\\\/\\\/www.eyrignac.com\\\/wp-content\\\/uploads\\\/2017\\\/12\\\/logo-eyrignac.png\",\"contentUrl\":\"https:\\\/\\\/www.eyrignac.com\\\/wp-content\\\/uploads\\\/2017\\\/12\\\/logo-eyrignac.png\",\"width\":500,\"height\":189,\"caption\":\"Eyrignac\"},\"image\":{\"@id\":\"https:\\\/\\\/www.eyrignac.com\\\/fr\\\/#\\\/schema\\\/logo\\\/image\\\/\"},\"sameAs\":[\"https:\\\/\\\/www.facebook.com\\\/JardinsEyrignac\\\/\",\"https:\\\/\\\/x.com\\\/eyrignac\",\"https:\\\/\\\/www.instagram.com\\\/eyrignac\\\/\",\"https:\\\/\\\/www.pinterest.fr\\\/eyrignac\\\/\",\"https:\\\/\\\/www.youtube.com\\\/channel\\\/UCjWc47ArIew83eRXXjaBowg\"]}]}<\/script>\n<!-- \/ Yoast SEO plugin. -->","yoast_head_json":{"title":"S\u00e9cateur ARS 20cm - Eyrignac et ses jardins","robots":{"index":"index","follow":"follow","max-snippet":"max-snippet:-1","max-image-preview":"max-image-preview:large","max-video-preview":"max-video-preview:-1"},"canonical":"https:\/\/www.eyrignac.com\/fr\/produit\/secateur-ars-20cm","og_locale":"fr_FR","og_type":"article","og_title":"S\u00e9cateur ARS 20cm - Eyrignac et ses jardins","og_description":"S\u00e9cateur ARS professionnel pour couper les branches jusqu'\u00e0 25mm en carbone et acier durci. Chromage dur et double amortisseur. Dimension 20cm. S\u00e9cateur utilis\u00e9 au quotidien par les jardiniers d'Eyrignac. Eyrignac applique le tarif public conseill\u00e9 + SAV + suivi pi\u00e8ces d\u00e9tach\u00e9es !","og_url":"https:\/\/www.eyrignac.com\/fr\/produit\/secateur-ars-20cm","og_site_name":"Eyrignac et ses jardins","article_publisher":"https:\/\/www.facebook.com\/JardinsEyrignac\/","article_modified_time":"2025-02-25T15:42:25+00:00","og_image":[{"width":1200,"height":1000,"url":"https:\/\/www.eyrignac.com\/wp-content\/uploads\/2018\/07\/eyrignac_secateur_ars_20_cm.jpg","type":"image\/jpeg"}],"twitter_card":"summary_large_image","twitter_site":"@eyrignac","schema":{"@context":"https:\/\/schema.org","@graph":[{"@type":"WebPage","@id":"https:\/\/www.eyrignac.com\/fr\/produit\/secateur-ars-20cm","url":"https:\/\/www.eyrignac.com\/fr\/produit\/secateur-ars-20cm","name":"S\u00e9cateur ARS 20cm - Eyrignac et ses jardins","isPartOf":{"@id":"https:\/\/www.eyrignac.com\/fr\/#website"},"primaryImageOfPage":{"@id":"https:\/\/www.eyrignac.com\/fr\/produit\/secateur-ars-20cm#primaryimage"},"image":{"@id":"https:\/\/www.eyrignac.com\/fr\/produit\/secateur-ars-20cm#primaryimage"},"thumbnailUrl":"https:\/\/www.eyrignac.com\/wp-content\/uploads\/2018\/07\/eyrignac_secateur_ars_20_cm.jpg","datePublished":"2018-07-03T15:52:53+00:00","dateModified":"2025-02-25T15:42:25+00:00","breadcrumb":{"@id":"https:\/\/www.eyrignac.com\/fr\/produit\/secateur-ars-20cm#breadcrumb"},"inLanguage":"fr-FR","potentialAction":[{"@type":"ReadAction","target":["https:\/\/www.eyrignac.com\/fr\/produit\/secateur-ars-20cm"]}]},{"@type":"ImageObject","inLanguage":"fr-FR","@id":"https:\/\/www.eyrignac.com\/fr\/produit\/secateur-ars-20cm#primaryimage","url":"https:\/\/www.eyrignac.com\/wp-content\/uploads\/2018\/07\/eyrignac_secateur_ars_20_cm.jpg","contentUrl":"https:\/\/www.eyrignac.com\/wp-content\/uploads\/2018\/07\/eyrignac_secateur_ars_20_cm.jpg","width":1200,"height":1000,"caption":"S\u00e9cateur Ars 20cm"},{"@type":"BreadcrumbList","@id":"https:\/\/www.eyrignac.com\/fr\/produit\/secateur-ars-20cm#breadcrumb","itemListElement":[{"@type":"ListItem","position":1,"name":"Accueil","item":"https:\/\/www.eyrignac.com\/fr"},{"@type":"ListItem","position":2,"name":"S\u00e9cateur ARS 20cm"}]},{"@type":"WebSite","@id":"https:\/\/www.eyrignac.com\/fr\/#website","url":"https:\/\/www.eyrignac.com\/fr\/","name":"Eyrignac et ses jardins","description":"Lieu de verdure unique en Dordogne","publisher":{"@id":"https:\/\/www.eyrignac.com\/fr\/#organization"},"potentialAction":[{"@type":"SearchAction","target":{"@type":"EntryPoint","urlTemplate":"https:\/\/www.eyrignac.com\/fr\/?s={search_term_string}"},"query-input":{"@type":"PropertyValueSpecification","valueRequired":true,"valueName":"search_term_string"}}],"inLanguage":"fr-FR"},{"@type":"Organization","@id":"https:\/\/www.eyrignac.com\/fr\/#organization","name":"Eyrignac","url":"https:\/\/www.eyrignac.com\/fr\/","logo":{"@type":"ImageObject","inLanguage":"fr-FR","@id":"https:\/\/www.eyrignac.com\/fr\/#\/schema\/logo\/image\/","url":"https:\/\/www.eyrignac.com\/wp-content\/uploads\/2017\/12\/logo-eyrignac.png","contentUrl":"https:\/\/www.eyrignac.com\/wp-content\/uploads\/2017\/12\/logo-eyrignac.png","width":500,"height":189,"caption":"Eyrignac"},"image":{"@id":"https:\/\/www.eyrignac.com\/fr\/#\/schema\/logo\/image\/"},"sameAs":["https:\/\/www.facebook.com\/JardinsEyrignac\/","https:\/\/x.com\/eyrignac","https:\/\/www.instagram.com\/eyrignac\/","https:\/\/www.pinterest.fr\/eyrignac\/","https:\/\/www.youtube.com\/channel\/UCjWc47ArIew83eRXXjaBowg"]}]}},"_links":{"self":[{"href":"https:\/\/www.eyrignac.com\/fr\/wp-json\/wp\/v2\/product\/2103","targetHints":{"allow":["GET"]}}],"collection":[{"href":"https:\/\/www.eyrignac.com\/fr\/wp-json\/wp\/v2\/product"}],"about":[{"href":"https:\/\/www.eyrignac.com\/fr\/wp-json\/wp\/v2\/types\/product"}],"wp:featuredmedia":[{"embeddable":true,"href":"https:\/\/www.eyrignac.com\/fr\/wp-json\/wp\/v2\/media\/2339"}],"wp:attachment":[{"href":"https:\/\/www.eyrignac.com\/fr\/wp-json\/wp\/v2\/media?parent=2103"}],"wp:term":[{"taxonomy":"product_brand","embeddable":true,"href":"https:\/\/www.eyrignac.com\/fr\/wp-json\/wp\/v2\/product_brand?post=2103"},{"taxonomy":"product_cat","embeddable":true,"href":"https:\/\/www.eyrignac.com\/fr\/wp-json\/wp\/v2\/product_cat?post=2103"},{"taxonomy":"product_tag","embeddable":true,"href":"https:\/\/www.eyrignac.com\/fr\/wp-json\/wp\/v2\/product_tag?post=2103"}],"curies":[{"name":"wp","href":"https:\/\/api.w.org\/{rel}","templated":true}]}}