{"id":8911,"date":"2023-03-29T14:48:06","date_gmt":"2023-03-29T12:48:06","guid":{"rendered":"https:\/\/www.eyrignac.com\/?page_id=8911"},"modified":"2023-07-26T11:10:02","modified_gmt":"2023-07-26T09:10:02","slug":"aerodrome-prive","status":"publish","type":"page","link":"https:\/\/www.eyrignac.com\/fr\/preparer-ma-visite\/aerodrome-prive","title":{"rendered":"Aerodrome Priv\u00e9 d&rsquo;Eyrignac"},"content":{"rendered":"<div class=\"wpb-content-wrapper\"><p>[vc_row][vc_column][vc_column_text el_class=\u00a0\u00bbor\u00a0\u00bb]<\/p>\n<h1>Consignes pour utiliser l&rsquo;a\u00e9rodrome priv\u00e9 d&rsquo;Eyrignac et ses Jardins<\/h1>\n<p>[\/vc_column_text][vc_column_text css=\u00a0\u00bb.vc_custom_1680099504836{margin-bottom: 30px !important;}\u00a0\u00bb]<strong>L&rsquo;a\u00e9rodrome d&rsquo;Eyrignac est un terrain priv\u00e9, cr\u00e9\u00e9 par Gilles Sermadiras, il y a plus de cinquante ans. Passionn\u00e9 d&rsquo;avion et pilote il voulait pouvoir rejoindre ses jardins en vol, en avion. La piste est magnifique. Mais elle est courte et particuli\u00e8re. De type altiport, en pente, avec un sens de d\u00e9collage et un sens d&rsquo;atterrissage.<br \/>\nApr\u00e8s une br\u00e8ve fermeture administrative, elle a pu \u00eatre r\u00e9ouverte aux invit\u00e9s du propri\u00e9taire actuel, son fils, Monsieur Patrick Sermadiras, sous r\u00e9serve de certaines conditions fix\u00e9es par la Pr\u00e9fecture et l&rsquo;Aviation Civile, qui sont pr\u00e9cis\u00e9es sur la fiche de terrain (VAC) ci-contre.<\/strong>[\/vc_column_text][vc_row_inner css=\u00a0\u00bb.vc_custom_1516206920135{margin-bottom: 30px !important;}\u00a0\u00bb][vc_column_inner][vc_single_image image=\u00a0\u00bb9371&Prime; img_size=\u00a0\u00bbfull\u00a0\u00bb alignment=\u00a0\u00bbcenter\u00a0\u00bb][vc_single_image image=\u00a0\u00bb9373&Prime; img_size=\u00a0\u00bbfull\u00a0\u00bb alignment=\u00a0\u00bbcenter\u00a0\u00bb][vc_btn title=\u00a0\u00bbT\u00e9l\u00e9charger la carte VAC d&rsquo;Eyrignac en pdf\u00a0\u00bb style=\u00a0\u00bbclassic\u00a0\u00bb shape=\u00a0\u00bbsquare\u00a0\u00bb color=\u00a0\u00bbwhite\u00a0\u00bb size=\u00a0\u00bblg\u00a0\u00bb align=\u00a0\u00bbcenter\u00a0\u00bb button_block=\u00a0\u00bbtrue\u00a0\u00bb el_class=\u00a0\u00bbupcase or\u00a0\u00bb link=\u00a0\u00bburl:https%3A%2F%2Fwww.eyrignac.com%2Fwp-content%2Fuploads%2F2023%2F07%2Fvac-eyrignac-30-mar-23.pdf|title:VAC%20Eyrignac|target:_blank\u00a0\u00bb][vc_column_text]\u201cIl s&rsquo;agit d&rsquo;assurer la s\u00e9curit\u00e9 des visiteurs de ce lieu qui re\u00e7oit beaucoup de public, et celle des pilotes et passagers des avions, ULM et h\u00e9licopt\u00e8res qui sont autoris\u00e9s \u00e0 y venir.<br \/>\nAinsi un pilote exp\u00e9riment\u00e9 attach\u00e9 au terrain, et choisi par Monsieur Sermadiras effectue un briefing <strong>obligatoire<\/strong> aux pilotes visiteurs. Il est \u00e9galement possible, si n\u00e9cessaire, de se faire \u00ab\u00a0l\u00e2cher\u00a0\u00bb sur le terrain par un instructeur. Merci de respecter imp\u00e9rativement les consignes de cette carte VAC. Conditions essentielles \u00e0 la p\u00e9rennit\u00e9 de cette piste. \u201c<\/p>\n<p>Patrick Sermadiras<br \/>\nTel : <a href=\"tel:0608280029\">0608280029<\/a>[\/vc_column_text][\/vc_column_inner][\/vc_row_inner][\/vc_column][\/vc_row]<\/p>\n<\/div>","protected":false},"excerpt":{"rendered":"[vc_row][vc_column][vc_column_text el_class=\u00a0\u00bbor\u00a0\u00bb] Consignes pour utiliser l&rsquo;a\u00e9rodrome priv\u00e9 d&rsquo;Eyrignac et ses Jardins [\/vc_column_text][vc_column_text css=\u00a0\u00bb.vc_custom_1680099504836{margin-bottom: 30px !important;}\u00a0\u00bb]L&rsquo;a\u00e9rodrome d&rsquo;Eyrignac est un terrain priv\u00e9, cr\u00e9\u00e9 par Gilles Sermadiras, il y a plus de cinquante ans. Passionn\u00e9 d&rsquo;avion et pilote il voulait pouvoir rejoindre ses jardins en vol, en avion. La piste est magnifique. Mais elle est courte et particuli\u00e8re&#8230;. <a class=\"view-article\" href=\"https:\/\/www.eyrignac.com\/fr\/preparer-ma-visite\/aerodrome-prive\">Voir l&rsquo;article<\/a>","protected":false},"author":8,"featured_media":0,"parent":9,"menu_order":0,"comment_status":"closed","ping_status":"closed","template":"","meta":{"_acf_changed":false,"footnotes":""},"class_list":["post-8911","page","type-page","status-publish","hentry"],"acf":[],"yoast_head":"<!-- This site is optimized with the Yoast SEO plugin v27.6 - https:\/\/yoast.com\/product\/yoast-seo-wordpress\/ -->\n<title>Les jardins fran\u00e7ais d\u2019Eyrignac, un h\u00e9ritage familial entretenu avec passion<\/title>\n<meta name=\"description\" content=\"Le domaine d&#039;Eyrignac est une histoire de famille depuis 500 ans. 22 g\u00e9n\u00e9rations s&#039;y succ\u00e8dent depuis la Renaissance, chacune apportant sa pierre \u00e0 l&#039;\u00e9difice : construction du Manoir, am\u00e9nagement de jardins \u00e0 la fran\u00e7aise, puis \u00e0 l&#039;anglaise pour revenir \u00e0 des jardins...\" \/>\n<meta name=\"robots\" content=\"index, follow, max-snippet:-1, max-image-preview:large, max-video-preview:-1\" \/>\n<link rel=\"canonical\" href=\"https:\/\/www.eyrignac.com\/fr\/preparer-ma-visite\/aerodrome-prive\" \/>\n<meta property=\"og:locale\" content=\"fr_FR\" \/>\n<meta property=\"og:type\" content=\"article\" \/>\n<meta property=\"og:title\" content=\"Les jardins fran\u00e7ais d\u2019Eyrignac, un h\u00e9ritage familial entretenu avec passion\" \/>\n<meta property=\"og:description\" content=\"Le domaine d&#039;Eyrignac est une histoire de famille depuis 500 ans. 22 g\u00e9n\u00e9rations s&#039;y succ\u00e8dent depuis la Renaissance, chacune apportant sa pierre \u00e0 l&#039;\u00e9difice : construction du Manoir, am\u00e9nagement de jardins \u00e0 la fran\u00e7aise, puis \u00e0 l&#039;anglaise pour revenir \u00e0 des jardins...\" \/>\n<meta property=\"og:url\" content=\"https:\/\/www.eyrignac.com\/fr\/preparer-ma-visite\/aerodrome-prive\" \/>\n<meta property=\"og:site_name\" content=\"Eyrignac et ses jardins\" \/>\n<meta property=\"article:publisher\" content=\"https:\/\/www.facebook.com\/JardinsEyrignac\/\" \/>\n<meta property=\"article:modified_time\" content=\"2023-07-26T09:10:02+00:00\" \/>\n<meta name=\"twitter:card\" content=\"summary_large_image\" \/>\n<meta name=\"twitter:site\" content=\"@eyrignac\" \/>\n<meta name=\"twitter:label1\" content=\"Dur\u00e9e de lecture estim\u00e9e\" \/>\n\t<meta name=\"twitter:data1\" content=\"2 minutes\" \/>\n<script type=\"application\/ld+json\" class=\"yoast-schema-graph\">{\"@context\":\"https:\\\/\\\/schema.org\",\"@graph\":[{\"@type\":\"WebPage\",\"@id\":\"https:\\\/\\\/www.eyrignac.com\\\/fr\\\/preparer-ma-visite\\\/aerodrome-prive\",\"url\":\"https:\\\/\\\/www.eyrignac.com\\\/fr\\\/preparer-ma-visite\\\/aerodrome-prive\",\"name\":\"Les jardins fran\u00e7ais d\u2019Eyrignac, un h\u00e9ritage familial entretenu avec passion\",\"isPartOf\":{\"@id\":\"https:\\\/\\\/www.eyrignac.com\\\/fr\\\/#website\"},\"datePublished\":\"2023-03-29T12:48:06+00:00\",\"dateModified\":\"2023-07-26T09:10:02+00:00\",\"description\":\"Le domaine d'Eyrignac est une histoire de famille depuis 500 ans. 22 g\u00e9n\u00e9rations s'y succ\u00e8dent depuis la Renaissance, chacune apportant sa pierre \u00e0 l'\u00e9difice : construction du Manoir, am\u00e9nagement de jardins \u00e0 la fran\u00e7aise, puis \u00e0 l'anglaise pour revenir \u00e0 des jardins...\",\"breadcrumb\":{\"@id\":\"https:\\\/\\\/www.eyrignac.com\\\/fr\\\/preparer-ma-visite\\\/aerodrome-prive#breadcrumb\"},\"inLanguage\":\"fr-FR\",\"potentialAction\":[{\"@type\":\"ReadAction\",\"target\":[\"https:\\\/\\\/www.eyrignac.com\\\/fr\\\/preparer-ma-visite\\\/aerodrome-prive\"]}]},{\"@type\":\"BreadcrumbList\",\"@id\":\"https:\\\/\\\/www.eyrignac.com\\\/fr\\\/preparer-ma-visite\\\/aerodrome-prive#breadcrumb\",\"itemListElement\":[{\"@type\":\"ListItem\",\"position\":1,\"name\":\"Accueil\",\"item\":\"https:\\\/\\\/www.eyrignac.com\\\/fr\"},{\"@type\":\"ListItem\",\"position\":2,\"name\":\"Pr\u00e9parer ma visite\",\"item\":\"https:\\\/\\\/www.eyrignac.com\\\/fr\\\/preparer-ma-visite\"},{\"@type\":\"ListItem\",\"position\":3,\"name\":\"Aerodrome Priv\u00e9 d&rsquo;Eyrignac\"}]},{\"@type\":\"WebSite\",\"@id\":\"https:\\\/\\\/www.eyrignac.com\\\/fr\\\/#website\",\"url\":\"https:\\\/\\\/www.eyrignac.com\\\/fr\\\/\",\"name\":\"Eyrignac et ses jardins\",\"description\":\"Lieu de verdure unique en Dordogne\",\"publisher\":{\"@id\":\"https:\\\/\\\/www.eyrignac.com\\\/fr\\\/#organization\"},\"potentialAction\":[{\"@type\":\"SearchAction\",\"target\":{\"@type\":\"EntryPoint\",\"urlTemplate\":\"https:\\\/\\\/www.eyrignac.com\\\/fr\\\/?s={search_term_string}\"},\"query-input\":{\"@type\":\"PropertyValueSpecification\",\"valueRequired\":true,\"valueName\":\"search_term_string\"}}],\"inLanguage\":\"fr-FR\"},{\"@type\":\"Organization\",\"@id\":\"https:\\\/\\\/www.eyrignac.com\\\/fr\\\/#organization\",\"name\":\"Eyrignac\",\"url\":\"https:\\\/\\\/www.eyrignac.com\\\/fr\\\/\",\"logo\":{\"@type\":\"ImageObject\",\"inLanguage\":\"fr-FR\",\"@id\":\"https:\\\/\\\/www.eyrignac.com\\\/fr\\\/#\\\/schema\\\/logo\\\/image\\\/\",\"url\":\"https:\\\/\\\/www.eyrignac.com\\\/wp-content\\\/uploads\\\/2017\\\/12\\\/logo-eyrignac.png\",\"contentUrl\":\"https:\\\/\\\/www.eyrignac.com\\\/wp-content\\\/uploads\\\/2017\\\/12\\\/logo-eyrignac.png\",\"width\":500,\"height\":189,\"caption\":\"Eyrignac\"},\"image\":{\"@id\":\"https:\\\/\\\/www.eyrignac.com\\\/fr\\\/#\\\/schema\\\/logo\\\/image\\\/\"},\"sameAs\":[\"https:\\\/\\\/www.facebook.com\\\/JardinsEyrignac\\\/\",\"https:\\\/\\\/x.com\\\/eyrignac\",\"https:\\\/\\\/www.instagram.com\\\/eyrignac\\\/\",\"https:\\\/\\\/www.pinterest.fr\\\/eyrignac\\\/\",\"https:\\\/\\\/www.youtube.com\\\/channel\\\/UCjWc47ArIew83eRXXjaBowg\"]}]}<\/script>\n<!-- \/ Yoast SEO plugin. -->","yoast_head_json":{"title":"Les jardins fran\u00e7ais d\u2019Eyrignac, un h\u00e9ritage familial entretenu avec passion","description":"Le domaine d'Eyrignac est une histoire de famille depuis 500 ans. 22 g\u00e9n\u00e9rations s'y succ\u00e8dent depuis la Renaissance, chacune apportant sa pierre \u00e0 l'\u00e9difice : construction du Manoir, am\u00e9nagement de jardins \u00e0 la fran\u00e7aise, puis \u00e0 l'anglaise pour revenir \u00e0 des jardins...","robots":{"index":"index","follow":"follow","max-snippet":"max-snippet:-1","max-image-preview":"max-image-preview:large","max-video-preview":"max-video-preview:-1"},"canonical":"https:\/\/www.eyrignac.com\/fr\/preparer-ma-visite\/aerodrome-prive","og_locale":"fr_FR","og_type":"article","og_title":"Les jardins fran\u00e7ais d\u2019Eyrignac, un h\u00e9ritage familial entretenu avec passion","og_description":"Le domaine d'Eyrignac est une histoire de famille depuis 500 ans. 22 g\u00e9n\u00e9rations s'y succ\u00e8dent depuis la Renaissance, chacune apportant sa pierre \u00e0 l'\u00e9difice : construction du Manoir, am\u00e9nagement de jardins \u00e0 la fran\u00e7aise, puis \u00e0 l'anglaise pour revenir \u00e0 des jardins...","og_url":"https:\/\/www.eyrignac.com\/fr\/preparer-ma-visite\/aerodrome-prive","og_site_name":"Eyrignac et ses jardins","article_publisher":"https:\/\/www.facebook.com\/JardinsEyrignac\/","article_modified_time":"2023-07-26T09:10:02+00:00","twitter_card":"summary_large_image","twitter_site":"@eyrignac","twitter_misc":{"Dur\u00e9e de lecture estim\u00e9e":"2 minutes"},"schema":{"@context":"https:\/\/schema.org","@graph":[{"@type":"WebPage","@id":"https:\/\/www.eyrignac.com\/fr\/preparer-ma-visite\/aerodrome-prive","url":"https:\/\/www.eyrignac.com\/fr\/preparer-ma-visite\/aerodrome-prive","name":"Les jardins fran\u00e7ais d\u2019Eyrignac, un h\u00e9ritage familial entretenu avec passion","isPartOf":{"@id":"https:\/\/www.eyrignac.com\/fr\/#website"},"datePublished":"2023-03-29T12:48:06+00:00","dateModified":"2023-07-26T09:10:02+00:00","description":"Le domaine d'Eyrignac est une histoire de famille depuis 500 ans. 22 g\u00e9n\u00e9rations s'y succ\u00e8dent depuis la Renaissance, chacune apportant sa pierre \u00e0 l'\u00e9difice : construction du Manoir, am\u00e9nagement de jardins \u00e0 la fran\u00e7aise, puis \u00e0 l'anglaise pour revenir \u00e0 des jardins...","breadcrumb":{"@id":"https:\/\/www.eyrignac.com\/fr\/preparer-ma-visite\/aerodrome-prive#breadcrumb"},"inLanguage":"fr-FR","potentialAction":[{"@type":"ReadAction","target":["https:\/\/www.eyrignac.com\/fr\/preparer-ma-visite\/aerodrome-prive"]}]},{"@type":"BreadcrumbList","@id":"https:\/\/www.eyrignac.com\/fr\/preparer-ma-visite\/aerodrome-prive#breadcrumb","itemListElement":[{"@type":"ListItem","position":1,"name":"Accueil","item":"https:\/\/www.eyrignac.com\/fr"},{"@type":"ListItem","position":2,"name":"Pr\u00e9parer ma visite","item":"https:\/\/www.eyrignac.com\/fr\/preparer-ma-visite"},{"@type":"ListItem","position":3,"name":"Aerodrome Priv\u00e9 d&rsquo;Eyrignac"}]},{"@type":"WebSite","@id":"https:\/\/www.eyrignac.com\/fr\/#website","url":"https:\/\/www.eyrignac.com\/fr\/","name":"Eyrignac et ses jardins","description":"Lieu de verdure unique en Dordogne","publisher":{"@id":"https:\/\/www.eyrignac.com\/fr\/#organization"},"potentialAction":[{"@type":"SearchAction","target":{"@type":"EntryPoint","urlTemplate":"https:\/\/www.eyrignac.com\/fr\/?s={search_term_string}"},"query-input":{"@type":"PropertyValueSpecification","valueRequired":true,"valueName":"search_term_string"}}],"inLanguage":"fr-FR"},{"@type":"Organization","@id":"https:\/\/www.eyrignac.com\/fr\/#organization","name":"Eyrignac","url":"https:\/\/www.eyrignac.com\/fr\/","logo":{"@type":"ImageObject","inLanguage":"fr-FR","@id":"https:\/\/www.eyrignac.com\/fr\/#\/schema\/logo\/image\/","url":"https:\/\/www.eyrignac.com\/wp-content\/uploads\/2017\/12\/logo-eyrignac.png","contentUrl":"https:\/\/www.eyrignac.com\/wp-content\/uploads\/2017\/12\/logo-eyrignac.png","width":500,"height":189,"caption":"Eyrignac"},"image":{"@id":"https:\/\/www.eyrignac.com\/fr\/#\/schema\/logo\/image\/"},"sameAs":["https:\/\/www.facebook.com\/JardinsEyrignac\/","https:\/\/x.com\/eyrignac","https:\/\/www.instagram.com\/eyrignac\/","https:\/\/www.pinterest.fr\/eyrignac\/","https:\/\/www.youtube.com\/channel\/UCjWc47ArIew83eRXXjaBowg"]}]}},"_links":{"self":[{"href":"https:\/\/www.eyrignac.com\/fr\/wp-json\/wp\/v2\/pages\/8911","targetHints":{"allow":["GET"]}}],"collection":[{"href":"https:\/\/www.eyrignac.com\/fr\/wp-json\/wp\/v2\/pages"}],"about":[{"href":"https:\/\/www.eyrignac.com\/fr\/wp-json\/wp\/v2\/types\/page"}],"author":[{"embeddable":true,"href":"https:\/\/www.eyrignac.com\/fr\/wp-json\/wp\/v2\/users\/8"}],"replies":[{"embeddable":true,"href":"https:\/\/www.eyrignac.com\/fr\/wp-json\/wp\/v2\/comments?post=8911"}],"version-history":[{"count":0,"href":"https:\/\/www.eyrignac.com\/fr\/wp-json\/wp\/v2\/pages\/8911\/revisions"}],"up":[{"embeddable":true,"href":"https:\/\/www.eyrignac.com\/fr\/wp-json\/wp\/v2\/pages\/9"}],"wp:attachment":[{"href":"https:\/\/www.eyrignac.com\/fr\/wp-json\/wp\/v2\/media?parent=8911"}],"curies":[{"name":"wp","href":"https:\/\/api.w.org\/{rel}","templated":true}]}}