{"id":796,"date":"2018-02-22T22:03:00","date_gmt":"2018-02-22T21:03:00","guid":{"rendered":"https:\/\/www.eyrignac.com\/?page_id=796"},"modified":"2020-01-20T16:06:18","modified_gmt":"2020-01-20T15:06:18","slug":"eyrignac-evenement-entreprise","status":"publish","type":"page","link":"https:\/\/www.eyrignac.com\/fr\/location-receptions\/eyrignac-evenement-entreprise","title":{"rendered":"Pour un \u00e9v\u00e9nement d&rsquo;entreprise"},"content":{"rendered":"<div class=\"wpb-content-wrapper\"><p>[vc_row][vc_column][vc_column_text el_class=\u00a0\u00bbor\u00a0\u00bb]<\/p>\n<h1>S\u00e9minaires et journ\u00e9es d\u2019\u00e9tude \u00e0 Eyrignac dans les plus beaux jardins du P\u00e9rigord<\/h1>\n<p>[\/vc_column_text][vc_column_text css=\u00a0\u00bb.vc_custom_1521565331802{margin-bottom: 30px !important;}\u00a0\u00bb]<strong>Au coeur du P\u00e9rigord Noir, \u00e0 seulement 2 h de Bordeaux et de Toulouse, \u00e0 1h30 de Bergerac, \u00e0 moins d\u20191h de Brive-la-Gaillarde, Eyrignac et ses Jardins vous accueillent pour vos s\u00e9minaires d\u2019entreprises et vos journ\u00e9es d\u2019\u00e9tude. Et pour vos moments de d\u00e9tente un choix d\u2019activit\u00e9s, zen, ludiques ou culturelles, vous est propos\u00e9 pour profiter des plus beaux jardins de Dordogne.<\/strong>[\/vc_column_text][vc_row_inner css=\u00a0\u00bb.vc_custom_1516206920135{margin-bottom: 30px !important;}\u00a0\u00bb][vc_column_inner width=\u00a0\u00bb1\/3&Prime; css=\u00a0\u00bb.vc_custom_1516957834102{padding-right: 20px !important;}\u00a0\u00bb][vc_single_image image=\u00a0\u00bb800&Prime; img_size=\u00a0\u00bblarge\u00a0\u00bb onclick=\u00a0\u00bblink_image\u00a0\u00bb][\/vc_column_inner][vc_column_inner width=\u00a0\u00bb2\/3&Prime;][vc_column_text el_class=\u00a0\u00bbnomt nopb\u00a0\u00bb]<\/p>\n<h2>La prestation en d\u00e9tails<\/h2>\n<p>[\/vc_column_text][vc_raw_html css=\u00a0\u00bb.vc_custom_1515593443476{margin-bottom: 15px !important;}\u00a0\u00bb]JTNDZGl2JTIwY2xhc3MlM0QlMjJzZXAlMjIlM0UlM0MlMkZkaXYlM0U=[\/vc_raw_html][vc_column_text]La prestation s\u2019entend pour 20 personnes min. avec :<br \/>\n&#8211; La mise \u00e0 disposition de la salle de l\u2019Orangerie de 250m\u00b2 et de son \u00e9quipement (tables, chaises, paperboard, r\u00e9troprojecteur et \u00e9cran, connexion wifi)<br \/>\n&#8211; La possibilit\u00e9 de moduler la journ\u00e9e selon vos souhaits<br \/>\n&#8211; Un caf\u00e9 d\u2019accueil et une pause simple<br \/>\n&#8211; Un d\u00e9jeuner boissons comprises<br \/>\n&#8211; La possibilit\u00e9 d\u2019une pause suppl\u00e9mentaire au tarif de 7\u20ac par personne<br \/>\n&#8211; La possibilit\u00e9 d\u2019une visite guid\u00e9e des Jardins avec un suppl\u00e9ment de 7\u20ac par personne<\/p>\n<p>Nous vous proposons un service \u00e0 la carte pour des s\u00e9ances de travail en toute s\u00e9r\u00e9nit\u00e9 \u00e0 partir de 73\u20ac.<\/p>\n<p>Renseignements au 05 53 28 99 71 ou contact@eyrignac.com<\/p>\n<p><strong>PLAN ET DISPOSITION DE LA SALLE<\/strong><\/p>\n<p><img decoding=\"async\" class=\"alignnone wp-image-799 size-full\" src=\"https:\/\/www.eyrignac.com\/wp-content\/uploads\/2018\/02\/plan.jpg\" alt=\"\" width=\"422\" height=\"86\" \/><\/p>\n<p>Informations compl\u00e9mentaires au 05 53 28 99 71 ou contact@eyrignac.com[\/vc_column_text][\/vc_column_inner][\/vc_row_inner][vc_row_inner css=\u00a0\u00bb.vc_custom_1516206925030{margin-bottom: 30px !important;}\u00a0\u00bb][vc_column_inner width=\u00a0\u00bb1\/3&Prime; css=\u00a0\u00bb.vc_custom_1516957888582{padding-right: 20px !important;}\u00a0\u00bb][vc_single_image image=\u00a0\u00bb801&Prime; img_size=\u00a0\u00bblarge\u00a0\u00bb onclick=\u00a0\u00bblink_image\u00a0\u00bb][\/vc_column_inner][vc_column_inner width=\u00a0\u00bb2\/3&Prime;][vc_column_text el_class=\u00a0\u00bbnomt nopb\u00a0\u00bb]<\/p>\n<h2>Nos activit\u00e9s s\u00e9minaires<\/h2>\n<p>[\/vc_column_text][vc_raw_html css=\u00a0\u00bb.vc_custom_1515593443476{margin-bottom: 15px !important;}\u00a0\u00bb]JTNDZGl2JTIwY2xhc3MlM0QlMjJzZXAlMjIlM0UlM0MlMkZkaXYlM0U=[\/vc_raw_html][vc_column_text]<strong>\u00ab TA\u00cf &#8211; CHI \u00bb<\/strong><br \/>\nBesoin de travailler efficacement tout en se relaxant ? Cette formule vous apprend l\u2019art du Ta\u00ef-chi avec une initiation au coeur des jardins : effet garanti !<br \/>\nMini 10 &#8211; Max 20<\/p>\n<p><strong>\u00ab A LA D\u00c9COUVERTE DE L&rsquo;HISTOIRE DES JARDINS D&rsquo;EYRIGNAC \u00bb<\/strong> 50 \u20ac par personne \/ Dur\u00e9e 1h15<br \/>\nPendant votre journ\u00e9e de travail, laissez vous guider le temps d\u2019une visite priv\u00e9e par Patrick Sermadiras, le propri\u00e9taire, qui vous fera d\u00e9couvrir sa passion pour son jardin.<br \/>\nMini 10 &#8211; Max 20<\/p>\n<p><strong>\u00ab CHASSE AUX TR\u00c9SORS DANS LES JARDINS \u00bb<\/strong> Tarif sur demande<br \/>\nVous cherchez \u00e0 renforcer la coh\u00e9sion au sein de vos \u00e9quipes ? Au cours de la journ\u00e9e de travail, participez \u00e0 notre chasse aux tr\u00e9sors: jeux de pistes et de r\u00e9flexion en \u00e9quipe aux travers d\u2019\u00e9nigmes \u00e0 r\u00e9soudre.<br \/>\nMini 10 &#8211; Max 50<\/p>\n<p><strong>\u00ab D\u00c9MONSTRATION DE TAILLE \u00bb<\/strong>\u00a0 Tarif sur demande<br \/>\nNotre sp\u00e9cialiste de la taille vous propose de vous initier \u00e0 l&rsquo;Art Topiaire en vous guidant dans le choix des v\u00e9g\u00e9taux les plus appropri\u00e9s, en vous conseillant sur les motifs ou formes g\u00e9om\u00e9triques adapt\u00e9s aux jardins \u00e0 la Francaise. Il vous r\u00e9v\u00e8lera ses meilleures astuces pour maintenir et entretenir vos topiaires.<br \/>\nMini 20 &#8211; Max 40<\/p>\n<p><strong>\u00ab BALADE BOTANIQUE \u00bb<\/strong> 9\u20ac par personne \/ Dur\u00e9e 1h30<br \/>\nUne balade sur le domaine forestier \u00e0 la d\u00e9couverte des plantes sauvages, m\u00e9dicinales et comestibles : des \u00a0\u00a0\u00a0\u00a0\u00a0\u00a0\u00a0balades m\u00e8neront sur les traces de ces plantes et de ces herbes sauvages \u00e0 usage culinaire. Une promenade \u00a0\u00a0\u00a0\u00a0\u00a0\u00a0\u00a0pour d\u00e9couvrir, observer, sentir, toucher, go\u00fbter les plantes sauvages.<br \/>\nMini 20 &#8211; Max 30<\/p>\n<p><strong>\u00ab VISITE GUID\u00c9E DES JARDINS \u00bb<\/strong> 8,50\u20ac par personne \/ Dur\u00e9e 1h15<br \/>\nNotre guide vous accompagnera dans les diff\u00e9rents espaces des Jardins et vous fera d\u00e9couvrir leur histoire, les \u00a0\u00a0\u00a0\u00a0essences v\u00e9g\u00e9tales qui les composent ainsi que le travail des jardiniers.<br \/>\nMini 10 &#8211; Max 50<\/p>\n<p><strong>\u00ab COURS D&rsquo;ART DE VIVRE \u00bb<\/strong><br \/>\n100\u20ac par personne<br \/>\nCapucine Sermadiras vous fera entrer dans l&rsquo;intimit\u00e9 du Manoir. Elle vous fera part de conseils avis\u00e9s pour recevoir vos invit\u00e9s : cr\u00e9er votre composition florale, d\u00e9corer votre table selon le th\u00e8me du d\u00eener ou encore la personnalit\u00e9 de vos invit\u00e9s&#8230;. L&rsquo;art de recevoir n&rsquo;aura plus de secret pour vous !<br \/>\nMini 10 &#8211; Max 30[\/vc_column_text][\/vc_column_inner][\/vc_row_inner][\/vc_column][\/vc_row]<\/p>\n<\/div>","protected":false},"excerpt":{"rendered":"[vc_row][vc_column][vc_column_text el_class=\u00a0\u00bbor\u00a0\u00bb] S\u00e9minaires et journ\u00e9es d\u2019\u00e9tude \u00e0 Eyrignac dans les plus beaux jardins du P\u00e9rigord [\/vc_column_text][vc_column_text css=\u00a0\u00bb.vc_custom_1521565331802{margin-bottom: 30px !important;}\u00a0\u00bb]Au coeur du P\u00e9rigord Noir, \u00e0 seulement 2 h de Bordeaux et de Toulouse, \u00e0 1h30 de Bergerac, \u00e0 moins d\u20191h de Brive-la-Gaillarde, Eyrignac et ses Jardins vous accueillent pour vos s\u00e9minaires d\u2019entreprises et vos journ\u00e9es d\u2019\u00e9tude&#8230;. <a class=\"view-article\" href=\"https:\/\/www.eyrignac.com\/fr\/location-receptions\/eyrignac-evenement-entreprise\">Voir l&rsquo;article<\/a>","protected":false},"author":1,"featured_media":0,"parent":15,"menu_order":0,"comment_status":"closed","ping_status":"closed","template":"","meta":{"_acf_changed":false,"footnotes":""},"class_list":["post-796","page","type-page","status-publish","hentry"],"acf":[],"yoast_head":"<!-- This site is optimized with the Yoast SEO plugin v27.3 - https:\/\/yoast.com\/product\/yoast-seo-wordpress\/ -->\n<title>Louer les jardins d&#039;Eyrignac pour un \u00e9v\u00e9nement d&#039;entreprise<\/title>\n<meta name=\"description\" content=\"Au coeur du P\u00e9rigord Noir, \u00e0 seulement 2 h de Bordeaux et de Toulouse, \u00e0 1h30 de Bergerac, \u00e0 moins d\u20191h de Brive-la-Gaillarde, Eyrignac et ses jardins vous accueillent pour vos s\u00e9minaires d\u2019entreprise et vos journ\u00e9es d\u2019\u00e9tude. Pour vos moments de d\u00e9tente un choix d\u2019activit\u00e9s, zen, ludiques ou culturelles, ...\" \/>\n<meta name=\"robots\" content=\"index, follow, max-snippet:-1, max-image-preview:large, max-video-preview:-1\" \/>\n<link rel=\"canonical\" href=\"https:\/\/www.eyrignac.com\/fr\/location-receptions\/eyrignac-evenement-entreprise\" \/>\n<meta property=\"og:locale\" content=\"fr_FR\" \/>\n<meta property=\"og:type\" content=\"article\" \/>\n<meta property=\"og:title\" content=\"Louer les jardins d&#039;Eyrignac pour un \u00e9v\u00e9nement d&#039;entreprise\" \/>\n<meta property=\"og:description\" content=\"Au coeur du P\u00e9rigord Noir, \u00e0 seulement 2 h de Bordeaux et de Toulouse, \u00e0 1h30 de Bergerac, \u00e0 moins d\u20191h de Brive-la-Gaillarde, Eyrignac et ses jardins vous accueillent pour vos s\u00e9minaires d\u2019entreprise et vos journ\u00e9es d\u2019\u00e9tude. Pour vos moments de d\u00e9tente un choix d\u2019activit\u00e9s, zen, ludiques ou culturelles, ...\" \/>\n<meta property=\"og:url\" content=\"https:\/\/www.eyrignac.com\/fr\/location-receptions\/eyrignac-evenement-entreprise\" \/>\n<meta property=\"og:site_name\" content=\"Eyrignac et ses jardins\" \/>\n<meta property=\"article:publisher\" content=\"https:\/\/www.facebook.com\/JardinsEyrignac\/\" \/>\n<meta property=\"article:modified_time\" content=\"2020-01-20T15:06:18+00:00\" \/>\n<meta property=\"og:image\" content=\"https:\/\/www.eyrignac.com\/wp-content\/uploads\/2018\/02\/plan.jpg\" \/>\n<meta name=\"twitter:card\" content=\"summary_large_image\" \/>\n<meta name=\"twitter:site\" content=\"@eyrignac\" \/>\n<meta name=\"twitter:label1\" content=\"Dur\u00e9e de lecture estim\u00e9e\" \/>\n\t<meta name=\"twitter:data1\" content=\"4 minutes\" \/>\n<script type=\"application\/ld+json\" class=\"yoast-schema-graph\">{\"@context\":\"https:\\\/\\\/schema.org\",\"@graph\":[{\"@type\":\"WebPage\",\"@id\":\"https:\\\/\\\/www.eyrignac.com\\\/fr\\\/location-receptions\\\/eyrignac-evenement-entreprise\",\"url\":\"https:\\\/\\\/www.eyrignac.com\\\/fr\\\/location-receptions\\\/eyrignac-evenement-entreprise\",\"name\":\"Louer les jardins d'Eyrignac pour un \u00e9v\u00e9nement d'entreprise\",\"isPartOf\":{\"@id\":\"https:\\\/\\\/www.eyrignac.com\\\/fr\\\/#website\"},\"primaryImageOfPage\":{\"@id\":\"https:\\\/\\\/www.eyrignac.com\\\/fr\\\/location-receptions\\\/eyrignac-evenement-entreprise#primaryimage\"},\"image\":{\"@id\":\"https:\\\/\\\/www.eyrignac.com\\\/fr\\\/location-receptions\\\/eyrignac-evenement-entreprise#primaryimage\"},\"thumbnailUrl\":\"https:\\\/\\\/www.eyrignac.com\\\/wp-content\\\/uploads\\\/2018\\\/02\\\/plan.jpg\",\"datePublished\":\"2018-02-22T21:03:00+00:00\",\"dateModified\":\"2020-01-20T15:06:18+00:00\",\"description\":\"Au coeur du P\u00e9rigord Noir, \u00e0 seulement 2 h de Bordeaux et de Toulouse, \u00e0 1h30 de Bergerac, \u00e0 moins d\u20191h de Brive-la-Gaillarde, Eyrignac et ses jardins vous accueillent pour vos s\u00e9minaires d\u2019entreprise et vos journ\u00e9es d\u2019\u00e9tude. Pour vos moments de d\u00e9tente un choix d\u2019activit\u00e9s, zen, ludiques ou culturelles, ...\",\"breadcrumb\":{\"@id\":\"https:\\\/\\\/www.eyrignac.com\\\/fr\\\/location-receptions\\\/eyrignac-evenement-entreprise#breadcrumb\"},\"inLanguage\":\"fr-FR\",\"potentialAction\":[{\"@type\":\"ReadAction\",\"target\":[\"https:\\\/\\\/www.eyrignac.com\\\/fr\\\/location-receptions\\\/eyrignac-evenement-entreprise\"]}]},{\"@type\":\"ImageObject\",\"inLanguage\":\"fr-FR\",\"@id\":\"https:\\\/\\\/www.eyrignac.com\\\/fr\\\/location-receptions\\\/eyrignac-evenement-entreprise#primaryimage\",\"url\":\"https:\\\/\\\/www.eyrignac.com\\\/wp-content\\\/uploads\\\/2018\\\/02\\\/plan.jpg\",\"contentUrl\":\"https:\\\/\\\/www.eyrignac.com\\\/wp-content\\\/uploads\\\/2018\\\/02\\\/plan.jpg\"},{\"@type\":\"BreadcrumbList\",\"@id\":\"https:\\\/\\\/www.eyrignac.com\\\/fr\\\/location-receptions\\\/eyrignac-evenement-entreprise#breadcrumb\",\"itemListElement\":[{\"@type\":\"ListItem\",\"position\":1,\"name\":\"Accueil\",\"item\":\"https:\\\/\\\/www.eyrignac.com\\\/fr\"},{\"@type\":\"ListItem\",\"position\":2,\"name\":\"Locations &#038; r\u00e9ceptions\",\"item\":\"https:\\\/\\\/www.eyrignac.com\\\/fr\\\/location-receptions\"},{\"@type\":\"ListItem\",\"position\":3,\"name\":\"Pour un \u00e9v\u00e9nement d&rsquo;entreprise\"}]},{\"@type\":\"WebSite\",\"@id\":\"https:\\\/\\\/www.eyrignac.com\\\/fr\\\/#website\",\"url\":\"https:\\\/\\\/www.eyrignac.com\\\/fr\\\/\",\"name\":\"Eyrignac et ses jardins\",\"description\":\"Lieu de verdure unique en Dordogne\",\"publisher\":{\"@id\":\"https:\\\/\\\/www.eyrignac.com\\\/fr\\\/#organization\"},\"potentialAction\":[{\"@type\":\"SearchAction\",\"target\":{\"@type\":\"EntryPoint\",\"urlTemplate\":\"https:\\\/\\\/www.eyrignac.com\\\/fr\\\/?s={search_term_string}\"},\"query-input\":{\"@type\":\"PropertyValueSpecification\",\"valueRequired\":true,\"valueName\":\"search_term_string\"}}],\"inLanguage\":\"fr-FR\"},{\"@type\":\"Organization\",\"@id\":\"https:\\\/\\\/www.eyrignac.com\\\/fr\\\/#organization\",\"name\":\"Eyrignac\",\"url\":\"https:\\\/\\\/www.eyrignac.com\\\/fr\\\/\",\"logo\":{\"@type\":\"ImageObject\",\"inLanguage\":\"fr-FR\",\"@id\":\"https:\\\/\\\/www.eyrignac.com\\\/fr\\\/#\\\/schema\\\/logo\\\/image\\\/\",\"url\":\"https:\\\/\\\/www.eyrignac.com\\\/wp-content\\\/uploads\\\/2017\\\/12\\\/logo-eyrignac.png\",\"contentUrl\":\"https:\\\/\\\/www.eyrignac.com\\\/wp-content\\\/uploads\\\/2017\\\/12\\\/logo-eyrignac.png\",\"width\":500,\"height\":189,\"caption\":\"Eyrignac\"},\"image\":{\"@id\":\"https:\\\/\\\/www.eyrignac.com\\\/fr\\\/#\\\/schema\\\/logo\\\/image\\\/\"},\"sameAs\":[\"https:\\\/\\\/www.facebook.com\\\/JardinsEyrignac\\\/\",\"https:\\\/\\\/x.com\\\/eyrignac\",\"https:\\\/\\\/www.instagram.com\\\/eyrignac\\\/\",\"https:\\\/\\\/www.pinterest.fr\\\/eyrignac\\\/\",\"https:\\\/\\\/www.youtube.com\\\/channel\\\/UCjWc47ArIew83eRXXjaBowg\"]}]}<\/script>\n<!-- \/ Yoast SEO plugin. -->","yoast_head_json":{"title":"Louer les jardins d'Eyrignac pour un \u00e9v\u00e9nement d'entreprise","description":"Au coeur du P\u00e9rigord Noir, \u00e0 seulement 2 h de Bordeaux et de Toulouse, \u00e0 1h30 de Bergerac, \u00e0 moins d\u20191h de Brive-la-Gaillarde, Eyrignac et ses jardins vous accueillent pour vos s\u00e9minaires d\u2019entreprise et vos journ\u00e9es d\u2019\u00e9tude. Pour vos moments de d\u00e9tente un choix d\u2019activit\u00e9s, zen, ludiques ou culturelles, ...","robots":{"index":"index","follow":"follow","max-snippet":"max-snippet:-1","max-image-preview":"max-image-preview:large","max-video-preview":"max-video-preview:-1"},"canonical":"https:\/\/www.eyrignac.com\/fr\/location-receptions\/eyrignac-evenement-entreprise","og_locale":"fr_FR","og_type":"article","og_title":"Louer les jardins d'Eyrignac pour un \u00e9v\u00e9nement d'entreprise","og_description":"Au coeur du P\u00e9rigord Noir, \u00e0 seulement 2 h de Bordeaux et de Toulouse, \u00e0 1h30 de Bergerac, \u00e0 moins d\u20191h de Brive-la-Gaillarde, Eyrignac et ses jardins vous accueillent pour vos s\u00e9minaires d\u2019entreprise et vos journ\u00e9es d\u2019\u00e9tude. Pour vos moments de d\u00e9tente un choix d\u2019activit\u00e9s, zen, ludiques ou culturelles, ...","og_url":"https:\/\/www.eyrignac.com\/fr\/location-receptions\/eyrignac-evenement-entreprise","og_site_name":"Eyrignac et ses jardins","article_publisher":"https:\/\/www.facebook.com\/JardinsEyrignac\/","article_modified_time":"2020-01-20T15:06:18+00:00","og_image":[{"url":"https:\/\/www.eyrignac.com\/wp-content\/uploads\/2018\/02\/plan.jpg","type":"","width":"","height":""}],"twitter_card":"summary_large_image","twitter_site":"@eyrignac","twitter_misc":{"Dur\u00e9e de lecture estim\u00e9e":"4 minutes"},"schema":{"@context":"https:\/\/schema.org","@graph":[{"@type":"WebPage","@id":"https:\/\/www.eyrignac.com\/fr\/location-receptions\/eyrignac-evenement-entreprise","url":"https:\/\/www.eyrignac.com\/fr\/location-receptions\/eyrignac-evenement-entreprise","name":"Louer les jardins d'Eyrignac pour un \u00e9v\u00e9nement d'entreprise","isPartOf":{"@id":"https:\/\/www.eyrignac.com\/fr\/#website"},"primaryImageOfPage":{"@id":"https:\/\/www.eyrignac.com\/fr\/location-receptions\/eyrignac-evenement-entreprise#primaryimage"},"image":{"@id":"https:\/\/www.eyrignac.com\/fr\/location-receptions\/eyrignac-evenement-entreprise#primaryimage"},"thumbnailUrl":"https:\/\/www.eyrignac.com\/wp-content\/uploads\/2018\/02\/plan.jpg","datePublished":"2018-02-22T21:03:00+00:00","dateModified":"2020-01-20T15:06:18+00:00","description":"Au coeur du P\u00e9rigord Noir, \u00e0 seulement 2 h de Bordeaux et de Toulouse, \u00e0 1h30 de Bergerac, \u00e0 moins d\u20191h de Brive-la-Gaillarde, Eyrignac et ses jardins vous accueillent pour vos s\u00e9minaires d\u2019entreprise et vos journ\u00e9es d\u2019\u00e9tude. Pour vos moments de d\u00e9tente un choix d\u2019activit\u00e9s, zen, ludiques ou culturelles, ...","breadcrumb":{"@id":"https:\/\/www.eyrignac.com\/fr\/location-receptions\/eyrignac-evenement-entreprise#breadcrumb"},"inLanguage":"fr-FR","potentialAction":[{"@type":"ReadAction","target":["https:\/\/www.eyrignac.com\/fr\/location-receptions\/eyrignac-evenement-entreprise"]}]},{"@type":"ImageObject","inLanguage":"fr-FR","@id":"https:\/\/www.eyrignac.com\/fr\/location-receptions\/eyrignac-evenement-entreprise#primaryimage","url":"https:\/\/www.eyrignac.com\/wp-content\/uploads\/2018\/02\/plan.jpg","contentUrl":"https:\/\/www.eyrignac.com\/wp-content\/uploads\/2018\/02\/plan.jpg"},{"@type":"BreadcrumbList","@id":"https:\/\/www.eyrignac.com\/fr\/location-receptions\/eyrignac-evenement-entreprise#breadcrumb","itemListElement":[{"@type":"ListItem","position":1,"name":"Accueil","item":"https:\/\/www.eyrignac.com\/fr"},{"@type":"ListItem","position":2,"name":"Locations &#038; r\u00e9ceptions","item":"https:\/\/www.eyrignac.com\/fr\/location-receptions"},{"@type":"ListItem","position":3,"name":"Pour un \u00e9v\u00e9nement d&rsquo;entreprise"}]},{"@type":"WebSite","@id":"https:\/\/www.eyrignac.com\/fr\/#website","url":"https:\/\/www.eyrignac.com\/fr\/","name":"Eyrignac et ses jardins","description":"Lieu de verdure unique en Dordogne","publisher":{"@id":"https:\/\/www.eyrignac.com\/fr\/#organization"},"potentialAction":[{"@type":"SearchAction","target":{"@type":"EntryPoint","urlTemplate":"https:\/\/www.eyrignac.com\/fr\/?s={search_term_string}"},"query-input":{"@type":"PropertyValueSpecification","valueRequired":true,"valueName":"search_term_string"}}],"inLanguage":"fr-FR"},{"@type":"Organization","@id":"https:\/\/www.eyrignac.com\/fr\/#organization","name":"Eyrignac","url":"https:\/\/www.eyrignac.com\/fr\/","logo":{"@type":"ImageObject","inLanguage":"fr-FR","@id":"https:\/\/www.eyrignac.com\/fr\/#\/schema\/logo\/image\/","url":"https:\/\/www.eyrignac.com\/wp-content\/uploads\/2017\/12\/logo-eyrignac.png","contentUrl":"https:\/\/www.eyrignac.com\/wp-content\/uploads\/2017\/12\/logo-eyrignac.png","width":500,"height":189,"caption":"Eyrignac"},"image":{"@id":"https:\/\/www.eyrignac.com\/fr\/#\/schema\/logo\/image\/"},"sameAs":["https:\/\/www.facebook.com\/JardinsEyrignac\/","https:\/\/x.com\/eyrignac","https:\/\/www.instagram.com\/eyrignac\/","https:\/\/www.pinterest.fr\/eyrignac\/","https:\/\/www.youtube.com\/channel\/UCjWc47ArIew83eRXXjaBowg"]}]}},"_links":{"self":[{"href":"https:\/\/www.eyrignac.com\/fr\/wp-json\/wp\/v2\/pages\/796","targetHints":{"allow":["GET"]}}],"collection":[{"href":"https:\/\/www.eyrignac.com\/fr\/wp-json\/wp\/v2\/pages"}],"about":[{"href":"https:\/\/www.eyrignac.com\/fr\/wp-json\/wp\/v2\/types\/page"}],"author":[{"embeddable":true,"href":"https:\/\/www.eyrignac.com\/fr\/wp-json\/wp\/v2\/users\/1"}],"replies":[{"embeddable":true,"href":"https:\/\/www.eyrignac.com\/fr\/wp-json\/wp\/v2\/comments?post=796"}],"version-history":[{"count":0,"href":"https:\/\/www.eyrignac.com\/fr\/wp-json\/wp\/v2\/pages\/796\/revisions"}],"up":[{"embeddable":true,"href":"https:\/\/www.eyrignac.com\/fr\/wp-json\/wp\/v2\/pages\/15"}],"wp:attachment":[{"href":"https:\/\/www.eyrignac.com\/fr\/wp-json\/wp\/v2\/media?parent=796"}],"curies":[{"name":"wp","href":"https:\/\/api.w.org\/{rel}","templated":true}]}}