{"id":750,"date":"2018-02-22T16:56:45","date_gmt":"2018-02-22T15:56:45","guid":{"rendered":"https:\/\/www.eyrignac.com\/?page_id=750"},"modified":"2026-03-26T14:20:30","modified_gmt":"2026-03-26T13:20:30","slug":"location-eyrignac-mariage-2","status":"publish","type":"page","link":"https:\/\/www.eyrignac.com\/fr\/location-receptions\/location-eyrignac-mariage-2","title":{"rendered":"Pour un mariage"},"content":{"rendered":"<div class=\"wpb-content-wrapper\"><p>[vc_row][vc_column][vc_column_text el_class=\u00a0\u00bbor\u00a0\u00bb]<\/p>\n<h1>Privatiser les jardins d\u2019Eyrignac pour votre mariage<\/h1>\n<p>[\/vc_column_text][vc_column_text css=\u00a0\u00bb.vc_custom_1521623000470{margin-bottom: 30px !important;}\u00a0\u00bb]<strong>Eyrignac et ses Jardins sont empreints du charme et de l\u2019authenticit\u00e9 du P\u00e9rigord Noir. Le d\u00e9cor de la pierre dor\u00e9e mari\u00e9e au cama\u00efeu de verts de l\u2019\u00e9crin v\u00e9g\u00e9tal est le cadre id\u00e9al pour un \u00e9v\u00e9nement familial unique. L\u2019Orangerie pour le d\u00eener, la Roseraie blanche pour le cocktail, les jardins, le panorama sur les paysages de la Dordogne, Eyrignac est le lieu id\u00e9al pour c\u00e9l\u00e9brer avec vos familles et vos amis le plus beau jour de votre vie. <\/strong>[\/vc_column_text][vc_row_inner css=\u00a0\u00bb.vc_custom_1516206920135{margin-bottom: 30px !important;}\u00a0\u00bb][vc_column_inner width=\u00a0\u00bb1\/3&Prime; css=\u00a0\u00bb.vc_custom_1516957834102{padding-right: 20px !important;}\u00a0\u00bb][vc_single_image image=\u00a0\u00bb1377&Prime; img_size=\u00a0\u00bblarge\u00a0\u00bb onclick=\u00a0\u00bblink_image\u00a0\u00bb][\/vc_column_inner][vc_column_inner width=\u00a0\u00bb2\/3&Prime;][vc_column_text el_class=\u00a0\u00bbnomt nopb\u00a0\u00bb]<\/p>\n<h2>La Roseraie blanche pour le cocktail<\/h2>\n<p>[\/vc_column_text][vc_raw_html css=\u00a0\u00bb.vc_custom_1515593443476{margin-bottom: 15px !important;}\u00a0\u00bb]JTNDZGl2JTIwY2xhc3MlM0QlMjJzZXAlMjIlM0UlM0MlMkZkaXYlM0U=[\/vc_raw_html][vc_column_text]Quel endroit pourrait \u00eatre plus romantique et inoubliable qu\u2019un jardin de roses blanches, anim\u00e9 par le bruit d\u2019eau des fontaines, face au soleil couchant une coupe de champagne \u00e0 la main pour un d\u00e9but de soir\u00e9e hors du temps ?<br \/>\nCe jardin \u00e9l\u00e9gant et raffin\u00e9, sur plus d\u2019un hectare, sera mis en sc\u00e8ne \u00e0 votre convenance par un bar \u00e0 hu\u00eetres, un atelier \u00e0 th\u00e8me ou encore un buffet de verrines \u00ab Prestige \u00bb propos\u00e9s par le traiteur.<br \/>\nUne animation musicale peut accompagner ce d\u00e9but de soir\u00e9e.[\/vc_column_text][\/vc_column_inner][\/vc_row_inner][vc_row_inner css=\u00a0\u00bb.vc_custom_1516206925030{margin-bottom: 30px !important;}\u00a0\u00bb][vc_column_inner width=\u00a0\u00bb1\/3&Prime; css=\u00a0\u00bb.vc_custom_1516957888582{padding-right: 20px !important;}\u00a0\u00bb][vc_single_image image=\u00a0\u00bb1375&Prime; img_size=\u00a0\u00bblarge\u00a0\u00bb onclick=\u00a0\u00bblink_image\u00a0\u00bb][\/vc_column_inner][vc_column_inner width=\u00a0\u00bb2\/3&Prime;][vc_column_text el_class=\u00a0\u00bbnomt nopb\u00a0\u00bb]<\/p>\n<h2>La salle de l\u2019Orangerie pour le d\u00eener<\/h2>\n<p>[\/vc_column_text][vc_raw_html css=\u00a0\u00bb.vc_custom_1515593443476{margin-bottom: 15px !important;}\u00a0\u00bb]JTNDZGl2JTIwY2xhc3MlM0QlMjJzZXAlMjIlM0UlM0MlMkZkaXYlM0U=[\/vc_raw_html][vc_column_text]La salle, tr\u00e8s lumineuse gr\u00e2ce \u00e0 de grandes baies vitr\u00e9es, accueille jusqu\u2019\u00e0 200 personnes en repas assis (150 chaises sont fournies). Elle sera dress\u00e9e, \u00e0 votre convenance, de tables rondes de 8 \u00e0 10 personnes ou bien rectangulaires, et de chaises blanches Napol\u00e9on III (maximum 150 chaises Napol\u00e9on III).<br \/>\nLe jardin de l\u2019Orangerie face \u00e0 la salle et les terrasses attenantes seront \u00e0 votre disposition tout au long de la soir\u00e9e pour illuminer l\u2019ext\u00e9rieur de lanternes, bougies et rendre le cadre encore plus f\u00e9\u00e9rique.<br \/>\nPossibilit\u00e9 de brunch : le lendemain, la salle peut \u00eatre lou\u00e9e pour prolonger le week end autour d\u2019un brunch, se retrouver en famille et entre amis autour d\u2019un buffet convivial et profiter des jardins.[\/vc_column_text][vc_btn title=\u00a0\u00bbPhotos et inspirations sur Pinterest\u00a0\u00bb style=\u00a0\u00bbclassic\u00a0\u00bb shape=\u00a0\u00bbsquare\u00a0\u00bb color=\u00a0\u00bbwhite\u00a0\u00bb align=\u00a0\u00bbcenter\u00a0\u00bb i_align=\u00a0\u00bbright\u00a0\u00bb i_icon_fontawesome=\u00a0\u00bbfa fa-caret-right\u00a0\u00bb button_block=\u00a0\u00bbtrue\u00a0\u00bb add_icon=\u00a0\u00bbtrue\u00a0\u00bb link=\u00a0\u00bburl:https%3A%2F%2Fwww.pinterest.fr%2Feyrignac%2Fmariage-aux-jardins%2F|title:Inspiration%20Mariages%20sur%20Pinterest|target:%20_blank|\u00a0\u00bb el_class=\u00a0\u00bbor\u00a0\u00bb][\/vc_column_inner][\/vc_row_inner][vc_row_inner css=\u00a0\u00bb.vc_custom_1516206931934{margin-bottom: 30px !important;}\u00a0\u00bb][vc_column_inner width=\u00a0\u00bb1\/3&Prime; css=\u00a0\u00bb.vc_custom_1516957893639{padding-right: 20px !important;}\u00a0\u00bb][vc_single_image image=\u00a0\u00bb765&Prime; img_size=\u00a0\u00bblarge\u00a0\u00bb onclick=\u00a0\u00bblink_image\u00a0\u00bb][\/vc_column_inner][vc_column_inner width=\u00a0\u00bb2\/3&Prime;][vc_column_text css=\u00a0\u00bb\u00a0\u00bb el_class=\u00a0\u00bbnomt nopb\u00a0\u00bb]<\/p>\n<h2>Les jardins pour vos photos de mariage<\/h2>\n<p>[\/vc_column_text][vc_raw_html css=\u00a0\u00bb.vc_custom_1515593443476{margin-bottom: 15px !important;}\u00a0\u00bb]JTNDZGl2JTIwY2xhc3MlM0QlMjJzZXAlMjIlM0UlM0MlMkZkaXYlM0U=[\/vc_raw_html][vc_column_text css=\u00a0\u00bb\u00a0\u00bb]Vous pourrez imaginer les photos les plus insolites dans chaque coin secret des jardins. Les 7 jardins qui composent Eyrignac offrent aussi un d\u00e9cor naturel id\u00e9al pour immortaliser le plus beau jour de votre vie.[\/vc_column_text][\/vc_column_inner][\/vc_row_inner][vc_row_inner css=\u00a0\u00bb.vc_custom_1516206931934{margin-bottom: 30px !important;}\u00a0\u00bb][vc_column_inner width=\u00a0\u00bb1\/3&Prime; css=\u00a0\u00bb.vc_custom_1516957901806{padding-right: 20px !important;}\u00a0\u00bb][vc_single_image image=\u00a0\u00bb761&Prime; img_size=\u00a0\u00bblarge\u00a0\u00bb onclick=\u00a0\u00bblink_image\u00a0\u00bb][\/vc_column_inner][vc_column_inner width=\u00a0\u00bb2\/3&Prime;][vc_column_text el_class=\u00a0\u00bbnomt nopb\u00a0\u00bb]<\/p>\n<h2>Le traiteur en exclusivit\u00e9<\/h2>\n<p>[\/vc_column_text][vc_raw_html css=\u00a0\u00bb.vc_custom_1515593443476{margin-bottom: 15px !important;}\u00a0\u00bb]JTNDZGl2JTIwY2xhc3MlM0QlMjJzZXAlMjIlM0UlM0MlMkZkaXYlM0U=[\/vc_raw_html][vc_column_text]Didier Mortier vient de f\u00eater l\u2019organisation de son 500e mariage. Un seul mot d\u2019ordre, l\u2019excellence et un professionnalisme \u00e0 toute \u00e9preuve. Il vous suffira de le rencontrer et vous saurez que vous pourrez lui confier la r\u00e9ussite de cette journ\u00e9e et l\u2019organisation compl\u00e8te de votre r\u00e9ception, du cocktail jusqu\u2019au brunch du lendemain.<\/p>\n<p>Sa prestation s\u2019entend service compris jusqu\u2019\u00e0 la fin de votre soir\u00e9e, sans limitation horaire, mise en place la veille de la r\u00e9ception et remise en \u00e9tat de la salle le lendemain inclus.<\/p>\n<p><strong>Notre Traiteur exclusif : Monsieur Mortier<br \/>\nContact : 06 12 20 14 07 ou <a href=\"mailto:mortierdidier24@gmail.com\">mortierdidier24@gmail.com<\/a><br \/>\n<a href=\"https:\/\/castellumtraiteur.com\/\" target=\"_blank\" rel=\"noopener noreferrer\">Plus d&rsquo;informations sur Castellum Traiteur<\/a><\/strong>[\/vc_column_text][\/vc_column_inner][\/vc_row_inner][vc_row_inner css=\u00a0\u00bb.vc_custom_1516206931934{margin-bottom: 30px !important;}\u00a0\u00bb][vc_column_inner width=\u00a0\u00bb1\/3&Prime; css=\u00a0\u00bb.vc_custom_1516957901806{padding-right: 20px !important;}\u00a0\u00bb][vc_single_image image=\u00a0\u00bb763&Prime; img_size=\u00a0\u00bblarge\u00a0\u00bb onclick=\u00a0\u00bblink_image\u00a0\u00bb][\/vc_column_inner][vc_column_inner width=\u00a0\u00bb2\/3&Prime;][vc_column_text el_class=\u00a0\u00bbnomt nopb\u00a0\u00bb]<\/p>\n<h2>Les fleurs, la musique, la baby sitter ?<\/h2>\n<p>[\/vc_column_text][vc_raw_html css=\u00a0\u00bb.vc_custom_1515593443476{margin-bottom: 15px !important;}\u00a0\u00bb]JTNDZGl2JTIwY2xhc3MlM0QlMjJzZXAlMjIlM0UlM0MlMkZkaXYlM0U=[\/vc_raw_html][vc_column_text]Nous travaillons avec des professionnels confirm\u00e9s du mariage, soucieux de la m\u00eame qualit\u00e9 et de sublimer ce jour pour qu\u2019il soit unique pour vous.<br \/>\nD\u00e8s votre r\u00e9servation, nous vous transmettons une liste de prestataires qui connaissent les lieux et sauront ainsi r\u00e9pondre \u00e0 vos attentes dans les moindres d\u00e9tails.[\/vc_column_text][\/vc_column_inner][\/vc_row_inner][\/vc_column][\/vc_row][vc_row][vc_column width=\u00a0\u00bb1\/2&Prime; css=\u00a0\u00bb.vc_custom_1515600657263{padding-right: 20px !important;}\u00a0\u00bb][vc_single_image image=\u00a0\u00bb774&Prime; img_size=\u00a0\u00bbfull\u00a0\u00bb][\/vc_column][vc_column width=\u00a0\u00bb1\/2&Prime; el_id=\u00a0\u00bbanchor-plan\u00a0\u00bb][vc_tta_accordion style=\u00a0\u00bbflat\u00a0\u00bb shape=\u00a0\u00bbsquare\u00a0\u00bb gap=\u00a0\u00bb5&Prime; c_position=\u00a0\u00bbright\u00a0\u00bb active_section=\u00a0\u00bb0&Prime; no_fill=\u00a0\u00bbtrue\u00a0\u00bb collapsible_all=\u00a0\u00bbtrue\u00a0\u00bb el_class=\u00a0\u00bbsmall-tab\u00a0\u00bb css=\u00a0\u00bb.vc_custom_1516202615514{margin-bottom: 0px !important;}\u00a0\u00bb][vc_tta_section title=\u00a0\u00bbA quel moment peut-on disposer de la salle avant la r\u00e9ception et jusqu\u2019\u00e0 quelle heure le lendemain?\u00a0\u00bb tab_id=\u00a0\u00bbfaq1&Prime; el_class=\u00a0\u00bbtab\u00a0\u00bb][vc_column_text]La salle est mise \u00e0 disposition la veille \u00e0 partir de 14h et doit \u00eatre lib\u00e9r\u00e9e \u00e0 8 heures du matin le lendemain de la r\u00e9ception[\/vc_column_text][\/vc_tta_section][vc_tta_section title=\u00a0\u00bbPuis je d\u00e9poser des affaires avant la mise \u00e0 disposition de la salle ?\u00a0\u00bb tab_id=\u00a0\u00bbfaq2&Prime;][vc_column_text]Dans la mesure o\u00f9 la salle est disponible, nous r\u00e9ceptionnerons toute livraison utile \u00e0 la bonne organisation en amont de votre mariage[\/vc_column_text][\/vc_tta_section][vc_tta_section title=\u00a0\u00bbY-a-t-il une \u00e9glise \u00e0 proximit\u00e9 des jardins ?\u00a0\u00bb tab_id=\u00a0\u00bbfaq4&Prime;][vc_column_text]L\u2019\u00e9glise de Salignac est situ\u00e9e \u00e0 6 km[\/vc_column_text][\/vc_tta_section][vc_tta_section title=\u00a0\u00bbY-a-t-il de nombreux h\u00e9bergements \u00e0 proximit\u00e9 des jardins ?\u00a0\u00bb tab_id=\u00a0\u00bbfaq5&Prime;][vc_column_text]Nous mettons \u00e0 votre disposition une liste d\u2019h\u00e9bergements (h\u00f4tels, chambres d\u2019h\u00f4tes, village de g\u00eetes, etc\u2026 ) dans un rayon de 15km[\/vc_column_text][\/vc_tta_section][vc_tta_section title=\u00a0\u00bbComment puis-je bloquer une date avant de confirmer ?\u00a0\u00bb tab_id=\u00a0\u00bbfaq6&Prime;][vc_column_text]Il suffit de poser une option, d\u2019une validit\u00e9 de 15 jours, en laissant ses coordonn\u00e9es compl\u00e8tes, mail et t\u00e9l\u00e9phone portable[\/vc_column_text][\/vc_tta_section][vc_tta_section title=\u00a0\u00bbQuelles sont les conditions de r\u00e9servation ?\u00a0\u00bb tab_id=\u00a0\u00bbfaq7&Prime;][vc_column_text]Pour la location de la salle : 50% \u00e0 la r\u00e9servation pour confirmation d\u00e9finitive, solde un mois avant la r\u00e9ception et caution de 1.500\u20ac non encaiss\u00e9e<\/p>\n<p>Pour le cocktail et le d\u00eener : 1.500\u20ac \u00e0 la r\u00e9servation pour confirmation d\u00e9finitive, 50% 4 mois avant la r\u00e9ception, 40% 1 mois avant la r\u00e9ception[\/vc_column_text][\/vc_tta_section][vc_tta_section title=\u00a0\u00bbAppliquez-vous un droit de bouchon ?\u00a0\u00bb tab_id=\u00a0\u00bbfaq8&Prime;][vc_column_text]Oui, en dessous de 100 personnes. Il est offert \u00e0 partir de 100 personnes[\/vc_column_text][\/vc_tta_section][\/vc_tta_accordion][\/vc_column][\/vc_row][vc_row][vc_column width=\u00a0\u00bb1\/4&Prime;][vc_raw_js]JTNDZGl2JTIwaWQlM0QlMjJ3cC1yYXRlZFdBJTIyJTNFJTBEJTBBJTNDYSUyMHRhcmdldCUzRCUyMl9ibGFuayUyMiUyMGhyZWYlM0QlMjJodHRwcyUzQSUyRiUyRnd3dy5tYXJpYWdlcy5uZXQlMkZkb21haW5lLW1hcmlhZ2UlMkZsZXMtamFyZGlucy1kdS1tYW5vaXItZGV5cmlnbmFjLS1lNzgwOCUyMiUyMHJlbCUzRCUyMm5vZm9sbG93JTIyJTIwdGl0bGUlM0QlMjJMZXMlMjBKYXJkaW5zJTIwZHUlMjBNYW5vaXIlMjBkJTI3RXlyaWduYWMlMkMlMjBnYWduYW50JTIwV2VkZGluZyUyMEF3YXJkcyUyMDIwMjYlMjBNYXJpYWdlcy5uZXQlMjIlM0UlMEQlMEElM0NpbWclMjB3aWR0aCUzRCUyMjEyNSUyMiUyMGhlaWdodCUzRCUyMjEyNSUyMiUyMGFsdCUzRCUyMkxlcyUyMEphcmRpbnMlMjBkdSUyME1hbm9pciUyMGQlMjdFeXJpZ25hYyUyQyUyMGdhZ25hbnQlMjBXZWRkaW5nJTIwQXdhcmRzJTIwMjAyNiUyME1hcmlhZ2VzLm5ldCUyMiUyMGlkJTNEJTIyd3AtcmF0ZWRXQS1pbWctMjAyNiUyMiUyMHNyYyUzRCUyMmh0dHBzJTNBJTJGJTJGY2RuMS5tYXJpYWdlcy5uZXQlMkZpbWclMkZiYWRnZXMlMkYyMDI2JTJGYmFkZ2Utd2VkZGluZ2F3YXJkc19mcl9GUi5qcGclMjIlM0UlMEQlMEElM0MlMkZhJTNFJTBEJTBBJTNDJTJGZGl2JTNFJTBEJTBBJTNDc2NyaXB0JTIwdHlwZSUzRCUyMnRleHQlMkZqYXZhc2NyaXB0JTIyJTIwc3JjJTNEJTIyaHR0cHMlM0ElMkYlMkZjZG4xLm1hcmlhZ2VzLm5ldCUyRl9qcyUyRndwLXJhdGVkLmpzJTNGdiUzRDQlMjIlM0UlM0MlMkZzY3JpcHQlM0UlMEQlMEElM0NzY3JpcHQlM0V3cFNob3dSYXRlZFdBdjMlMjglMjc3ODA4JTI3JTJDJTI3MjAyNiUyNyUyOSUzQiUzQyUyRnNjcmlwdCUzRQ==[\/vc_raw_js][\/vc_column][vc_column width=\u00a0\u00bb3\/4&Prime;][vc_btn title=\u00a0\u00bbT\u00e9l\u00e9charger notre documentation\u00a0\u00bb style=\u00a0\u00bbclassic\u00a0\u00bb shape=\u00a0\u00bbsquare\u00a0\u00bb color=\u00a0\u00bbwhite\u00a0\u00bb size=\u00a0\u00bblg\u00a0\u00bb align=\u00a0\u00bbcenter\u00a0\u00bb i_align=\u00a0\u00bbright\u00a0\u00bb i_icon_fontawesome=\u00a0\u00bb\u00a0\u00bb css=\u00a0\u00bb\u00a0\u00bb button_block=\u00a0\u00bbtrue\u00a0\u00bb add_icon=\u00a0\u00bbtrue\u00a0\u00bb link=\u00a0\u00bburl:https%3A%2F%2Fwww.eyrignac.com%2Fwp-content%2Fuploads%2F2026%2F03%2FPlaquette-Orangerie-2027-2028_converted.pdf|target:_blank\u00a0\u00bb el_class=\u00a0\u00bbor\u00a0\u00bb][vc_column_text]Nous sommes \u00e0 votre disposition pour tout renseignement concernant la privatisation d\u2019Eyrignac soit :<br \/>\npar t\u00e9l\u00e9phone : 05 53 28 99 71<br \/>\npar m\u00e9l : contact@eyrignac.com[\/vc_column_text][\/vc_column][\/vc_row][vc_row][vc_column][vc_video link=\u00a0\u00bbhttps:\/\/www.youtube.com\/watch?v=IdTFGqspq6Q&amp;t=20s\u00a0\u00bb][\/vc_column][\/vc_row][vc_row][vc_column][\/vc_column][\/vc_row]<\/p>\n<\/div>","protected":false},"excerpt":{"rendered":"[vc_row][vc_column][vc_column_text el_class=\u00a0\u00bbor\u00a0\u00bb] Privatiser les jardins d\u2019Eyrignac pour votre mariage [\/vc_column_text][vc_column_text css=\u00a0\u00bb.vc_custom_1521623000470{margin-bottom: 30px !important;}\u00a0\u00bb]Eyrignac et ses Jardins sont empreints du charme et de l\u2019authenticit\u00e9 du P\u00e9rigord Noir. Le d\u00e9cor de la pierre dor\u00e9e mari\u00e9e au cama\u00efeu de verts de l\u2019\u00e9crin v\u00e9g\u00e9tal est le cadre id\u00e9al pour un \u00e9v\u00e9nement familial unique. L\u2019Orangerie pour le d\u00eener, la Roseraie&#8230; <a class=\"view-article\" href=\"https:\/\/www.eyrignac.com\/fr\/location-receptions\/location-eyrignac-mariage-2\">Voir l&rsquo;article<\/a>","protected":false},"author":1,"featured_media":0,"parent":15,"menu_order":0,"comment_status":"closed","ping_status":"closed","template":"","meta":{"_acf_changed":false,"footnotes":""},"class_list":["post-750","page","type-page","status-publish","hentry"],"acf":[],"yoast_head":"<!-- This site is optimized with the Yoast SEO plugin v27.4 - https:\/\/yoast.com\/product\/yoast-seo-wordpress\/ -->\n<title>Organisez votre r\u00e9ception de mariage dans les jardins d&#039;Eyrignac<\/title>\n<meta name=\"description\" content=\"Eyrignac et ses jardins sont empreints du charme et de l\u2019authenticit\u00e9 du P\u00e9rigord noir. Le d\u00e9cor de la pierre dor\u00e9e mari\u00e9e au cama\u00efeu de verts de l\u2019\u00e9crin v\u00e9g\u00e9tal est le cadre id\u00e9al pour un mariage unique. Privatisez l\u2019Orangerie pour le d\u00eener, la Roseraie blanche pour le cocktail ...\" \/>\n<meta name=\"robots\" content=\"index, follow, max-snippet:-1, max-image-preview:large, max-video-preview:-1\" \/>\n<link rel=\"canonical\" href=\"https:\/\/www.eyrignac.com\/fr\/location-receptions\/location-eyrignac-mariage-2\" \/>\n<meta property=\"og:locale\" content=\"fr_FR\" \/>\n<meta property=\"og:type\" content=\"article\" \/>\n<meta property=\"og:title\" content=\"Organisez votre r\u00e9ception de mariage dans les jardins d&#039;Eyrignac\" \/>\n<meta property=\"og:description\" content=\"Eyrignac et ses jardins sont empreints du charme et de l\u2019authenticit\u00e9 du P\u00e9rigord noir. Le d\u00e9cor de la pierre dor\u00e9e mari\u00e9e au cama\u00efeu de verts de l\u2019\u00e9crin v\u00e9g\u00e9tal est le cadre id\u00e9al pour un mariage unique. Privatisez l\u2019Orangerie pour le d\u00eener, la Roseraie blanche pour le cocktail ...\" \/>\n<meta property=\"og:url\" content=\"https:\/\/www.eyrignac.com\/fr\/location-receptions\/location-eyrignac-mariage-2\" \/>\n<meta property=\"og:site_name\" content=\"Eyrignac et ses jardins\" \/>\n<meta property=\"article:publisher\" content=\"https:\/\/www.facebook.com\/JardinsEyrignac\/\" \/>\n<meta property=\"article:modified_time\" content=\"2026-03-26T13:20:30+00:00\" \/>\n<meta name=\"twitter:card\" content=\"summary_large_image\" \/>\n<meta name=\"twitter:site\" content=\"@eyrignac\" \/>\n<meta name=\"twitter:label1\" content=\"Dur\u00e9e de lecture estim\u00e9e\" \/>\n\t<meta name=\"twitter:data1\" content=\"6 minutes\" \/>\n<script type=\"application\/ld+json\" class=\"yoast-schema-graph\">{\"@context\":\"https:\\\/\\\/schema.org\",\"@graph\":[{\"@type\":\"WebPage\",\"@id\":\"https:\\\/\\\/www.eyrignac.com\\\/fr\\\/location-receptions\\\/location-eyrignac-mariage-2\",\"url\":\"https:\\\/\\\/www.eyrignac.com\\\/fr\\\/location-receptions\\\/location-eyrignac-mariage-2\",\"name\":\"Organisez votre r\u00e9ception de mariage dans les jardins d'Eyrignac\",\"isPartOf\":{\"@id\":\"https:\\\/\\\/www.eyrignac.com\\\/fr\\\/#website\"},\"datePublished\":\"2018-02-22T15:56:45+00:00\",\"dateModified\":\"2026-03-26T13:20:30+00:00\",\"description\":\"Eyrignac et ses jardins sont empreints du charme et de l\u2019authenticit\u00e9 du P\u00e9rigord noir. Le d\u00e9cor de la pierre dor\u00e9e mari\u00e9e au cama\u00efeu de verts de l\u2019\u00e9crin v\u00e9g\u00e9tal est le cadre id\u00e9al pour un mariage unique. Privatisez l\u2019Orangerie pour le d\u00eener, la Roseraie blanche pour le cocktail ...\",\"breadcrumb\":{\"@id\":\"https:\\\/\\\/www.eyrignac.com\\\/fr\\\/location-receptions\\\/location-eyrignac-mariage-2#breadcrumb\"},\"inLanguage\":\"fr-FR\",\"potentialAction\":[{\"@type\":\"ReadAction\",\"target\":[\"https:\\\/\\\/www.eyrignac.com\\\/fr\\\/location-receptions\\\/location-eyrignac-mariage-2\"]}]},{\"@type\":\"BreadcrumbList\",\"@id\":\"https:\\\/\\\/www.eyrignac.com\\\/fr\\\/location-receptions\\\/location-eyrignac-mariage-2#breadcrumb\",\"itemListElement\":[{\"@type\":\"ListItem\",\"position\":1,\"name\":\"Accueil\",\"item\":\"https:\\\/\\\/www.eyrignac.com\\\/fr\"},{\"@type\":\"ListItem\",\"position\":2,\"name\":\"Locations &#038; r\u00e9ceptions\",\"item\":\"https:\\\/\\\/www.eyrignac.com\\\/fr\\\/location-receptions\"},{\"@type\":\"ListItem\",\"position\":3,\"name\":\"Pour un mariage\"}]},{\"@type\":\"WebSite\",\"@id\":\"https:\\\/\\\/www.eyrignac.com\\\/fr\\\/#website\",\"url\":\"https:\\\/\\\/www.eyrignac.com\\\/fr\\\/\",\"name\":\"Eyrignac et ses jardins\",\"description\":\"Lieu de verdure unique en Dordogne\",\"publisher\":{\"@id\":\"https:\\\/\\\/www.eyrignac.com\\\/fr\\\/#organization\"},\"potentialAction\":[{\"@type\":\"SearchAction\",\"target\":{\"@type\":\"EntryPoint\",\"urlTemplate\":\"https:\\\/\\\/www.eyrignac.com\\\/fr\\\/?s={search_term_string}\"},\"query-input\":{\"@type\":\"PropertyValueSpecification\",\"valueRequired\":true,\"valueName\":\"search_term_string\"}}],\"inLanguage\":\"fr-FR\"},{\"@type\":\"Organization\",\"@id\":\"https:\\\/\\\/www.eyrignac.com\\\/fr\\\/#organization\",\"name\":\"Eyrignac\",\"url\":\"https:\\\/\\\/www.eyrignac.com\\\/fr\\\/\",\"logo\":{\"@type\":\"ImageObject\",\"inLanguage\":\"fr-FR\",\"@id\":\"https:\\\/\\\/www.eyrignac.com\\\/fr\\\/#\\\/schema\\\/logo\\\/image\\\/\",\"url\":\"https:\\\/\\\/www.eyrignac.com\\\/wp-content\\\/uploads\\\/2017\\\/12\\\/logo-eyrignac.png\",\"contentUrl\":\"https:\\\/\\\/www.eyrignac.com\\\/wp-content\\\/uploads\\\/2017\\\/12\\\/logo-eyrignac.png\",\"width\":500,\"height\":189,\"caption\":\"Eyrignac\"},\"image\":{\"@id\":\"https:\\\/\\\/www.eyrignac.com\\\/fr\\\/#\\\/schema\\\/logo\\\/image\\\/\"},\"sameAs\":[\"https:\\\/\\\/www.facebook.com\\\/JardinsEyrignac\\\/\",\"https:\\\/\\\/x.com\\\/eyrignac\",\"https:\\\/\\\/www.instagram.com\\\/eyrignac\\\/\",\"https:\\\/\\\/www.pinterest.fr\\\/eyrignac\\\/\",\"https:\\\/\\\/www.youtube.com\\\/channel\\\/UCjWc47ArIew83eRXXjaBowg\"]}]}<\/script>\n<!-- \/ Yoast SEO plugin. -->","yoast_head_json":{"title":"Organisez votre r\u00e9ception de mariage dans les jardins d'Eyrignac","description":"Eyrignac et ses jardins sont empreints du charme et de l\u2019authenticit\u00e9 du P\u00e9rigord noir. Le d\u00e9cor de la pierre dor\u00e9e mari\u00e9e au cama\u00efeu de verts de l\u2019\u00e9crin v\u00e9g\u00e9tal est le cadre id\u00e9al pour un mariage unique. Privatisez l\u2019Orangerie pour le d\u00eener, la Roseraie blanche pour le cocktail ...","robots":{"index":"index","follow":"follow","max-snippet":"max-snippet:-1","max-image-preview":"max-image-preview:large","max-video-preview":"max-video-preview:-1"},"canonical":"https:\/\/www.eyrignac.com\/fr\/location-receptions\/location-eyrignac-mariage-2","og_locale":"fr_FR","og_type":"article","og_title":"Organisez votre r\u00e9ception de mariage dans les jardins d'Eyrignac","og_description":"Eyrignac et ses jardins sont empreints du charme et de l\u2019authenticit\u00e9 du P\u00e9rigord noir. Le d\u00e9cor de la pierre dor\u00e9e mari\u00e9e au cama\u00efeu de verts de l\u2019\u00e9crin v\u00e9g\u00e9tal est le cadre id\u00e9al pour un mariage unique. Privatisez l\u2019Orangerie pour le d\u00eener, la Roseraie blanche pour le cocktail ...","og_url":"https:\/\/www.eyrignac.com\/fr\/location-receptions\/location-eyrignac-mariage-2","og_site_name":"Eyrignac et ses jardins","article_publisher":"https:\/\/www.facebook.com\/JardinsEyrignac\/","article_modified_time":"2026-03-26T13:20:30+00:00","twitter_card":"summary_large_image","twitter_site":"@eyrignac","twitter_misc":{"Dur\u00e9e de lecture estim\u00e9e":"6 minutes"},"schema":{"@context":"https:\/\/schema.org","@graph":[{"@type":"WebPage","@id":"https:\/\/www.eyrignac.com\/fr\/location-receptions\/location-eyrignac-mariage-2","url":"https:\/\/www.eyrignac.com\/fr\/location-receptions\/location-eyrignac-mariage-2","name":"Organisez votre r\u00e9ception de mariage dans les jardins d'Eyrignac","isPartOf":{"@id":"https:\/\/www.eyrignac.com\/fr\/#website"},"datePublished":"2018-02-22T15:56:45+00:00","dateModified":"2026-03-26T13:20:30+00:00","description":"Eyrignac et ses jardins sont empreints du charme et de l\u2019authenticit\u00e9 du P\u00e9rigord noir. Le d\u00e9cor de la pierre dor\u00e9e mari\u00e9e au cama\u00efeu de verts de l\u2019\u00e9crin v\u00e9g\u00e9tal est le cadre id\u00e9al pour un mariage unique. Privatisez l\u2019Orangerie pour le d\u00eener, la Roseraie blanche pour le cocktail ...","breadcrumb":{"@id":"https:\/\/www.eyrignac.com\/fr\/location-receptions\/location-eyrignac-mariage-2#breadcrumb"},"inLanguage":"fr-FR","potentialAction":[{"@type":"ReadAction","target":["https:\/\/www.eyrignac.com\/fr\/location-receptions\/location-eyrignac-mariage-2"]}]},{"@type":"BreadcrumbList","@id":"https:\/\/www.eyrignac.com\/fr\/location-receptions\/location-eyrignac-mariage-2#breadcrumb","itemListElement":[{"@type":"ListItem","position":1,"name":"Accueil","item":"https:\/\/www.eyrignac.com\/fr"},{"@type":"ListItem","position":2,"name":"Locations &#038; r\u00e9ceptions","item":"https:\/\/www.eyrignac.com\/fr\/location-receptions"},{"@type":"ListItem","position":3,"name":"Pour un mariage"}]},{"@type":"WebSite","@id":"https:\/\/www.eyrignac.com\/fr\/#website","url":"https:\/\/www.eyrignac.com\/fr\/","name":"Eyrignac et ses jardins","description":"Lieu de verdure unique en Dordogne","publisher":{"@id":"https:\/\/www.eyrignac.com\/fr\/#organization"},"potentialAction":[{"@type":"SearchAction","target":{"@type":"EntryPoint","urlTemplate":"https:\/\/www.eyrignac.com\/fr\/?s={search_term_string}"},"query-input":{"@type":"PropertyValueSpecification","valueRequired":true,"valueName":"search_term_string"}}],"inLanguage":"fr-FR"},{"@type":"Organization","@id":"https:\/\/www.eyrignac.com\/fr\/#organization","name":"Eyrignac","url":"https:\/\/www.eyrignac.com\/fr\/","logo":{"@type":"ImageObject","inLanguage":"fr-FR","@id":"https:\/\/www.eyrignac.com\/fr\/#\/schema\/logo\/image\/","url":"https:\/\/www.eyrignac.com\/wp-content\/uploads\/2017\/12\/logo-eyrignac.png","contentUrl":"https:\/\/www.eyrignac.com\/wp-content\/uploads\/2017\/12\/logo-eyrignac.png","width":500,"height":189,"caption":"Eyrignac"},"image":{"@id":"https:\/\/www.eyrignac.com\/fr\/#\/schema\/logo\/image\/"},"sameAs":["https:\/\/www.facebook.com\/JardinsEyrignac\/","https:\/\/x.com\/eyrignac","https:\/\/www.instagram.com\/eyrignac\/","https:\/\/www.pinterest.fr\/eyrignac\/","https:\/\/www.youtube.com\/channel\/UCjWc47ArIew83eRXXjaBowg"]}]}},"_links":{"self":[{"href":"https:\/\/www.eyrignac.com\/fr\/wp-json\/wp\/v2\/pages\/750","targetHints":{"allow":["GET"]}}],"collection":[{"href":"https:\/\/www.eyrignac.com\/fr\/wp-json\/wp\/v2\/pages"}],"about":[{"href":"https:\/\/www.eyrignac.com\/fr\/wp-json\/wp\/v2\/types\/page"}],"author":[{"embeddable":true,"href":"https:\/\/www.eyrignac.com\/fr\/wp-json\/wp\/v2\/users\/1"}],"replies":[{"embeddable":true,"href":"https:\/\/www.eyrignac.com\/fr\/wp-json\/wp\/v2\/comments?post=750"}],"version-history":[{"count":3,"href":"https:\/\/www.eyrignac.com\/fr\/wp-json\/wp\/v2\/pages\/750\/revisions"}],"predecessor-version":[{"id":12231,"href":"https:\/\/www.eyrignac.com\/fr\/wp-json\/wp\/v2\/pages\/750\/revisions\/12231"}],"up":[{"embeddable":true,"href":"https:\/\/www.eyrignac.com\/fr\/wp-json\/wp\/v2\/pages\/15"}],"wp:attachment":[{"href":"https:\/\/www.eyrignac.com\/fr\/wp-json\/wp\/v2\/media?parent=750"}],"curies":[{"name":"wp","href":"https:\/\/api.w.org\/{rel}","templated":true}]}}