{"id":5405,"date":"2020-10-16T13:41:33","date_gmt":"2020-10-16T11:41:33","guid":{"rendered":"https:\/\/www.eyrignac.com\/?page_id=5405"},"modified":"2026-03-18T09:57:06","modified_gmt":"2026-03-18T08:57:06","slug":"decouvrir-eyrignac-jardins-situation-handicap","status":"publish","type":"page","link":"https:\/\/www.eyrignac.com\/fr\/preparer-ma-visite\/decouvrir-eyrignac-jardins-situation-handicap","title":{"rendered":"Pr\u00e9parer ma visite"},"content":{"rendered":"<div class=\"wpb-content-wrapper\"><p>[vc_row][vc_column][vc_column_text css=\u00a0\u00bb\u00a0\u00bb el_class=\u00a0\u00bbor\u00a0\u00bb]<\/p>\n<h1>D\u00e9couvrir Eyrignac &amp; ses Jardins &#8211; Informations accessibilit\u00e9<\/h1>\n<p>[\/vc_column_text][vc_column_text css=\u00a0\u00bb\u00a0\u00bb]<strong>Ouverts \u00e0 tous les visiteurs, les jardins d\u2019Eyrignac sont labellis\u00e9s Tourisme et Handicap depuis 2004. Les jardins sont accessibles en int\u00e9gralit\u00e9 aux visiteurs atteints d\u2019un handicap auditif ou mental. En fonction du type de handicap moteur, les visiteurs peuvent d\u00e9couvrir entre 60% et 100% des jardins.<\/strong>[\/vc_column_text][vc_column_text css=\u00a0\u00bb\u00a0\u00bb]<img decoding=\"async\" class=\"alignleft wp-image-5493 size-thumbnail\" src=\"https:\/\/www.eyrignac.com\/wp-content\/uploads\/2026\/03\/THandicap-150x156-1.jpg\" alt=\"Tourisme et Handicap, Eyrignac et ses Jardins\" width=\"150\" height=\"156\" \/>Parce qu\u2019Eyrignac est avant tout un jardin historique, fa\u00e7onn\u00e9 dans le respect du relief naturel du domaine, les cheminements pr\u00e9sentent des pentes douces, des all\u00e9es engazonn\u00e9es ou gravillonn\u00e9es et un terrain vivant, au plus pr\u00e8s de la nature.<br \/>\nSelon le niveau de mobilit\u00e9, il est possible de d\u00e9couvrir entre 60 % et 100 % du parcours.<\/p>\n<h2>Accueil selon les situations de handicap<\/h2>\n<ul>\n<li><strong>Handicap auditif <\/strong>: des informations adapt\u00e9es sont disponibles et notre \u00e9quipe est sensibilis\u00e9e \u00e0 l\u2019accueil des visiteurs concern\u00e9s.<\/li>\n<li><strong>Handicap mental <\/strong>: une attention particuli\u00e8re est port\u00e9e \u00e0 la clart\u00e9 des informations et \u00e0 l\u2019accompagnement si n\u00e9cessaire.<\/li>\n<li><strong>Handicap moteur <\/strong>: les larges all\u00e9es principales permettent une promenade agr\u00e9able sur une grande partie du domaine. Toutefois, certaines zones peuvent s\u2019av\u00e9rer plus difficiles d\u2019acc\u00e8s en raison du caract\u00e8re naturel et paysager du site.<\/li>\n<li><strong>Handicap visuel <\/strong>: bien que le site ne soit pas labellis\u00e9 pour ce type de handicap, l\u2019exp\u00e9rience sensorielle des jardins (parfums, textures v\u00e9g\u00e9tales, ambiance sonore naturelle) peut enrichir la visite. Notre \u00e9quipe reste disponible pour adapter l\u2019accueil au mieux.<\/li>\n<\/ul>\n<p>Nous invitons les visiteurs \u00e0 nous contacter en amont de leur venue afin de pr\u00e9parer au mieux leur visite en fonction de leurs besoins sp\u00e9cifiques.[\/vc_column_text][vc_column_text css=\u00a0\u00bb.vc_custom_1772793501468{padding-top: 15px !important;padding-bottom: 15px !important;background-color: #f6f2eb !important;}\u00a0\u00bb]<\/p>\n<p style=\"text-align: center;\"><strong>Pour toute question, n\u2019h\u00e9sitez pas \u00e0 contacter notre r\u00e9f\u00e9rente accessibilit\u00e9 :<\/strong><br \/>\nC\u00e9cile Campech &#8211; 05 53 28 99 71 &#8211; <a href=\"mailto:contact@eyrignac.com\">contact@eyrignac.com<\/a><\/p>\n<p>[\/vc_column_text][\/vc_column][\/vc_row][vc_row][vc_column width=\u00a0\u00bb1\/2&Prime; css=\u00a0\u00bb.vc_custom_1602846000602{padding-right: 30px !important;}\u00a0\u00bb][vc_column_text el_class=\u00a0\u00bbor\u00a0\u00bb]<\/p>\n<h3>Handicap Auditif<\/h3>\n<p>[\/vc_column_text][vc_column_text css=\u00a0\u00bb\u00a0\u00bb]<strong><img decoding=\"async\" class=\"alignleft wp-image-5428 size-thumbnail\" src=\"https:\/\/www.eyrignac.com\/wp-content\/uploads\/2026\/03\/Deficients-auditifs-150x150.jpg\" alt=\"Handicap auditif\" width=\"150\" height=\"150\" \/><br \/>\n<\/strong><br \/>\n<strong>Accessibilit\u00e9 du parcours : 100 %<\/strong><\/p>\n<ul>\n<li>Boucle magn\u00e9tique \u00e0 la billetterie des jardins<\/li>\n<li>L&rsquo;\u00e9quipe d\u2019accueil des jardins est \u00e9quip\u00e9e d\u2019une ardoise afin de pouvoir dialoguer par \u00e9crit avec les personnes en situation de handicap auditif<\/li>\n<li>Informations \u00e9crites disponibles pour faciliter la visite<\/li>\n<\/ul>\n<p>[\/vc_column_text][vc_column_text el_class=\u00a0\u00bbor\u00a0\u00bb]<\/p>\n<h3>Handicap Moteur<\/h3>\n<p>[\/vc_column_text][vc_column_text css=\u00a0\u00bb\u00a0\u00bb]<strong><img decoding=\"async\" class=\"alignleft wp-image-5432 size-thumbnail\" src=\"https:\/\/www.eyrignac.com\/wp-content\/uploads\/2026\/03\/Deficients-moteur-150x150.jpg\" \/><\/strong><\/p>\n<p><strong>Accessibilit\u00e9 du parcours : environ 60 % pour les visiteurs en fauteuil<\/strong><\/p>\n<p>Les Jardins d\u2019Eyrignac sont am\u00e9nag\u00e9s dans le respect de leur caract\u00e8re historique et paysager. Certaines zones comportent des marches ou des rev\u00eatements naturels (gazon, gravier, sable) qui peuvent limiter l\u2019acc\u00e8s en fauteuil.<br \/>\nDes escaliers desservent certaines parties du jardin. Leur configuration, li\u00e9e \u00e0 l\u2019inscription du site \u00e0 l\u2019inventaire des Monuments Historiques, ne permet pas d\u2019en modifier l\u2019am\u00e9nagement.<\/p>\n<p>Un <strong>parcours adapt\u00e9<\/strong> est identifi\u00e9 dans un document de visite sp\u00e9cifique, propos\u00e9 gratuitement \u00e0 l\u2019accueil.<br \/>\nIl inclut notamment un point de vue surplombant permettant d\u2019embrasser les espaces non accessibles.<\/p>\n<p><strong>Espaces accessibles :<\/strong> Torii japonais, Pavillon de Repos, Terrasse Enchant\u00e9e, Miroirs et Communs, Manoir, Chapelle romane, Pigeonnier, Lavoir et All\u00e9e de la Vierge, P\u00e9pini\u00e8re, Jardin Potager, Jardin Fleuriste, Basse-cour de Topiaire, Jardin des Sources, Quatre Carr\u00e9s, Jardin de l\u2019Olivier, Jardin Blanc.<\/p>\n<p><strong>Espaces non accessibles en fauteuil :<\/strong> All\u00e9e des Charmes, Pagode chinoise, Chambre de Verdure, All\u00e9e des Vases, Arcades n\u00e9ogothiques anglaises, Parterre \u00e0 la fran\u00e7aise, Voli\u00e8re, Chambre des Amoureux.<\/p>\n<ul>\n<li>Comptoir d\u2019accueil \u00e9quip\u00e9 d\u2019un d\u00e9crochement adapt\u00e9.<\/li>\n<li>Pr\u00eat possible d\u2019un fauteuil roulant d\u2019appoint (selon disponibilit\u00e9).<\/li>\n<li>Le d\u00e9nivel\u00e9 g\u00e9n\u00e9ral du site reste mod\u00e9r\u00e9, mais certaines sections comportent quelques marches.<\/li>\n<\/ul>\n<p>[\/vc_column_text][vc_row_inner][vc_column_inner][\/vc_column_inner][\/vc_row_inner][vc_column_text el_class=\u00a0\u00bbor\u00a0\u00bb]<\/p>\n<h3>Handicap Mental<\/h3>\n<p>[\/vc_column_text][vc_column_text css=\u00a0\u00bb\u00a0\u00bb]<strong><img decoding=\"async\" class=\"alignleft wp-image-5438 size-thumbnail\" src=\"https:\/\/www.eyrignac.com\/wp-content\/uploads\/2026\/03\/Deficients-mentaux-150x150.jpg\" alt=\"\" width=\"150\" height=\"150\" \/><\/strong><br \/>\n<strong>Accessibilit\u00e9 du parcours : 100 %<\/strong><\/p>\n<p>Les Jardins d\u2019Eyrignac proposent un environnement clair, structur\u00e9 et propice \u00e0 une visite sereine.<\/p>\n<ul>\n<li>Parcours organis\u00e9 et facilement identifiable.<\/li>\n<li>Signal\u00e9tique simple et lisible.<\/li>\n<li>Personnel sensibilis\u00e9 \u00e0 l\u2019accueil des personnes en situation de handicap mental.<\/li>\n<li><strong>Livret de visite en FALC (Facile \u00e0 Lire et \u00e0 Comprendre) disponible gratuitement \u00e0 l\u2019accueil.<\/strong><\/li>\n<li>Environnement s\u00e9curis\u00e9 et apaisant.<\/li>\n<\/ul>\n<p>Nous restons \u00e0 l\u2019\u00e9coute des visiteurs et de leurs accompagnants afin d\u2019adapter au mieux l\u2019accueil si n\u00e9cessaire.[\/vc_column_text][vc_row_inner][vc_column_inner][vc_column_text el_class=\u00a0\u00bbor\u00a0\u00bb]<\/p>\n<h3>Handicap Visuel<\/h3>\n<p>[\/vc_column_text][\/vc_column_inner][\/vc_row_inner][vc_column_text css=\u00a0\u00bb\u00a0\u00bb]<strong><img decoding=\"async\" class=\"alignleft wp-image-5434 size-thumbnail\" src=\"https:\/\/www.eyrignac.com\/wp-content\/uploads\/2026\/03\/Deficients-visuels-150x150.jpg\" alt=\"Handicap visuel\" width=\"150\" height=\"150\" \/><\/strong><br \/>\nLe site n\u2019est pas labellis\u00e9 pour le handicap visuel.<\/p>\n<p>Toutefois :<\/p>\n<ul>\n<li>Audio-guide disponible gratuitement<\/li>\n<li>Chiens guides d\u2019aveugle bienvenus.<\/li>\n<li>Parcours riche en exp\u00e9riences sensorielles avec un accompagnant (parfums, textures v\u00e9g\u00e9tales, ambiance sonore naturelle).<\/li>\n<\/ul>\n<p>[\/vc_column_text][\/vc_column][vc_column width=\u00a0\u00bb1\/2&Prime; css=\u00a0\u00bb.vc_custom_1602845416593{padding-right: 15px !important;padding-left: 15px !important;background-color: #f6f2eb !important;}\u00a0\u00bb][vc_column_text]<\/p>\n<h3>Conditions visite<\/h3>\n<p>[\/vc_column_text][vc_column_text css=\u00a0\u00bb\u00a0\u00bb]<strong>Tarifs visite libre en individuel<\/strong><\/p>\n<ul>\n<li>Visiteur PSH : 8\u20ac90 sur place ou 7\u20ac90 en ligne<\/li>\n<li>Accompagnant PSH : 11\u20ac90 sur place ou 10\u20ac90 en ligne (valable pour un accompagnant par PSH)<\/li>\n<li>Enfant PSH : gratuit (jusqu&rsquo;\u00e0 17 ans)<\/li>\n<\/ul>\n<p><strong>Tarif visite libre en groupe sur r\u00e9servation\u00a0<\/strong><\/p>\n<ul>\n<li>Adulte PSH : 6\u20ac par adulte (\u00e0 partir de 15 personnes payantes)<\/li>\n<li>Enfant PSH : gratuit (jusqu&rsquo;\u00e0 17 ans)<\/li>\n<li>Accompagnant PSH : 9\u20ac<\/li>\n<\/ul>\n<p><strong>Tarif visite guid\u00e9e : suppl\u00e9ment forfaitaire 50\u20ac<\/strong><\/p>\n<p><em>Visite audio-guid\u00e9e sur smartphone incluse dans le prix du billet d&rsquo;entr\u00e9e<\/em>[\/vc_column_text][vc_row_inner][vc_column_inner][vc_column_text]<\/p>\n<h3>Services<\/h3>\n<p>[\/vc_column_text][\/vc_column_inner][\/vc_row_inner][vc_column_text css=\u00a0\u00bb\u00a0\u00bb]<\/p>\n<h3>Stationnement<\/h3>\n<ul>\n<li>Places de parking r\u00e9serv\u00e9es situ\u00e9es au plus pr\u00e8s de l&rsquo;entr\u00e9e du site. Elles sont signal\u00e9es par des panneaux et un marquage au sol.<\/li>\n<\/ul>\n<h3>Accueil<\/h3>\n<ul>\n<li>Le comptoir d&rsquo;accueil dispose d&rsquo;un d\u00e9crochement afin de pouvoir accueillir les personnes en fauteuil ;<\/li>\n<li>L&rsquo;\u00e9quipe d\u2019accueil des jardins est \u00e9quip\u00e9e d\u2019une ardoise afin de pouvoir dialoguer par \u00e9crit avec les personnes en situation de handicap auditif et d&rsquo;une boucle magn\u00e9tique.<\/li>\n<\/ul>\n<h3>Supports de visite<\/h3>\n<ul>\n<li>Plan de visite d\u00e9di\u00e9 (plan accessible) ;<\/li>\n<li>Livret photo gratuit consultable sur place pour les PMR qui souhaitent voir les endroits inaccessibles \u00e0 la visite en fauteuil.<\/li>\n<li>Diffusion de films et reportages sur la t\u00e9l\u00e9vision de la billetterie<\/li>\n<\/ul>\n<h3>Mat\u00e9riel<\/h3>\n<ul>\n<li>Pr\u00eat possible d&rsquo;un fauteuil roulant d\u2019appoint adapt\u00e9 aux personnes \u00e0 mobilit\u00e9 r\u00e9duite (r\u00e9servation pr\u00e9alable souhaitable).<\/li>\n<\/ul>\n<h3>Toilettes<\/h3>\n<ul>\n<li>Toilettes accessibles et adapt\u00e9s \u00e9galement aux visiteurs en fauteuil avec rampe d&rsquo;acc\u00e8s ext\u00e9rieur ;<\/li>\n<li>L&rsquo;accueil des jardins et les WC sont \u00e9quip\u00e9s de bandes de vigilances de couleur contrast\u00e9e sur les marches et contremarches des escaliers.<\/li>\n<\/ul>\n<h3>Restauration<\/h3>\n<p>Bien que le restaurant d&rsquo;Eyrignac ne soit pas labellis\u00e9, il est accessible aux visiteurs.[\/vc_column_text][\/vc_column][\/vc_row]<\/p>\n<\/div>","protected":false},"excerpt":{"rendered":"[vc_row][vc_column][vc_column_text css=\u00a0\u00bb\u00a0\u00bb el_class=\u00a0\u00bbor\u00a0\u00bb] D\u00e9couvrir Eyrignac &amp; ses Jardins &#8211; Informations accessibilit\u00e9 [\/vc_column_text][vc_column_text css=\u00a0\u00bb\u00a0\u00bb]Ouverts \u00e0 tous les visiteurs, les jardins d\u2019Eyrignac sont labellis\u00e9s Tourisme et Handicap depuis 2004. Les jardins sont accessibles en int\u00e9gralit\u00e9 aux visiteurs atteints d\u2019un handicap auditif ou mental. En fonction du type de handicap moteur, les visiteurs peuvent d\u00e9couvrir entre 60% et&#8230; <a class=\"view-article\" href=\"https:\/\/www.eyrignac.com\/fr\/preparer-ma-visite\/decouvrir-eyrignac-jardins-situation-handicap\">Voir l&rsquo;article<\/a>","protected":false},"author":3,"featured_media":0,"parent":9,"menu_order":0,"comment_status":"closed","ping_status":"closed","template":"","meta":{"_acf_changed":false,"footnotes":""},"class_list":["post-5405","page","type-page","status-publish","hentry"],"acf":[],"yoast_head":"<!-- This site is optimized with the Yoast SEO plugin v27.4 - https:\/\/yoast.com\/product\/yoast-seo-wordpress\/ -->\n<title>D\u00e9couvrir Eyrignac et ses Jardins en situation de handicap<\/title>\n<meta name=\"description\" content=\"Les jardins d\u2019Eyrignac sont labellis\u00e9s Tourisme et Handicap depuis 2004. Ils sont accessibles aux visiteurs atteints d\u2019un handicap (PMR).\" \/>\n<meta name=\"robots\" content=\"index, follow, max-snippet:-1, max-image-preview:large, max-video-preview:-1\" \/>\n<link rel=\"canonical\" href=\"https:\/\/www.eyrignac.com\/fr\/preparer-ma-visite\/decouvrir-eyrignac-jardins-situation-handicap\" \/>\n<meta property=\"og:locale\" content=\"fr_FR\" \/>\n<meta property=\"og:type\" content=\"article\" \/>\n<meta property=\"og:title\" content=\"D\u00e9couvrir Eyrignac et ses Jardins en situation de handicap\" \/>\n<meta property=\"og:description\" content=\"Les jardins d\u2019Eyrignac sont labellis\u00e9s Tourisme et Handicap depuis 2004. Ils sont accessibles aux visiteurs atteints d\u2019un handicap (PMR).\" \/>\n<meta property=\"og:url\" content=\"https:\/\/www.eyrignac.com\/fr\/preparer-ma-visite\/decouvrir-eyrignac-jardins-situation-handicap\" \/>\n<meta property=\"og:site_name\" content=\"Eyrignac et ses jardins\" \/>\n<meta property=\"article:publisher\" content=\"https:\/\/www.facebook.com\/JardinsEyrignac\/\" \/>\n<meta property=\"article:modified_time\" content=\"2026-03-18T08:57:06+00:00\" \/>\n<meta name=\"twitter:card\" content=\"summary_large_image\" \/>\n<meta name=\"twitter:site\" content=\"@eyrignac\" \/>\n<meta name=\"twitter:label1\" content=\"Dur\u00e9e de lecture estim\u00e9e\" \/>\n\t<meta name=\"twitter:data1\" content=\"5 minutes\" \/>\n<script type=\"application\/ld+json\" class=\"yoast-schema-graph\">{\"@context\":\"https:\\\/\\\/schema.org\",\"@graph\":[{\"@type\":\"WebPage\",\"@id\":\"https:\\\/\\\/www.eyrignac.com\\\/fr\\\/preparer-ma-visite\\\/decouvrir-eyrignac-jardins-situation-handicap\",\"url\":\"https:\\\/\\\/www.eyrignac.com\\\/fr\\\/preparer-ma-visite\\\/decouvrir-eyrignac-jardins-situation-handicap\",\"name\":\"D\u00e9couvrir Eyrignac et ses Jardins en situation de handicap\",\"isPartOf\":{\"@id\":\"https:\\\/\\\/www.eyrignac.com\\\/fr\\\/#website\"},\"primaryImageOfPage\":{\"@id\":\"https:\\\/\\\/www.eyrignac.com\\\/fr\\\/preparer-ma-visite\\\/decouvrir-eyrignac-jardins-situation-handicap#primaryimage\"},\"image\":{\"@id\":\"https:\\\/\\\/www.eyrignac.com\\\/fr\\\/preparer-ma-visite\\\/decouvrir-eyrignac-jardins-situation-handicap#primaryimage\"},\"thumbnailUrl\":\"https:\\\/\\\/www.eyrignac.com\\\/wp-content\\\/uploads\\\/2026\\\/03\\\/THandicap-150x156-1.jpg\",\"datePublished\":\"2020-10-16T11:41:33+00:00\",\"dateModified\":\"2026-03-18T08:57:06+00:00\",\"description\":\"Les jardins d\u2019Eyrignac sont labellis\u00e9s Tourisme et Handicap depuis 2004. Ils sont accessibles aux visiteurs atteints d\u2019un handicap (PMR).\",\"breadcrumb\":{\"@id\":\"https:\\\/\\\/www.eyrignac.com\\\/fr\\\/preparer-ma-visite\\\/decouvrir-eyrignac-jardins-situation-handicap#breadcrumb\"},\"inLanguage\":\"fr-FR\",\"potentialAction\":[{\"@type\":\"ReadAction\",\"target\":[\"https:\\\/\\\/www.eyrignac.com\\\/fr\\\/preparer-ma-visite\\\/decouvrir-eyrignac-jardins-situation-handicap\"]}]},{\"@type\":\"ImageObject\",\"inLanguage\":\"fr-FR\",\"@id\":\"https:\\\/\\\/www.eyrignac.com\\\/fr\\\/preparer-ma-visite\\\/decouvrir-eyrignac-jardins-situation-handicap#primaryimage\",\"url\":\"https:\\\/\\\/www.eyrignac.com\\\/wp-content\\\/uploads\\\/2026\\\/03\\\/THandicap-150x156-1.jpg\",\"contentUrl\":\"https:\\\/\\\/www.eyrignac.com\\\/wp-content\\\/uploads\\\/2026\\\/03\\\/THandicap-150x156-1.jpg\"},{\"@type\":\"BreadcrumbList\",\"@id\":\"https:\\\/\\\/www.eyrignac.com\\\/fr\\\/preparer-ma-visite\\\/decouvrir-eyrignac-jardins-situation-handicap#breadcrumb\",\"itemListElement\":[{\"@type\":\"ListItem\",\"position\":1,\"name\":\"Accueil\",\"item\":\"https:\\\/\\\/www.eyrignac.com\\\/fr\"},{\"@type\":\"ListItem\",\"position\":2,\"name\":\"Pr\u00e9parer ma visite\",\"item\":\"https:\\\/\\\/www.eyrignac.com\\\/fr\\\/preparer-ma-visite\"},{\"@type\":\"ListItem\",\"position\":3,\"name\":\"Pr\u00e9parer ma visite\"}]},{\"@type\":\"WebSite\",\"@id\":\"https:\\\/\\\/www.eyrignac.com\\\/fr\\\/#website\",\"url\":\"https:\\\/\\\/www.eyrignac.com\\\/fr\\\/\",\"name\":\"Eyrignac et ses jardins\",\"description\":\"Lieu de verdure unique en Dordogne\",\"publisher\":{\"@id\":\"https:\\\/\\\/www.eyrignac.com\\\/fr\\\/#organization\"},\"potentialAction\":[{\"@type\":\"SearchAction\",\"target\":{\"@type\":\"EntryPoint\",\"urlTemplate\":\"https:\\\/\\\/www.eyrignac.com\\\/fr\\\/?s={search_term_string}\"},\"query-input\":{\"@type\":\"PropertyValueSpecification\",\"valueRequired\":true,\"valueName\":\"search_term_string\"}}],\"inLanguage\":\"fr-FR\"},{\"@type\":\"Organization\",\"@id\":\"https:\\\/\\\/www.eyrignac.com\\\/fr\\\/#organization\",\"name\":\"Eyrignac\",\"url\":\"https:\\\/\\\/www.eyrignac.com\\\/fr\\\/\",\"logo\":{\"@type\":\"ImageObject\",\"inLanguage\":\"fr-FR\",\"@id\":\"https:\\\/\\\/www.eyrignac.com\\\/fr\\\/#\\\/schema\\\/logo\\\/image\\\/\",\"url\":\"https:\\\/\\\/www.eyrignac.com\\\/wp-content\\\/uploads\\\/2017\\\/12\\\/logo-eyrignac.png\",\"contentUrl\":\"https:\\\/\\\/www.eyrignac.com\\\/wp-content\\\/uploads\\\/2017\\\/12\\\/logo-eyrignac.png\",\"width\":500,\"height\":189,\"caption\":\"Eyrignac\"},\"image\":{\"@id\":\"https:\\\/\\\/www.eyrignac.com\\\/fr\\\/#\\\/schema\\\/logo\\\/image\\\/\"},\"sameAs\":[\"https:\\\/\\\/www.facebook.com\\\/JardinsEyrignac\\\/\",\"https:\\\/\\\/x.com\\\/eyrignac\",\"https:\\\/\\\/www.instagram.com\\\/eyrignac\\\/\",\"https:\\\/\\\/www.pinterest.fr\\\/eyrignac\\\/\",\"https:\\\/\\\/www.youtube.com\\\/channel\\\/UCjWc47ArIew83eRXXjaBowg\"]}]}<\/script>\n<!-- \/ Yoast SEO plugin. -->","yoast_head_json":{"title":"D\u00e9couvrir Eyrignac et ses Jardins en situation de handicap","description":"Les jardins d\u2019Eyrignac sont labellis\u00e9s Tourisme et Handicap depuis 2004. Ils sont accessibles aux visiteurs atteints d\u2019un handicap (PMR).","robots":{"index":"index","follow":"follow","max-snippet":"max-snippet:-1","max-image-preview":"max-image-preview:large","max-video-preview":"max-video-preview:-1"},"canonical":"https:\/\/www.eyrignac.com\/fr\/preparer-ma-visite\/decouvrir-eyrignac-jardins-situation-handicap","og_locale":"fr_FR","og_type":"article","og_title":"D\u00e9couvrir Eyrignac et ses Jardins en situation de handicap","og_description":"Les jardins d\u2019Eyrignac sont labellis\u00e9s Tourisme et Handicap depuis 2004. Ils sont accessibles aux visiteurs atteints d\u2019un handicap (PMR).","og_url":"https:\/\/www.eyrignac.com\/fr\/preparer-ma-visite\/decouvrir-eyrignac-jardins-situation-handicap","og_site_name":"Eyrignac et ses jardins","article_publisher":"https:\/\/www.facebook.com\/JardinsEyrignac\/","article_modified_time":"2026-03-18T08:57:06+00:00","twitter_card":"summary_large_image","twitter_site":"@eyrignac","twitter_misc":{"Dur\u00e9e de lecture estim\u00e9e":"5 minutes"},"schema":{"@context":"https:\/\/schema.org","@graph":[{"@type":"WebPage","@id":"https:\/\/www.eyrignac.com\/fr\/preparer-ma-visite\/decouvrir-eyrignac-jardins-situation-handicap","url":"https:\/\/www.eyrignac.com\/fr\/preparer-ma-visite\/decouvrir-eyrignac-jardins-situation-handicap","name":"D\u00e9couvrir Eyrignac et ses Jardins en situation de handicap","isPartOf":{"@id":"https:\/\/www.eyrignac.com\/fr\/#website"},"primaryImageOfPage":{"@id":"https:\/\/www.eyrignac.com\/fr\/preparer-ma-visite\/decouvrir-eyrignac-jardins-situation-handicap#primaryimage"},"image":{"@id":"https:\/\/www.eyrignac.com\/fr\/preparer-ma-visite\/decouvrir-eyrignac-jardins-situation-handicap#primaryimage"},"thumbnailUrl":"https:\/\/www.eyrignac.com\/wp-content\/uploads\/2026\/03\/THandicap-150x156-1.jpg","datePublished":"2020-10-16T11:41:33+00:00","dateModified":"2026-03-18T08:57:06+00:00","description":"Les jardins d\u2019Eyrignac sont labellis\u00e9s Tourisme et Handicap depuis 2004. Ils sont accessibles aux visiteurs atteints d\u2019un handicap (PMR).","breadcrumb":{"@id":"https:\/\/www.eyrignac.com\/fr\/preparer-ma-visite\/decouvrir-eyrignac-jardins-situation-handicap#breadcrumb"},"inLanguage":"fr-FR","potentialAction":[{"@type":"ReadAction","target":["https:\/\/www.eyrignac.com\/fr\/preparer-ma-visite\/decouvrir-eyrignac-jardins-situation-handicap"]}]},{"@type":"ImageObject","inLanguage":"fr-FR","@id":"https:\/\/www.eyrignac.com\/fr\/preparer-ma-visite\/decouvrir-eyrignac-jardins-situation-handicap#primaryimage","url":"https:\/\/www.eyrignac.com\/wp-content\/uploads\/2026\/03\/THandicap-150x156-1.jpg","contentUrl":"https:\/\/www.eyrignac.com\/wp-content\/uploads\/2026\/03\/THandicap-150x156-1.jpg"},{"@type":"BreadcrumbList","@id":"https:\/\/www.eyrignac.com\/fr\/preparer-ma-visite\/decouvrir-eyrignac-jardins-situation-handicap#breadcrumb","itemListElement":[{"@type":"ListItem","position":1,"name":"Accueil","item":"https:\/\/www.eyrignac.com\/fr"},{"@type":"ListItem","position":2,"name":"Pr\u00e9parer ma visite","item":"https:\/\/www.eyrignac.com\/fr\/preparer-ma-visite"},{"@type":"ListItem","position":3,"name":"Pr\u00e9parer ma visite"}]},{"@type":"WebSite","@id":"https:\/\/www.eyrignac.com\/fr\/#website","url":"https:\/\/www.eyrignac.com\/fr\/","name":"Eyrignac et ses jardins","description":"Lieu de verdure unique en Dordogne","publisher":{"@id":"https:\/\/www.eyrignac.com\/fr\/#organization"},"potentialAction":[{"@type":"SearchAction","target":{"@type":"EntryPoint","urlTemplate":"https:\/\/www.eyrignac.com\/fr\/?s={search_term_string}"},"query-input":{"@type":"PropertyValueSpecification","valueRequired":true,"valueName":"search_term_string"}}],"inLanguage":"fr-FR"},{"@type":"Organization","@id":"https:\/\/www.eyrignac.com\/fr\/#organization","name":"Eyrignac","url":"https:\/\/www.eyrignac.com\/fr\/","logo":{"@type":"ImageObject","inLanguage":"fr-FR","@id":"https:\/\/www.eyrignac.com\/fr\/#\/schema\/logo\/image\/","url":"https:\/\/www.eyrignac.com\/wp-content\/uploads\/2017\/12\/logo-eyrignac.png","contentUrl":"https:\/\/www.eyrignac.com\/wp-content\/uploads\/2017\/12\/logo-eyrignac.png","width":500,"height":189,"caption":"Eyrignac"},"image":{"@id":"https:\/\/www.eyrignac.com\/fr\/#\/schema\/logo\/image\/"},"sameAs":["https:\/\/www.facebook.com\/JardinsEyrignac\/","https:\/\/x.com\/eyrignac","https:\/\/www.instagram.com\/eyrignac\/","https:\/\/www.pinterest.fr\/eyrignac\/","https:\/\/www.youtube.com\/channel\/UCjWc47ArIew83eRXXjaBowg"]}]}},"_links":{"self":[{"href":"https:\/\/www.eyrignac.com\/fr\/wp-json\/wp\/v2\/pages\/5405","targetHints":{"allow":["GET"]}}],"collection":[{"href":"https:\/\/www.eyrignac.com\/fr\/wp-json\/wp\/v2\/pages"}],"about":[{"href":"https:\/\/www.eyrignac.com\/fr\/wp-json\/wp\/v2\/types\/page"}],"author":[{"embeddable":true,"href":"https:\/\/www.eyrignac.com\/fr\/wp-json\/wp\/v2\/users\/3"}],"replies":[{"embeddable":true,"href":"https:\/\/www.eyrignac.com\/fr\/wp-json\/wp\/v2\/comments?post=5405"}],"version-history":[{"count":5,"href":"https:\/\/www.eyrignac.com\/fr\/wp-json\/wp\/v2\/pages\/5405\/revisions"}],"predecessor-version":[{"id":12194,"href":"https:\/\/www.eyrignac.com\/fr\/wp-json\/wp\/v2\/pages\/5405\/revisions\/12194"}],"up":[{"embeddable":true,"href":"https:\/\/www.eyrignac.com\/fr\/wp-json\/wp\/v2\/pages\/9"}],"wp:attachment":[{"href":"https:\/\/www.eyrignac.com\/fr\/wp-json\/wp\/v2\/media?parent=5405"}],"curies":[{"name":"wp","href":"https:\/\/api.w.org\/{rel}","templated":true}]}}