{"id":5273,"date":"2020-07-02T18:07:29","date_gmt":"2020-07-02T16:07:29","guid":{"rendered":"https:\/\/www.eyrignac.com\/?page_id=5273"},"modified":"2025-11-24T11:53:50","modified_gmt":"2025-11-24T10:53:50","slug":"eyrignac-avec-centre-loisirs","status":"publish","type":"page","link":"https:\/\/www.eyrignac.com\/fr\/preparer-ma-visite\/eyrignac-avec-centre-loisirs","title":{"rendered":"Pr\u00e9parer Ma visite"},"content":{"rendered":"<div class=\"wpb-content-wrapper\"><p>[vc_row][vc_column][vc_column_text el_class=\u00a0\u00bbor\u00a0\u00bb]<\/p>\n<h1>VISITER LES JARDINS D\u2019EYRIGNAC AVEC UN CENTRE DE LOISIRS<\/h1>\n<p>[\/vc_column_text][vc_column_text css=\u00a0\u00bb.vc_custom_1593705639231{margin-bottom: 30px !important;}\u00a0\u00bb]<strong>Eyrignac, son jardin, son domaine, est un lieu id\u00e9al pour une sortie culturelle, ludique et sportive adapt\u00e9e aux enfants de tous \u00e2ges, aux plus jeunes comme aux adolescents.<br \/>\nLa visite des jardins d\u2019Eyrignac peut \u00eatre int\u00e9gr\u00e9e dans un programme \u00e0 la journ\u00e9e sur le domaine alliant activit\u00e9 ludo-culturelle et activit\u00e9s sportives.<\/strong>[\/vc_column_text][\/vc_column][\/vc_row][vc_row][vc_column][vc_column_text css=\u00a0\u00bb.vc_custom_1674658748401{margin-bottom: 0px !important;}\u00a0\u00bb el_class=\u00a0\u00bbor\u00a0\u00bb]<\/p>\n<h2>VISITE ET ANIMATIONS POUR LES 5-10 ANS<\/h2>\n<p>[\/vc_column_text][vc_raw_html css=\u00a0\u00bb.vc_custom_1515593443476{margin-bottom: 15px !important;}\u00a0\u00bb]JTNDZGl2JTIwY2xhc3MlM0QlMjJzZXAlMjIlM0UlM0MlMkZkaXYlM0U=[\/vc_raw_html][\/vc_column][\/vc_row][vc_row css=\u00a0\u00bb.vc_custom_1516278106005{margin-bottom: 30px !important;}\u00a0\u00bb][vc_column width=\u00a0\u00bb1\/4&Prime; css=\u00a0\u00bb.vc_custom_1515600657263{padding-right: 20px !important;}\u00a0\u00bb][vc_empty_space][vc_media_grid element_width=\u00a0\u00bb12&Prime; grid_id=\u00a0\u00bbvc_gid:1763981512010-3c3bda02-1a39-9&Prime; include=\u00a0\u00bb369,2623,2619,2613,2609&Prime;][\/vc_column][vc_column width=\u00a0\u00bb3\/4&Prime;][vc_column_text css=\u00a0\u00bb.vc_custom_1729613609782{margin-bottom: 0px !important;}\u00a0\u00bb]<\/p>\n<h3>Visite guid\u00e9e (atelier en option) 5-10 ans<\/h3>\n<p>Quoi de plus ludique qu\u2019un jardin d\u00e9cor\u00e9 de sculptures v\u00e9g\u00e9tales extraordinaires, color\u00e9 de fleur, o\u00f9 vivent de nombreux petits animaux, oiseaux et insectes, un jardin f\u00e9\u00e9rique qui \u00e9veille l\u2019imaginaire ? C\u2019est au c\u0153ur de ce mus\u00e9e \u00e0 ciel ouvert que les enfants pourront exploiter ou d\u00e9velopper leur sens de l\u2019observation, apprendre le vocabulaire du jardin et \u00eatre sensibilis\u00e9 \u00e0 la gestion \u00e9cologique du jardin et \u00e0 sa biodiversit\u00e9.<br \/>\nPour les enfants les plus jeunes, un conte autour de la cr\u00e9ation des Jardins d\u2019Eyrignac est racont\u00e9 en d\u00e9but de s\u00e9ance.<\/p>\n<h3>Atelier rempotage en option<\/h3>\n<p>L\u2019atelier de rempotage est l\u2019occasion pour les enfants de se transformer en jardinier en manipulant le terreau, les graines et les outils de jardinage. Ils repartiront avec leur plantation.[\/vc_column_text][vc_empty_space][vc_row_inner css=\u00a0\u00bb.vc_custom_1593702828555{background-color: #f2f0ec !important;}\u00a0\u00bb][vc_column_inner][vc_column_text css=\u00a0\u00bb\u00a0\u00bb]<\/p>\n<h4>Tarifs 2026<\/h4>\n<p><strong>Visite libre :<\/strong> 5\u20ac par enfant \u2013 1 accompagnateur gratuit pour 10 enfants<br \/>\nAccompagnateur(s) suppl\u00e9mentaire(s) : 9\u20ac<br \/>\nMinimum 15 enfants<br \/>\nDur\u00e9e : libre<br \/>\nUniquement sur r\u00e9servation pr\u00e9alable<\/p>\n<p><strong>Visite guid\u00e9e :<\/strong> Forfait 50\u20ac par groupe de visite et 5\u20ac par enfant \u2013 1 accompagnateur gratuit pour 10 enfants<br \/>\nAccompagnateur(s) suppl\u00e9mentaire(s) : 9\u20ac<br \/>\n20 \u00e9l\u00e8ves environ (minimum 15 et maximum 30 enfants)<br \/>\nAu-del\u00e0, pr\u00e9voir des d\u00e9parts de visite d\u00e9cal\u00e9s<br \/>\nDur\u00e9e : 1h<br \/>\nUniquement sur r\u00e9servation pr\u00e9alable, livrets jeux sur demande.<\/p>\n<p><strong>Atelier de rempotage en option :<\/strong> 2,5\u20ac par enfant en suppl\u00e9ment \u00e0 la visite guid\u00e9e<br \/>\n20 \u00e9l\u00e8ves environ (minimum 15 et maximum 30 enfants)<br \/>\nAu-del\u00e0, pr\u00e9voir des d\u00e9parts de visite d\u00e9cal\u00e9s<br \/>\nDur\u00e9e : 30 minutes<br \/>\nUniquement sur r\u00e9servation pr\u00e9alable[\/vc_column_text][\/vc_column_inner][\/vc_row_inner][\/vc_column][\/vc_row][vc_row][vc_column][vc_column_text css=\u00a0\u00bb.vc_custom_1729613772213{margin-bottom: 0px !important;}\u00a0\u00bb el_class=\u00a0\u00bbor\u00a0\u00bb]<\/p>\n<h2>VISITE POUR LES 11-17 ANS<\/h2>\n<p>[\/vc_column_text][vc_raw_html css=\u00a0\u00bb.vc_custom_1515593443476{margin-bottom: 15px !important;}\u00a0\u00bb]JTNDZGl2JTIwY2xhc3MlM0QlMjJzZXAlMjIlM0UlM0MlMkZkaXYlM0U=[\/vc_raw_html][\/vc_column][\/vc_row][vc_row css=\u00a0\u00bb.vc_custom_1516278106005{margin-bottom: 30px !important;}\u00a0\u00bb][vc_column width=\u00a0\u00bb1\/4&Prime; css=\u00a0\u00bb.vc_custom_1515600657263{padding-right: 20px !important;}\u00a0\u00bb][vc_empty_space][vc_media_grid element_width=\u00a0\u00bb12&Prime; grid_id=\u00a0\u00bbvc_gid:1763981512017-ac7719da-fe79-8&Prime; include=\u00a0\u00bb3281,3293&Prime;][\/vc_column][vc_column width=\u00a0\u00bb3\/4&Prime;][vc_column_text css=\u00a0\u00bb.vc_custom_1593705818079{margin-bottom: 0px !important;}\u00a0\u00bb]Au cours de la visite guid\u00e9e des jardins d\u2019Eyrignac, les adolescents d\u00e9couvriront toute la richesse du jardin, son lien avec l\u2019histoire, la litt\u00e9rature, les arts. Ils seront \u00e9galement sensibilis\u00e9s \u00e0 l\u2019importance de l\u2019\u00e9quilibre de la biodiversit\u00e9.[\/vc_column_text][vc_empty_space][vc_row_inner css=\u00a0\u00bb.vc_custom_1593702967825{background-color: #f2f0ec !important;}\u00a0\u00bb][vc_column_inner][vc_column_text css=\u00a0\u00bb\u00a0\u00bb]<\/p>\n<h4>Tarifs 2026<\/h4>\n<p><strong>Visite guid\u00e9e :<\/strong> Forfait 50\u20ac par groupe de visite + 6\u20ac par adolescent \u2013 1 accompagnateur gratuit pour 10 adolescents<br \/>\nAccompagnateur(s) suppl\u00e9mentaire(s) : 9\u20ac<br \/>\n20 adolescents environ par groupe (minimum 15 et maximum 30 adolescents)<\/p>\n<p><strong>Visite libre :<\/strong> 6 \u20ac par adolescent \u2013 1 accompagnateur gratuit pour 10 adolescents<br \/>\nAccompagnateur(s) suppl\u00e9mentaire(s) : 9\u20ac<br \/>\nMinimum 15 adolescents<br \/>\nDur\u00e9e : 1h15<br \/>\nUniquement sur r\u00e9servation pr\u00e9alable[\/vc_column_text][\/vc_column_inner][\/vc_row_inner][\/vc_column][\/vc_row][vc_row][vc_column][vc_column_text css=\u00a0\u00bb.vc_custom_1593706335656{margin-bottom: 0px !important;}\u00a0\u00bb el_class=\u00a0\u00bbor\u00a0\u00bb]<\/p>\n<h2>PASSEZ UNE JOURN\u00c9E \u00c0 EYRIGNAC<\/h2>\n<p>[\/vc_column_text][vc_raw_html css=\u00a0\u00bb.vc_custom_1515593443476{margin-bottom: 15px !important;}\u00a0\u00bb]JTNDZGl2JTIwY2xhc3MlM0QlMjJzZXAlMjIlM0UlM0MlMkZkaXYlM0U=[\/vc_raw_html][vc_column_text]Int\u00e9grez Eyrignac et ses Jardins dans une sortie \u00e0 la journ\u00e9e. Avec notre partenaire pour les activit\u00e9s de plein air, vous pouvez composer une journ\u00e9e compl\u00e8te sur site. Pour programmer votre journ\u00e9e id\u00e9ale, contactez-nous.[\/vc_column_text][\/vc_column][\/vc_row][vc_row][vc_column][vc_tta_accordion style=\u00a0\u00bbflat\u00a0\u00bb shape=\u00a0\u00bbsquare\u00a0\u00bb gap=\u00a0\u00bb10&Prime; c_position=\u00a0\u00bbright\u00a0\u00bb active_section=\u00a0\u00bb0&Prime; no_fill=\u00a0\u00bbtrue\u00a0\u00bb collapsible_all=\u00a0\u00bbtrue\u00a0\u00bb el_class=\u00a0\u00bbtab-home\u00a0\u00bb][vc_tta_section title=\u00a0\u00bbABORDEZ LE LAND ART SUR NOS SENTIERS BOTANIQUES\u00a0\u00bb tab_id=\u00a0\u00bb1593702519397-1971f3fb-04ea\u00a0\u00bb][vc_column_text]Le domaine d&rsquo;Eyrignac comprend des sentiers botaniques. Leur parcours constitue un prolongement de visite : apr\u00e8s le patrimoine construit, le patrimoine naturel. Ces sentiers offrent diverses possibilit\u00e9s d&rsquo;activit\u00e9s dont la r\u00e9alisation d&rsquo;une oeuvre de Land Art, des jeux d&rsquo;observation et de collecte, etc.<br \/>\nEn ajoutant \u00e0 la visite des jardins une activit\u00e9 sur les sentiers botaniques, vous pouvez composer une journ\u00e9e sur le site d&rsquo;Eyrignac et ses Jardins.[\/vc_column_text][\/vc_tta_section][vc_tta_section title=\u00a0\u00bbACTIVIT\u00c9S SPORTIVES ET ANIMATIONS\u00a0\u00bb tab_id=\u00a0\u00bb1593702519462-cb081dc7-81b4&Prime;][vc_column_text]Arrivez le matin, faites une premi\u00e8re activit\u00e9 sportive ou culturelle, profitez de l\u2019air de pique-nique ombrag\u00e9e pour le d\u00e9jeuner et poursuivez votre journ\u00e9e par d\u2019autres activit\u00e9s.<br \/>\nExemples d\u2019activit\u00e9s sportives sur le domaine : course d\u2019orientation, tir \u00e0 l\u2019arc[\/vc_column_text][\/vc_tta_section][\/vc_tta_accordion][\/vc_column][\/vc_row][vc_row css=\u00a0\u00bb.vc_custom_1516205065841{margin-bottom: 30px !important;}\u00a0\u00bb][vc_column css=\u00a0\u00bb.vc_custom_1515600657263{padding-right: 20px !important;}\u00a0\u00bb][vc_column_text css=\u00a0\u00bb.vc_custom_1519079522324{margin-bottom: 0px !important;}\u00a0\u00bb]<\/p>\n<h2>Renseignements<\/h2>\n<p>[\/vc_column_text][vc_raw_html css=\u00a0\u00bb.vc_custom_1515593443476{margin-bottom: 15px !important;}\u00a0\u00bb]JTNDZGl2JTIwY2xhc3MlM0QlMjJzZXAlMjIlM0UlM0MlMkZkaXYlM0U=[\/vc_raw_html][vc_column_text css=\u00a0\u00bb.vc_custom_1593703325536{margin-bottom: 0px !important;}\u00a0\u00bb]Pour les groupes scolaires la r\u00e9servation est obligatoire :<br \/>\nRenseignements et r\u00e9servation au 05 53 28 99 71 ou <a href=\"mailto:contact@eyrignac.com\">contact@eyrignac.com<\/a>[\/vc_column_text][\/vc_column][\/vc_row][vc_row css=\u00a0\u00bb.vc_custom_1516205065841{margin-bottom: 30px !important;}\u00a0\u00bb][vc_column css=\u00a0\u00bb.vc_custom_1515600657263{padding-right: 20px !important;}\u00a0\u00bb][vc_column_text css=\u00a0\u00bb.vc_custom_1593703259666{margin-bottom: 0px !important;}\u00a0\u00bb]<\/p>\n<h2>Services<\/h2>\n<p>[\/vc_column_text][vc_raw_html css=\u00a0\u00bb.vc_custom_1515593443476{margin-bottom: 15px !important;}\u00a0\u00bb]JTNDZGl2JTIwY2xhc3MlM0QlMjJzZXAlMjIlM0UlM0MlMkZkaXYlM0U=[\/vc_raw_html][vc_column_text css=\u00a0\u00bb.vc_custom_1593703307904{margin-bottom: 0px !important;}\u00a0\u00bb]<\/p>\n<ul>\n<li>zone de pique-nique ombrag\u00e9e \u00e0 proximit\u00e9 du parking ;<\/li>\n<li>possible d\u00e9pose des sacs dans l\u2019Orangerie<\/li>\n<\/ul>\n<p>[\/vc_column_text][\/vc_column][\/vc_row]<\/p>\n<\/div>","protected":false},"excerpt":{"rendered":"[vc_row][vc_column][vc_column_text el_class=\u00a0\u00bbor\u00a0\u00bb] VISITER LES JARDINS D\u2019EYRIGNAC AVEC UN CENTRE DE LOISIRS [\/vc_column_text][vc_column_text css=\u00a0\u00bb.vc_custom_1593705639231{margin-bottom: 30px !important;}\u00a0\u00bb]Eyrignac, son jardin, son domaine, est un lieu id\u00e9al pour une sortie culturelle, ludique et sportive adapt\u00e9e aux enfants de tous \u00e2ges, aux plus jeunes comme aux adolescents. La visite des jardins d\u2019Eyrignac peut \u00eatre int\u00e9gr\u00e9e dans un programme \u00e0 la&#8230; <a class=\"view-article\" href=\"https:\/\/www.eyrignac.com\/fr\/preparer-ma-visite\/eyrignac-avec-centre-loisirs\">Voir l&rsquo;article<\/a>","protected":false},"author":3,"featured_media":0,"parent":9,"menu_order":0,"comment_status":"closed","ping_status":"closed","template":"","meta":{"_acf_changed":false,"footnotes":""},"class_list":["post-5273","page","type-page","status-publish","hentry"],"acf":[],"yoast_head":"<!-- This site is optimized with the Yoast SEO plugin v27.4 - https:\/\/yoast.com\/product\/yoast-seo-wordpress\/ -->\n<title>Visiter les jardins d&#039;Eyrignac avec l&#039;\u00e9cole<\/title>\n<meta name=\"description\" content=\"Patrimoine historique et patrimoine naturel, le domaine d\u2019Eyrignac offre aux enseignants de multiples pistes pour une sortie dans le cadre scolaire : atelier p\u00e9dagogique pour les plus jeunes, visite guid\u00e9e pour les coll\u00e8ges et les lyc\u00e9es ou visite technique pour les formations professionnalisantes.\" \/>\n<meta name=\"robots\" content=\"index, follow, max-snippet:-1, max-image-preview:large, max-video-preview:-1\" \/>\n<link rel=\"canonical\" href=\"https:\/\/www.eyrignac.com\/fr\/preparer-ma-visite\/eyrignac-avec-centre-loisirs\" \/>\n<meta property=\"og:locale\" content=\"fr_FR\" \/>\n<meta property=\"og:type\" content=\"article\" \/>\n<meta property=\"og:title\" content=\"Visiter les jardins d&#039;Eyrignac avec l&#039;\u00e9cole\" \/>\n<meta property=\"og:description\" content=\"Patrimoine historique et patrimoine naturel, le domaine d\u2019Eyrignac offre aux enseignants de multiples pistes pour une sortie dans le cadre scolaire : atelier p\u00e9dagogique pour les plus jeunes, visite guid\u00e9e pour les coll\u00e8ges et les lyc\u00e9es ou visite technique pour les formations professionnalisantes.\" \/>\n<meta property=\"og:url\" content=\"https:\/\/www.eyrignac.com\/fr\/preparer-ma-visite\/eyrignac-avec-centre-loisirs\" \/>\n<meta property=\"og:site_name\" content=\"Eyrignac et ses jardins\" \/>\n<meta property=\"article:publisher\" content=\"https:\/\/www.facebook.com\/JardinsEyrignac\/\" \/>\n<meta property=\"article:modified_time\" content=\"2025-11-24T10:53:50+00:00\" \/>\n<meta name=\"twitter:card\" content=\"summary_large_image\" \/>\n<meta name=\"twitter:site\" content=\"@eyrignac\" \/>\n<meta name=\"twitter:label1\" content=\"Dur\u00e9e de lecture estim\u00e9e\" \/>\n\t<meta name=\"twitter:data1\" content=\"4 minutes\" \/>\n<script type=\"application\/ld+json\" class=\"yoast-schema-graph\">{\"@context\":\"https:\\\/\\\/schema.org\",\"@graph\":[{\"@type\":\"WebPage\",\"@id\":\"https:\\\/\\\/www.eyrignac.com\\\/fr\\\/preparer-ma-visite\\\/eyrignac-avec-centre-loisirs\",\"url\":\"https:\\\/\\\/www.eyrignac.com\\\/fr\\\/preparer-ma-visite\\\/eyrignac-avec-centre-loisirs\",\"name\":\"Visiter les jardins d'Eyrignac avec l'\u00e9cole\",\"isPartOf\":{\"@id\":\"https:\\\/\\\/www.eyrignac.com\\\/fr\\\/#website\"},\"datePublished\":\"2020-07-02T16:07:29+00:00\",\"dateModified\":\"2025-11-24T10:53:50+00:00\",\"description\":\"Patrimoine historique et patrimoine naturel, le domaine d\u2019Eyrignac offre aux enseignants de multiples pistes pour une sortie dans le cadre scolaire : atelier p\u00e9dagogique pour les plus jeunes, visite guid\u00e9e pour les coll\u00e8ges et les lyc\u00e9es ou visite technique pour les formations professionnalisantes.\",\"breadcrumb\":{\"@id\":\"https:\\\/\\\/www.eyrignac.com\\\/fr\\\/preparer-ma-visite\\\/eyrignac-avec-centre-loisirs#breadcrumb\"},\"inLanguage\":\"fr-FR\",\"potentialAction\":[{\"@type\":\"ReadAction\",\"target\":[\"https:\\\/\\\/www.eyrignac.com\\\/fr\\\/preparer-ma-visite\\\/eyrignac-avec-centre-loisirs\"]}]},{\"@type\":\"BreadcrumbList\",\"@id\":\"https:\\\/\\\/www.eyrignac.com\\\/fr\\\/preparer-ma-visite\\\/eyrignac-avec-centre-loisirs#breadcrumb\",\"itemListElement\":[{\"@type\":\"ListItem\",\"position\":1,\"name\":\"Accueil\",\"item\":\"https:\\\/\\\/www.eyrignac.com\\\/fr\"},{\"@type\":\"ListItem\",\"position\":2,\"name\":\"Pr\u00e9parer ma visite\",\"item\":\"https:\\\/\\\/www.eyrignac.com\\\/fr\\\/preparer-ma-visite\"},{\"@type\":\"ListItem\",\"position\":3,\"name\":\"Pr\u00e9parer Ma visite\"}]},{\"@type\":\"WebSite\",\"@id\":\"https:\\\/\\\/www.eyrignac.com\\\/fr\\\/#website\",\"url\":\"https:\\\/\\\/www.eyrignac.com\\\/fr\\\/\",\"name\":\"Eyrignac et ses jardins\",\"description\":\"Lieu de verdure unique en Dordogne\",\"publisher\":{\"@id\":\"https:\\\/\\\/www.eyrignac.com\\\/fr\\\/#organization\"},\"potentialAction\":[{\"@type\":\"SearchAction\",\"target\":{\"@type\":\"EntryPoint\",\"urlTemplate\":\"https:\\\/\\\/www.eyrignac.com\\\/fr\\\/?s={search_term_string}\"},\"query-input\":{\"@type\":\"PropertyValueSpecification\",\"valueRequired\":true,\"valueName\":\"search_term_string\"}}],\"inLanguage\":\"fr-FR\"},{\"@type\":\"Organization\",\"@id\":\"https:\\\/\\\/www.eyrignac.com\\\/fr\\\/#organization\",\"name\":\"Eyrignac\",\"url\":\"https:\\\/\\\/www.eyrignac.com\\\/fr\\\/\",\"logo\":{\"@type\":\"ImageObject\",\"inLanguage\":\"fr-FR\",\"@id\":\"https:\\\/\\\/www.eyrignac.com\\\/fr\\\/#\\\/schema\\\/logo\\\/image\\\/\",\"url\":\"https:\\\/\\\/www.eyrignac.com\\\/wp-content\\\/uploads\\\/2017\\\/12\\\/logo-eyrignac.png\",\"contentUrl\":\"https:\\\/\\\/www.eyrignac.com\\\/wp-content\\\/uploads\\\/2017\\\/12\\\/logo-eyrignac.png\",\"width\":500,\"height\":189,\"caption\":\"Eyrignac\"},\"image\":{\"@id\":\"https:\\\/\\\/www.eyrignac.com\\\/fr\\\/#\\\/schema\\\/logo\\\/image\\\/\"},\"sameAs\":[\"https:\\\/\\\/www.facebook.com\\\/JardinsEyrignac\\\/\",\"https:\\\/\\\/x.com\\\/eyrignac\",\"https:\\\/\\\/www.instagram.com\\\/eyrignac\\\/\",\"https:\\\/\\\/www.pinterest.fr\\\/eyrignac\\\/\",\"https:\\\/\\\/www.youtube.com\\\/channel\\\/UCjWc47ArIew83eRXXjaBowg\"]}]}<\/script>\n<!-- \/ Yoast SEO plugin. -->","yoast_head_json":{"title":"Visiter les jardins d'Eyrignac avec l'\u00e9cole","description":"Patrimoine historique et patrimoine naturel, le domaine d\u2019Eyrignac offre aux enseignants de multiples pistes pour une sortie dans le cadre scolaire : atelier p\u00e9dagogique pour les plus jeunes, visite guid\u00e9e pour les coll\u00e8ges et les lyc\u00e9es ou visite technique pour les formations professionnalisantes.","robots":{"index":"index","follow":"follow","max-snippet":"max-snippet:-1","max-image-preview":"max-image-preview:large","max-video-preview":"max-video-preview:-1"},"canonical":"https:\/\/www.eyrignac.com\/fr\/preparer-ma-visite\/eyrignac-avec-centre-loisirs","og_locale":"fr_FR","og_type":"article","og_title":"Visiter les jardins d'Eyrignac avec l'\u00e9cole","og_description":"Patrimoine historique et patrimoine naturel, le domaine d\u2019Eyrignac offre aux enseignants de multiples pistes pour une sortie dans le cadre scolaire : atelier p\u00e9dagogique pour les plus jeunes, visite guid\u00e9e pour les coll\u00e8ges et les lyc\u00e9es ou visite technique pour les formations professionnalisantes.","og_url":"https:\/\/www.eyrignac.com\/fr\/preparer-ma-visite\/eyrignac-avec-centre-loisirs","og_site_name":"Eyrignac et ses jardins","article_publisher":"https:\/\/www.facebook.com\/JardinsEyrignac\/","article_modified_time":"2025-11-24T10:53:50+00:00","twitter_card":"summary_large_image","twitter_site":"@eyrignac","twitter_misc":{"Dur\u00e9e de lecture estim\u00e9e":"4 minutes"},"schema":{"@context":"https:\/\/schema.org","@graph":[{"@type":"WebPage","@id":"https:\/\/www.eyrignac.com\/fr\/preparer-ma-visite\/eyrignac-avec-centre-loisirs","url":"https:\/\/www.eyrignac.com\/fr\/preparer-ma-visite\/eyrignac-avec-centre-loisirs","name":"Visiter les jardins d'Eyrignac avec l'\u00e9cole","isPartOf":{"@id":"https:\/\/www.eyrignac.com\/fr\/#website"},"datePublished":"2020-07-02T16:07:29+00:00","dateModified":"2025-11-24T10:53:50+00:00","description":"Patrimoine historique et patrimoine naturel, le domaine d\u2019Eyrignac offre aux enseignants de multiples pistes pour une sortie dans le cadre scolaire : atelier p\u00e9dagogique pour les plus jeunes, visite guid\u00e9e pour les coll\u00e8ges et les lyc\u00e9es ou visite technique pour les formations professionnalisantes.","breadcrumb":{"@id":"https:\/\/www.eyrignac.com\/fr\/preparer-ma-visite\/eyrignac-avec-centre-loisirs#breadcrumb"},"inLanguage":"fr-FR","potentialAction":[{"@type":"ReadAction","target":["https:\/\/www.eyrignac.com\/fr\/preparer-ma-visite\/eyrignac-avec-centre-loisirs"]}]},{"@type":"BreadcrumbList","@id":"https:\/\/www.eyrignac.com\/fr\/preparer-ma-visite\/eyrignac-avec-centre-loisirs#breadcrumb","itemListElement":[{"@type":"ListItem","position":1,"name":"Accueil","item":"https:\/\/www.eyrignac.com\/fr"},{"@type":"ListItem","position":2,"name":"Pr\u00e9parer ma visite","item":"https:\/\/www.eyrignac.com\/fr\/preparer-ma-visite"},{"@type":"ListItem","position":3,"name":"Pr\u00e9parer Ma visite"}]},{"@type":"WebSite","@id":"https:\/\/www.eyrignac.com\/fr\/#website","url":"https:\/\/www.eyrignac.com\/fr\/","name":"Eyrignac et ses jardins","description":"Lieu de verdure unique en Dordogne","publisher":{"@id":"https:\/\/www.eyrignac.com\/fr\/#organization"},"potentialAction":[{"@type":"SearchAction","target":{"@type":"EntryPoint","urlTemplate":"https:\/\/www.eyrignac.com\/fr\/?s={search_term_string}"},"query-input":{"@type":"PropertyValueSpecification","valueRequired":true,"valueName":"search_term_string"}}],"inLanguage":"fr-FR"},{"@type":"Organization","@id":"https:\/\/www.eyrignac.com\/fr\/#organization","name":"Eyrignac","url":"https:\/\/www.eyrignac.com\/fr\/","logo":{"@type":"ImageObject","inLanguage":"fr-FR","@id":"https:\/\/www.eyrignac.com\/fr\/#\/schema\/logo\/image\/","url":"https:\/\/www.eyrignac.com\/wp-content\/uploads\/2017\/12\/logo-eyrignac.png","contentUrl":"https:\/\/www.eyrignac.com\/wp-content\/uploads\/2017\/12\/logo-eyrignac.png","width":500,"height":189,"caption":"Eyrignac"},"image":{"@id":"https:\/\/www.eyrignac.com\/fr\/#\/schema\/logo\/image\/"},"sameAs":["https:\/\/www.facebook.com\/JardinsEyrignac\/","https:\/\/x.com\/eyrignac","https:\/\/www.instagram.com\/eyrignac\/","https:\/\/www.pinterest.fr\/eyrignac\/","https:\/\/www.youtube.com\/channel\/UCjWc47ArIew83eRXXjaBowg"]}]}},"_links":{"self":[{"href":"https:\/\/www.eyrignac.com\/fr\/wp-json\/wp\/v2\/pages\/5273","targetHints":{"allow":["GET"]}}],"collection":[{"href":"https:\/\/www.eyrignac.com\/fr\/wp-json\/wp\/v2\/pages"}],"about":[{"href":"https:\/\/www.eyrignac.com\/fr\/wp-json\/wp\/v2\/types\/page"}],"author":[{"embeddable":true,"href":"https:\/\/www.eyrignac.com\/fr\/wp-json\/wp\/v2\/users\/3"}],"replies":[{"embeddable":true,"href":"https:\/\/www.eyrignac.com\/fr\/wp-json\/wp\/v2\/comments?post=5273"}],"version-history":[{"count":0,"href":"https:\/\/www.eyrignac.com\/fr\/wp-json\/wp\/v2\/pages\/5273\/revisions"}],"up":[{"embeddable":true,"href":"https:\/\/www.eyrignac.com\/fr\/wp-json\/wp\/v2\/pages\/9"}],"wp:attachment":[{"href":"https:\/\/www.eyrignac.com\/fr\/wp-json\/wp\/v2\/media?parent=5273"}],"curies":[{"name":"wp","href":"https:\/\/api.w.org\/{rel}","templated":true}]}}