{"id":4707,"date":"2020-02-13T12:35:44","date_gmt":"2020-02-13T11:35:44","guid":{"rendered":"https:\/\/www.eyrignac.com\/?page_id=4707"},"modified":"2024-12-16T18:01:30","modified_gmt":"2024-12-16T17:01:30","slug":"shootings-tournages-eyrignac-jardins","status":"publish","type":"page","link":"https:\/\/www.eyrignac.com\/fr\/shootings-tournages-eyrignac-jardins","title":{"rendered":"Shootings et tournages"},"content":{"rendered":"<div class=\"wpb-content-wrapper\"><p>[vc_row][vc_column][vc_column_text el_class=\u00a0\u00bbor\u00a0\u00bb]<\/p>\n<h1>Shootings et tournages \u00e0 Eyrignac &amp; ses Jardins<\/h1>\n<p>[\/vc_column_text][\/vc_column][\/vc_row][vc_row][vc_column][vc_column_text]<strong>Vous recherchez un cadre naturel d\u2019exception pour vos shootings et vos tournages, les jardins d\u2019Eyrignac sont le lieu id\u00e9al pour des images hors du commun.<\/strong>[\/vc_column_text][\/vc_column][\/vc_row][vc_row][vc_column][vc_column_text]Les jardins d\u2019Eyrignac, selon les jours, les mois, les saisons, offrent des jeux d\u2019ombre et de lumi\u00e8re, des ambiances \u00e9pur\u00e9es dans le jardin fran\u00e7ais, chaleureuses et color\u00e9es dans les am\u00e9nagements bucoliques.<br \/>\nQue vous recherchiez une atmosph\u00e8re sophistiqu\u00e9e, m\u00e9lancolique, lumineuse, historique ou contemporaine, vous pourrez r\u00e9aliser \u00e0 Eyrignac des images publicitaires et cin\u00e9matographiques d\u2019une haute qualit\u00e9 esth\u00e9tique.[\/vc_column_text][\/vc_column][\/vc_row][vc_row css=\u00a0\u00bb.vc_custom_1581528051094{background-color: #ddd7c3 !important;}\u00a0\u00bb][vc_column][vc_column_text]<\/p>\n<p style=\"text-align: center;\"><span style=\"font-weight: 400;\">Pour tout renseignement et demande de contact :<\/span><\/p>\n<p style=\"text-align: center;\"><a href=\"mailto:cecileengelen@eyrignac.com\"><span style=\"font-weight: 400;\">cecileengelen@eyrignac.com<\/span><\/a><\/p>\n<p>[\/vc_column_text][\/vc_column][\/vc_row][vc_row][vc_column][vc_column_text]<\/p>\n<h3>Eyrignac a servi de d\u00e9cor pour les shootings et les tournages de<\/h3>\n<p>[\/vc_column_text][\/vc_column][\/vc_row][vc_row][vc_column width=\u00a0\u00bb1\/3&Prime;][vc_column_text]<img decoding=\"async\" width=\"221\" height=\"76\" class=\"size-full wp-image-5074 alignleft\" src=\"https:\/\/www.eyrignac.com\/wp-content\/uploads\/2020\/05\/eyrignac_goldin_group.png\" alt=\"Logo Goldin Group\" \/>[\/vc_column_text][\/vc_column][vc_column width=\u00a0\u00bb1\/3&Prime;][vc_column_text]<img decoding=\"async\" width=\"528\" height=\"76\" class=\"size-full wp-image-5076 alignleft\" src=\"https:\/\/www.eyrignac.com\/wp-content\/uploads\/2020\/05\/eyrignac_espeprods.png\" alt=\"Logo Espeprods\" \/>[\/vc_column_text][\/vc_column][vc_column width=\u00a0\u00bb1\/3&Prime;][vc_column_text]<img decoding=\"async\" width=\"78\" height=\"76\" class=\"size-full wp-image-5080 alignright\" src=\"https:\/\/www.eyrignac.com\/wp-content\/uploads\/2020\/05\/eyrignac_octopix.png\" alt=\"Logo Octopix\" \/>[\/vc_column_text][\/vc_column][\/vc_row][vc_row][vc_column][vc_empty_space][\/vc_column][\/vc_row][vc_row][vc_column width=\u00a0\u00bb1\/3&Prime;][vc_column_text]<img decoding=\"async\" width=\"465\" height=\"76\" class=\"size-full wp-image-5078 aligncenter\" src=\"https:\/\/www.eyrignac.com\/wp-content\/uploads\/2020\/05\/eyrignac_lvmh.png\" alt=\"Logo LVMH\" \/>[\/vc_column_text][\/vc_column][vc_column width=\u00a0\u00bb1\/3&Prime;][vc_column_text]<img decoding=\"async\" width=\"383\" height=\"76\" class=\"aligncenter size-full wp-image-5182\" src=\"https:\/\/www.eyrignac.com\/wp-content\/uploads\/2020\/06\/eyrignac_rimowa.jpg\" alt=\"Shooting Riwoma \u00e0 Eyrignac\" srcset=\"https:\/\/www.eyrignac.com\/wp-content\/uploads\/2020\/06\/eyrignac_rimowa.jpg 383w, https:\/\/www.eyrignac.com\/wp-content\/uploads\/2020\/06\/eyrignac_rimowa-380x76.jpg 380w\" sizes=\"(max-width: 383px) 100vw, 383px\" \/>[\/vc_column_text][\/vc_column][vc_column width=\u00a0\u00bb1\/3&Prime;][vc_column_text]<img decoding=\"async\" width=\"393\" height=\"76\" class=\"size-full wp-image-5082 aligncenter\" src=\"https:\/\/www.eyrignac.com\/wp-content\/uploads\/2020\/05\/eyrignac_the_agent.png\" alt=\"Logo The Agent\" \/>[\/vc_column_text][\/vc_column][\/vc_row][vc_row][vc_column][vc_empty_space][\/vc_column][\/vc_row][vc_row][vc_column width=\u00a0\u00bb1\/2&Prime;][vc_column_text css=\u00a0\u00bb\u00a0\u00bb]<img decoding=\"async\" class=\"aligncenter wp-image-10770 size-full\" src=\"https:\/\/www.eyrignac.com\/wp-content\/uploads\/2024\/12\/ykone-logo.jpg\" alt=\"\" width=\"236\" height=\"76\" \/>[\/vc_column_text][\/vc_column][vc_column width=\u00a0\u00bb1\/2&Prime;][vc_column_text css=\u00a0\u00bb\u00a0\u00bb]<img decoding=\"async\" class=\"aligncenter wp-image-10772 size-full\" src=\"https:\/\/www.eyrignac.com\/wp-content\/uploads\/2024\/12\/studio-HV.jpg\" alt=\"\" width=\"349\" height=\"76\" \/>[\/vc_column_text][\/vc_column][\/vc_row][vc_row][vc_column][vc_column_text]<\/p>\n<h3>Prises de vue \u00e0 Eyrignac &amp; ses Jardins<\/h3>\n<p>[\/vc_column_text][\/vc_column][\/vc_row][vc_row][vc_column][vc_masonry_media_grid grid_id=\u00a0\u00bbvc_gid:1734367533846-b254673c-7adf-1&Prime; include=\u00a0\u00bb2590,2588,4729,4727,2586,2584,3455,2580,2574,440,2576,2564,1500,2578&Prime;][\/vc_column][\/vc_row][vc_row][vc_column][vc_empty_space][\/vc_column][\/vc_row][vc_row][vc_column][vc_video link=\u00a0\u00bbhttps:\/\/youtu.be\/0kzd0gT_VNg?feature=shared\u00a0\u00bb align=\u00a0\u00bbcenter\u00a0\u00bb css=\u00a0\u00bb\u00a0\u00bb][\/vc_column][\/vc_row]<\/p>\n<\/div>","protected":false},"excerpt":{"rendered":"[vc_row][vc_column][vc_column_text el_class=\u00a0\u00bbor\u00a0\u00bb] Shootings et tournages \u00e0 Eyrignac &amp; ses Jardins [\/vc_column_text][\/vc_column][\/vc_row][vc_row][vc_column][vc_column_text]Vous recherchez un cadre naturel d\u2019exception pour vos shootings et vos tournages, les jardins d\u2019Eyrignac sont le lieu id\u00e9al pour des images hors du commun.[\/vc_column_text][\/vc_column][\/vc_row][vc_row][vc_column][vc_column_text]Les jardins d\u2019Eyrignac, selon les jours, les mois, les saisons, offrent des jeux d\u2019ombre et de lumi\u00e8re, des ambiances \u00e9pur\u00e9es dans&#8230; <a class=\"view-article\" href=\"https:\/\/www.eyrignac.com\/fr\/shootings-tournages-eyrignac-jardins\">Voir l&rsquo;article<\/a>","protected":false},"author":3,"featured_media":0,"parent":0,"menu_order":0,"comment_status":"closed","ping_status":"closed","template":"","meta":{"_acf_changed":false,"footnotes":""},"class_list":["post-4707","page","type-page","status-publish","hentry"],"acf":[],"yoast_head":"<!-- This site is optimized with the Yoast SEO plugin v27.5 - https:\/\/yoast.com\/product\/yoast-seo-wordpress\/ -->\n<title>Shootings et tournages \u00e0 Eyrignac et ses jardins (Dordogne-P\u00e9rigord)<\/title>\n<meta name=\"description\" content=\"Vous recherchez un cadre naturel d\u2019exception pour vos shootings et vos tournages, les jardins d\u2019Eyrignac sont le lieu id\u00e9al pour des images hors du commun.\" \/>\n<meta name=\"robots\" content=\"index, follow, max-snippet:-1, max-image-preview:large, max-video-preview:-1\" \/>\n<link rel=\"canonical\" href=\"https:\/\/www.eyrignac.com\/fr\/shootings-tournages-eyrignac-jardins\" \/>\n<meta property=\"og:locale\" content=\"fr_FR\" \/>\n<meta property=\"og:type\" content=\"article\" \/>\n<meta property=\"og:title\" content=\"Shootings et tournages \u00e0 Eyrignac et ses jardins (Dordogne-P\u00e9rigord)\" \/>\n<meta property=\"og:description\" content=\"Vous recherchez un cadre naturel d\u2019exception pour vos shootings et vos tournages, les jardins d\u2019Eyrignac sont le lieu id\u00e9al pour des images hors du commun.\" \/>\n<meta property=\"og:url\" content=\"https:\/\/www.eyrignac.com\/fr\/shootings-tournages-eyrignac-jardins\" \/>\n<meta property=\"og:site_name\" content=\"Eyrignac et ses jardins\" \/>\n<meta property=\"article:publisher\" content=\"https:\/\/www.facebook.com\/JardinsEyrignac\/\" \/>\n<meta property=\"article:modified_time\" content=\"2024-12-16T17:01:30+00:00\" \/>\n<meta property=\"og:image\" content=\"https:\/\/www.eyrignac.com\/wp-content\/uploads\/2018\/12\/eyrignac_rimowa_shooting_tournage_alessandra_ambrosio_horst_diekgerdes_johanes_huebl-8.jpg\" \/>\n\t<meta property=\"og:image:width\" content=\"1000\" \/>\n\t<meta property=\"og:image:height\" content=\"732\" \/>\n\t<meta property=\"og:image:type\" content=\"image\/jpeg\" \/>\n<meta name=\"twitter:card\" content=\"summary_large_image\" \/>\n<meta name=\"twitter:site\" content=\"@eyrignac\" \/>\n<meta name=\"twitter:label1\" content=\"Dur\u00e9e de lecture estim\u00e9e\" \/>\n\t<meta name=\"twitter:data1\" content=\"2 minutes\" \/>\n<script type=\"application\/ld+json\" class=\"yoast-schema-graph\">{\"@context\":\"https:\\\/\\\/schema.org\",\"@graph\":[{\"@type\":\"WebPage\",\"@id\":\"https:\\\/\\\/www.eyrignac.com\\\/fr\\\/shootings-tournages-eyrignac-jardins\",\"url\":\"https:\\\/\\\/www.eyrignac.com\\\/fr\\\/shootings-tournages-eyrignac-jardins\",\"name\":\"Shootings et tournages \u00e0 Eyrignac et ses jardins (Dordogne-P\u00e9rigord)\",\"isPartOf\":{\"@id\":\"https:\\\/\\\/www.eyrignac.com\\\/fr\\\/#website\"},\"primaryImageOfPage\":{\"@id\":\"https:\\\/\\\/www.eyrignac.com\\\/fr\\\/shootings-tournages-eyrignac-jardins#primaryimage\"},\"image\":{\"@id\":\"https:\\\/\\\/www.eyrignac.com\\\/fr\\\/shootings-tournages-eyrignac-jardins#primaryimage\"},\"thumbnailUrl\":\"https:\\\/\\\/www.eyrignac.com\\\/wp-content\\\/uploads\\\/2020\\\/05\\\/eyrignac_goldin_group.png\",\"datePublished\":\"2020-02-13T11:35:44+00:00\",\"dateModified\":\"2024-12-16T17:01:30+00:00\",\"description\":\"Vous recherchez un cadre naturel d\u2019exception pour vos shootings et vos tournages, les jardins d\u2019Eyrignac sont le lieu id\u00e9al pour des images hors du commun.\",\"breadcrumb\":{\"@id\":\"https:\\\/\\\/www.eyrignac.com\\\/fr\\\/shootings-tournages-eyrignac-jardins#breadcrumb\"},\"inLanguage\":\"fr-FR\",\"potentialAction\":[{\"@type\":\"ReadAction\",\"target\":[\"https:\\\/\\\/www.eyrignac.com\\\/fr\\\/shootings-tournages-eyrignac-jardins\"]}]},{\"@type\":\"ImageObject\",\"inLanguage\":\"fr-FR\",\"@id\":\"https:\\\/\\\/www.eyrignac.com\\\/fr\\\/shootings-tournages-eyrignac-jardins#primaryimage\",\"url\":\"https:\\\/\\\/www.eyrignac.com\\\/wp-content\\\/uploads\\\/2020\\\/05\\\/eyrignac_goldin_group.png\",\"contentUrl\":\"https:\\\/\\\/www.eyrignac.com\\\/wp-content\\\/uploads\\\/2020\\\/05\\\/eyrignac_goldin_group.png\"},{\"@type\":\"BreadcrumbList\",\"@id\":\"https:\\\/\\\/www.eyrignac.com\\\/fr\\\/shootings-tournages-eyrignac-jardins#breadcrumb\",\"itemListElement\":[{\"@type\":\"ListItem\",\"position\":1,\"name\":\"Accueil\",\"item\":\"https:\\\/\\\/www.eyrignac.com\\\/fr\"},{\"@type\":\"ListItem\",\"position\":2,\"name\":\"Shootings et tournages\"}]},{\"@type\":\"WebSite\",\"@id\":\"https:\\\/\\\/www.eyrignac.com\\\/fr\\\/#website\",\"url\":\"https:\\\/\\\/www.eyrignac.com\\\/fr\\\/\",\"name\":\"Eyrignac et ses jardins\",\"description\":\"Lieu de verdure unique en Dordogne\",\"publisher\":{\"@id\":\"https:\\\/\\\/www.eyrignac.com\\\/fr\\\/#organization\"},\"potentialAction\":[{\"@type\":\"SearchAction\",\"target\":{\"@type\":\"EntryPoint\",\"urlTemplate\":\"https:\\\/\\\/www.eyrignac.com\\\/fr\\\/?s={search_term_string}\"},\"query-input\":{\"@type\":\"PropertyValueSpecification\",\"valueRequired\":true,\"valueName\":\"search_term_string\"}}],\"inLanguage\":\"fr-FR\"},{\"@type\":\"Organization\",\"@id\":\"https:\\\/\\\/www.eyrignac.com\\\/fr\\\/#organization\",\"name\":\"Eyrignac\",\"url\":\"https:\\\/\\\/www.eyrignac.com\\\/fr\\\/\",\"logo\":{\"@type\":\"ImageObject\",\"inLanguage\":\"fr-FR\",\"@id\":\"https:\\\/\\\/www.eyrignac.com\\\/fr\\\/#\\\/schema\\\/logo\\\/image\\\/\",\"url\":\"https:\\\/\\\/www.eyrignac.com\\\/wp-content\\\/uploads\\\/2017\\\/12\\\/logo-eyrignac.png\",\"contentUrl\":\"https:\\\/\\\/www.eyrignac.com\\\/wp-content\\\/uploads\\\/2017\\\/12\\\/logo-eyrignac.png\",\"width\":500,\"height\":189,\"caption\":\"Eyrignac\"},\"image\":{\"@id\":\"https:\\\/\\\/www.eyrignac.com\\\/fr\\\/#\\\/schema\\\/logo\\\/image\\\/\"},\"sameAs\":[\"https:\\\/\\\/www.facebook.com\\\/JardinsEyrignac\\\/\",\"https:\\\/\\\/x.com\\\/eyrignac\",\"https:\\\/\\\/www.instagram.com\\\/eyrignac\\\/\",\"https:\\\/\\\/www.pinterest.fr\\\/eyrignac\\\/\",\"https:\\\/\\\/www.youtube.com\\\/channel\\\/UCjWc47ArIew83eRXXjaBowg\"]}]}<\/script>\n<!-- \/ Yoast SEO plugin. -->","yoast_head_json":{"title":"Shootings et tournages \u00e0 Eyrignac et ses jardins (Dordogne-P\u00e9rigord)","description":"Vous recherchez un cadre naturel d\u2019exception pour vos shootings et vos tournages, les jardins d\u2019Eyrignac sont le lieu id\u00e9al pour des images hors du commun.","robots":{"index":"index","follow":"follow","max-snippet":"max-snippet:-1","max-image-preview":"max-image-preview:large","max-video-preview":"max-video-preview:-1"},"canonical":"https:\/\/www.eyrignac.com\/fr\/shootings-tournages-eyrignac-jardins","og_locale":"fr_FR","og_type":"article","og_title":"Shootings et tournages \u00e0 Eyrignac et ses jardins (Dordogne-P\u00e9rigord)","og_description":"Vous recherchez un cadre naturel d\u2019exception pour vos shootings et vos tournages, les jardins d\u2019Eyrignac sont le lieu id\u00e9al pour des images hors du commun.","og_url":"https:\/\/www.eyrignac.com\/fr\/shootings-tournages-eyrignac-jardins","og_site_name":"Eyrignac et ses jardins","article_publisher":"https:\/\/www.facebook.com\/JardinsEyrignac\/","article_modified_time":"2024-12-16T17:01:30+00:00","og_image":[{"width":1000,"height":732,"url":"https:\/\/www.eyrignac.com\/wp-content\/uploads\/2018\/12\/eyrignac_rimowa_shooting_tournage_alessandra_ambrosio_horst_diekgerdes_johanes_huebl-8.jpg","type":"image\/jpeg"}],"twitter_card":"summary_large_image","twitter_site":"@eyrignac","twitter_misc":{"Dur\u00e9e de lecture estim\u00e9e":"2 minutes"},"schema":{"@context":"https:\/\/schema.org","@graph":[{"@type":"WebPage","@id":"https:\/\/www.eyrignac.com\/fr\/shootings-tournages-eyrignac-jardins","url":"https:\/\/www.eyrignac.com\/fr\/shootings-tournages-eyrignac-jardins","name":"Shootings et tournages \u00e0 Eyrignac et ses jardins (Dordogne-P\u00e9rigord)","isPartOf":{"@id":"https:\/\/www.eyrignac.com\/fr\/#website"},"primaryImageOfPage":{"@id":"https:\/\/www.eyrignac.com\/fr\/shootings-tournages-eyrignac-jardins#primaryimage"},"image":{"@id":"https:\/\/www.eyrignac.com\/fr\/shootings-tournages-eyrignac-jardins#primaryimage"},"thumbnailUrl":"https:\/\/www.eyrignac.com\/wp-content\/uploads\/2020\/05\/eyrignac_goldin_group.png","datePublished":"2020-02-13T11:35:44+00:00","dateModified":"2024-12-16T17:01:30+00:00","description":"Vous recherchez un cadre naturel d\u2019exception pour vos shootings et vos tournages, les jardins d\u2019Eyrignac sont le lieu id\u00e9al pour des images hors du commun.","breadcrumb":{"@id":"https:\/\/www.eyrignac.com\/fr\/shootings-tournages-eyrignac-jardins#breadcrumb"},"inLanguage":"fr-FR","potentialAction":[{"@type":"ReadAction","target":["https:\/\/www.eyrignac.com\/fr\/shootings-tournages-eyrignac-jardins"]}]},{"@type":"ImageObject","inLanguage":"fr-FR","@id":"https:\/\/www.eyrignac.com\/fr\/shootings-tournages-eyrignac-jardins#primaryimage","url":"https:\/\/www.eyrignac.com\/wp-content\/uploads\/2020\/05\/eyrignac_goldin_group.png","contentUrl":"https:\/\/www.eyrignac.com\/wp-content\/uploads\/2020\/05\/eyrignac_goldin_group.png"},{"@type":"BreadcrumbList","@id":"https:\/\/www.eyrignac.com\/fr\/shootings-tournages-eyrignac-jardins#breadcrumb","itemListElement":[{"@type":"ListItem","position":1,"name":"Accueil","item":"https:\/\/www.eyrignac.com\/fr"},{"@type":"ListItem","position":2,"name":"Shootings et tournages"}]},{"@type":"WebSite","@id":"https:\/\/www.eyrignac.com\/fr\/#website","url":"https:\/\/www.eyrignac.com\/fr\/","name":"Eyrignac et ses jardins","description":"Lieu de verdure unique en Dordogne","publisher":{"@id":"https:\/\/www.eyrignac.com\/fr\/#organization"},"potentialAction":[{"@type":"SearchAction","target":{"@type":"EntryPoint","urlTemplate":"https:\/\/www.eyrignac.com\/fr\/?s={search_term_string}"},"query-input":{"@type":"PropertyValueSpecification","valueRequired":true,"valueName":"search_term_string"}}],"inLanguage":"fr-FR"},{"@type":"Organization","@id":"https:\/\/www.eyrignac.com\/fr\/#organization","name":"Eyrignac","url":"https:\/\/www.eyrignac.com\/fr\/","logo":{"@type":"ImageObject","inLanguage":"fr-FR","@id":"https:\/\/www.eyrignac.com\/fr\/#\/schema\/logo\/image\/","url":"https:\/\/www.eyrignac.com\/wp-content\/uploads\/2017\/12\/logo-eyrignac.png","contentUrl":"https:\/\/www.eyrignac.com\/wp-content\/uploads\/2017\/12\/logo-eyrignac.png","width":500,"height":189,"caption":"Eyrignac"},"image":{"@id":"https:\/\/www.eyrignac.com\/fr\/#\/schema\/logo\/image\/"},"sameAs":["https:\/\/www.facebook.com\/JardinsEyrignac\/","https:\/\/x.com\/eyrignac","https:\/\/www.instagram.com\/eyrignac\/","https:\/\/www.pinterest.fr\/eyrignac\/","https:\/\/www.youtube.com\/channel\/UCjWc47ArIew83eRXXjaBowg"]}]}},"_links":{"self":[{"href":"https:\/\/www.eyrignac.com\/fr\/wp-json\/wp\/v2\/pages\/4707","targetHints":{"allow":["GET"]}}],"collection":[{"href":"https:\/\/www.eyrignac.com\/fr\/wp-json\/wp\/v2\/pages"}],"about":[{"href":"https:\/\/www.eyrignac.com\/fr\/wp-json\/wp\/v2\/types\/page"}],"author":[{"embeddable":true,"href":"https:\/\/www.eyrignac.com\/fr\/wp-json\/wp\/v2\/users\/3"}],"replies":[{"embeddable":true,"href":"https:\/\/www.eyrignac.com\/fr\/wp-json\/wp\/v2\/comments?post=4707"}],"version-history":[{"count":0,"href":"https:\/\/www.eyrignac.com\/fr\/wp-json\/wp\/v2\/pages\/4707\/revisions"}],"wp:attachment":[{"href":"https:\/\/www.eyrignac.com\/fr\/wp-json\/wp\/v2\/media?parent=4707"}],"curies":[{"name":"wp","href":"https:\/\/api.w.org\/{rel}","templated":true}]}}