{"id":4464,"date":"2019-12-06T11:53:58","date_gmt":"2019-12-06T10:53:58","guid":{"rendered":"https:\/\/www.eyrignac.com\/?page_id=4464"},"modified":"2025-03-21T14:33:06","modified_gmt":"2025-03-21T13:33:06","slug":"circuit-groupes-eyrignac-voitures-collection","status":"publish","type":"page","link":"https:\/\/www.eyrignac.com\/fr\/preparer-ma-visite\/en-groupe\/circuit-groupes-eyrignac-voitures-collection","title":{"rendered":"Vos voitures de collection \u00e0 Eyrignac &#038; ses Jardins"},"content":{"rendered":"<div class=\"wpb-content-wrapper\"><p>[vc_row][vc_column][vc_column_text el_class=\u00a0\u00bbor\u00a0\u00bb]<\/p>\n<h1>Eyrignac &amp; ses Jardins, un \u00e9crin de choix pour vos v\u00e9hicules d\u2019exception<\/h1>\n<p>[\/vc_column_text][vc_column_text]<strong>Amoureux des belles m\u00e9caniques et de l\u2019asphalte, profitez de votre road trip en Dordogne pour faire une halte au domaine du Manoir d\u2019Eyrignac.<\/strong>[\/vc_column_text][\/vc_column][\/vc_row][vc_row][vc_column][vc_column_text]<\/p>\n<h3>Quand le haut de gamme de la m\u00e9canique s\u2019expose dans un joyau v\u00e9g\u00e9tal<\/h3>\n<p>La Nouvelle-Aquitaine et sans doute plus particuli\u00e8rement la Dordogne sont appr\u00e9ci\u00e9es par les conducteurs pour leurs routes sillonnant des paysages naturels et grandioses.<br \/>\nPour une \u00e9tape lors d\u2019un rallye touristique, une sortie de club, ou un rassemblement de marque, le domaine d\u2019Eyrignac et ses Jardins remplit toutes les attentes :<\/p>\n<ul>\n<li>Un cadre exceptionnel qui mettra en valeur vos voitures ;<\/li>\n<li>Un lieu qui unit culture et gastronomie gr\u00e2ce \u00e0 ses jardins remarquables et la carte gourmande de son restaurant (voir ci-apr\u00e8s)<\/li>\n<li>La capacit\u00e9 de son parc de stationnement s\u00e9curis\u00e9 d\u2019environ 100 voitures ;<\/li>\n<li>Une salle de s\u00e9minaire, l\u2019Orangerie du domaine, qui peut accueillir jusqu\u2019\u00e0 220 personnes en cocktail.<\/li>\n<\/ul>\n<p>[\/vc_column_text][\/vc_column][\/vc_row][vc_row][vc_column][vc_empty_space][vc_masonry_media_grid element_width=\u00a0\u00bb3&Prime; grid_id=\u00a0\u00bbvc_gid:1742551146721-4510106e-9e2c-1&Prime; include=\u00a0\u00bb4466,4468,4470,4472&Prime;][\/vc_column][\/vc_row][vc_row][vc_column][vc_column_text]<\/p>\n<h3>Nos offres classiques et VIP<\/h3>\n<p>[\/vc_column_text][vc_column_text]Eyrignac et ses Jardins offrent de nombreuses possibilit\u00e9s de visites :<br \/>\nLa visite libre en groupe qui permet \u00e0 chacun de d\u00e9couvrir les lieux \u00e0 son rythme ;<br \/>\nLa visite guid\u00e9e en groupe qui pr\u00e9sente l\u2019histoire du domaine qui appartient \u00e0 la m\u00eame famille depuis 22 g\u00e9n\u00e9rations, les savoir-faire relatifs \u00e0 l\u2019entretien du jardin, les particularit\u00e9s botaniques d\u2019Eyrignac ;<br \/>\nUn accueil VIP sur mesure \u00e0 \u00e9voquer avec notre \u00e9quipe qui sera ravie de mettre en place une offre pleinement adapt\u00e9e \u00e0 vos envies.<br \/>\nVenir en P\u00e9rigord sans appr\u00e9cier sa gastronomie serait plus que dommage ! Notre chef propose donc une carte avec des produits s\u00e9lectionn\u00e9s et typiques de notre patrimoine culinaire.[\/vc_column_text][\/vc_column][\/vc_row][vc_row][vc_column css=\u00a0\u00bb.vc_custom_1573831361599{background-color: #ddddd2 !important;}\u00a0\u00bb][vc_column_text]<\/p>\n<h3 style=\"text-align: center;\">Informations et r\u00e9servation<\/h3>\n<p style=\"text-align: center;\">Via Eyrignac et ses Jardins : 05 53 28 99 71 &#8211; <a href=\"mailto:contact@eyrignac.com\">contact@eyrignac.com<\/a><\/p>\n<p>[\/vc_column_text][\/vc_column][\/vc_row][vc_row][vc_column][vc_btn title=\u00a0\u00bbTOUTES NOS SUGGESTIONS DE CIRCUITS POUR LES GROUPES\u00a0\u00bb style=\u00a0\u00bbclassic\u00a0\u00bb shape=\u00a0\u00bbsquare\u00a0\u00bb color=\u00a0\u00bbwhite\u00a0\u00bb align=\u00a0\u00bbcenter\u00a0\u00bb i_align=\u00a0\u00bbright\u00a0\u00bb i_icon_fontawesome=\u00a0\u00bbfas fa-chevron-right\u00a0\u00bb css=\u00a0\u00bb\u00a0\u00bb button_block=\u00a0\u00bbtrue\u00a0\u00bb add_icon=\u00a0\u00bbtrue\u00a0\u00bb link=\u00a0\u00bburl:https%3A%2F%2Fwww.eyrignac.com%2Ffr%2Fpreparer-ma-visite%2Fen-groupe|title:Visiter%20Eyrignac%20et%20ses%20jardins%20en%20groupe\u00a0\u00bb el_class=\u00a0\u00bbor\u00a0\u00bb][\/vc_column][\/vc_row]<\/p>\n<\/div>","protected":false},"excerpt":{"rendered":"[vc_row][vc_column][vc_column_text el_class=\u00a0\u00bbor\u00a0\u00bb] Eyrignac &amp; ses Jardins, un \u00e9crin de choix pour vos v\u00e9hicules d\u2019exception [\/vc_column_text][vc_column_text]Amoureux des belles m\u00e9caniques et de l\u2019asphalte, profitez de votre road trip en Dordogne pour faire une halte au domaine du Manoir d\u2019Eyrignac.[\/vc_column_text][\/vc_column][\/vc_row][vc_row][vc_column][vc_column_text] Quand le haut de gamme de la m\u00e9canique s\u2019expose dans un joyau v\u00e9g\u00e9tal La Nouvelle-Aquitaine et sans doute&#8230; <a class=\"view-article\" href=\"https:\/\/www.eyrignac.com\/fr\/preparer-ma-visite\/en-groupe\/circuit-groupes-eyrignac-voitures-collection\">Voir l&rsquo;article<\/a>","protected":false},"author":3,"featured_media":0,"parent":232,"menu_order":0,"comment_status":"closed","ping_status":"closed","template":"","meta":{"_acf_changed":false,"footnotes":""},"class_list":["post-4464","page","type-page","status-publish","hentry"],"acf":[],"yoast_head":"<!-- This site is optimized with the Yoast SEO plugin v27.4 - https:\/\/yoast.com\/product\/yoast-seo-wordpress\/ -->\n<title>Vos voitures de collection \u00e0 Eyrignac &amp; ses Jardins<\/title>\n<meta name=\"description\" content=\"Amoureux des belles m\u00e9caniques et de l\u2019asphalte, profitez de votre road trip en Dordogne pour faire une halte au domaine du Manoir d\u2019Eyrignac.\" \/>\n<meta name=\"robots\" content=\"index, follow, max-snippet:-1, max-image-preview:large, max-video-preview:-1\" \/>\n<link rel=\"canonical\" href=\"https:\/\/www.eyrignac.com\/fr\/preparer-ma-visite\/en-groupe\/circuit-groupes-eyrignac-voitures-collection\" \/>\n<meta property=\"og:locale\" content=\"fr_FR\" \/>\n<meta property=\"og:type\" content=\"article\" \/>\n<meta property=\"og:title\" content=\"Vos voitures de collection \u00e0 Eyrignac &amp; ses Jardins\" \/>\n<meta property=\"og:description\" content=\"Amoureux des belles m\u00e9caniques et de l\u2019asphalte, profitez de votre road trip en Dordogne pour faire une halte au domaine du Manoir d\u2019Eyrignac.\" \/>\n<meta property=\"og:url\" content=\"https:\/\/www.eyrignac.com\/fr\/preparer-ma-visite\/en-groupe\/circuit-groupes-eyrignac-voitures-collection\" \/>\n<meta property=\"og:site_name\" content=\"Eyrignac et ses jardins\" \/>\n<meta property=\"article:publisher\" content=\"https:\/\/www.facebook.com\/JardinsEyrignac\/\" \/>\n<meta property=\"article:modified_time\" content=\"2025-03-21T13:33:06+00:00\" \/>\n<meta name=\"twitter:card\" content=\"summary_large_image\" \/>\n<meta name=\"twitter:site\" content=\"@eyrignac\" \/>\n<meta name=\"twitter:label1\" content=\"Dur\u00e9e de lecture estim\u00e9e\" \/>\n\t<meta name=\"twitter:data1\" content=\"2 minutes\" \/>\n<script type=\"application\/ld+json\" class=\"yoast-schema-graph\">{\"@context\":\"https:\\\/\\\/schema.org\",\"@graph\":[{\"@type\":\"WebPage\",\"@id\":\"https:\\\/\\\/www.eyrignac.com\\\/fr\\\/preparer-ma-visite\\\/en-groupe\\\/circuit-groupes-eyrignac-voitures-collection\",\"url\":\"https:\\\/\\\/www.eyrignac.com\\\/fr\\\/preparer-ma-visite\\\/en-groupe\\\/circuit-groupes-eyrignac-voitures-collection\",\"name\":\"Vos voitures de collection \u00e0 Eyrignac & ses Jardins\",\"isPartOf\":{\"@id\":\"https:\\\/\\\/www.eyrignac.com\\\/fr\\\/#website\"},\"datePublished\":\"2019-12-06T10:53:58+00:00\",\"dateModified\":\"2025-03-21T13:33:06+00:00\",\"description\":\"Amoureux des belles m\u00e9caniques et de l\u2019asphalte, profitez de votre road trip en Dordogne pour faire une halte au domaine du Manoir d\u2019Eyrignac.\",\"breadcrumb\":{\"@id\":\"https:\\\/\\\/www.eyrignac.com\\\/fr\\\/preparer-ma-visite\\\/en-groupe\\\/circuit-groupes-eyrignac-voitures-collection#breadcrumb\"},\"inLanguage\":\"fr-FR\",\"potentialAction\":[{\"@type\":\"ReadAction\",\"target\":[\"https:\\\/\\\/www.eyrignac.com\\\/fr\\\/preparer-ma-visite\\\/en-groupe\\\/circuit-groupes-eyrignac-voitures-collection\"]}]},{\"@type\":\"BreadcrumbList\",\"@id\":\"https:\\\/\\\/www.eyrignac.com\\\/fr\\\/preparer-ma-visite\\\/en-groupe\\\/circuit-groupes-eyrignac-voitures-collection#breadcrumb\",\"itemListElement\":[{\"@type\":\"ListItem\",\"position\":1,\"name\":\"Accueil\",\"item\":\"https:\\\/\\\/www.eyrignac.com\\\/fr\"},{\"@type\":\"ListItem\",\"position\":2,\"name\":\"Pr\u00e9parer ma visite\",\"item\":\"https:\\\/\\\/www.eyrignac.com\\\/fr\\\/preparer-ma-visite\"},{\"@type\":\"ListItem\",\"position\":3,\"name\":\"Visiter Eyrignac et ses jardins en groupe\",\"item\":\"https:\\\/\\\/www.eyrignac.com\\\/fr\\\/preparer-ma-visite\\\/en-groupe\"},{\"@type\":\"ListItem\",\"position\":4,\"name\":\"Vos voitures de collection \u00e0 Eyrignac &#038; ses Jardins\"}]},{\"@type\":\"WebSite\",\"@id\":\"https:\\\/\\\/www.eyrignac.com\\\/fr\\\/#website\",\"url\":\"https:\\\/\\\/www.eyrignac.com\\\/fr\\\/\",\"name\":\"Eyrignac et ses jardins\",\"description\":\"Lieu de verdure unique en Dordogne\",\"publisher\":{\"@id\":\"https:\\\/\\\/www.eyrignac.com\\\/fr\\\/#organization\"},\"potentialAction\":[{\"@type\":\"SearchAction\",\"target\":{\"@type\":\"EntryPoint\",\"urlTemplate\":\"https:\\\/\\\/www.eyrignac.com\\\/fr\\\/?s={search_term_string}\"},\"query-input\":{\"@type\":\"PropertyValueSpecification\",\"valueRequired\":true,\"valueName\":\"search_term_string\"}}],\"inLanguage\":\"fr-FR\"},{\"@type\":\"Organization\",\"@id\":\"https:\\\/\\\/www.eyrignac.com\\\/fr\\\/#organization\",\"name\":\"Eyrignac\",\"url\":\"https:\\\/\\\/www.eyrignac.com\\\/fr\\\/\",\"logo\":{\"@type\":\"ImageObject\",\"inLanguage\":\"fr-FR\",\"@id\":\"https:\\\/\\\/www.eyrignac.com\\\/fr\\\/#\\\/schema\\\/logo\\\/image\\\/\",\"url\":\"https:\\\/\\\/www.eyrignac.com\\\/wp-content\\\/uploads\\\/2017\\\/12\\\/logo-eyrignac.png\",\"contentUrl\":\"https:\\\/\\\/www.eyrignac.com\\\/wp-content\\\/uploads\\\/2017\\\/12\\\/logo-eyrignac.png\",\"width\":500,\"height\":189,\"caption\":\"Eyrignac\"},\"image\":{\"@id\":\"https:\\\/\\\/www.eyrignac.com\\\/fr\\\/#\\\/schema\\\/logo\\\/image\\\/\"},\"sameAs\":[\"https:\\\/\\\/www.facebook.com\\\/JardinsEyrignac\\\/\",\"https:\\\/\\\/x.com\\\/eyrignac\",\"https:\\\/\\\/www.instagram.com\\\/eyrignac\\\/\",\"https:\\\/\\\/www.pinterest.fr\\\/eyrignac\\\/\",\"https:\\\/\\\/www.youtube.com\\\/channel\\\/UCjWc47ArIew83eRXXjaBowg\"]}]}<\/script>\n<!-- \/ Yoast SEO plugin. -->","yoast_head_json":{"title":"Vos voitures de collection \u00e0 Eyrignac & ses Jardins","description":"Amoureux des belles m\u00e9caniques et de l\u2019asphalte, profitez de votre road trip en Dordogne pour faire une halte au domaine du Manoir d\u2019Eyrignac.","robots":{"index":"index","follow":"follow","max-snippet":"max-snippet:-1","max-image-preview":"max-image-preview:large","max-video-preview":"max-video-preview:-1"},"canonical":"https:\/\/www.eyrignac.com\/fr\/preparer-ma-visite\/en-groupe\/circuit-groupes-eyrignac-voitures-collection","og_locale":"fr_FR","og_type":"article","og_title":"Vos voitures de collection \u00e0 Eyrignac & ses Jardins","og_description":"Amoureux des belles m\u00e9caniques et de l\u2019asphalte, profitez de votre road trip en Dordogne pour faire une halte au domaine du Manoir d\u2019Eyrignac.","og_url":"https:\/\/www.eyrignac.com\/fr\/preparer-ma-visite\/en-groupe\/circuit-groupes-eyrignac-voitures-collection","og_site_name":"Eyrignac et ses jardins","article_publisher":"https:\/\/www.facebook.com\/JardinsEyrignac\/","article_modified_time":"2025-03-21T13:33:06+00:00","twitter_card":"summary_large_image","twitter_site":"@eyrignac","twitter_misc":{"Dur\u00e9e de lecture estim\u00e9e":"2 minutes"},"schema":{"@context":"https:\/\/schema.org","@graph":[{"@type":"WebPage","@id":"https:\/\/www.eyrignac.com\/fr\/preparer-ma-visite\/en-groupe\/circuit-groupes-eyrignac-voitures-collection","url":"https:\/\/www.eyrignac.com\/fr\/preparer-ma-visite\/en-groupe\/circuit-groupes-eyrignac-voitures-collection","name":"Vos voitures de collection \u00e0 Eyrignac & ses Jardins","isPartOf":{"@id":"https:\/\/www.eyrignac.com\/fr\/#website"},"datePublished":"2019-12-06T10:53:58+00:00","dateModified":"2025-03-21T13:33:06+00:00","description":"Amoureux des belles m\u00e9caniques et de l\u2019asphalte, profitez de votre road trip en Dordogne pour faire une halte au domaine du Manoir d\u2019Eyrignac.","breadcrumb":{"@id":"https:\/\/www.eyrignac.com\/fr\/preparer-ma-visite\/en-groupe\/circuit-groupes-eyrignac-voitures-collection#breadcrumb"},"inLanguage":"fr-FR","potentialAction":[{"@type":"ReadAction","target":["https:\/\/www.eyrignac.com\/fr\/preparer-ma-visite\/en-groupe\/circuit-groupes-eyrignac-voitures-collection"]}]},{"@type":"BreadcrumbList","@id":"https:\/\/www.eyrignac.com\/fr\/preparer-ma-visite\/en-groupe\/circuit-groupes-eyrignac-voitures-collection#breadcrumb","itemListElement":[{"@type":"ListItem","position":1,"name":"Accueil","item":"https:\/\/www.eyrignac.com\/fr"},{"@type":"ListItem","position":2,"name":"Pr\u00e9parer ma visite","item":"https:\/\/www.eyrignac.com\/fr\/preparer-ma-visite"},{"@type":"ListItem","position":3,"name":"Visiter Eyrignac et ses jardins en groupe","item":"https:\/\/www.eyrignac.com\/fr\/preparer-ma-visite\/en-groupe"},{"@type":"ListItem","position":4,"name":"Vos voitures de collection \u00e0 Eyrignac &#038; ses Jardins"}]},{"@type":"WebSite","@id":"https:\/\/www.eyrignac.com\/fr\/#website","url":"https:\/\/www.eyrignac.com\/fr\/","name":"Eyrignac et ses jardins","description":"Lieu de verdure unique en Dordogne","publisher":{"@id":"https:\/\/www.eyrignac.com\/fr\/#organization"},"potentialAction":[{"@type":"SearchAction","target":{"@type":"EntryPoint","urlTemplate":"https:\/\/www.eyrignac.com\/fr\/?s={search_term_string}"},"query-input":{"@type":"PropertyValueSpecification","valueRequired":true,"valueName":"search_term_string"}}],"inLanguage":"fr-FR"},{"@type":"Organization","@id":"https:\/\/www.eyrignac.com\/fr\/#organization","name":"Eyrignac","url":"https:\/\/www.eyrignac.com\/fr\/","logo":{"@type":"ImageObject","inLanguage":"fr-FR","@id":"https:\/\/www.eyrignac.com\/fr\/#\/schema\/logo\/image\/","url":"https:\/\/www.eyrignac.com\/wp-content\/uploads\/2017\/12\/logo-eyrignac.png","contentUrl":"https:\/\/www.eyrignac.com\/wp-content\/uploads\/2017\/12\/logo-eyrignac.png","width":500,"height":189,"caption":"Eyrignac"},"image":{"@id":"https:\/\/www.eyrignac.com\/fr\/#\/schema\/logo\/image\/"},"sameAs":["https:\/\/www.facebook.com\/JardinsEyrignac\/","https:\/\/x.com\/eyrignac","https:\/\/www.instagram.com\/eyrignac\/","https:\/\/www.pinterest.fr\/eyrignac\/","https:\/\/www.youtube.com\/channel\/UCjWc47ArIew83eRXXjaBowg"]}]}},"_links":{"self":[{"href":"https:\/\/www.eyrignac.com\/fr\/wp-json\/wp\/v2\/pages\/4464","targetHints":{"allow":["GET"]}}],"collection":[{"href":"https:\/\/www.eyrignac.com\/fr\/wp-json\/wp\/v2\/pages"}],"about":[{"href":"https:\/\/www.eyrignac.com\/fr\/wp-json\/wp\/v2\/types\/page"}],"author":[{"embeddable":true,"href":"https:\/\/www.eyrignac.com\/fr\/wp-json\/wp\/v2\/users\/3"}],"replies":[{"embeddable":true,"href":"https:\/\/www.eyrignac.com\/fr\/wp-json\/wp\/v2\/comments?post=4464"}],"version-history":[{"count":0,"href":"https:\/\/www.eyrignac.com\/fr\/wp-json\/wp\/v2\/pages\/4464\/revisions"}],"up":[{"embeddable":true,"href":"https:\/\/www.eyrignac.com\/fr\/wp-json\/wp\/v2\/pages\/232"}],"wp:attachment":[{"href":"https:\/\/www.eyrignac.com\/fr\/wp-json\/wp\/v2\/media?parent=4464"}],"curies":[{"name":"wp","href":"https:\/\/api.w.org\/{rel}","templated":true}]}}