{"id":4130,"date":"2019-11-15T16:25:19","date_gmt":"2019-11-15T15:25:19","guid":{"rendered":"https:\/\/www.eyrignac.com\/?page_id=4130"},"modified":"2024-01-25T17:20:20","modified_gmt":"2024-01-25T16:20:20","slug":"circuit-groupes-lascaux-iv-eyrignac-et-ses-jardins-sur-1-journee-decouvrez-les-2-joyaux-du-perigord","status":"publish","type":"page","link":"https:\/\/www.eyrignac.com\/fr\/preparer-ma-visite\/en-groupe\/circuit-groupes-lascaux-iv-eyrignac-et-ses-jardins-sur-1-journee-decouvrez-les-2-joyaux-du-perigord","title":{"rendered":"CIRCUIT \u00ab\u00a0LASCAUX IV \u2013 EYRIGNAC &#038; SES JARDINS\u00a0\u00bb POUR LES GROUPES"},"content":{"rendered":"<div class=\"wpb-content-wrapper\"><p>[vc_row][vc_column][vc_column_text el_class=\u00a0\u00bbor\u00a0\u00bb]<\/p>\n<h1>CIRCUIT GROUPES<br \/>\n\u00ab\u00a0LASCAUX IV \u2013 EYRIGNAC &amp; SES JARDINS\u00a0\u00bb :<br \/>\n2 JOYAUX DU P\u00c9RIGORD \u00c0 D\u00c9COUVRIR SUR 1 JOURN\u00c9E<\/h1>\n<p>[\/vc_column_text][vc_column_text]<strong>Terre d\u2019ocre et de verdure connue pour ses extraordinaires paysages naturels, la Dordogne abrite en son sein depuis les origines de l\u2019humanit\u00e9 des \u0153uvres d\u2019art sans \u00e9gal dont les c\u00e9l\u00e8bres grottes de Lascaux, consid\u00e9r\u00e9es comme le chef-d\u2019\u0153uvre de l\u2019art pari\u00e9tal et les jardins d\u2019Eyrignac, bijou v\u00e9g\u00e9tal situ\u00e9 sur les hauteurs de Sarlat-la-Can\u00e9da.<\/strong><br \/>\n<strong>Ces 2 incontournables et la gastronomie p\u00e9rigourdine sont \u00e0 d\u00e9couvrir en groupe \u00e0 partir de 48.50 \u20ac par personne.<\/strong>[\/vc_column_text][\/vc_column][\/vc_row][vc_row][vc_column][vc_column_text]<\/p>\n<h3>Programme de votre visite de groupe Lascaux IV \/ Eyrignac<\/h3>\n<ul>\n<li>Le matin : Visite de Lascaux IV \u2013 Centre International de l\u2019Art Pari\u00e9tal \u2013 Dur\u00e9e 2h<\/li>\n<li>D\u00e9jeuner : A Lascaux ou au restaurant C\u00f4t\u00e9 Jardins \u00e0 Eyrignac<\/li>\n<li>L\u2019apr\u00e8s-midi : Visite guid\u00e9e d\u2019Eyrignac et ses Jardins \u2013 Dur\u00e9e 1h15<\/li>\n<\/ul>\n<p>[\/vc_column_text][\/vc_column][\/vc_row][vc_row][vc_column css=\u00a0\u00bb.vc_custom_1573831361599{background-color: #ddddd2 !important;}\u00a0\u00bb][vc_column_text]<\/p>\n<h3 style=\"text-align: center;\">Informations et r\u00e9servation<\/h3>\n<p style=\"text-align: center;\">Semitour P\u00e9rigord, 25 rue wilson,<br \/>\nBP 10021, 24 001 PERIGUEUX CEDEX<br \/>\nT\u00e9l. : 05 53 05 65 60. IMO24130002.<br \/>\n<a href=\"mailto:pro@semitour.com\" target=\"_blank\" rel=\"noopener noreferrer\">pro@semitour.com<\/a><\/p>\n<p>[\/vc_column_text][\/vc_column][\/vc_row][vc_row][vc_column][vc_empty_space][vc_masonry_media_grid element_width=\u00a0\u00bb3&Prime; grid_id=\u00a0\u00bbvc_gid:1706199561072-f79db3bf-0ddf-1&Prime; include=\u00a0\u00bb4139,3235,4137,3263,3253,4133,3257,4135,3291,4141,4143,2645&Prime;][\/vc_column][\/vc_row][vc_row][vc_column][vc_column_text]<\/p>\n<h3>Les grottes de Lascaux, l\u2019art pari\u00e9tal dans toute sa splendeur<\/h3>\n<p>[\/vc_column_text][vc_column_text]Le 8 septembre 1940, les grottes de Lascaux \u00e9taient \u00e0 nouveau r\u00e9v\u00e9l\u00e9es au monde. Depuis cette d\u00e9couverte fortuite par 4 adolescents il y a 80 ans, le site fascine le monde entier par son caract\u00e8re exceptionnel. A la fois \u0153uvre d\u2019art \u00e9mouvante et t\u00e9moignage documentaire sur la vie de l\u2019homme pr\u00e9historique dans la Dordogne du Pal\u00e9olithique, les parois de la grotte de Lascaux sont orn\u00e9es de repr\u00e9sentations d\u2019animaux \u2013 cheval, aurochs, bison, cerf, bouquetins, ours, rhinoc\u00e9ros et f\u00e9lins \u2013 souvent mises en lien avec la chasse et des rites religieux. La renomm\u00e9e du lieu tient \u00e0 la quantit\u00e9 et \u00e0 la qualit\u00e9 d\u2019ex\u00e9cution des motifs rupestres qui valent aux grottes de Lascaux l\u2019appellation de \u00ab chapelle Sixtine de l\u2019art pari\u00e9tal \u00bb. Fragilis\u00e9e par les visites, les grottes de Lascaux ont \u00e9t\u00e9 reproduites \u00e0 l\u2019identique afin que le public puisse continuer \u00e0 admirer les chefs-d\u2019\u0153uvre de la Pr\u00e9histoire.[\/vc_column_text][\/vc_column][\/vc_row][vc_row][vc_column][vc_column_text]<\/p>\n<h3>Eyrignac et ses Jardins, le joyau de verdure du P\u00e9rigord Noir<\/h3>\n<p>[\/vc_column_text][vc_column_text]L\u2019histoire du domaine d\u2019Eyrignac est s\u00e9culaire. Inscrit dans la m\u00eame famille depuis 22 g\u00e9n\u00e9rations, Eyrignac illustre par son manoir d\u2019ocre la noblesse de l\u2019architecture p\u00e9rigourdine et par ses jardins, la cr\u00e9ativit\u00e9 et l\u2019audace d\u2019un homme amoureux de sa terre. Dans les ann\u00e9es 60, Gilles Sermadiras, r\u00e9alise un r\u00eave fou : rendre au Manoir du XVIIe si\u00e8cle un jardin digne de celui-ci. Aid\u00e9 de son fils Patrick, aujourd\u2019hui, propri\u00e9taire des lieux, il m\u00e9tamorphose ce qui n\u2019\u00e9tait alors plus qu\u2019un jardin informe en une \u0153uvre d\u2019art harmonieuse inspir\u00e9e des cr\u00e9ations du ma\u00eetre du jardin \u00e0 la fran\u00e7aise : Andr\u00e9 Le N\u00f4tre. C\u2019est ainsi que voient le jour l\u2019all\u00e9e de Vases, l\u2019all\u00e9e des Charmes, le parterre fran\u00e7ais, le vivier et plus tard le jardin blanc. Architectures et sculptures v\u00e9g\u00e9tales sont reines \u00e0 Eyrignac avec une collection de 300 topiaires taill\u00e9s \u00e0 la main par une \u00e9quipe de jardiniers dans la tradition la plus pure. Pour le plaisir des yeux et des sens, des am\u00e9nagements aux accents bucoliques compl\u00e8tent le jardin formel, dont le jardin fleuriste et le Potager.[\/vc_column_text][\/vc_column][\/vc_row][vc_row][vc_column][vc_btn title=\u00a0\u00bbTOUTES NOS SUGGESTIONS DE CIRCUITS POUR LES GROUPES\u00a0\u00bb style=\u00a0\u00bbclassic\u00a0\u00bb shape=\u00a0\u00bbsquare\u00a0\u00bb color=\u00a0\u00bbwhite\u00a0\u00bb align=\u00a0\u00bbcenter\u00a0\u00bb i_align=\u00a0\u00bbright\u00a0\u00bb i_icon_fontawesome=\u00a0\u00bbfas fa-chevron-right\u00a0\u00bb button_block=\u00a0\u00bbtrue\u00a0\u00bb add_icon=\u00a0\u00bbtrue\u00a0\u00bb link=\u00a0\u00bburl:https%3A%2F%2Fwww.eyrignac.com%2Ffr%2Fpreparer-ma-visite%2Fen-groupe|title:Visiter%20Eyrignac%20et%20ses%20jardins%20en%20groupe\u00a0\u00bb el_class=\u00a0\u00bbor\u00a0\u00bb][\/vc_column][\/vc_row]<\/p>\n<\/div>","protected":false},"excerpt":{"rendered":"[vc_row][vc_column][vc_column_text el_class=\u00a0\u00bbor\u00a0\u00bb] CIRCUIT GROUPES \u00ab\u00a0LASCAUX IV \u2013 EYRIGNAC &amp; SES JARDINS\u00a0\u00bb : 2 JOYAUX DU P\u00c9RIGORD \u00c0 D\u00c9COUVRIR SUR 1 JOURN\u00c9E [\/vc_column_text][vc_column_text]Terre d\u2019ocre et de verdure connue pour ses extraordinaires paysages naturels, la Dordogne abrite en son sein depuis les origines de l\u2019humanit\u00e9 des \u0153uvres d\u2019art sans \u00e9gal dont les c\u00e9l\u00e8bres grottes de Lascaux, consid\u00e9r\u00e9es&#8230; <a class=\"view-article\" href=\"https:\/\/www.eyrignac.com\/fr\/preparer-ma-visite\/en-groupe\/circuit-groupes-lascaux-iv-eyrignac-et-ses-jardins-sur-1-journee-decouvrez-les-2-joyaux-du-perigord\">Voir l&rsquo;article<\/a>","protected":false},"author":3,"featured_media":0,"parent":232,"menu_order":0,"comment_status":"closed","ping_status":"closed","template":"","meta":{"_acf_changed":false,"footnotes":""},"class_list":["post-4130","page","type-page","status-publish","hentry"],"acf":[],"yoast_head":"<!-- This site is optimized with the Yoast SEO plugin v27.6 - https:\/\/yoast.com\/product\/yoast-seo-wordpress\/ -->\n<title>CIRCUIT &quot;LASCAUX IV \u2013 EYRIGNAC &amp; SES JARDINS&quot; POUR LES GROUPES<\/title>\n<meta name=\"description\" content=\"La Dordogne abrite en son sein depuis les origines de l\u2019humanit\u00e9 des \u0153uvres d\u2019art sans \u00e9gal dont les c\u00e9l\u00e8bres grottes de Lascaux, consid\u00e9r\u00e9es comme le chef-d\u2019\u0153uvre de l\u2019art pari\u00e9tal et les jardins d\u2019Eyrignac, bijou v\u00e9g\u00e9tal situ\u00e9 sur les hauteurs de Sarlat-la-Can\u00e9da.Ces 2 incontournables et la gastronomie p\u00e9rigourdine sont \u00e0 d\u00e9couvrir en groupe \u00e0 partir de 40\u20ac70 par personne.\" \/>\n<meta name=\"robots\" content=\"index, follow, max-snippet:-1, max-image-preview:large, max-video-preview:-1\" \/>\n<link rel=\"canonical\" href=\"https:\/\/www.eyrignac.com\/fr\/preparer-ma-visite\/en-groupe\/circuit-groupes-lascaux-iv-eyrignac-et-ses-jardins-sur-1-journee-decouvrez-les-2-joyaux-du-perigord\" \/>\n<meta property=\"og:locale\" content=\"fr_FR\" \/>\n<meta property=\"og:type\" content=\"article\" \/>\n<meta property=\"og:title\" content=\"CIRCUIT &quot;LASCAUX IV \u2013 EYRIGNAC &amp; SES JARDINS&quot; POUR LES GROUPES\" \/>\n<meta property=\"og:description\" content=\"La Dordogne abrite en son sein depuis les origines de l\u2019humanit\u00e9 des \u0153uvres d\u2019art sans \u00e9gal dont les c\u00e9l\u00e8bres grottes de Lascaux, consid\u00e9r\u00e9es comme le chef-d\u2019\u0153uvre de l\u2019art pari\u00e9tal et les jardins d\u2019Eyrignac, bijou v\u00e9g\u00e9tal situ\u00e9 sur les hauteurs de Sarlat-la-Can\u00e9da.Ces 2 incontournables et la gastronomie p\u00e9rigourdine sont \u00e0 d\u00e9couvrir en groupe \u00e0 partir de 40\u20ac70 par personne.\" \/>\n<meta property=\"og:url\" content=\"https:\/\/www.eyrignac.com\/fr\/preparer-ma-visite\/en-groupe\/circuit-groupes-lascaux-iv-eyrignac-et-ses-jardins-sur-1-journee-decouvrez-les-2-joyaux-du-perigord\" \/>\n<meta property=\"og:site_name\" content=\"Eyrignac et ses jardins\" \/>\n<meta property=\"article:publisher\" content=\"https:\/\/www.facebook.com\/JardinsEyrignac\/\" \/>\n<meta property=\"article:modified_time\" content=\"2024-01-25T16:20:20+00:00\" \/>\n<meta name=\"twitter:card\" content=\"summary_large_image\" \/>\n<meta name=\"twitter:site\" content=\"@eyrignac\" \/>\n<meta name=\"twitter:label1\" content=\"Dur\u00e9e de lecture estim\u00e9e\" \/>\n\t<meta name=\"twitter:data1\" content=\"3 minutes\" \/>\n<script type=\"application\/ld+json\" class=\"yoast-schema-graph\">{\"@context\":\"https:\\\/\\\/schema.org\",\"@graph\":[{\"@type\":\"WebPage\",\"@id\":\"https:\\\/\\\/www.eyrignac.com\\\/fr\\\/preparer-ma-visite\\\/en-groupe\\\/circuit-groupes-lascaux-iv-eyrignac-et-ses-jardins-sur-1-journee-decouvrez-les-2-joyaux-du-perigord\",\"url\":\"https:\\\/\\\/www.eyrignac.com\\\/fr\\\/preparer-ma-visite\\\/en-groupe\\\/circuit-groupes-lascaux-iv-eyrignac-et-ses-jardins-sur-1-journee-decouvrez-les-2-joyaux-du-perigord\",\"name\":\"CIRCUIT \\\"LASCAUX IV \u2013 EYRIGNAC & SES JARDINS\\\" POUR LES GROUPES\",\"isPartOf\":{\"@id\":\"https:\\\/\\\/www.eyrignac.com\\\/fr\\\/#website\"},\"datePublished\":\"2019-11-15T15:25:19+00:00\",\"dateModified\":\"2024-01-25T16:20:20+00:00\",\"description\":\"La Dordogne abrite en son sein depuis les origines de l\u2019humanit\u00e9 des \u0153uvres d\u2019art sans \u00e9gal dont les c\u00e9l\u00e8bres grottes de Lascaux, consid\u00e9r\u00e9es comme le chef-d\u2019\u0153uvre de l\u2019art pari\u00e9tal et les jardins d\u2019Eyrignac, bijou v\u00e9g\u00e9tal situ\u00e9 sur les hauteurs de Sarlat-la-Can\u00e9da.Ces 2 incontournables et la gastronomie p\u00e9rigourdine sont \u00e0 d\u00e9couvrir en groupe \u00e0 partir de 40\u20ac70 par personne.\",\"breadcrumb\":{\"@id\":\"https:\\\/\\\/www.eyrignac.com\\\/fr\\\/preparer-ma-visite\\\/en-groupe\\\/circuit-groupes-lascaux-iv-eyrignac-et-ses-jardins-sur-1-journee-decouvrez-les-2-joyaux-du-perigord#breadcrumb\"},\"inLanguage\":\"fr-FR\",\"potentialAction\":[{\"@type\":\"ReadAction\",\"target\":[\"https:\\\/\\\/www.eyrignac.com\\\/fr\\\/preparer-ma-visite\\\/en-groupe\\\/circuit-groupes-lascaux-iv-eyrignac-et-ses-jardins-sur-1-journee-decouvrez-les-2-joyaux-du-perigord\"]}]},{\"@type\":\"BreadcrumbList\",\"@id\":\"https:\\\/\\\/www.eyrignac.com\\\/fr\\\/preparer-ma-visite\\\/en-groupe\\\/circuit-groupes-lascaux-iv-eyrignac-et-ses-jardins-sur-1-journee-decouvrez-les-2-joyaux-du-perigord#breadcrumb\",\"itemListElement\":[{\"@type\":\"ListItem\",\"position\":1,\"name\":\"Accueil\",\"item\":\"https:\\\/\\\/www.eyrignac.com\\\/fr\"},{\"@type\":\"ListItem\",\"position\":2,\"name\":\"Pr\u00e9parer ma visite\",\"item\":\"https:\\\/\\\/www.eyrignac.com\\\/fr\\\/preparer-ma-visite\"},{\"@type\":\"ListItem\",\"position\":3,\"name\":\"Visiter Eyrignac et ses jardins en groupe\",\"item\":\"https:\\\/\\\/www.eyrignac.com\\\/fr\\\/preparer-ma-visite\\\/en-groupe\"},{\"@type\":\"ListItem\",\"position\":4,\"name\":\"CIRCUIT \u00ab\u00a0LASCAUX IV \u2013 EYRIGNAC &#038; SES JARDINS\u00a0\u00bb POUR LES GROUPES\"}]},{\"@type\":\"WebSite\",\"@id\":\"https:\\\/\\\/www.eyrignac.com\\\/fr\\\/#website\",\"url\":\"https:\\\/\\\/www.eyrignac.com\\\/fr\\\/\",\"name\":\"Eyrignac et ses jardins\",\"description\":\"Lieu de verdure unique en Dordogne\",\"publisher\":{\"@id\":\"https:\\\/\\\/www.eyrignac.com\\\/fr\\\/#organization\"},\"potentialAction\":[{\"@type\":\"SearchAction\",\"target\":{\"@type\":\"EntryPoint\",\"urlTemplate\":\"https:\\\/\\\/www.eyrignac.com\\\/fr\\\/?s={search_term_string}\"},\"query-input\":{\"@type\":\"PropertyValueSpecification\",\"valueRequired\":true,\"valueName\":\"search_term_string\"}}],\"inLanguage\":\"fr-FR\"},{\"@type\":\"Organization\",\"@id\":\"https:\\\/\\\/www.eyrignac.com\\\/fr\\\/#organization\",\"name\":\"Eyrignac\",\"url\":\"https:\\\/\\\/www.eyrignac.com\\\/fr\\\/\",\"logo\":{\"@type\":\"ImageObject\",\"inLanguage\":\"fr-FR\",\"@id\":\"https:\\\/\\\/www.eyrignac.com\\\/fr\\\/#\\\/schema\\\/logo\\\/image\\\/\",\"url\":\"https:\\\/\\\/www.eyrignac.com\\\/wp-content\\\/uploads\\\/2017\\\/12\\\/logo-eyrignac.png\",\"contentUrl\":\"https:\\\/\\\/www.eyrignac.com\\\/wp-content\\\/uploads\\\/2017\\\/12\\\/logo-eyrignac.png\",\"width\":500,\"height\":189,\"caption\":\"Eyrignac\"},\"image\":{\"@id\":\"https:\\\/\\\/www.eyrignac.com\\\/fr\\\/#\\\/schema\\\/logo\\\/image\\\/\"},\"sameAs\":[\"https:\\\/\\\/www.facebook.com\\\/JardinsEyrignac\\\/\",\"https:\\\/\\\/x.com\\\/eyrignac\",\"https:\\\/\\\/www.instagram.com\\\/eyrignac\\\/\",\"https:\\\/\\\/www.pinterest.fr\\\/eyrignac\\\/\",\"https:\\\/\\\/www.youtube.com\\\/channel\\\/UCjWc47ArIew83eRXXjaBowg\"]}]}<\/script>\n<!-- \/ Yoast SEO plugin. -->","yoast_head_json":{"title":"CIRCUIT \"LASCAUX IV \u2013 EYRIGNAC & SES JARDINS\" POUR LES GROUPES","description":"La Dordogne abrite en son sein depuis les origines de l\u2019humanit\u00e9 des \u0153uvres d\u2019art sans \u00e9gal dont les c\u00e9l\u00e8bres grottes de Lascaux, consid\u00e9r\u00e9es comme le chef-d\u2019\u0153uvre de l\u2019art pari\u00e9tal et les jardins d\u2019Eyrignac, bijou v\u00e9g\u00e9tal situ\u00e9 sur les hauteurs de Sarlat-la-Can\u00e9da.Ces 2 incontournables et la gastronomie p\u00e9rigourdine sont \u00e0 d\u00e9couvrir en groupe \u00e0 partir de 40\u20ac70 par personne.","robots":{"index":"index","follow":"follow","max-snippet":"max-snippet:-1","max-image-preview":"max-image-preview:large","max-video-preview":"max-video-preview:-1"},"canonical":"https:\/\/www.eyrignac.com\/fr\/preparer-ma-visite\/en-groupe\/circuit-groupes-lascaux-iv-eyrignac-et-ses-jardins-sur-1-journee-decouvrez-les-2-joyaux-du-perigord","og_locale":"fr_FR","og_type":"article","og_title":"CIRCUIT \"LASCAUX IV \u2013 EYRIGNAC & SES JARDINS\" POUR LES GROUPES","og_description":"La Dordogne abrite en son sein depuis les origines de l\u2019humanit\u00e9 des \u0153uvres d\u2019art sans \u00e9gal dont les c\u00e9l\u00e8bres grottes de Lascaux, consid\u00e9r\u00e9es comme le chef-d\u2019\u0153uvre de l\u2019art pari\u00e9tal et les jardins d\u2019Eyrignac, bijou v\u00e9g\u00e9tal situ\u00e9 sur les hauteurs de Sarlat-la-Can\u00e9da.Ces 2 incontournables et la gastronomie p\u00e9rigourdine sont \u00e0 d\u00e9couvrir en groupe \u00e0 partir de 40\u20ac70 par personne.","og_url":"https:\/\/www.eyrignac.com\/fr\/preparer-ma-visite\/en-groupe\/circuit-groupes-lascaux-iv-eyrignac-et-ses-jardins-sur-1-journee-decouvrez-les-2-joyaux-du-perigord","og_site_name":"Eyrignac et ses jardins","article_publisher":"https:\/\/www.facebook.com\/JardinsEyrignac\/","article_modified_time":"2024-01-25T16:20:20+00:00","twitter_card":"summary_large_image","twitter_site":"@eyrignac","twitter_misc":{"Dur\u00e9e de lecture estim\u00e9e":"3 minutes"},"schema":{"@context":"https:\/\/schema.org","@graph":[{"@type":"WebPage","@id":"https:\/\/www.eyrignac.com\/fr\/preparer-ma-visite\/en-groupe\/circuit-groupes-lascaux-iv-eyrignac-et-ses-jardins-sur-1-journee-decouvrez-les-2-joyaux-du-perigord","url":"https:\/\/www.eyrignac.com\/fr\/preparer-ma-visite\/en-groupe\/circuit-groupes-lascaux-iv-eyrignac-et-ses-jardins-sur-1-journee-decouvrez-les-2-joyaux-du-perigord","name":"CIRCUIT \"LASCAUX IV \u2013 EYRIGNAC & SES JARDINS\" POUR LES GROUPES","isPartOf":{"@id":"https:\/\/www.eyrignac.com\/fr\/#website"},"datePublished":"2019-11-15T15:25:19+00:00","dateModified":"2024-01-25T16:20:20+00:00","description":"La Dordogne abrite en son sein depuis les origines de l\u2019humanit\u00e9 des \u0153uvres d\u2019art sans \u00e9gal dont les c\u00e9l\u00e8bres grottes de Lascaux, consid\u00e9r\u00e9es comme le chef-d\u2019\u0153uvre de l\u2019art pari\u00e9tal et les jardins d\u2019Eyrignac, bijou v\u00e9g\u00e9tal situ\u00e9 sur les hauteurs de Sarlat-la-Can\u00e9da.Ces 2 incontournables et la gastronomie p\u00e9rigourdine sont \u00e0 d\u00e9couvrir en groupe \u00e0 partir de 40\u20ac70 par personne.","breadcrumb":{"@id":"https:\/\/www.eyrignac.com\/fr\/preparer-ma-visite\/en-groupe\/circuit-groupes-lascaux-iv-eyrignac-et-ses-jardins-sur-1-journee-decouvrez-les-2-joyaux-du-perigord#breadcrumb"},"inLanguage":"fr-FR","potentialAction":[{"@type":"ReadAction","target":["https:\/\/www.eyrignac.com\/fr\/preparer-ma-visite\/en-groupe\/circuit-groupes-lascaux-iv-eyrignac-et-ses-jardins-sur-1-journee-decouvrez-les-2-joyaux-du-perigord"]}]},{"@type":"BreadcrumbList","@id":"https:\/\/www.eyrignac.com\/fr\/preparer-ma-visite\/en-groupe\/circuit-groupes-lascaux-iv-eyrignac-et-ses-jardins-sur-1-journee-decouvrez-les-2-joyaux-du-perigord#breadcrumb","itemListElement":[{"@type":"ListItem","position":1,"name":"Accueil","item":"https:\/\/www.eyrignac.com\/fr"},{"@type":"ListItem","position":2,"name":"Pr\u00e9parer ma visite","item":"https:\/\/www.eyrignac.com\/fr\/preparer-ma-visite"},{"@type":"ListItem","position":3,"name":"Visiter Eyrignac et ses jardins en groupe","item":"https:\/\/www.eyrignac.com\/fr\/preparer-ma-visite\/en-groupe"},{"@type":"ListItem","position":4,"name":"CIRCUIT \u00ab\u00a0LASCAUX IV \u2013 EYRIGNAC &#038; SES JARDINS\u00a0\u00bb POUR LES GROUPES"}]},{"@type":"WebSite","@id":"https:\/\/www.eyrignac.com\/fr\/#website","url":"https:\/\/www.eyrignac.com\/fr\/","name":"Eyrignac et ses jardins","description":"Lieu de verdure unique en Dordogne","publisher":{"@id":"https:\/\/www.eyrignac.com\/fr\/#organization"},"potentialAction":[{"@type":"SearchAction","target":{"@type":"EntryPoint","urlTemplate":"https:\/\/www.eyrignac.com\/fr\/?s={search_term_string}"},"query-input":{"@type":"PropertyValueSpecification","valueRequired":true,"valueName":"search_term_string"}}],"inLanguage":"fr-FR"},{"@type":"Organization","@id":"https:\/\/www.eyrignac.com\/fr\/#organization","name":"Eyrignac","url":"https:\/\/www.eyrignac.com\/fr\/","logo":{"@type":"ImageObject","inLanguage":"fr-FR","@id":"https:\/\/www.eyrignac.com\/fr\/#\/schema\/logo\/image\/","url":"https:\/\/www.eyrignac.com\/wp-content\/uploads\/2017\/12\/logo-eyrignac.png","contentUrl":"https:\/\/www.eyrignac.com\/wp-content\/uploads\/2017\/12\/logo-eyrignac.png","width":500,"height":189,"caption":"Eyrignac"},"image":{"@id":"https:\/\/www.eyrignac.com\/fr\/#\/schema\/logo\/image\/"},"sameAs":["https:\/\/www.facebook.com\/JardinsEyrignac\/","https:\/\/x.com\/eyrignac","https:\/\/www.instagram.com\/eyrignac\/","https:\/\/www.pinterest.fr\/eyrignac\/","https:\/\/www.youtube.com\/channel\/UCjWc47ArIew83eRXXjaBowg"]}]}},"_links":{"self":[{"href":"https:\/\/www.eyrignac.com\/fr\/wp-json\/wp\/v2\/pages\/4130","targetHints":{"allow":["GET"]}}],"collection":[{"href":"https:\/\/www.eyrignac.com\/fr\/wp-json\/wp\/v2\/pages"}],"about":[{"href":"https:\/\/www.eyrignac.com\/fr\/wp-json\/wp\/v2\/types\/page"}],"author":[{"embeddable":true,"href":"https:\/\/www.eyrignac.com\/fr\/wp-json\/wp\/v2\/users\/3"}],"replies":[{"embeddable":true,"href":"https:\/\/www.eyrignac.com\/fr\/wp-json\/wp\/v2\/comments?post=4130"}],"version-history":[{"count":0,"href":"https:\/\/www.eyrignac.com\/fr\/wp-json\/wp\/v2\/pages\/4130\/revisions"}],"up":[{"embeddable":true,"href":"https:\/\/www.eyrignac.com\/fr\/wp-json\/wp\/v2\/pages\/232"}],"wp:attachment":[{"href":"https:\/\/www.eyrignac.com\/fr\/wp-json\/wp\/v2\/media?parent=4130"}],"curies":[{"name":"wp","href":"https:\/\/api.w.org\/{rel}","templated":true}]}}