{"id":403,"date":"2018-01-19T15:33:37","date_gmt":"2018-01-19T14:33:37","guid":{"rendered":"https:\/\/www.eyrignac.com\/?page_id=403"},"modified":"2018-04-08T17:42:22","modified_gmt":"2018-04-08T15:42:22","slug":"art-topiaire","status":"publish","type":"page","link":"https:\/\/www.eyrignac.com\/fr\/decouvrir-jardins-eyrignac\/art-topiaire","title":{"rendered":"L&rsquo;art topiaire"},"content":{"rendered":"<div class=\"wpb-content-wrapper\"><p>[vc_row][vc_column][vc_column_text el_class=\u00a0\u00bbor\u00a0\u00bb]<\/p>\n<h1>Les Jardins d\u2019Eyrignac, le mus\u00e9e de plein air de l\u2019art topiaire<\/h1>\n<p>[\/vc_column_text][vc_column_text css=\u00a0\u00bb.vc_custom_1521564634210{margin-bottom: 30px !important;}\u00a0\u00bb]<strong>L\u2019art topiaire est un art propre au jardinier, lequel arm\u00e9 de cisailles et de patience, donne forme au v\u00e9g\u00e9tal. A Eyrignac, l\u2019art topiaire a trouv\u00e9 un lieu d\u2019expression sans limite : boules, pyramides, c\u00f4nes, haies rectilignes, chambre de verdure, broderies de buis, animaux et bien d\u2019autres motifs ponctuent le parcours pour le plaisir des yeux et de l\u2019imagination. Les Jardins d\u2019Eyrignac sont un mus\u00e9e de plein air o\u00f9 s\u2019exposent les cr\u00e9ations des orf\u00e8vres de la Nature.<\/strong>[\/vc_column_text][vc_row_inner css=\u00a0\u00bb.vc_custom_1516206920135{margin-bottom: 30px !important;}\u00a0\u00bb][vc_column_inner width=\u00a0\u00bb1\/3&Prime; css=\u00a0\u00bb.vc_custom_1516958227886{padding-right: 20px !important;}\u00a0\u00bb][vc_single_image image=\u00a0\u00bb309&Prime; img_size=\u00a0\u00bblarge\u00a0\u00bb onclick=\u00a0\u00bblink_image\u00a0\u00bb][\/vc_column_inner][vc_column_inner width=\u00a0\u00bb2\/3&Prime;][vc_column_text el_class=\u00a0\u00bbnomt nopb\u00a0\u00bb]<\/p>\n<h2>Tailler un topiaire est l\u2019un des gestes les plus anciens du jardinage<\/h2>\n<p>[\/vc_column_text][vc_raw_html css=\u00a0\u00bb.vc_custom_1515593443476{margin-bottom: 15px !important;}\u00a0\u00bb]JTNDZGl2JTIwY2xhc3MlM0QlMjJzZXAlMjIlM0UlM0MlMkZkaXYlM0U=[\/vc_raw_html][vc_column_text]Sculpter le v\u00e9g\u00e9tal est une pratique connue depuis l\u2019Antiquit\u00e9 qui a \u00e9t\u00e9 employ\u00e9e dans tous les styles de jardin, qu\u2019il soit m\u00e9di\u00e9val, \u00e0 l\u2019italienne, \u00e0 la fran\u00e7aise, \u00e0 l\u2019anglaise ou contemporain. \u00ab Topiarius \u00bb, c\u2019est ainsi que Pline le jeune d\u00e9signe le jardinier en charge de l\u2019ornement du jardin d\u2019agr\u00e9ment et l\u2019\u00abars topiaria \u00bb ou art topiaire est l\u2019art de donner aux v\u00e9g\u00e9taux qui s\u2019y pr\u00eatent une forme g\u00e9om\u00e9trique ou une forme libre en trois dimensions. Selon les v\u00e9g\u00e9taux les techniques diff\u00e8rent : les arbustes, ifs, buis, cypr\u00e8s, ou les arbres, ormes, charmes, sont taill\u00e9s \u00e0 la cisaille, \u00e0 l\u2019aide de cordeaux, fils \u00e0 plomb et gabarits ; les plantes grimpantes tel que le lierre, sont elles guid\u00e9es soit sur des structures paliss\u00e9es pour habiller un mur soit sur des structures form\u00e9es pour repr\u00e9senter un objet ou un animal par exemple.[\/vc_column_text][\/vc_column_inner][\/vc_row_inner][vc_row_inner css=\u00a0\u00bb.vc_custom_1516206925030{margin-bottom: 30px !important;}\u00a0\u00bb][vc_column_inner width=\u00a0\u00bb1\/3&Prime; css=\u00a0\u00bb.vc_custom_1516958232164{padding-right: 20px !important;}\u00a0\u00bb][vc_single_image image=\u00a0\u00bb1433&Prime; img_size=\u00a0\u00bblarge\u00a0\u00bb onclick=\u00a0\u00bblink_image\u00a0\u00bb][\/vc_column_inner][vc_column_inner width=\u00a0\u00bb2\/3&Prime;][vc_column_text el_class=\u00a0\u00bbnomt nopb\u00a0\u00bb]<\/p>\n<h2>Eyrignac et ses jardins aux 300 topiaires<\/h2>\n<p>[\/vc_column_text][vc_raw_html css=\u00a0\u00bb.vc_custom_1515593443476{margin-bottom: 15px !important;}\u00a0\u00bb]JTNDZGl2JTIwY2xhc3MlM0QlMjJzZXAlMjIlM0UlM0MlMkZkaXYlM0U=[\/vc_raw_html][vc_column_text]Avec pas moins de 300 topiaires, \u00e0 Eyrignac, l\u2019art topiaire est \u00e0 l\u2019honneur. Le r\u00e9pertoire des motifs est infini gr\u00e2ce \u00e0 la combinaison des formes g\u00e9om\u00e9triques de base que sont la sph\u00e8re, le cube, le c\u00f4ne, la pyramide, la spirale qui permettent au jardinier de r\u00e9aliser des \u00e9l\u00e9ments de d\u00e9cor de toute taille, voire de v\u00e9ritables architectures de verdure. Tout au long de l\u2019ann\u00e9e, car les topiaires d\u2019Eyrignac sont des essences dites <i>sempervirens<\/i> (toujours vert),et, tout au long de la promenade, le savoir-faire des jardiniers s\u2019observe dans la taille r\u00e9guli\u00e8re des haies qui soulignent les all\u00e9es menant \u00e0 la Pagode, dans le jardin des Sculptures v\u00e9g\u00e9tales, dans la broderie du parterre du jardin fran\u00e7ais, dans la paroi v\u00e9g\u00e9tale du vivier et dans les \u00e9crins de verdure en \u00e9toile qui accueillent les fontaines de la Roseraie. Dans les Pr\u00e9s fleuris, les jardiniers ont laiss\u00e9 libre cours \u00e0 leur imagination pour cr\u00e9er l\u2019illusion d\u2019une charmante basse-cour toute v\u00e9g\u00e9tale.<br \/>\nTout, dans les jardins du Manoir d\u2019Eyrignac, rappelle la tradition du jardin \u00e0 la fran\u00e7aise qui repose sur un \u00e9quilibre subtil entre rigueur, harmonie et spectaculaire. L\u2019art topiaire tel qu\u2019il est pratiqu\u00e9 \u00e0 Eyrignac est la parfaite synth\u00e8se de ces trois principes.[\/vc_column_text][\/vc_column_inner][\/vc_row_inner][vc_row_inner css=\u00a0\u00bb.vc_custom_1516206931934{margin-bottom: 30px !important;}\u00a0\u00bb][vc_column_inner width=\u00a0\u00bb1\/3&Prime; css=\u00a0\u00bb.vc_custom_1516958238093{padding-right: 20px !important;}\u00a0\u00bb][vc_single_image image=\u00a0\u00bb1544&Prime; img_size=\u00a0\u00bblarge\u00a0\u00bb onclick=\u00a0\u00bblink_image\u00a0\u00bb][\/vc_column_inner][vc_column_inner width=\u00a0\u00bb2\/3&Prime;][vc_column_text el_class=\u00a0\u00bbnomt nopb\u00a0\u00bb]<\/p>\n<h2>Saviez-vous que pour r\u00e9aliser un topiaire il faut :<\/h2>\n<p>[\/vc_column_text][vc_raw_html css=\u00a0\u00bb.vc_custom_1515593443476{margin-bottom: 15px !important;}\u00a0\u00bb]JTNDZGl2JTIwY2xhc3MlM0QlMjJzZXAlMjIlM0UlM0MlMkZkaXYlM0U=[\/vc_raw_html][vc_column_text]<\/p>\n<ul>\n<li>Une cisaille, car la taille manuelle minimise les risques de blesser la branche ainsi que les infections<\/li>\n<li>Des cordeaux, pour aider le jardinier \u00e0 conserver l\u2019alignement horizontal<\/li>\n<li>Des fils \u00e0 plomb, pour guider le jardinier lors de la taille verticale<\/li>\n<li>Des gabarits, pour les formes sp\u00e9cifiques<\/li>\n<li>De la patience\u2026<\/li>\n<li>\u2026 et de la pers\u00e9v\u00e9rance, car une fois le v\u00e9g\u00e9tal form\u00e9, le travail n\u2019est pas termin\u00e9, la Nature reprend rapidement ses droits. Il faut donc entretenir la forme du topiaire en le taillant \u00e0 nouveau plusieurs fois dans l\u2019ann\u00e9e entre avril et juin puis entre ao\u00fbt et octobre. P\u00e9riodes de grand froid comme grandes chaleurs ne sont pas propices \u00e0 la taille d\u2019un topiaire car l\u2019une comme l\u2019autre favorisent les maladies et fragilisent l\u2019arbre.<\/li>\n<\/ul>\n<p>[\/vc_column_text][\/vc_column_inner][\/vc_row_inner][\/vc_column][\/vc_row][vc_row][vc_column][vc_video link=\u00a0\u00bbhttps:\/\/www.youtube.com\/watch?v=NzBtSgfD4Qs\u00a0\u00bb align=\u00a0\u00bbcenter\u00a0\u00bb][vc_video link=\u00a0\u00bbhttps:\/\/www.youtube.com\/watch?v=ljf-I8TjPl0&Prime; align=\u00a0\u00bbcenter\u00a0\u00bb][\/vc_column][\/vc_row]<\/p>\n<\/div>","protected":false},"excerpt":{"rendered":"[vc_row][vc_column][vc_column_text el_class=\u00a0\u00bbor\u00a0\u00bb] Les Jardins d\u2019Eyrignac, le mus\u00e9e de plein air de l\u2019art topiaire [\/vc_column_text][vc_column_text css=\u00a0\u00bb.vc_custom_1521564634210{margin-bottom: 30px !important;}\u00a0\u00bb]L\u2019art topiaire est un art propre au jardinier, lequel arm\u00e9 de cisailles et de patience, donne forme au v\u00e9g\u00e9tal. A Eyrignac, l\u2019art topiaire a trouv\u00e9 un lieu d\u2019expression sans limite : boules, pyramides, c\u00f4nes, haies rectilignes, chambre de verdure,&#8230; <a class=\"view-article\" href=\"https:\/\/www.eyrignac.com\/fr\/decouvrir-jardins-eyrignac\/art-topiaire\">Voir l&rsquo;article<\/a>","protected":false},"author":1,"featured_media":0,"parent":11,"menu_order":0,"comment_status":"closed","ping_status":"closed","template":"","meta":{"_acf_changed":false,"footnotes":""},"class_list":["post-403","page","type-page","status-publish","hentry"],"acf":[],"yoast_head":"<!-- This site is optimized with the Yoast SEO plugin v27.6 - https:\/\/yoast.com\/product\/yoast-seo-wordpress\/ -->\n<title>Avec 300 sculptures v\u00e9g\u00e9tales, Eyrignac est un mus\u00e9e de l&#039;art topiaire<\/title>\n<meta name=\"description\" content=\"L\u2019art topiaire est un art propre au jardinier, lequel arm\u00e9 de cisailles et de patience, donne forme au v\u00e9g\u00e9tal. A Eyrignac, l\u2019art topiaire a trouv\u00e9 un lieu d\u2019expression sans limite : boules, pyramides, c\u00f4nes, haies rectilignes, chambre de verdure, broderie...\" \/>\n<meta name=\"robots\" content=\"index, follow, max-snippet:-1, max-image-preview:large, max-video-preview:-1\" \/>\n<link rel=\"canonical\" href=\"https:\/\/www.eyrignac.com\/fr\/decouvrir-jardins-eyrignac\/art-topiaire\" \/>\n<meta property=\"og:locale\" content=\"fr_FR\" \/>\n<meta property=\"og:type\" content=\"article\" \/>\n<meta property=\"og:title\" content=\"Avec 300 sculptures v\u00e9g\u00e9tales, Eyrignac est un mus\u00e9e de l&#039;art topiaire\" \/>\n<meta property=\"og:description\" content=\"L\u2019art topiaire est un art propre au jardinier, lequel arm\u00e9 de cisailles et de patience, donne forme au v\u00e9g\u00e9tal. A Eyrignac, l\u2019art topiaire a trouv\u00e9 un lieu d\u2019expression sans limite : boules, pyramides, c\u00f4nes, haies rectilignes, chambre de verdure, broderie...\" \/>\n<meta property=\"og:url\" content=\"https:\/\/www.eyrignac.com\/fr\/decouvrir-jardins-eyrignac\/art-topiaire\" \/>\n<meta property=\"og:site_name\" content=\"Eyrignac et ses jardins\" \/>\n<meta property=\"article:publisher\" content=\"https:\/\/www.facebook.com\/JardinsEyrignac\/\" \/>\n<meta property=\"article:modified_time\" content=\"2018-04-08T15:42:22+00:00\" \/>\n<meta name=\"twitter:card\" content=\"summary_large_image\" \/>\n<meta name=\"twitter:site\" content=\"@eyrignac\" \/>\n<meta name=\"twitter:label1\" content=\"Dur\u00e9e de lecture estim\u00e9e\" \/>\n\t<meta name=\"twitter:data1\" content=\"5 minutes\" \/>\n<script type=\"application\/ld+json\" class=\"yoast-schema-graph\">{\"@context\":\"https:\\\/\\\/schema.org\",\"@graph\":[{\"@type\":\"WebPage\",\"@id\":\"https:\\\/\\\/www.eyrignac.com\\\/fr\\\/decouvrir-jardins-eyrignac\\\/art-topiaire\",\"url\":\"https:\\\/\\\/www.eyrignac.com\\\/fr\\\/decouvrir-jardins-eyrignac\\\/art-topiaire\",\"name\":\"Avec 300 sculptures v\u00e9g\u00e9tales, Eyrignac est un mus\u00e9e de l'art topiaire\",\"isPartOf\":{\"@id\":\"https:\\\/\\\/www.eyrignac.com\\\/fr\\\/#website\"},\"datePublished\":\"2018-01-19T14:33:37+00:00\",\"dateModified\":\"2018-04-08T15:42:22+00:00\",\"description\":\"L\u2019art topiaire est un art propre au jardinier, lequel arm\u00e9 de cisailles et de patience, donne forme au v\u00e9g\u00e9tal. A Eyrignac, l\u2019art topiaire a trouv\u00e9 un lieu d\u2019expression sans limite : boules, pyramides, c\u00f4nes, haies rectilignes, chambre de verdure, broderie...\",\"breadcrumb\":{\"@id\":\"https:\\\/\\\/www.eyrignac.com\\\/fr\\\/decouvrir-jardins-eyrignac\\\/art-topiaire#breadcrumb\"},\"inLanguage\":\"fr-FR\",\"potentialAction\":[{\"@type\":\"ReadAction\",\"target\":[\"https:\\\/\\\/www.eyrignac.com\\\/fr\\\/decouvrir-jardins-eyrignac\\\/art-topiaire\"]}]},{\"@type\":\"BreadcrumbList\",\"@id\":\"https:\\\/\\\/www.eyrignac.com\\\/fr\\\/decouvrir-jardins-eyrignac\\\/art-topiaire#breadcrumb\",\"itemListElement\":[{\"@type\":\"ListItem\",\"position\":1,\"name\":\"Accueil\",\"item\":\"https:\\\/\\\/www.eyrignac.com\\\/fr\"},{\"@type\":\"ListItem\",\"position\":2,\"name\":\"D\u00e9couvrir les jardins\",\"item\":\"https:\\\/\\\/www.eyrignac.com\\\/fr\\\/decouvrir-jardins-eyrignac\"},{\"@type\":\"ListItem\",\"position\":3,\"name\":\"L&rsquo;art topiaire\"}]},{\"@type\":\"WebSite\",\"@id\":\"https:\\\/\\\/www.eyrignac.com\\\/fr\\\/#website\",\"url\":\"https:\\\/\\\/www.eyrignac.com\\\/fr\\\/\",\"name\":\"Eyrignac et ses jardins\",\"description\":\"Lieu de verdure unique en Dordogne\",\"publisher\":{\"@id\":\"https:\\\/\\\/www.eyrignac.com\\\/fr\\\/#organization\"},\"potentialAction\":[{\"@type\":\"SearchAction\",\"target\":{\"@type\":\"EntryPoint\",\"urlTemplate\":\"https:\\\/\\\/www.eyrignac.com\\\/fr\\\/?s={search_term_string}\"},\"query-input\":{\"@type\":\"PropertyValueSpecification\",\"valueRequired\":true,\"valueName\":\"search_term_string\"}}],\"inLanguage\":\"fr-FR\"},{\"@type\":\"Organization\",\"@id\":\"https:\\\/\\\/www.eyrignac.com\\\/fr\\\/#organization\",\"name\":\"Eyrignac\",\"url\":\"https:\\\/\\\/www.eyrignac.com\\\/fr\\\/\",\"logo\":{\"@type\":\"ImageObject\",\"inLanguage\":\"fr-FR\",\"@id\":\"https:\\\/\\\/www.eyrignac.com\\\/fr\\\/#\\\/schema\\\/logo\\\/image\\\/\",\"url\":\"https:\\\/\\\/www.eyrignac.com\\\/wp-content\\\/uploads\\\/2017\\\/12\\\/logo-eyrignac.png\",\"contentUrl\":\"https:\\\/\\\/www.eyrignac.com\\\/wp-content\\\/uploads\\\/2017\\\/12\\\/logo-eyrignac.png\",\"width\":500,\"height\":189,\"caption\":\"Eyrignac\"},\"image\":{\"@id\":\"https:\\\/\\\/www.eyrignac.com\\\/fr\\\/#\\\/schema\\\/logo\\\/image\\\/\"},\"sameAs\":[\"https:\\\/\\\/www.facebook.com\\\/JardinsEyrignac\\\/\",\"https:\\\/\\\/x.com\\\/eyrignac\",\"https:\\\/\\\/www.instagram.com\\\/eyrignac\\\/\",\"https:\\\/\\\/www.pinterest.fr\\\/eyrignac\\\/\",\"https:\\\/\\\/www.youtube.com\\\/channel\\\/UCjWc47ArIew83eRXXjaBowg\"]}]}<\/script>\n<!-- \/ Yoast SEO plugin. -->","yoast_head_json":{"title":"Avec 300 sculptures v\u00e9g\u00e9tales, Eyrignac est un mus\u00e9e de l'art topiaire","description":"L\u2019art topiaire est un art propre au jardinier, lequel arm\u00e9 de cisailles et de patience, donne forme au v\u00e9g\u00e9tal. A Eyrignac, l\u2019art topiaire a trouv\u00e9 un lieu d\u2019expression sans limite : boules, pyramides, c\u00f4nes, haies rectilignes, chambre de verdure, broderie...","robots":{"index":"index","follow":"follow","max-snippet":"max-snippet:-1","max-image-preview":"max-image-preview:large","max-video-preview":"max-video-preview:-1"},"canonical":"https:\/\/www.eyrignac.com\/fr\/decouvrir-jardins-eyrignac\/art-topiaire","og_locale":"fr_FR","og_type":"article","og_title":"Avec 300 sculptures v\u00e9g\u00e9tales, Eyrignac est un mus\u00e9e de l'art topiaire","og_description":"L\u2019art topiaire est un art propre au jardinier, lequel arm\u00e9 de cisailles et de patience, donne forme au v\u00e9g\u00e9tal. A Eyrignac, l\u2019art topiaire a trouv\u00e9 un lieu d\u2019expression sans limite : boules, pyramides, c\u00f4nes, haies rectilignes, chambre de verdure, broderie...","og_url":"https:\/\/www.eyrignac.com\/fr\/decouvrir-jardins-eyrignac\/art-topiaire","og_site_name":"Eyrignac et ses jardins","article_publisher":"https:\/\/www.facebook.com\/JardinsEyrignac\/","article_modified_time":"2018-04-08T15:42:22+00:00","twitter_card":"summary_large_image","twitter_site":"@eyrignac","twitter_misc":{"Dur\u00e9e de lecture estim\u00e9e":"5 minutes"},"schema":{"@context":"https:\/\/schema.org","@graph":[{"@type":"WebPage","@id":"https:\/\/www.eyrignac.com\/fr\/decouvrir-jardins-eyrignac\/art-topiaire","url":"https:\/\/www.eyrignac.com\/fr\/decouvrir-jardins-eyrignac\/art-topiaire","name":"Avec 300 sculptures v\u00e9g\u00e9tales, Eyrignac est un mus\u00e9e de l'art topiaire","isPartOf":{"@id":"https:\/\/www.eyrignac.com\/fr\/#website"},"datePublished":"2018-01-19T14:33:37+00:00","dateModified":"2018-04-08T15:42:22+00:00","description":"L\u2019art topiaire est un art propre au jardinier, lequel arm\u00e9 de cisailles et de patience, donne forme au v\u00e9g\u00e9tal. A Eyrignac, l\u2019art topiaire a trouv\u00e9 un lieu d\u2019expression sans limite : boules, pyramides, c\u00f4nes, haies rectilignes, chambre de verdure, broderie...","breadcrumb":{"@id":"https:\/\/www.eyrignac.com\/fr\/decouvrir-jardins-eyrignac\/art-topiaire#breadcrumb"},"inLanguage":"fr-FR","potentialAction":[{"@type":"ReadAction","target":["https:\/\/www.eyrignac.com\/fr\/decouvrir-jardins-eyrignac\/art-topiaire"]}]},{"@type":"BreadcrumbList","@id":"https:\/\/www.eyrignac.com\/fr\/decouvrir-jardins-eyrignac\/art-topiaire#breadcrumb","itemListElement":[{"@type":"ListItem","position":1,"name":"Accueil","item":"https:\/\/www.eyrignac.com\/fr"},{"@type":"ListItem","position":2,"name":"D\u00e9couvrir les jardins","item":"https:\/\/www.eyrignac.com\/fr\/decouvrir-jardins-eyrignac"},{"@type":"ListItem","position":3,"name":"L&rsquo;art topiaire"}]},{"@type":"WebSite","@id":"https:\/\/www.eyrignac.com\/fr\/#website","url":"https:\/\/www.eyrignac.com\/fr\/","name":"Eyrignac et ses jardins","description":"Lieu de verdure unique en Dordogne","publisher":{"@id":"https:\/\/www.eyrignac.com\/fr\/#organization"},"potentialAction":[{"@type":"SearchAction","target":{"@type":"EntryPoint","urlTemplate":"https:\/\/www.eyrignac.com\/fr\/?s={search_term_string}"},"query-input":{"@type":"PropertyValueSpecification","valueRequired":true,"valueName":"search_term_string"}}],"inLanguage":"fr-FR"},{"@type":"Organization","@id":"https:\/\/www.eyrignac.com\/fr\/#organization","name":"Eyrignac","url":"https:\/\/www.eyrignac.com\/fr\/","logo":{"@type":"ImageObject","inLanguage":"fr-FR","@id":"https:\/\/www.eyrignac.com\/fr\/#\/schema\/logo\/image\/","url":"https:\/\/www.eyrignac.com\/wp-content\/uploads\/2017\/12\/logo-eyrignac.png","contentUrl":"https:\/\/www.eyrignac.com\/wp-content\/uploads\/2017\/12\/logo-eyrignac.png","width":500,"height":189,"caption":"Eyrignac"},"image":{"@id":"https:\/\/www.eyrignac.com\/fr\/#\/schema\/logo\/image\/"},"sameAs":["https:\/\/www.facebook.com\/JardinsEyrignac\/","https:\/\/x.com\/eyrignac","https:\/\/www.instagram.com\/eyrignac\/","https:\/\/www.pinterest.fr\/eyrignac\/","https:\/\/www.youtube.com\/channel\/UCjWc47ArIew83eRXXjaBowg"]}]}},"_links":{"self":[{"href":"https:\/\/www.eyrignac.com\/fr\/wp-json\/wp\/v2\/pages\/403","targetHints":{"allow":["GET"]}}],"collection":[{"href":"https:\/\/www.eyrignac.com\/fr\/wp-json\/wp\/v2\/pages"}],"about":[{"href":"https:\/\/www.eyrignac.com\/fr\/wp-json\/wp\/v2\/types\/page"}],"author":[{"embeddable":true,"href":"https:\/\/www.eyrignac.com\/fr\/wp-json\/wp\/v2\/users\/1"}],"replies":[{"embeddable":true,"href":"https:\/\/www.eyrignac.com\/fr\/wp-json\/wp\/v2\/comments?post=403"}],"version-history":[{"count":0,"href":"https:\/\/www.eyrignac.com\/fr\/wp-json\/wp\/v2\/pages\/403\/revisions"}],"up":[{"embeddable":true,"href":"https:\/\/www.eyrignac.com\/fr\/wp-json\/wp\/v2\/pages\/11"}],"wp:attachment":[{"href":"https:\/\/www.eyrignac.com\/fr\/wp-json\/wp\/v2\/media?parent=403"}],"curies":[{"name":"wp","href":"https:\/\/api.w.org\/{rel}","templated":true}]}}