{"id":401,"date":"2018-01-19T15:33:19","date_gmt":"2018-01-19T14:33:19","guid":{"rendered":"https:\/\/www.eyrignac.com\/?page_id=401"},"modified":"2018-05-29T20:13:09","modified_gmt":"2018-05-29T18:13:09","slug":"entretien-jardins-eyrignac","status":"publish","type":"page","link":"https:\/\/www.eyrignac.com\/fr\/decouvrir-jardins-eyrignac\/entretien-jardins-eyrignac","title":{"rendered":"L&rsquo;entretien des jardins"},"content":{"rendered":"<div class=\"wpb-content-wrapper\"><p>[vc_row][vc_column][vc_column_text el_class=\u00a0\u00bbor\u00a0\u00bb]<\/p>\n<h1>Une \u00e9quipe de 6 jardiniers aux petits soins<\/h1>\n<p>[\/vc_column_text][vc_column_text css=\u00a0\u00bb.vc_custom_1516879698325{margin-bottom: 30px !important;}\u00a0\u00bb]<strong>Un jardin tel qu\u2019 Eyrignac n\u00e9cessite un entretien quotidien et un soin constant : taille des v\u00e9g\u00e9taux \u00e0 la cisaille, entretien des gazons, finitions \u2026 Tout au long de l\u2019ann\u00e9e, les 6 jardiniers tondent, ratissent, d\u00e9coupent les bordures de gazon, taillent, scarifient\u2026 pour que ce Jardin \u00e0 la Fran\u00e7aise \u00a0garde son \u00e9clat chaque jour de l\u2019ann\u00e9e ! <\/strong>[\/vc_column_text][vc_row_inner css=\u00a0\u00bb.vc_custom_1516206920135{margin-bottom: 30px !important;}\u00a0\u00bb][vc_column_inner width=\u00a0\u00bb1\/3&Prime; css=\u00a0\u00bb.vc_custom_1516958250093{padding-right: 20px !important;}\u00a0\u00bb][vc_single_image image=\u00a0\u00bb1380&Prime; img_size=\u00a0\u00bblarge\u00a0\u00bb onclick=\u00a0\u00bblink_image\u00a0\u00bb][\/vc_column_inner][vc_column_inner width=\u00a0\u00bb2\/3&Prime;][vc_column_text el_class=\u00a0\u00bbnomt nopb\u00a0\u00bb]<\/p>\n<h2>Au printemps, le moment des premi\u00e8res tailles<\/h2>\n<p>[\/vc_column_text][vc_raw_html css=\u00a0\u00bb.vc_custom_1515593443476{margin-bottom: 15px !important;}\u00a0\u00bb]JTNDZGl2JTIwY2xhc3MlM0QlMjJzZXAlMjIlM0UlM0MlMkZkaXYlM0U=[\/vc_raw_html][vc_column_text]Les jardiniers reprennent les tontes hebdomadaires des gazons et tracent \u00e0 la b\u00eache et au cordeau les bordures qu\u2019il faudra suivre une fois par mois jusqu\u2019\u00e0 l\u2019automne. Il faut remettre en \u00e9tat le syst\u00e8me d\u2019arrosage int\u00e9gr\u00e9. Il leur faut \u00e9galement d\u00e9sherber manuellement tous les massifs et planter les fleurs estivales (environ 3000). C\u2019est aussi l\u2019heure des premi\u00e8res tailles dans le jardin : charmes et lierres sont les premiers \u00e0 passer sous les cisailles expertes de nos jardiniers ![\/vc_column_text][\/vc_column_inner][\/vc_row_inner][vc_row_inner css=\u00a0\u00bb.vc_custom_1516206925030{margin-bottom: 30px !important;}\u00a0\u00bb][vc_column_inner width=\u00a0\u00bb1\/3&Prime; css=\u00a0\u00bb.vc_custom_1516958254532{padding-right: 20px !important;}\u00a0\u00bb][vc_single_image image=\u00a0\u00bb1382&Prime; img_size=\u00a0\u00bblarge\u00a0\u00bb onclick=\u00a0\u00bblink_image\u00a0\u00bb][\/vc_column_inner][vc_column_inner width=\u00a0\u00bb2\/3&Prime;][vc_column_text el_class=\u00a0\u00bbnomt nopb\u00a0\u00bb]<\/p>\n<h2>L\u2019\u00e9t\u00e9, toute l\u2019attention est sur les finitions !<\/h2>\n<p>[\/vc_column_text][vc_raw_html css=\u00a0\u00bb.vc_custom_1515593443476{margin-bottom: 15px !important;}\u00a0\u00bb]JTNDZGl2JTIwY2xhc3MlM0QlMjJzZXAlMjIlM0UlM0MlMkZkaXYlM0U=[\/vc_raw_html][vc_column_text]Les tailles continuent : premier passage pour les ifs et les buis tandis que les charmes et les lierres subissent eux des tailles de repasse. Les jardiniers suivent les bordures engazonn\u00e9es une fois par mois au ciseau \u00e0 gazon et suppriment les fleurs fan\u00e9es au s\u00e9cateur tous les 15 jours. Les jours de grande chaleur il faut porter une grande attention aux gazons et adapter l\u2019arrosage, tandis qu\u2019un arrosage manuel s\u2019impose pour les fleurs en vases et les zones non \u00e9quip\u00e9es d\u2019arroseur.[\/vc_column_text][\/vc_column_inner][\/vc_row_inner][vc_row_inner css=\u00a0\u00bb.vc_custom_1516206931934{margin-bottom: 30px !important;}\u00a0\u00bb][vc_column_inner width=\u00a0\u00bb1\/3&Prime; css=\u00a0\u00bb.vc_custom_1516958258692{padding-right: 20px !important;}\u00a0\u00bb][vc_single_image image=\u00a0\u00bb1385&Prime; img_size=\u00a0\u00bblarge\u00a0\u00bb onclick=\u00a0\u00bblink_image\u00a0\u00bb][\/vc_column_inner][vc_column_inner width=\u00a0\u00bb2\/3&Prime;][vc_column_text el_class=\u00a0\u00bbnomt nopb\u00a0\u00bb]<\/p>\n<h2>En automne, on r\u00e9g\u00e9n\u00e8re les gazons<\/h2>\n<p>[\/vc_column_text][vc_raw_html css=\u00a0\u00bb.vc_custom_1515593443476{margin-bottom: 15px !important;}\u00a0\u00bb]JTNDZGl2JTIwY2xhc3MlM0QlMjJzZXAlMjIlM0UlM0MlMkZkaXYlM0U=[\/vc_raw_html][vc_column_text]Apr\u00e8s la derni\u00e8re tonte il faut scarifier les gazons : cela retire le feutre qui se forme en surface et retire tous les d\u00e9chets dans le sol. Vient ensuite le temps des apports en mati\u00e8res organiques (fumier, algues) et sable pour a\u00e9rer ainsi qu\u2019un apport de terreau pour fertiliser les gazons. Il faut commencer \u00e0 ramasser les feuilles mortes et songer \u00e0 planter les bulbes de printemps qui \u00e9gaieront le jardin au printemps suivant.[\/vc_column_text][\/vc_column_inner][\/vc_row_inner][vc_row_inner css=\u00a0\u00bb.vc_custom_1516206931934{margin-bottom: 30px !important;}\u00a0\u00bb][vc_column_inner width=\u00a0\u00bb1\/3&Prime; css=\u00a0\u00bb.vc_custom_1516958262907{padding-right: 20px !important;}\u00a0\u00bb][vc_single_image image=\u00a0\u00bb1384&Prime; img_size=\u00a0\u00bblarge\u00a0\u00bb onclick=\u00a0\u00bblink_image\u00a0\u00bb][\/vc_column_inner][vc_column_inner width=\u00a0\u00bb2\/3&Prime;][vc_column_text el_class=\u00a0\u00bbnomt nopb\u00a0\u00bb]<\/p>\n<h2>L\u2019hiver, l\u2019heure des travaux de fond<\/h2>\n<p>[\/vc_column_text][vc_raw_html css=\u00a0\u00bb.vc_custom_1515593443476{margin-bottom: 15px !important;}\u00a0\u00bb]JTNDZGl2JTIwY2xhc3MlM0QlMjJzZXAlMjIlM0UlM0MlMkZkaXYlM0U=[\/vc_raw_html][vc_column_text]C\u2019est le moment du grand nettoyage : dans le jardin, il faut ramasser les feuilles et d\u00e9sherber les massifs ainsi que s\u00e9curiser le site (abattage de bois morts, \u00e9lagage, \u2026). Sur les zones ext\u00e9rieures, le nettoyage s\u2019impose \u00e9galement (souffleuse, d\u00e9broussailleuse, gyrobroyeur). Les jardiniers confectionnent du terreau maison avec les d\u00e9chets de taille et de tonte r\u00e9cup\u00e9r\u00e9s dans le jardin et s\u2019att\u00e8lent \u00e0 la r\u00e9vision et \u00e0 l\u2019hivernage de tout le mat\u00e9riel. C\u2019est aussi le moment id\u00e9al pour effectuer des tailles de reformation des haies principales.[\/vc_column_text][\/vc_column_inner][\/vc_row_inner][\/vc_column][\/vc_row][vc_row][vc_column][vc_btn title=\u00a0\u00bbPlus d&rsquo;informations sur l&rsquo;entretien des Jardins \u00a0\u00bb style=\u00a0\u00bbclassic\u00a0\u00bb shape=\u00a0\u00bbsquare\u00a0\u00bb color=\u00a0\u00bbwhite\u00a0\u00bb align=\u00a0\u00bbcenter\u00a0\u00bb i_align=\u00a0\u00bbright\u00a0\u00bb i_icon_fontawesome=\u00a0\u00bbfa fa-play\u00a0\u00bb button_block=\u00a0\u00bbtrue\u00a0\u00bb add_icon=\u00a0\u00bbtrue\u00a0\u00bb link=\u00a0\u00bburl:https%3A%2F%2Fwww.eyrignac.com%2Ffr%2Factualites-agenda|||\u00a0\u00bb el_class=\u00a0\u00bbor\u00a0\u00bb][vc_video link=\u00a0\u00bbhttps:\/\/youtu.be\/F5SwLkOIjis\u00a0\u00bb align=\u00a0\u00bbcenter\u00a0\u00bb][\/vc_column][\/vc_row]<\/p>\n<\/div>","protected":false},"excerpt":{"rendered":"[vc_row][vc_column][vc_column_text el_class=\u00a0\u00bbor\u00a0\u00bb] Une \u00e9quipe de 6 jardiniers aux petits soins [\/vc_column_text][vc_column_text css=\u00a0\u00bb.vc_custom_1516879698325{margin-bottom: 30px !important;}\u00a0\u00bb]Un jardin tel qu\u2019 Eyrignac n\u00e9cessite un entretien quotidien et un soin constant : taille des v\u00e9g\u00e9taux \u00e0 la cisaille, entretien des gazons, finitions \u2026 Tout au long de l\u2019ann\u00e9e, les 6 jardiniers tondent, ratissent, d\u00e9coupent les bordures de gazon, taillent, scarifient\u2026&#8230; <a class=\"view-article\" href=\"https:\/\/www.eyrignac.com\/fr\/decouvrir-jardins-eyrignac\/entretien-jardins-eyrignac\">Voir l&rsquo;article<\/a>","protected":false},"author":1,"featured_media":0,"parent":11,"menu_order":0,"comment_status":"closed","ping_status":"closed","template":"","meta":{"_acf_changed":false,"footnotes":""},"class_list":["post-401","page","type-page","status-publish","hentry"],"acf":[],"yoast_head":"<!-- This site is optimized with the Yoast SEO plugin v27.5 - https:\/\/yoast.com\/product\/yoast-seo-wordpress\/ -->\n<title>Les secrets de l&#039;entretien des jardins du Manoir d&#039;Eyrignac<\/title>\n<meta name=\"description\" content=\"Un jardin tel qu\u2019 Eyrignac n\u00e9cessite un entretien quotidien et un soin constant : taille des v\u00e9g\u00e9taux \u00e0 la cisaille, entretien des gazons, finitions \u2026 Tout au long de l\u2019ann\u00e9e, les 6 jardiniers tondent, ratissent, d\u00e9coupent les bordures de gazon, taillent, scarifient\u2026\" \/>\n<meta name=\"robots\" content=\"index, follow, max-snippet:-1, max-image-preview:large, max-video-preview:-1\" \/>\n<link rel=\"canonical\" href=\"https:\/\/www.eyrignac.com\/fr\/decouvrir-jardins-eyrignac\/entretien-jardins-eyrignac\" \/>\n<meta property=\"og:locale\" content=\"fr_FR\" \/>\n<meta property=\"og:type\" content=\"article\" \/>\n<meta property=\"og:title\" content=\"Les secrets de l&#039;entretien des jardins du Manoir d&#039;Eyrignac\" \/>\n<meta property=\"og:description\" content=\"Un jardin tel qu\u2019 Eyrignac n\u00e9cessite un entretien quotidien et un soin constant : taille des v\u00e9g\u00e9taux \u00e0 la cisaille, entretien des gazons, finitions \u2026 Tout au long de l\u2019ann\u00e9e, les 6 jardiniers tondent, ratissent, d\u00e9coupent les bordures de gazon, taillent, scarifient\u2026\" \/>\n<meta property=\"og:url\" content=\"https:\/\/www.eyrignac.com\/fr\/decouvrir-jardins-eyrignac\/entretien-jardins-eyrignac\" \/>\n<meta property=\"og:site_name\" content=\"Eyrignac et ses jardins\" \/>\n<meta property=\"article:publisher\" content=\"https:\/\/www.facebook.com\/JardinsEyrignac\/\" \/>\n<meta property=\"article:modified_time\" content=\"2018-05-29T18:13:09+00:00\" \/>\n<meta name=\"twitter:card\" content=\"summary_large_image\" \/>\n<meta name=\"twitter:site\" content=\"@eyrignac\" \/>\n<meta name=\"twitter:label1\" content=\"Dur\u00e9e de lecture estim\u00e9e\" \/>\n\t<meta name=\"twitter:data1\" content=\"4 minutes\" \/>\n<script type=\"application\/ld+json\" class=\"yoast-schema-graph\">{\"@context\":\"https:\\\/\\\/schema.org\",\"@graph\":[{\"@type\":\"WebPage\",\"@id\":\"https:\\\/\\\/www.eyrignac.com\\\/fr\\\/decouvrir-jardins-eyrignac\\\/entretien-jardins-eyrignac\",\"url\":\"https:\\\/\\\/www.eyrignac.com\\\/fr\\\/decouvrir-jardins-eyrignac\\\/entretien-jardins-eyrignac\",\"name\":\"Les secrets de l'entretien des jardins du Manoir d'Eyrignac\",\"isPartOf\":{\"@id\":\"https:\\\/\\\/www.eyrignac.com\\\/fr\\\/#website\"},\"datePublished\":\"2018-01-19T14:33:19+00:00\",\"dateModified\":\"2018-05-29T18:13:09+00:00\",\"description\":\"Un jardin tel qu\u2019 Eyrignac n\u00e9cessite un entretien quotidien et un soin constant : taille des v\u00e9g\u00e9taux \u00e0 la cisaille, entretien des gazons, finitions \u2026 Tout au long de l\u2019ann\u00e9e, les 6 jardiniers tondent, ratissent, d\u00e9coupent les bordures de gazon, taillent, scarifient\u2026\",\"breadcrumb\":{\"@id\":\"https:\\\/\\\/www.eyrignac.com\\\/fr\\\/decouvrir-jardins-eyrignac\\\/entretien-jardins-eyrignac#breadcrumb\"},\"inLanguage\":\"fr-FR\",\"potentialAction\":[{\"@type\":\"ReadAction\",\"target\":[\"https:\\\/\\\/www.eyrignac.com\\\/fr\\\/decouvrir-jardins-eyrignac\\\/entretien-jardins-eyrignac\"]}]},{\"@type\":\"BreadcrumbList\",\"@id\":\"https:\\\/\\\/www.eyrignac.com\\\/fr\\\/decouvrir-jardins-eyrignac\\\/entretien-jardins-eyrignac#breadcrumb\",\"itemListElement\":[{\"@type\":\"ListItem\",\"position\":1,\"name\":\"Accueil\",\"item\":\"https:\\\/\\\/www.eyrignac.com\\\/fr\"},{\"@type\":\"ListItem\",\"position\":2,\"name\":\"D\u00e9couvrir les jardins\",\"item\":\"https:\\\/\\\/www.eyrignac.com\\\/fr\\\/decouvrir-jardins-eyrignac\"},{\"@type\":\"ListItem\",\"position\":3,\"name\":\"L&rsquo;entretien des jardins\"}]},{\"@type\":\"WebSite\",\"@id\":\"https:\\\/\\\/www.eyrignac.com\\\/fr\\\/#website\",\"url\":\"https:\\\/\\\/www.eyrignac.com\\\/fr\\\/\",\"name\":\"Eyrignac et ses jardins\",\"description\":\"Lieu de verdure unique en Dordogne\",\"publisher\":{\"@id\":\"https:\\\/\\\/www.eyrignac.com\\\/fr\\\/#organization\"},\"potentialAction\":[{\"@type\":\"SearchAction\",\"target\":{\"@type\":\"EntryPoint\",\"urlTemplate\":\"https:\\\/\\\/www.eyrignac.com\\\/fr\\\/?s={search_term_string}\"},\"query-input\":{\"@type\":\"PropertyValueSpecification\",\"valueRequired\":true,\"valueName\":\"search_term_string\"}}],\"inLanguage\":\"fr-FR\"},{\"@type\":\"Organization\",\"@id\":\"https:\\\/\\\/www.eyrignac.com\\\/fr\\\/#organization\",\"name\":\"Eyrignac\",\"url\":\"https:\\\/\\\/www.eyrignac.com\\\/fr\\\/\",\"logo\":{\"@type\":\"ImageObject\",\"inLanguage\":\"fr-FR\",\"@id\":\"https:\\\/\\\/www.eyrignac.com\\\/fr\\\/#\\\/schema\\\/logo\\\/image\\\/\",\"url\":\"https:\\\/\\\/www.eyrignac.com\\\/wp-content\\\/uploads\\\/2017\\\/12\\\/logo-eyrignac.png\",\"contentUrl\":\"https:\\\/\\\/www.eyrignac.com\\\/wp-content\\\/uploads\\\/2017\\\/12\\\/logo-eyrignac.png\",\"width\":500,\"height\":189,\"caption\":\"Eyrignac\"},\"image\":{\"@id\":\"https:\\\/\\\/www.eyrignac.com\\\/fr\\\/#\\\/schema\\\/logo\\\/image\\\/\"},\"sameAs\":[\"https:\\\/\\\/www.facebook.com\\\/JardinsEyrignac\\\/\",\"https:\\\/\\\/x.com\\\/eyrignac\",\"https:\\\/\\\/www.instagram.com\\\/eyrignac\\\/\",\"https:\\\/\\\/www.pinterest.fr\\\/eyrignac\\\/\",\"https:\\\/\\\/www.youtube.com\\\/channel\\\/UCjWc47ArIew83eRXXjaBowg\"]}]}<\/script>\n<!-- \/ Yoast SEO plugin. -->","yoast_head_json":{"title":"Les secrets de l'entretien des jardins du Manoir d'Eyrignac","description":"Un jardin tel qu\u2019 Eyrignac n\u00e9cessite un entretien quotidien et un soin constant : taille des v\u00e9g\u00e9taux \u00e0 la cisaille, entretien des gazons, finitions \u2026 Tout au long de l\u2019ann\u00e9e, les 6 jardiniers tondent, ratissent, d\u00e9coupent les bordures de gazon, taillent, scarifient\u2026","robots":{"index":"index","follow":"follow","max-snippet":"max-snippet:-1","max-image-preview":"max-image-preview:large","max-video-preview":"max-video-preview:-1"},"canonical":"https:\/\/www.eyrignac.com\/fr\/decouvrir-jardins-eyrignac\/entretien-jardins-eyrignac","og_locale":"fr_FR","og_type":"article","og_title":"Les secrets de l'entretien des jardins du Manoir d'Eyrignac","og_description":"Un jardin tel qu\u2019 Eyrignac n\u00e9cessite un entretien quotidien et un soin constant : taille des v\u00e9g\u00e9taux \u00e0 la cisaille, entretien des gazons, finitions \u2026 Tout au long de l\u2019ann\u00e9e, les 6 jardiniers tondent, ratissent, d\u00e9coupent les bordures de gazon, taillent, scarifient\u2026","og_url":"https:\/\/www.eyrignac.com\/fr\/decouvrir-jardins-eyrignac\/entretien-jardins-eyrignac","og_site_name":"Eyrignac et ses jardins","article_publisher":"https:\/\/www.facebook.com\/JardinsEyrignac\/","article_modified_time":"2018-05-29T18:13:09+00:00","twitter_card":"summary_large_image","twitter_site":"@eyrignac","twitter_misc":{"Dur\u00e9e de lecture estim\u00e9e":"4 minutes"},"schema":{"@context":"https:\/\/schema.org","@graph":[{"@type":"WebPage","@id":"https:\/\/www.eyrignac.com\/fr\/decouvrir-jardins-eyrignac\/entretien-jardins-eyrignac","url":"https:\/\/www.eyrignac.com\/fr\/decouvrir-jardins-eyrignac\/entretien-jardins-eyrignac","name":"Les secrets de l'entretien des jardins du Manoir d'Eyrignac","isPartOf":{"@id":"https:\/\/www.eyrignac.com\/fr\/#website"},"datePublished":"2018-01-19T14:33:19+00:00","dateModified":"2018-05-29T18:13:09+00:00","description":"Un jardin tel qu\u2019 Eyrignac n\u00e9cessite un entretien quotidien et un soin constant : taille des v\u00e9g\u00e9taux \u00e0 la cisaille, entretien des gazons, finitions \u2026 Tout au long de l\u2019ann\u00e9e, les 6 jardiniers tondent, ratissent, d\u00e9coupent les bordures de gazon, taillent, scarifient\u2026","breadcrumb":{"@id":"https:\/\/www.eyrignac.com\/fr\/decouvrir-jardins-eyrignac\/entretien-jardins-eyrignac#breadcrumb"},"inLanguage":"fr-FR","potentialAction":[{"@type":"ReadAction","target":["https:\/\/www.eyrignac.com\/fr\/decouvrir-jardins-eyrignac\/entretien-jardins-eyrignac"]}]},{"@type":"BreadcrumbList","@id":"https:\/\/www.eyrignac.com\/fr\/decouvrir-jardins-eyrignac\/entretien-jardins-eyrignac#breadcrumb","itemListElement":[{"@type":"ListItem","position":1,"name":"Accueil","item":"https:\/\/www.eyrignac.com\/fr"},{"@type":"ListItem","position":2,"name":"D\u00e9couvrir les jardins","item":"https:\/\/www.eyrignac.com\/fr\/decouvrir-jardins-eyrignac"},{"@type":"ListItem","position":3,"name":"L&rsquo;entretien des jardins"}]},{"@type":"WebSite","@id":"https:\/\/www.eyrignac.com\/fr\/#website","url":"https:\/\/www.eyrignac.com\/fr\/","name":"Eyrignac et ses jardins","description":"Lieu de verdure unique en Dordogne","publisher":{"@id":"https:\/\/www.eyrignac.com\/fr\/#organization"},"potentialAction":[{"@type":"SearchAction","target":{"@type":"EntryPoint","urlTemplate":"https:\/\/www.eyrignac.com\/fr\/?s={search_term_string}"},"query-input":{"@type":"PropertyValueSpecification","valueRequired":true,"valueName":"search_term_string"}}],"inLanguage":"fr-FR"},{"@type":"Organization","@id":"https:\/\/www.eyrignac.com\/fr\/#organization","name":"Eyrignac","url":"https:\/\/www.eyrignac.com\/fr\/","logo":{"@type":"ImageObject","inLanguage":"fr-FR","@id":"https:\/\/www.eyrignac.com\/fr\/#\/schema\/logo\/image\/","url":"https:\/\/www.eyrignac.com\/wp-content\/uploads\/2017\/12\/logo-eyrignac.png","contentUrl":"https:\/\/www.eyrignac.com\/wp-content\/uploads\/2017\/12\/logo-eyrignac.png","width":500,"height":189,"caption":"Eyrignac"},"image":{"@id":"https:\/\/www.eyrignac.com\/fr\/#\/schema\/logo\/image\/"},"sameAs":["https:\/\/www.facebook.com\/JardinsEyrignac\/","https:\/\/x.com\/eyrignac","https:\/\/www.instagram.com\/eyrignac\/","https:\/\/www.pinterest.fr\/eyrignac\/","https:\/\/www.youtube.com\/channel\/UCjWc47ArIew83eRXXjaBowg"]}]}},"_links":{"self":[{"href":"https:\/\/www.eyrignac.com\/fr\/wp-json\/wp\/v2\/pages\/401","targetHints":{"allow":["GET"]}}],"collection":[{"href":"https:\/\/www.eyrignac.com\/fr\/wp-json\/wp\/v2\/pages"}],"about":[{"href":"https:\/\/www.eyrignac.com\/fr\/wp-json\/wp\/v2\/types\/page"}],"author":[{"embeddable":true,"href":"https:\/\/www.eyrignac.com\/fr\/wp-json\/wp\/v2\/users\/1"}],"replies":[{"embeddable":true,"href":"https:\/\/www.eyrignac.com\/fr\/wp-json\/wp\/v2\/comments?post=401"}],"version-history":[{"count":0,"href":"https:\/\/www.eyrignac.com\/fr\/wp-json\/wp\/v2\/pages\/401\/revisions"}],"up":[{"embeddable":true,"href":"https:\/\/www.eyrignac.com\/fr\/wp-json\/wp\/v2\/pages\/11"}],"wp:attachment":[{"href":"https:\/\/www.eyrignac.com\/fr\/wp-json\/wp\/v2\/media?parent=401"}],"curies":[{"name":"wp","href":"https:\/\/api.w.org\/{rel}","templated":true}]}}