{"id":399,"date":"2018-01-19T15:30:53","date_gmt":"2018-01-19T14:30:53","guid":{"rendered":"https:\/\/www.eyrignac.com\/?page_id=399"},"modified":"2019-08-16T09:23:46","modified_gmt":"2019-08-16T07:23:46","slug":"jardins-eyrignac-heritage-familial","status":"publish","type":"page","link":"https:\/\/www.eyrignac.com\/fr\/decouvrir-jardins-eyrignac\/jardins-eyrignac-heritage-familial","title":{"rendered":"Un h\u00e9ritage familial"},"content":{"rendered":"<div class=\"wpb-content-wrapper\"><p>[vc_row][vc_column][vc_column_text el_class=\u00a0\u00bbor\u00a0\u00bb]<\/p>\n<h1>Les jardins fran\u00e7ais d\u2019Eyrignac, un h\u00e9ritage familial entretenu avec passion<\/h1>\n<p>[\/vc_column_text][vc_column_text css=\u00a0\u00bb.vc_custom_1522681662178{margin-bottom: 30px !important;}\u00a0\u00bb]<strong>Ce jardin de verdure, nich\u00e9 au coeur du P\u00e9rigord Noir, se d\u00e9cline dans toutes les teintes de vert : ifs, buis, charmes et cypr\u00e8s sont les essences principales du jardin. Ce sont les volumes des topiaires qui font toute l\u2019intelligence d\u2019Eyrignac : sculptures v\u00e9g\u00e9tales, chambres de verdure, broderies de buis, parterre \u00e0 la Fran\u00e7aise&#8230; La diversit\u00e9 des formes semble ne pas avoir de limite, tout en restant en harmonie avec les lignes architecturales du Manoir et le domaine naturel pr\u00e9serv\u00e9 de 200 hectares qui entoure cet \u00e9crin. Ces Jardins m\u00ealent l\u2019\u00e9quilibre classique et structur\u00e9 des jardins Fran\u00e7ais avec les mouvements et la fantaisie de la lointaine Renaissance Italienne.<\/strong>[\/vc_column_text][vc_row_inner css=\u00a0\u00bb.vc_custom_1516206920135{margin-bottom: 30px !important;}\u00a0\u00bb][vc_column_inner width=\u00a0\u00bb1\/3&Prime; css=\u00a0\u00bb.vc_custom_1516958274612{padding-right: 20px !important;}\u00a0\u00bb][vc_single_image image=\u00a0\u00bb1467&Prime; img_size=\u00a0\u00bblarge\u00a0\u00bb onclick=\u00a0\u00bblink_image\u00a0\u00bb][vc_single_image image=\u00a0\u00bb1469&Prime; img_size=\u00a0\u00bblarge\u00a0\u00bb onclick=\u00a0\u00bblink_image\u00a0\u00bb][vc_single_image image=\u00a0\u00bb596&Prime; img_size=\u00a0\u00bblarge\u00a0\u00bb onclick=\u00a0\u00bblink_image\u00a0\u00bb][\/vc_column_inner][vc_column_inner width=\u00a0\u00bb2\/3&Prime;][vc_column_text el_class=\u00a0\u00bbnomt nopb\u00a0\u00bb]<\/p>\n<h2>10 hectares de sculptures v\u00e9g\u00e9tales<\/h2>\n<p>[\/vc_column_text][vc_raw_html css=\u00a0\u00bb.vc_custom_1515593443476{margin-bottom: 15px !important;}\u00a0\u00bb]JTNDZGl2JTIwY2xhc3MlM0QlMjJzZXAlMjIlM0UlM0MlMkZkaXYlM0U=[\/vc_raw_html][vc_column_text]\u201cDans ma famille, les Jardins Fran\u00e7ais du Manoir d\u2019Eyrignac ont \u00e9t\u00e9 transmis en h\u00e9ritage par les fils et les filles depuis 500 ans : 22 g\u00e9n\u00e9rations se sont succ\u00e9d\u00e9 depuis la construction du premier castel ou repaire noble. Lors de la Fronde des Princes au XVIIe si\u00e8cle, en r\u00e9bellion contre Mazarin, mon anc\u00eatre demeura dans le camp loyaliste : les troupes du Grand Cond\u00e9, en repr\u00e9sailles, d\u00e9truisirent alors le premier castel, datant du Haut Moyen-\u00e2ge Le Manoir actuel fut reconstruit par Antoine de Costes de la Calpren\u00e8de au XVIIe si\u00e8cle sur les ruines de l\u2019ancien repaire noble. Les premiers jardins ont \u00e9t\u00e9 con\u00e7us au XVIIIe si\u00e8cle, \u00e0 l\u2019initiative de Louis-Antoine Gabriel de la Calpren\u00e8de (arri\u00e8re petit fils d\u2019Antoine) : jardins \u00e0 la Fran\u00e7aise inspir\u00e9s par ceux des villas d\u2019Italie comme le go\u00fbt de l\u2019\u00e9poque le voulait. Ils furent compl\u00e8tement remani\u00e9s au XIXe si\u00e8cle pour suivre la nouvelle mode, et devinrent un parc \u00e0 l\u2019anglaise.<br \/>\nMon p\u00e8re, Gilles Sermadiras, a souhait\u00e9 lui redonner vie tel qu\u2019il devait \u00eatre au XVIIIe si\u00e8cle. Il s\u2019en remit \u00e0 sa propre inspiration et rechercha sur le terrain toutes les traces de l\u2019ancien jardin : murets, escaliers, ancien bassin, etc&#8230; Il dessina lui-m\u00eame le jardin si souvent imagin\u00e9 et qui correspondait \u00e0 son caract\u00e8re.<br \/>\nJe m\u2019attache maintenant \u00e0 pr\u00e9server ce \u00ab jardin secret \u00bb et tente chaque jour de rendre hommage \u00e0 la cr\u00e9ativit\u00e9 de mon p\u00e8re en perp\u00e9tuant son oeuvre avec rigueur et passion.\u201c<\/p>\n<p>Patrick Sermadiras de Pouzols de Lile[\/vc_column_text][\/vc_column_inner][\/vc_row_inner][\/vc_column][\/vc_row]<\/p>\n<\/div>","protected":false},"excerpt":{"rendered":"[vc_row][vc_column][vc_column_text el_class=\u00a0\u00bbor\u00a0\u00bb] Les jardins fran\u00e7ais d\u2019Eyrignac, un h\u00e9ritage familial entretenu avec passion [\/vc_column_text][vc_column_text css=\u00a0\u00bb.vc_custom_1522681662178{margin-bottom: 30px !important;}\u00a0\u00bb]Ce jardin de verdure, nich\u00e9 au coeur du P\u00e9rigord Noir, se d\u00e9cline dans toutes les teintes de vert : ifs, buis, charmes et cypr\u00e8s sont les essences principales du jardin. Ce sont les volumes des topiaires qui font toute l\u2019intelligence&#8230; <a class=\"view-article\" href=\"https:\/\/www.eyrignac.com\/fr\/decouvrir-jardins-eyrignac\/jardins-eyrignac-heritage-familial\">Voir l&rsquo;article<\/a>","protected":false},"author":1,"featured_media":0,"parent":11,"menu_order":0,"comment_status":"closed","ping_status":"closed","template":"","meta":{"_acf_changed":false,"footnotes":""},"class_list":["post-399","page","type-page","status-publish","hentry"],"acf":[],"yoast_head":"<!-- This site is optimized with the Yoast SEO plugin v27.5 - https:\/\/yoast.com\/product\/yoast-seo-wordpress\/ -->\n<title>Les jardins fran\u00e7ais d\u2019Eyrignac, un h\u00e9ritage familial entretenu avec passion<\/title>\n<meta name=\"description\" content=\"Le domaine d&#039;Eyrignac est une histoire de famille depuis 500 ans. 22 g\u00e9n\u00e9rations s&#039;y succ\u00e8dent depuis la Renaissance, chacune apportant sa pierre \u00e0 l&#039;\u00e9difice : construction du Manoir, am\u00e9nagement de jardins \u00e0 la fran\u00e7aise, puis \u00e0 l&#039;anglaise pour revenir \u00e0 des jardins...\" \/>\n<meta name=\"robots\" content=\"index, follow, max-snippet:-1, max-image-preview:large, max-video-preview:-1\" \/>\n<link rel=\"canonical\" href=\"https:\/\/www.eyrignac.com\/fr\/decouvrir-jardins-eyrignac\/jardins-eyrignac-heritage-familial\" \/>\n<meta property=\"og:locale\" content=\"fr_FR\" \/>\n<meta property=\"og:type\" content=\"article\" \/>\n<meta property=\"og:title\" content=\"Les jardins fran\u00e7ais d\u2019Eyrignac, un h\u00e9ritage familial entretenu avec passion\" \/>\n<meta property=\"og:description\" content=\"Le domaine d&#039;Eyrignac est une histoire de famille depuis 500 ans. 22 g\u00e9n\u00e9rations s&#039;y succ\u00e8dent depuis la Renaissance, chacune apportant sa pierre \u00e0 l&#039;\u00e9difice : construction du Manoir, am\u00e9nagement de jardins \u00e0 la fran\u00e7aise, puis \u00e0 l&#039;anglaise pour revenir \u00e0 des jardins...\" \/>\n<meta property=\"og:url\" content=\"https:\/\/www.eyrignac.com\/fr\/decouvrir-jardins-eyrignac\/jardins-eyrignac-heritage-familial\" \/>\n<meta property=\"og:site_name\" content=\"Eyrignac et ses jardins\" \/>\n<meta property=\"article:publisher\" content=\"https:\/\/www.facebook.com\/JardinsEyrignac\/\" \/>\n<meta property=\"article:modified_time\" content=\"2019-08-16T07:23:46+00:00\" \/>\n<meta name=\"twitter:card\" content=\"summary_large_image\" \/>\n<meta name=\"twitter:site\" content=\"@eyrignac\" \/>\n<meta name=\"twitter:label1\" content=\"Dur\u00e9e de lecture estim\u00e9e\" \/>\n\t<meta name=\"twitter:data1\" content=\"3 minutes\" \/>\n<script type=\"application\/ld+json\" class=\"yoast-schema-graph\">{\"@context\":\"https:\\\/\\\/schema.org\",\"@graph\":[{\"@type\":\"WebPage\",\"@id\":\"https:\\\/\\\/www.eyrignac.com\\\/fr\\\/decouvrir-jardins-eyrignac\\\/jardins-eyrignac-heritage-familial\",\"url\":\"https:\\\/\\\/www.eyrignac.com\\\/fr\\\/decouvrir-jardins-eyrignac\\\/jardins-eyrignac-heritage-familial\",\"name\":\"Les jardins fran\u00e7ais d\u2019Eyrignac, un h\u00e9ritage familial entretenu avec passion\",\"isPartOf\":{\"@id\":\"https:\\\/\\\/www.eyrignac.com\\\/fr\\\/#website\"},\"datePublished\":\"2018-01-19T14:30:53+00:00\",\"dateModified\":\"2019-08-16T07:23:46+00:00\",\"description\":\"Le domaine d'Eyrignac est une histoire de famille depuis 500 ans. 22 g\u00e9n\u00e9rations s'y succ\u00e8dent depuis la Renaissance, chacune apportant sa pierre \u00e0 l'\u00e9difice : construction du Manoir, am\u00e9nagement de jardins \u00e0 la fran\u00e7aise, puis \u00e0 l'anglaise pour revenir \u00e0 des jardins...\",\"breadcrumb\":{\"@id\":\"https:\\\/\\\/www.eyrignac.com\\\/fr\\\/decouvrir-jardins-eyrignac\\\/jardins-eyrignac-heritage-familial#breadcrumb\"},\"inLanguage\":\"fr-FR\",\"potentialAction\":[{\"@type\":\"ReadAction\",\"target\":[\"https:\\\/\\\/www.eyrignac.com\\\/fr\\\/decouvrir-jardins-eyrignac\\\/jardins-eyrignac-heritage-familial\"]}]},{\"@type\":\"BreadcrumbList\",\"@id\":\"https:\\\/\\\/www.eyrignac.com\\\/fr\\\/decouvrir-jardins-eyrignac\\\/jardins-eyrignac-heritage-familial#breadcrumb\",\"itemListElement\":[{\"@type\":\"ListItem\",\"position\":1,\"name\":\"Accueil\",\"item\":\"https:\\\/\\\/www.eyrignac.com\\\/fr\"},{\"@type\":\"ListItem\",\"position\":2,\"name\":\"D\u00e9couvrir les jardins\",\"item\":\"https:\\\/\\\/www.eyrignac.com\\\/fr\\\/decouvrir-jardins-eyrignac\"},{\"@type\":\"ListItem\",\"position\":3,\"name\":\"Un h\u00e9ritage familial\"}]},{\"@type\":\"WebSite\",\"@id\":\"https:\\\/\\\/www.eyrignac.com\\\/fr\\\/#website\",\"url\":\"https:\\\/\\\/www.eyrignac.com\\\/fr\\\/\",\"name\":\"Eyrignac et ses jardins\",\"description\":\"Lieu de verdure unique en Dordogne\",\"publisher\":{\"@id\":\"https:\\\/\\\/www.eyrignac.com\\\/fr\\\/#organization\"},\"potentialAction\":[{\"@type\":\"SearchAction\",\"target\":{\"@type\":\"EntryPoint\",\"urlTemplate\":\"https:\\\/\\\/www.eyrignac.com\\\/fr\\\/?s={search_term_string}\"},\"query-input\":{\"@type\":\"PropertyValueSpecification\",\"valueRequired\":true,\"valueName\":\"search_term_string\"}}],\"inLanguage\":\"fr-FR\"},{\"@type\":\"Organization\",\"@id\":\"https:\\\/\\\/www.eyrignac.com\\\/fr\\\/#organization\",\"name\":\"Eyrignac\",\"url\":\"https:\\\/\\\/www.eyrignac.com\\\/fr\\\/\",\"logo\":{\"@type\":\"ImageObject\",\"inLanguage\":\"fr-FR\",\"@id\":\"https:\\\/\\\/www.eyrignac.com\\\/fr\\\/#\\\/schema\\\/logo\\\/image\\\/\",\"url\":\"https:\\\/\\\/www.eyrignac.com\\\/wp-content\\\/uploads\\\/2017\\\/12\\\/logo-eyrignac.png\",\"contentUrl\":\"https:\\\/\\\/www.eyrignac.com\\\/wp-content\\\/uploads\\\/2017\\\/12\\\/logo-eyrignac.png\",\"width\":500,\"height\":189,\"caption\":\"Eyrignac\"},\"image\":{\"@id\":\"https:\\\/\\\/www.eyrignac.com\\\/fr\\\/#\\\/schema\\\/logo\\\/image\\\/\"},\"sameAs\":[\"https:\\\/\\\/www.facebook.com\\\/JardinsEyrignac\\\/\",\"https:\\\/\\\/x.com\\\/eyrignac\",\"https:\\\/\\\/www.instagram.com\\\/eyrignac\\\/\",\"https:\\\/\\\/www.pinterest.fr\\\/eyrignac\\\/\",\"https:\\\/\\\/www.youtube.com\\\/channel\\\/UCjWc47ArIew83eRXXjaBowg\"]}]}<\/script>\n<!-- \/ Yoast SEO plugin. -->","yoast_head_json":{"title":"Les jardins fran\u00e7ais d\u2019Eyrignac, un h\u00e9ritage familial entretenu avec passion","description":"Le domaine d'Eyrignac est une histoire de famille depuis 500 ans. 22 g\u00e9n\u00e9rations s'y succ\u00e8dent depuis la Renaissance, chacune apportant sa pierre \u00e0 l'\u00e9difice : construction du Manoir, am\u00e9nagement de jardins \u00e0 la fran\u00e7aise, puis \u00e0 l'anglaise pour revenir \u00e0 des jardins...","robots":{"index":"index","follow":"follow","max-snippet":"max-snippet:-1","max-image-preview":"max-image-preview:large","max-video-preview":"max-video-preview:-1"},"canonical":"https:\/\/www.eyrignac.com\/fr\/decouvrir-jardins-eyrignac\/jardins-eyrignac-heritage-familial","og_locale":"fr_FR","og_type":"article","og_title":"Les jardins fran\u00e7ais d\u2019Eyrignac, un h\u00e9ritage familial entretenu avec passion","og_description":"Le domaine d'Eyrignac est une histoire de famille depuis 500 ans. 22 g\u00e9n\u00e9rations s'y succ\u00e8dent depuis la Renaissance, chacune apportant sa pierre \u00e0 l'\u00e9difice : construction du Manoir, am\u00e9nagement de jardins \u00e0 la fran\u00e7aise, puis \u00e0 l'anglaise pour revenir \u00e0 des jardins...","og_url":"https:\/\/www.eyrignac.com\/fr\/decouvrir-jardins-eyrignac\/jardins-eyrignac-heritage-familial","og_site_name":"Eyrignac et ses jardins","article_publisher":"https:\/\/www.facebook.com\/JardinsEyrignac\/","article_modified_time":"2019-08-16T07:23:46+00:00","twitter_card":"summary_large_image","twitter_site":"@eyrignac","twitter_misc":{"Dur\u00e9e de lecture estim\u00e9e":"3 minutes"},"schema":{"@context":"https:\/\/schema.org","@graph":[{"@type":"WebPage","@id":"https:\/\/www.eyrignac.com\/fr\/decouvrir-jardins-eyrignac\/jardins-eyrignac-heritage-familial","url":"https:\/\/www.eyrignac.com\/fr\/decouvrir-jardins-eyrignac\/jardins-eyrignac-heritage-familial","name":"Les jardins fran\u00e7ais d\u2019Eyrignac, un h\u00e9ritage familial entretenu avec passion","isPartOf":{"@id":"https:\/\/www.eyrignac.com\/fr\/#website"},"datePublished":"2018-01-19T14:30:53+00:00","dateModified":"2019-08-16T07:23:46+00:00","description":"Le domaine d'Eyrignac est une histoire de famille depuis 500 ans. 22 g\u00e9n\u00e9rations s'y succ\u00e8dent depuis la Renaissance, chacune apportant sa pierre \u00e0 l'\u00e9difice : construction du Manoir, am\u00e9nagement de jardins \u00e0 la fran\u00e7aise, puis \u00e0 l'anglaise pour revenir \u00e0 des jardins...","breadcrumb":{"@id":"https:\/\/www.eyrignac.com\/fr\/decouvrir-jardins-eyrignac\/jardins-eyrignac-heritage-familial#breadcrumb"},"inLanguage":"fr-FR","potentialAction":[{"@type":"ReadAction","target":["https:\/\/www.eyrignac.com\/fr\/decouvrir-jardins-eyrignac\/jardins-eyrignac-heritage-familial"]}]},{"@type":"BreadcrumbList","@id":"https:\/\/www.eyrignac.com\/fr\/decouvrir-jardins-eyrignac\/jardins-eyrignac-heritage-familial#breadcrumb","itemListElement":[{"@type":"ListItem","position":1,"name":"Accueil","item":"https:\/\/www.eyrignac.com\/fr"},{"@type":"ListItem","position":2,"name":"D\u00e9couvrir les jardins","item":"https:\/\/www.eyrignac.com\/fr\/decouvrir-jardins-eyrignac"},{"@type":"ListItem","position":3,"name":"Un h\u00e9ritage familial"}]},{"@type":"WebSite","@id":"https:\/\/www.eyrignac.com\/fr\/#website","url":"https:\/\/www.eyrignac.com\/fr\/","name":"Eyrignac et ses jardins","description":"Lieu de verdure unique en Dordogne","publisher":{"@id":"https:\/\/www.eyrignac.com\/fr\/#organization"},"potentialAction":[{"@type":"SearchAction","target":{"@type":"EntryPoint","urlTemplate":"https:\/\/www.eyrignac.com\/fr\/?s={search_term_string}"},"query-input":{"@type":"PropertyValueSpecification","valueRequired":true,"valueName":"search_term_string"}}],"inLanguage":"fr-FR"},{"@type":"Organization","@id":"https:\/\/www.eyrignac.com\/fr\/#organization","name":"Eyrignac","url":"https:\/\/www.eyrignac.com\/fr\/","logo":{"@type":"ImageObject","inLanguage":"fr-FR","@id":"https:\/\/www.eyrignac.com\/fr\/#\/schema\/logo\/image\/","url":"https:\/\/www.eyrignac.com\/wp-content\/uploads\/2017\/12\/logo-eyrignac.png","contentUrl":"https:\/\/www.eyrignac.com\/wp-content\/uploads\/2017\/12\/logo-eyrignac.png","width":500,"height":189,"caption":"Eyrignac"},"image":{"@id":"https:\/\/www.eyrignac.com\/fr\/#\/schema\/logo\/image\/"},"sameAs":["https:\/\/www.facebook.com\/JardinsEyrignac\/","https:\/\/x.com\/eyrignac","https:\/\/www.instagram.com\/eyrignac\/","https:\/\/www.pinterest.fr\/eyrignac\/","https:\/\/www.youtube.com\/channel\/UCjWc47ArIew83eRXXjaBowg"]}]}},"_links":{"self":[{"href":"https:\/\/www.eyrignac.com\/fr\/wp-json\/wp\/v2\/pages\/399","targetHints":{"allow":["GET"]}}],"collection":[{"href":"https:\/\/www.eyrignac.com\/fr\/wp-json\/wp\/v2\/pages"}],"about":[{"href":"https:\/\/www.eyrignac.com\/fr\/wp-json\/wp\/v2\/types\/page"}],"author":[{"embeddable":true,"href":"https:\/\/www.eyrignac.com\/fr\/wp-json\/wp\/v2\/users\/1"}],"replies":[{"embeddable":true,"href":"https:\/\/www.eyrignac.com\/fr\/wp-json\/wp\/v2\/comments?post=399"}],"version-history":[{"count":0,"href":"https:\/\/www.eyrignac.com\/fr\/wp-json\/wp\/v2\/pages\/399\/revisions"}],"up":[{"embeddable":true,"href":"https:\/\/www.eyrignac.com\/fr\/wp-json\/wp\/v2\/pages\/11"}],"wp:attachment":[{"href":"https:\/\/www.eyrignac.com\/fr\/wp-json\/wp\/v2\/media?parent=399"}],"curies":[{"name":"wp","href":"https:\/\/api.w.org\/{rel}","templated":true}]}}