{"id":397,"date":"2018-01-19T15:30:19","date_gmt":"2018-01-19T14:30:19","guid":{"rendered":"https:\/\/www.eyrignac.com\/?page_id=397"},"modified":"2018-04-08T20:52:49","modified_gmt":"2018-04-08T18:52:49","slug":"un-apercu-eyrignac","status":"publish","type":"page","link":"https:\/\/www.eyrignac.com\/fr\/decouvrir-jardins-eyrignac\/un-apercu-eyrignac","title":{"rendered":"Un aper\u00e7u d&rsquo;Eyrignac"},"content":{"rendered":"<div class=\"wpb-content-wrapper\"><p>[vc_row css=\u00a0\u00bb.vc_custom_1521112459502{padding-top: 0px !important;}\u00a0\u00bb][vc_column][vc_column_text el_class=\u00a0\u00bbor\u00a0\u00bb css=\u00a0\u00bb.vc_custom_1521112434763{padding-top: 0px !important;}\u00a0\u00bb]<\/p>\n<h1>Eyrignac et ses jardins<\/h1>\n<p>[\/vc_column_text][vc_column_text]<strong>Un climat temp\u00e9r\u00e9, une terre g\u00e9n\u00e9reuse o\u00f9 7 sources jaillissent, une faune et une flore abondantes, une vue sur les collines du P\u00e9rigord noir, tout concourt \u00e0 faire du domaine d\u2019Eyrignac un doux paradis. Nich\u00e9s au coeur de ce domaine de 200 ha, tel un joyau dans un \u00e9crin de verdure, les Jardins d\u2019Eyrignac, immuables, entourent le Manoir familial du XVIIe si\u00e8cle d\u2019un th\u00e9\u00e2tre v\u00e9g\u00e9tal o\u00f9 se joue en toute saison le spectacle de la Nature. Enti\u00e8rement recompos\u00e9s \u00e0 partir de 1965, les Jardins du Manoir d\u2019Eyrignac sont ouverts au public depuis 1987 et ont \u00e9t\u00e9 labellis\u00e9s \u201cjardins remarquables\u201d en 2004. Nous vous invitons ici \u00e0 d\u00e9couvrir de mani\u00e8re virtuelle les 300 topiaires d\u2019ifs, de buis, de charmes et de lierre, v\u00e9ritables sculptures v\u00e9g\u00e9tales fa\u00e7onn\u00e9es par la taille manuelle, les tapis de gazon, les fontaines, les bassins, la roseraie et les jardins de fleurs et de l\u00e9gumes qui composent le jardin fran\u00e7ais et les jardins champ\u00eatres ainsi que les sentiers botaniques du domaine. A bient\u00f4t \u00e0 Eyrignac !<\/strong>[\/vc_column_text][\/vc_column][\/vc_row][vc_row][vc_column][vc_video link=\u00a0\u00bbhttps:\/\/www.youtube.com\/watch?v=wgT1LPwM88Y\u00a0\u00bb align=\u00a0\u00bbcenter\u00a0\u00bb][vc_video link=\u00a0\u00bbhttps:\/\/youtu.be\/GAZc0r1VG0g\u00a0\u00bb align=\u00a0\u00bbcenter\u00a0\u00bb][\/vc_column][\/vc_row]<\/p>\n<\/div>","protected":false},"excerpt":{"rendered":"[vc_row css=\u00a0\u00bb.vc_custom_1521112459502{padding-top: 0px !important;}\u00a0\u00bb][vc_column][vc_column_text el_class=\u00a0\u00bbor\u00a0\u00bb css=\u00a0\u00bb.vc_custom_1521112434763{padding-top: 0px !important;}\u00a0\u00bb] Eyrignac et ses jardins [\/vc_column_text][vc_column_text]Un climat temp\u00e9r\u00e9, une terre g\u00e9n\u00e9reuse o\u00f9 7 sources jaillissent, une faune et une flore abondantes, une vue sur les collines du P\u00e9rigord noir, tout concourt \u00e0 faire du domaine d\u2019Eyrignac un doux paradis. Nich\u00e9s au coeur de ce domaine de 200 ha,&#8230; <a class=\"view-article\" href=\"https:\/\/www.eyrignac.com\/fr\/decouvrir-jardins-eyrignac\/un-apercu-eyrignac\">Voir l&rsquo;article<\/a>","protected":false},"author":1,"featured_media":0,"parent":11,"menu_order":0,"comment_status":"closed","ping_status":"closed","template":"","meta":{"_acf_changed":false,"footnotes":""},"class_list":["post-397","page","type-page","status-publish","hentry"],"acf":[],"yoast_head":"<!-- This site is optimized with the Yoast SEO plugin v27.5 - https:\/\/yoast.com\/product\/yoast-seo-wordpress\/ -->\n<title>Un aper\u00e7u des jardins d&#039;&#039;Eyrignac, joyau v\u00e9g\u00e9tal dans un \u00e9crin de verdure<\/title>\n<meta name=\"description\" content=\"Un climat temp\u00e9r\u00e9, une terre g\u00e9n\u00e9reuse o\u00f9 7 sources jaillissent, une faune et une flore abondantes, une vue sur les collines du P\u00e9rigord noir, tout concourt \u00e0 faire du domaine d\u2019Eyrignac un doux paradis. Nich\u00e9s au coeur de ce domaine de 200 ha, tel un joyau dans un \u00e9crin de verdure, les jardins d\u2019Eyrignac, immuables...\" \/>\n<meta name=\"robots\" content=\"index, follow, max-snippet:-1, max-image-preview:large, max-video-preview:-1\" \/>\n<link rel=\"canonical\" href=\"https:\/\/www.eyrignac.com\/fr\/decouvrir-jardins-eyrignac\/un-apercu-eyrignac\" \/>\n<meta property=\"og:locale\" content=\"fr_FR\" \/>\n<meta property=\"og:type\" content=\"article\" \/>\n<meta property=\"og:title\" content=\"Un aper\u00e7u des jardins d&#039;&#039;Eyrignac, joyau v\u00e9g\u00e9tal dans un \u00e9crin de verdure\" \/>\n<meta property=\"og:description\" content=\"Un climat temp\u00e9r\u00e9, une terre g\u00e9n\u00e9reuse o\u00f9 7 sources jaillissent, une faune et une flore abondantes, une vue sur les collines du P\u00e9rigord noir, tout concourt \u00e0 faire du domaine d\u2019Eyrignac un doux paradis. Nich\u00e9s au coeur de ce domaine de 200 ha, tel un joyau dans un \u00e9crin de verdure, les jardins d\u2019Eyrignac, immuables...\" \/>\n<meta property=\"og:url\" content=\"https:\/\/www.eyrignac.com\/fr\/decouvrir-jardins-eyrignac\/un-apercu-eyrignac\" \/>\n<meta property=\"og:site_name\" content=\"Eyrignac et ses jardins\" \/>\n<meta property=\"article:publisher\" content=\"https:\/\/www.facebook.com\/JardinsEyrignac\/\" \/>\n<meta property=\"article:modified_time\" content=\"2018-04-08T18:52:49+00:00\" \/>\n<meta name=\"twitter:card\" content=\"summary_large_image\" \/>\n<meta name=\"twitter:site\" content=\"@eyrignac\" \/>\n<meta name=\"twitter:label1\" content=\"Dur\u00e9e de lecture estim\u00e9e\" \/>\n\t<meta name=\"twitter:data1\" content=\"1 minute\" \/>\n<script type=\"application\/ld+json\" class=\"yoast-schema-graph\">{\"@context\":\"https:\\\/\\\/schema.org\",\"@graph\":[{\"@type\":\"WebPage\",\"@id\":\"https:\\\/\\\/www.eyrignac.com\\\/fr\\\/decouvrir-jardins-eyrignac\\\/un-apercu-eyrignac\",\"url\":\"https:\\\/\\\/www.eyrignac.com\\\/fr\\\/decouvrir-jardins-eyrignac\\\/un-apercu-eyrignac\",\"name\":\"Un aper\u00e7u des jardins d''Eyrignac, joyau v\u00e9g\u00e9tal dans un \u00e9crin de verdure\",\"isPartOf\":{\"@id\":\"https:\\\/\\\/www.eyrignac.com\\\/fr\\\/#website\"},\"datePublished\":\"2018-01-19T14:30:19+00:00\",\"dateModified\":\"2018-04-08T18:52:49+00:00\",\"description\":\"Un climat temp\u00e9r\u00e9, une terre g\u00e9n\u00e9reuse o\u00f9 7 sources jaillissent, une faune et une flore abondantes, une vue sur les collines du P\u00e9rigord noir, tout concourt \u00e0 faire du domaine d\u2019Eyrignac un doux paradis. Nich\u00e9s au coeur de ce domaine de 200 ha, tel un joyau dans un \u00e9crin de verdure, les jardins d\u2019Eyrignac, immuables...\",\"breadcrumb\":{\"@id\":\"https:\\\/\\\/www.eyrignac.com\\\/fr\\\/decouvrir-jardins-eyrignac\\\/un-apercu-eyrignac#breadcrumb\"},\"inLanguage\":\"fr-FR\",\"potentialAction\":[{\"@type\":\"ReadAction\",\"target\":[\"https:\\\/\\\/www.eyrignac.com\\\/fr\\\/decouvrir-jardins-eyrignac\\\/un-apercu-eyrignac\"]}]},{\"@type\":\"BreadcrumbList\",\"@id\":\"https:\\\/\\\/www.eyrignac.com\\\/fr\\\/decouvrir-jardins-eyrignac\\\/un-apercu-eyrignac#breadcrumb\",\"itemListElement\":[{\"@type\":\"ListItem\",\"position\":1,\"name\":\"Accueil\",\"item\":\"https:\\\/\\\/www.eyrignac.com\\\/fr\"},{\"@type\":\"ListItem\",\"position\":2,\"name\":\"D\u00e9couvrir les jardins\",\"item\":\"https:\\\/\\\/www.eyrignac.com\\\/fr\\\/decouvrir-jardins-eyrignac\"},{\"@type\":\"ListItem\",\"position\":3,\"name\":\"Un aper\u00e7u d&rsquo;Eyrignac\"}]},{\"@type\":\"WebSite\",\"@id\":\"https:\\\/\\\/www.eyrignac.com\\\/fr\\\/#website\",\"url\":\"https:\\\/\\\/www.eyrignac.com\\\/fr\\\/\",\"name\":\"Eyrignac et ses jardins\",\"description\":\"Lieu de verdure unique en Dordogne\",\"publisher\":{\"@id\":\"https:\\\/\\\/www.eyrignac.com\\\/fr\\\/#organization\"},\"potentialAction\":[{\"@type\":\"SearchAction\",\"target\":{\"@type\":\"EntryPoint\",\"urlTemplate\":\"https:\\\/\\\/www.eyrignac.com\\\/fr\\\/?s={search_term_string}\"},\"query-input\":{\"@type\":\"PropertyValueSpecification\",\"valueRequired\":true,\"valueName\":\"search_term_string\"}}],\"inLanguage\":\"fr-FR\"},{\"@type\":\"Organization\",\"@id\":\"https:\\\/\\\/www.eyrignac.com\\\/fr\\\/#organization\",\"name\":\"Eyrignac\",\"url\":\"https:\\\/\\\/www.eyrignac.com\\\/fr\\\/\",\"logo\":{\"@type\":\"ImageObject\",\"inLanguage\":\"fr-FR\",\"@id\":\"https:\\\/\\\/www.eyrignac.com\\\/fr\\\/#\\\/schema\\\/logo\\\/image\\\/\",\"url\":\"https:\\\/\\\/www.eyrignac.com\\\/wp-content\\\/uploads\\\/2017\\\/12\\\/logo-eyrignac.png\",\"contentUrl\":\"https:\\\/\\\/www.eyrignac.com\\\/wp-content\\\/uploads\\\/2017\\\/12\\\/logo-eyrignac.png\",\"width\":500,\"height\":189,\"caption\":\"Eyrignac\"},\"image\":{\"@id\":\"https:\\\/\\\/www.eyrignac.com\\\/fr\\\/#\\\/schema\\\/logo\\\/image\\\/\"},\"sameAs\":[\"https:\\\/\\\/www.facebook.com\\\/JardinsEyrignac\\\/\",\"https:\\\/\\\/x.com\\\/eyrignac\",\"https:\\\/\\\/www.instagram.com\\\/eyrignac\\\/\",\"https:\\\/\\\/www.pinterest.fr\\\/eyrignac\\\/\",\"https:\\\/\\\/www.youtube.com\\\/channel\\\/UCjWc47ArIew83eRXXjaBowg\"]}]}<\/script>\n<!-- \/ Yoast SEO plugin. -->","yoast_head_json":{"title":"Un aper\u00e7u des jardins d''Eyrignac, joyau v\u00e9g\u00e9tal dans un \u00e9crin de verdure","description":"Un climat temp\u00e9r\u00e9, une terre g\u00e9n\u00e9reuse o\u00f9 7 sources jaillissent, une faune et une flore abondantes, une vue sur les collines du P\u00e9rigord noir, tout concourt \u00e0 faire du domaine d\u2019Eyrignac un doux paradis. Nich\u00e9s au coeur de ce domaine de 200 ha, tel un joyau dans un \u00e9crin de verdure, les jardins d\u2019Eyrignac, immuables...","robots":{"index":"index","follow":"follow","max-snippet":"max-snippet:-1","max-image-preview":"max-image-preview:large","max-video-preview":"max-video-preview:-1"},"canonical":"https:\/\/www.eyrignac.com\/fr\/decouvrir-jardins-eyrignac\/un-apercu-eyrignac","og_locale":"fr_FR","og_type":"article","og_title":"Un aper\u00e7u des jardins d''Eyrignac, joyau v\u00e9g\u00e9tal dans un \u00e9crin de verdure","og_description":"Un climat temp\u00e9r\u00e9, une terre g\u00e9n\u00e9reuse o\u00f9 7 sources jaillissent, une faune et une flore abondantes, une vue sur les collines du P\u00e9rigord noir, tout concourt \u00e0 faire du domaine d\u2019Eyrignac un doux paradis. Nich\u00e9s au coeur de ce domaine de 200 ha, tel un joyau dans un \u00e9crin de verdure, les jardins d\u2019Eyrignac, immuables...","og_url":"https:\/\/www.eyrignac.com\/fr\/decouvrir-jardins-eyrignac\/un-apercu-eyrignac","og_site_name":"Eyrignac et ses jardins","article_publisher":"https:\/\/www.facebook.com\/JardinsEyrignac\/","article_modified_time":"2018-04-08T18:52:49+00:00","twitter_card":"summary_large_image","twitter_site":"@eyrignac","twitter_misc":{"Dur\u00e9e de lecture estim\u00e9e":"1 minute"},"schema":{"@context":"https:\/\/schema.org","@graph":[{"@type":"WebPage","@id":"https:\/\/www.eyrignac.com\/fr\/decouvrir-jardins-eyrignac\/un-apercu-eyrignac","url":"https:\/\/www.eyrignac.com\/fr\/decouvrir-jardins-eyrignac\/un-apercu-eyrignac","name":"Un aper\u00e7u des jardins d''Eyrignac, joyau v\u00e9g\u00e9tal dans un \u00e9crin de verdure","isPartOf":{"@id":"https:\/\/www.eyrignac.com\/fr\/#website"},"datePublished":"2018-01-19T14:30:19+00:00","dateModified":"2018-04-08T18:52:49+00:00","description":"Un climat temp\u00e9r\u00e9, une terre g\u00e9n\u00e9reuse o\u00f9 7 sources jaillissent, une faune et une flore abondantes, une vue sur les collines du P\u00e9rigord noir, tout concourt \u00e0 faire du domaine d\u2019Eyrignac un doux paradis. Nich\u00e9s au coeur de ce domaine de 200 ha, tel un joyau dans un \u00e9crin de verdure, les jardins d\u2019Eyrignac, immuables...","breadcrumb":{"@id":"https:\/\/www.eyrignac.com\/fr\/decouvrir-jardins-eyrignac\/un-apercu-eyrignac#breadcrumb"},"inLanguage":"fr-FR","potentialAction":[{"@type":"ReadAction","target":["https:\/\/www.eyrignac.com\/fr\/decouvrir-jardins-eyrignac\/un-apercu-eyrignac"]}]},{"@type":"BreadcrumbList","@id":"https:\/\/www.eyrignac.com\/fr\/decouvrir-jardins-eyrignac\/un-apercu-eyrignac#breadcrumb","itemListElement":[{"@type":"ListItem","position":1,"name":"Accueil","item":"https:\/\/www.eyrignac.com\/fr"},{"@type":"ListItem","position":2,"name":"D\u00e9couvrir les jardins","item":"https:\/\/www.eyrignac.com\/fr\/decouvrir-jardins-eyrignac"},{"@type":"ListItem","position":3,"name":"Un aper\u00e7u d&rsquo;Eyrignac"}]},{"@type":"WebSite","@id":"https:\/\/www.eyrignac.com\/fr\/#website","url":"https:\/\/www.eyrignac.com\/fr\/","name":"Eyrignac et ses jardins","description":"Lieu de verdure unique en Dordogne","publisher":{"@id":"https:\/\/www.eyrignac.com\/fr\/#organization"},"potentialAction":[{"@type":"SearchAction","target":{"@type":"EntryPoint","urlTemplate":"https:\/\/www.eyrignac.com\/fr\/?s={search_term_string}"},"query-input":{"@type":"PropertyValueSpecification","valueRequired":true,"valueName":"search_term_string"}}],"inLanguage":"fr-FR"},{"@type":"Organization","@id":"https:\/\/www.eyrignac.com\/fr\/#organization","name":"Eyrignac","url":"https:\/\/www.eyrignac.com\/fr\/","logo":{"@type":"ImageObject","inLanguage":"fr-FR","@id":"https:\/\/www.eyrignac.com\/fr\/#\/schema\/logo\/image\/","url":"https:\/\/www.eyrignac.com\/wp-content\/uploads\/2017\/12\/logo-eyrignac.png","contentUrl":"https:\/\/www.eyrignac.com\/wp-content\/uploads\/2017\/12\/logo-eyrignac.png","width":500,"height":189,"caption":"Eyrignac"},"image":{"@id":"https:\/\/www.eyrignac.com\/fr\/#\/schema\/logo\/image\/"},"sameAs":["https:\/\/www.facebook.com\/JardinsEyrignac\/","https:\/\/x.com\/eyrignac","https:\/\/www.instagram.com\/eyrignac\/","https:\/\/www.pinterest.fr\/eyrignac\/","https:\/\/www.youtube.com\/channel\/UCjWc47ArIew83eRXXjaBowg"]}]}},"_links":{"self":[{"href":"https:\/\/www.eyrignac.com\/fr\/wp-json\/wp\/v2\/pages\/397","targetHints":{"allow":["GET"]}}],"collection":[{"href":"https:\/\/www.eyrignac.com\/fr\/wp-json\/wp\/v2\/pages"}],"about":[{"href":"https:\/\/www.eyrignac.com\/fr\/wp-json\/wp\/v2\/types\/page"}],"author":[{"embeddable":true,"href":"https:\/\/www.eyrignac.com\/fr\/wp-json\/wp\/v2\/users\/1"}],"replies":[{"embeddable":true,"href":"https:\/\/www.eyrignac.com\/fr\/wp-json\/wp\/v2\/comments?post=397"}],"version-history":[{"count":0,"href":"https:\/\/www.eyrignac.com\/fr\/wp-json\/wp\/v2\/pages\/397\/revisions"}],"up":[{"embeddable":true,"href":"https:\/\/www.eyrignac.com\/fr\/wp-json\/wp\/v2\/pages\/11"}],"wp:attachment":[{"href":"https:\/\/www.eyrignac.com\/fr\/wp-json\/wp\/v2\/media?parent=397"}],"curies":[{"name":"wp","href":"https:\/\/api.w.org\/{rel}","templated":true}]}}