{"id":2930,"date":"2019-03-28T14:21:28","date_gmt":"2019-03-28T13:21:28","guid":{"rendered":"https:\/\/www.eyrignac.com\/?page_id=2930"},"modified":"2026-04-06T16:09:33","modified_gmt":"2026-04-06T14:09:33","slug":"restaurant-salon-de-the-cote-jardin-eyrignac","status":"publish","type":"page","link":"https:\/\/www.eyrignac.com\/fr\/preparer-ma-visite\/restaurant-salon-de-the-cote-jardin-eyrignac","title":{"rendered":"Le restaurant &#038; salon de th\u00e9 \u201cC\u00f4t\u00e9 Jardin\u201d du Manoir d\u2019Eyrignac"},"content":{"rendered":"<div class=\"wpb-content-wrapper\"><p>[vc_row][vc_column][vc_column_text el_class=\u00a0\u00bbor\u00a0\u00bb]<\/p>\n<h1>Le restaurant &amp; salon de th\u00e9 \u201cC\u00f4t\u00e9 Jardin\u201d du Manoir d\u2019Eyrignac<\/h1>\n<p>[\/vc_column_text][vc_column_text]<strong>A l\u2019entr\u00e9e des jardins d\u2019Eyrignac, le restaurant &amp; salon de th\u00e9 \u201cC\u00f4t\u00e9 Jardin\u201d vous accueille pour une pause gourmande. Produits r\u00e9gionaux de qualit\u00e9, saveurs et douceurs garantis !<\/strong>[\/vc_column_text][\/vc_column][\/vc_row][vc_row][vc_column width=\u00a0\u00bb1\/4&Prime;][vc_column_text][\/vc_column_text][vc_column_text]<img decoding=\"async\" width=\"350\" height=\"250\" class=\"alignnone size-medium wp-image-2974\" src=\"https:\/\/www.eyrignac.com\/wp-content\/uploads\/2019\/04\/eyrignac_restaurant_trappe_echourgnac-350x250.jpg\" alt=\"Tartine et trappe d'\u00e9chourgnac, restaurant Cot\u00e9 Jardin d'Eyrignac et ses jardins\" \/>[\/vc_column_text][vc_column_text]<img decoding=\"async\" width=\"350\" height=\"250\" class=\"alignnone size-medium wp-image-2970\" src=\"https:\/\/www.eyrignac.com\/wp-content\/uploads\/2019\/04\/eyrignac_restaurant_burger-350x250.jpg\" alt=\"Burger, restaurant Cot\u00e9 Jardin, Eyrignac et ses jardins\" \/>[\/vc_column_text][vc_column_text]<img decoding=\"async\" width=\"350\" height=\"250\" class=\"alignnone size-medium wp-image-2972\" src=\"https:\/\/www.eyrignac.com\/wp-content\/uploads\/2019\/04\/eyrignac_restaurant_cafe_gourmand-350x250.jpg\" alt=\"Caf\u00e9 gourmand, salon de th\u00e9 Cot\u00e9 Jardin, Eyrignac et ses jardins\" \/>[\/vc_column_text][vc_column_text]<img decoding=\"async\" width=\"350\" height=\"250\" class=\"alignnone size-medium wp-image-1417\" src=\"https:\/\/www.eyrignac.com\/wp-content\/uploads\/2018\/04\/eyrignac_restaurant_visiteurs-350x250.jpg\" alt=\"La terrasse du restaurant \u00e0 Eyrignac\" \/>[\/vc_column_text][\/vc_column][vc_column width=\u00a0\u00bb3\/4&Prime;][vc_column_text]<\/p>\n<h2>Le restaurant \u201cC\u00f4t\u00e9 Jardin\u201d : plats \u00e0 la mode p\u00e9rigourdine 100% faits maison<\/h2>\n<p>[\/vc_column_text][vc_raw_html]JTNDZGl2JTIwY2xhc3MlM0QlMjJzZXAlMjIlM0UlM0MlMkZkaXYlM0U=[\/vc_raw_html][vc_column_text css=\u00a0\u00bb\u00a0\u00bb]Une d\u00e9licieuse odeur \u00e9veille les papilles \u00e0 l\u2019entr\u00e9e des jardins d\u2019Eyrignac. Ce sont les d\u00e9licieux plats cuisin\u00e9s 100% maison par l\u2019\u00e9quipe du restaurant\u201d C\u00f4t\u00e9 Jardin\u201d. Au menu, tartines, burger, plats \u00e0 la carte, compos\u00e9s sur la base de produits du terroir rigoureusement s\u00e9lectionn\u00e9s : foie gras, jambon noir, canard confit, trappe d\u2019Echourgnac, noix, c\u00e8pes bien \u00e9videmment pr\u00e9par\u00e9s \u00e0 la mode p\u00e9rigourdine accompagn\u00e9s de pommes de terre sarladaises.<\/p>\n<p><a href=\"https:\/\/www.eyrignac.com\/wp-content\/uploads\/2026\/04\/Web_Carte_Castellum-Cote-Jardins-2026.pdf\" target=\"_blank\" rel=\"noopener noreferrer\">Afficher la carte du restaurant \u201cC\u00f4t\u00e9 Jardin\u201d<\/a><\/p>\n<p><strong>A noter : La carte est susceptible de varier en fonction des saisons<\/strong>[\/vc_column_text][vc_empty_space height=\u00a0\u00bb10px\u00a0\u00bb][vc_column_text]<\/p>\n<h2>Le salon de th\u00e9 : douceurs et gourmandise<\/h2>\n<p>[\/vc_column_text][vc_raw_html]JTNDZGl2JTIwY2xhc3MlM0QlMjJzZXAlMjIlM0UlM0MlMkZkaXYlM0U=[\/vc_raw_html][vc_column_text]Pour une petite faim ou une pause caf\u00e9, n&rsquo;h\u00e9sitez pas \u00e0 vous installer au salon de th\u00e9 en int\u00e9rieur ou en terrasse. A la carte des douceurs, vous trouverez par exemple le traditionnel g\u00e2teau aux noix, mais aussi des glaces et sorbets artisanaux, des cr\u00eapes et des gaufres \u00e0 personnaliser \u00e0 accompagner d\u2019une boisson chaude ou froide.[\/vc_column_text][\/vc_column][\/vc_row][vc_row equal_height=\u00a0\u00bbyes\u00a0\u00bb css=\u00a0\u00bb.vc_custom_1553781888337{padding-top: 0px !important;background-color: #f2f0ec !important;}\u00a0\u00bb][vc_column css=\u00a0\u00bb.vc_custom_1553782046298{padding-top: 0px !important;padding-right: 20px !important;padding-bottom: 0px !important;padding-left: 20px !important;}\u00a0\u00bb][vc_column_text]<\/p>\n<h3>Le restaurant &amp; le salon de th\u00e9 \u201cC\u00f4t\u00e9 Jardin\u201d<\/h3>\n<p>[\/vc_column_text][vc_raw_html]JTNDZGl2JTIwY2xhc3MlM0QlMjJzZXAlMjIlM0UlM0MlMkZkaXYlM0U=[\/vc_raw_html][vc_column_text css=\u00a0\u00bb\u00a0\u00bb]<\/p>\n<ul>\n<li>Ouvert du 1er avril \u00e0 la fin des vacances de la Toussaint<\/li>\n<li>Pour les familles, un menu enfant est propos\u00e9.<\/li>\n<li>Des menus compos\u00e9s pour les groupes sont \u00e9galement \u00e0 d\u00e9couvrir.<\/li>\n<li>R\u00e9servation obligatoire pour les groupes.<\/li>\n<li><strong>Le restaurant ne prend pas de r\u00e9servation pour les individuels.<\/strong><\/li>\n<\/ul>\n<p><a href=\"https:\/\/www.eyrignac.com\/fr\/preparer-ma-visite\/en-groupe\">Consulter la page d\u00e9di\u00e9e \u00e0 la visite d&rsquo;Eyrignac et ses jardins en groupe<\/a>[\/vc_column_text][\/vc_column][\/vc_row][vc_row][vc_column][vc_empty_space height=\u00a0\u00bb20px\u00a0\u00bb][\/vc_column][\/vc_row]<\/p>\n<\/div>","protected":false},"excerpt":{"rendered":"[vc_row][vc_column][vc_column_text el_class=\u00a0\u00bbor\u00a0\u00bb] Le restaurant &amp; salon de th\u00e9 \u201cC\u00f4t\u00e9 Jardin\u201d du Manoir d\u2019Eyrignac [\/vc_column_text][vc_column_text]A l\u2019entr\u00e9e des jardins d\u2019Eyrignac, le restaurant &amp; salon de th\u00e9 \u201cC\u00f4t\u00e9 Jardin\u201d vous accueille pour une pause gourmande. Produits r\u00e9gionaux de qualit\u00e9, saveurs et douceurs garantis ![\/vc_column_text][\/vc_column][\/vc_row][vc_row][vc_column width=\u00a0\u00bb1\/4&Prime;][vc_column_text][\/vc_column_text][vc_column_text][\/vc_column_text][vc_column_text][\/vc_column_text][vc_column_text][\/vc_column_text][vc_column_text][\/vc_column_text][\/vc_column][vc_column width=\u00a0\u00bb3\/4&Prime;][vc_column_text] Le restaurant \u201cC\u00f4t\u00e9 Jardin\u201d : plats \u00e0 la mode p\u00e9rigourdine 100% faits&#8230; <a class=\"view-article\" href=\"https:\/\/www.eyrignac.com\/fr\/preparer-ma-visite\/restaurant-salon-de-the-cote-jardin-eyrignac\">Voir l&rsquo;article<\/a>","protected":false},"author":3,"featured_media":0,"parent":9,"menu_order":0,"comment_status":"closed","ping_status":"closed","template":"","meta":{"_acf_changed":false,"footnotes":""},"class_list":["post-2930","page","type-page","status-publish","hentry"],"acf":[],"yoast_head":"<!-- This site is optimized with the Yoast SEO plugin v27.5 - https:\/\/yoast.com\/product\/yoast-seo-wordpress\/ -->\n<title>Le restaurant &amp; salon de th\u00e9 \u201cC\u00f4t\u00e9 Jardin\u201d d\u2019Eyrignac et ses jardins<\/title>\n<meta name=\"robots\" content=\"index, follow, max-snippet:-1, max-image-preview:large, max-video-preview:-1\" \/>\n<link rel=\"canonical\" href=\"https:\/\/www.eyrignac.com\/fr\/preparer-ma-visite\/restaurant-salon-de-the-cote-jardin-eyrignac\" \/>\n<meta property=\"og:locale\" content=\"fr_FR\" \/>\n<meta property=\"og:type\" content=\"article\" \/>\n<meta property=\"og:title\" content=\"Le restaurant &amp; salon de th\u00e9 \u201cC\u00f4t\u00e9 Jardin\u201d d\u2019Eyrignac et ses jardins\" \/>\n<meta property=\"og:description\" content=\"[vc_row][vc_column][vc_column_text el_class=\u00a0\u00bbor\u00a0\u00bb] Le restaurant &amp; salon de th\u00e9 \u201cC\u00f4t\u00e9 Jardin\u201d du Manoir d\u2019Eyrignac [\/vc_column_text][vc_column_text]A l\u2019entr\u00e9e des jardins d\u2019Eyrignac, le restaurant &amp; salon de th\u00e9 \u201cC\u00f4t\u00e9 Jardin\u201d vous accueille pour une pause gourmande. Produits r\u00e9gionaux de qualit\u00e9, saveurs et douceurs garantis ![\/vc_column_text][\/vc_column][\/vc_row][vc_row][vc_column width=\u00a0\u00bb1\/4&Prime;][vc_column_text][\/vc_column_text][vc_column_text][\/vc_column_text][vc_column_text][\/vc_column_text][vc_column_text][\/vc_column_text][vc_column_text][\/vc_column_text][\/vc_column][vc_column width=\u00a0\u00bb3\/4&Prime;][vc_column_text] Le restaurant \u201cC\u00f4t\u00e9 Jardin\u201d : plats \u00e0 la mode p\u00e9rigourdine 100% faits... Voir l&#039;article\" \/>\n<meta property=\"og:url\" content=\"https:\/\/www.eyrignac.com\/fr\/preparer-ma-visite\/restaurant-salon-de-the-cote-jardin-eyrignac\" \/>\n<meta property=\"og:site_name\" content=\"Eyrignac et ses jardins\" \/>\n<meta property=\"article:publisher\" content=\"https:\/\/www.facebook.com\/JardinsEyrignac\/\" \/>\n<meta property=\"article:modified_time\" content=\"2026-04-06T14:09:33+00:00\" \/>\n<meta property=\"og:image\" content=\"https:\/\/www.eyrignac.com\/wp-content\/uploads\/2019\/04\/eyrignac_restaurant_trappe_echourgnac.jpg\" \/>\n\t<meta property=\"og:image:width\" content=\"1823\" \/>\n\t<meta property=\"og:image:height\" content=\"1214\" \/>\n\t<meta property=\"og:image:type\" content=\"image\/jpeg\" \/>\n<meta name=\"twitter:card\" content=\"summary_large_image\" \/>\n<meta name=\"twitter:site\" content=\"@eyrignac\" \/>\n<meta name=\"twitter:label1\" content=\"Dur\u00e9e de lecture estim\u00e9e\" \/>\n\t<meta name=\"twitter:data1\" content=\"3 minutes\" \/>\n<script type=\"application\/ld+json\" class=\"yoast-schema-graph\">{\"@context\":\"https:\\\/\\\/schema.org\",\"@graph\":[{\"@type\":\"WebPage\",\"@id\":\"https:\\\/\\\/www.eyrignac.com\\\/fr\\\/preparer-ma-visite\\\/restaurant-salon-de-the-cote-jardin-eyrignac\",\"url\":\"https:\\\/\\\/www.eyrignac.com\\\/fr\\\/preparer-ma-visite\\\/restaurant-salon-de-the-cote-jardin-eyrignac\",\"name\":\"Le restaurant & salon de th\u00e9 \u201cC\u00f4t\u00e9 Jardin\u201d d\u2019Eyrignac et ses jardins\",\"isPartOf\":{\"@id\":\"https:\\\/\\\/www.eyrignac.com\\\/fr\\\/#website\"},\"primaryImageOfPage\":{\"@id\":\"https:\\\/\\\/www.eyrignac.com\\\/fr\\\/preparer-ma-visite\\\/restaurant-salon-de-the-cote-jardin-eyrignac#primaryimage\"},\"image\":{\"@id\":\"https:\\\/\\\/www.eyrignac.com\\\/fr\\\/preparer-ma-visite\\\/restaurant-salon-de-the-cote-jardin-eyrignac#primaryimage\"},\"thumbnailUrl\":\"https:\\\/\\\/www.eyrignac.com\\\/wp-content\\\/uploads\\\/2019\\\/04\\\/eyrignac_restaurant_trappe_echourgnac-350x250.jpg\",\"datePublished\":\"2019-03-28T13:21:28+00:00\",\"dateModified\":\"2026-04-06T14:09:33+00:00\",\"breadcrumb\":{\"@id\":\"https:\\\/\\\/www.eyrignac.com\\\/fr\\\/preparer-ma-visite\\\/restaurant-salon-de-the-cote-jardin-eyrignac#breadcrumb\"},\"inLanguage\":\"fr-FR\",\"potentialAction\":[{\"@type\":\"ReadAction\",\"target\":[\"https:\\\/\\\/www.eyrignac.com\\\/fr\\\/preparer-ma-visite\\\/restaurant-salon-de-the-cote-jardin-eyrignac\"]}]},{\"@type\":\"ImageObject\",\"inLanguage\":\"fr-FR\",\"@id\":\"https:\\\/\\\/www.eyrignac.com\\\/fr\\\/preparer-ma-visite\\\/restaurant-salon-de-the-cote-jardin-eyrignac#primaryimage\",\"url\":\"https:\\\/\\\/www.eyrignac.com\\\/wp-content\\\/uploads\\\/2019\\\/04\\\/eyrignac_restaurant_trappe_echourgnac-350x250.jpg\",\"contentUrl\":\"https:\\\/\\\/www.eyrignac.com\\\/wp-content\\\/uploads\\\/2019\\\/04\\\/eyrignac_restaurant_trappe_echourgnac-350x250.jpg\"},{\"@type\":\"BreadcrumbList\",\"@id\":\"https:\\\/\\\/www.eyrignac.com\\\/fr\\\/preparer-ma-visite\\\/restaurant-salon-de-the-cote-jardin-eyrignac#breadcrumb\",\"itemListElement\":[{\"@type\":\"ListItem\",\"position\":1,\"name\":\"Accueil\",\"item\":\"https:\\\/\\\/www.eyrignac.com\\\/fr\"},{\"@type\":\"ListItem\",\"position\":2,\"name\":\"Pr\u00e9parer ma visite\",\"item\":\"https:\\\/\\\/www.eyrignac.com\\\/fr\\\/preparer-ma-visite\"},{\"@type\":\"ListItem\",\"position\":3,\"name\":\"Le restaurant &#038; salon de th\u00e9 \u201cC\u00f4t\u00e9 Jardin\u201d du Manoir d\u2019Eyrignac\"}]},{\"@type\":\"WebSite\",\"@id\":\"https:\\\/\\\/www.eyrignac.com\\\/fr\\\/#website\",\"url\":\"https:\\\/\\\/www.eyrignac.com\\\/fr\\\/\",\"name\":\"Eyrignac et ses jardins\",\"description\":\"Lieu de verdure unique en Dordogne\",\"publisher\":{\"@id\":\"https:\\\/\\\/www.eyrignac.com\\\/fr\\\/#organization\"},\"potentialAction\":[{\"@type\":\"SearchAction\",\"target\":{\"@type\":\"EntryPoint\",\"urlTemplate\":\"https:\\\/\\\/www.eyrignac.com\\\/fr\\\/?s={search_term_string}\"},\"query-input\":{\"@type\":\"PropertyValueSpecification\",\"valueRequired\":true,\"valueName\":\"search_term_string\"}}],\"inLanguage\":\"fr-FR\"},{\"@type\":\"Organization\",\"@id\":\"https:\\\/\\\/www.eyrignac.com\\\/fr\\\/#organization\",\"name\":\"Eyrignac\",\"url\":\"https:\\\/\\\/www.eyrignac.com\\\/fr\\\/\",\"logo\":{\"@type\":\"ImageObject\",\"inLanguage\":\"fr-FR\",\"@id\":\"https:\\\/\\\/www.eyrignac.com\\\/fr\\\/#\\\/schema\\\/logo\\\/image\\\/\",\"url\":\"https:\\\/\\\/www.eyrignac.com\\\/wp-content\\\/uploads\\\/2017\\\/12\\\/logo-eyrignac.png\",\"contentUrl\":\"https:\\\/\\\/www.eyrignac.com\\\/wp-content\\\/uploads\\\/2017\\\/12\\\/logo-eyrignac.png\",\"width\":500,\"height\":189,\"caption\":\"Eyrignac\"},\"image\":{\"@id\":\"https:\\\/\\\/www.eyrignac.com\\\/fr\\\/#\\\/schema\\\/logo\\\/image\\\/\"},\"sameAs\":[\"https:\\\/\\\/www.facebook.com\\\/JardinsEyrignac\\\/\",\"https:\\\/\\\/x.com\\\/eyrignac\",\"https:\\\/\\\/www.instagram.com\\\/eyrignac\\\/\",\"https:\\\/\\\/www.pinterest.fr\\\/eyrignac\\\/\",\"https:\\\/\\\/www.youtube.com\\\/channel\\\/UCjWc47ArIew83eRXXjaBowg\"]}]}<\/script>\n<!-- \/ Yoast SEO plugin. -->","yoast_head_json":{"title":"Le restaurant & salon de th\u00e9 \u201cC\u00f4t\u00e9 Jardin\u201d d\u2019Eyrignac et ses jardins","robots":{"index":"index","follow":"follow","max-snippet":"max-snippet:-1","max-image-preview":"max-image-preview:large","max-video-preview":"max-video-preview:-1"},"canonical":"https:\/\/www.eyrignac.com\/fr\/preparer-ma-visite\/restaurant-salon-de-the-cote-jardin-eyrignac","og_locale":"fr_FR","og_type":"article","og_title":"Le restaurant & salon de th\u00e9 \u201cC\u00f4t\u00e9 Jardin\u201d d\u2019Eyrignac et ses jardins","og_description":"[vc_row][vc_column][vc_column_text el_class=\u00a0\u00bbor\u00a0\u00bb] Le restaurant &amp; salon de th\u00e9 \u201cC\u00f4t\u00e9 Jardin\u201d du Manoir d\u2019Eyrignac [\/vc_column_text][vc_column_text]A l\u2019entr\u00e9e des jardins d\u2019Eyrignac, le restaurant &amp; salon de th\u00e9 \u201cC\u00f4t\u00e9 Jardin\u201d vous accueille pour une pause gourmande. Produits r\u00e9gionaux de qualit\u00e9, saveurs et douceurs garantis ![\/vc_column_text][\/vc_column][\/vc_row][vc_row][vc_column width=\u00a0\u00bb1\/4&Prime;][vc_column_text][\/vc_column_text][vc_column_text][\/vc_column_text][vc_column_text][\/vc_column_text][vc_column_text][\/vc_column_text][vc_column_text][\/vc_column_text][\/vc_column][vc_column width=\u00a0\u00bb3\/4&Prime;][vc_column_text] Le restaurant \u201cC\u00f4t\u00e9 Jardin\u201d : plats \u00e0 la mode p\u00e9rigourdine 100% faits... Voir l'article","og_url":"https:\/\/www.eyrignac.com\/fr\/preparer-ma-visite\/restaurant-salon-de-the-cote-jardin-eyrignac","og_site_name":"Eyrignac et ses jardins","article_publisher":"https:\/\/www.facebook.com\/JardinsEyrignac\/","article_modified_time":"2026-04-06T14:09:33+00:00","og_image":[{"width":1823,"height":1214,"url":"https:\/\/www.eyrignac.com\/wp-content\/uploads\/2019\/04\/eyrignac_restaurant_trappe_echourgnac.jpg","type":"image\/jpeg"}],"twitter_card":"summary_large_image","twitter_site":"@eyrignac","twitter_misc":{"Dur\u00e9e de lecture estim\u00e9e":"3 minutes"},"schema":{"@context":"https:\/\/schema.org","@graph":[{"@type":"WebPage","@id":"https:\/\/www.eyrignac.com\/fr\/preparer-ma-visite\/restaurant-salon-de-the-cote-jardin-eyrignac","url":"https:\/\/www.eyrignac.com\/fr\/preparer-ma-visite\/restaurant-salon-de-the-cote-jardin-eyrignac","name":"Le restaurant & salon de th\u00e9 \u201cC\u00f4t\u00e9 Jardin\u201d d\u2019Eyrignac et ses jardins","isPartOf":{"@id":"https:\/\/www.eyrignac.com\/fr\/#website"},"primaryImageOfPage":{"@id":"https:\/\/www.eyrignac.com\/fr\/preparer-ma-visite\/restaurant-salon-de-the-cote-jardin-eyrignac#primaryimage"},"image":{"@id":"https:\/\/www.eyrignac.com\/fr\/preparer-ma-visite\/restaurant-salon-de-the-cote-jardin-eyrignac#primaryimage"},"thumbnailUrl":"https:\/\/www.eyrignac.com\/wp-content\/uploads\/2019\/04\/eyrignac_restaurant_trappe_echourgnac-350x250.jpg","datePublished":"2019-03-28T13:21:28+00:00","dateModified":"2026-04-06T14:09:33+00:00","breadcrumb":{"@id":"https:\/\/www.eyrignac.com\/fr\/preparer-ma-visite\/restaurant-salon-de-the-cote-jardin-eyrignac#breadcrumb"},"inLanguage":"fr-FR","potentialAction":[{"@type":"ReadAction","target":["https:\/\/www.eyrignac.com\/fr\/preparer-ma-visite\/restaurant-salon-de-the-cote-jardin-eyrignac"]}]},{"@type":"ImageObject","inLanguage":"fr-FR","@id":"https:\/\/www.eyrignac.com\/fr\/preparer-ma-visite\/restaurant-salon-de-the-cote-jardin-eyrignac#primaryimage","url":"https:\/\/www.eyrignac.com\/wp-content\/uploads\/2019\/04\/eyrignac_restaurant_trappe_echourgnac-350x250.jpg","contentUrl":"https:\/\/www.eyrignac.com\/wp-content\/uploads\/2019\/04\/eyrignac_restaurant_trappe_echourgnac-350x250.jpg"},{"@type":"BreadcrumbList","@id":"https:\/\/www.eyrignac.com\/fr\/preparer-ma-visite\/restaurant-salon-de-the-cote-jardin-eyrignac#breadcrumb","itemListElement":[{"@type":"ListItem","position":1,"name":"Accueil","item":"https:\/\/www.eyrignac.com\/fr"},{"@type":"ListItem","position":2,"name":"Pr\u00e9parer ma visite","item":"https:\/\/www.eyrignac.com\/fr\/preparer-ma-visite"},{"@type":"ListItem","position":3,"name":"Le restaurant &#038; salon de th\u00e9 \u201cC\u00f4t\u00e9 Jardin\u201d du Manoir d\u2019Eyrignac"}]},{"@type":"WebSite","@id":"https:\/\/www.eyrignac.com\/fr\/#website","url":"https:\/\/www.eyrignac.com\/fr\/","name":"Eyrignac et ses jardins","description":"Lieu de verdure unique en Dordogne","publisher":{"@id":"https:\/\/www.eyrignac.com\/fr\/#organization"},"potentialAction":[{"@type":"SearchAction","target":{"@type":"EntryPoint","urlTemplate":"https:\/\/www.eyrignac.com\/fr\/?s={search_term_string}"},"query-input":{"@type":"PropertyValueSpecification","valueRequired":true,"valueName":"search_term_string"}}],"inLanguage":"fr-FR"},{"@type":"Organization","@id":"https:\/\/www.eyrignac.com\/fr\/#organization","name":"Eyrignac","url":"https:\/\/www.eyrignac.com\/fr\/","logo":{"@type":"ImageObject","inLanguage":"fr-FR","@id":"https:\/\/www.eyrignac.com\/fr\/#\/schema\/logo\/image\/","url":"https:\/\/www.eyrignac.com\/wp-content\/uploads\/2017\/12\/logo-eyrignac.png","contentUrl":"https:\/\/www.eyrignac.com\/wp-content\/uploads\/2017\/12\/logo-eyrignac.png","width":500,"height":189,"caption":"Eyrignac"},"image":{"@id":"https:\/\/www.eyrignac.com\/fr\/#\/schema\/logo\/image\/"},"sameAs":["https:\/\/www.facebook.com\/JardinsEyrignac\/","https:\/\/x.com\/eyrignac","https:\/\/www.instagram.com\/eyrignac\/","https:\/\/www.pinterest.fr\/eyrignac\/","https:\/\/www.youtube.com\/channel\/UCjWc47ArIew83eRXXjaBowg"]}]}},"_links":{"self":[{"href":"https:\/\/www.eyrignac.com\/fr\/wp-json\/wp\/v2\/pages\/2930","targetHints":{"allow":["GET"]}}],"collection":[{"href":"https:\/\/www.eyrignac.com\/fr\/wp-json\/wp\/v2\/pages"}],"about":[{"href":"https:\/\/www.eyrignac.com\/fr\/wp-json\/wp\/v2\/types\/page"}],"author":[{"embeddable":true,"href":"https:\/\/www.eyrignac.com\/fr\/wp-json\/wp\/v2\/users\/3"}],"replies":[{"embeddable":true,"href":"https:\/\/www.eyrignac.com\/fr\/wp-json\/wp\/v2\/comments?post=2930"}],"version-history":[{"count":1,"href":"https:\/\/www.eyrignac.com\/fr\/wp-json\/wp\/v2\/pages\/2930\/revisions"}],"predecessor-version":[{"id":12253,"href":"https:\/\/www.eyrignac.com\/fr\/wp-json\/wp\/v2\/pages\/2930\/revisions\/12253"}],"up":[{"embeddable":true,"href":"https:\/\/www.eyrignac.com\/fr\/wp-json\/wp\/v2\/pages\/9"}],"wp:attachment":[{"href":"https:\/\/www.eyrignac.com\/fr\/wp-json\/wp\/v2\/media?parent=2930"}],"curies":[{"name":"wp","href":"https:\/\/api.w.org\/{rel}","templated":true}]}}