{"id":2862,"date":"2019-02-12T15:18:06","date_gmt":"2019-02-12T14:18:06","guid":{"rendered":"https:\/\/www.eyrignac.com\/?page_id=2862"},"modified":"2025-11-21T18:03:12","modified_gmt":"2025-11-21T17:03:12","slug":"recrutement","status":"publish","type":"page","link":"https:\/\/www.eyrignac.com\/fr\/recrutement","title":{"rendered":"Recrutement"},"content":{"rendered":"<div class=\"wpb-content-wrapper\"><p>[vc_row][vc_column][vc_column_text]<\/p>\n<h1>Stages, contrats saisonniers, &#8230;<\/h1>\n<p><strong>Nous recrutons r\u00e9guli\u00e8rement de nouveaux talents pour renforcer les \u00e9quipes d&rsquo;Eyrignac. Vous \u00eates \u00e0 la recherche d&rsquo;un stage ou d&rsquo;un emploi? Nos recrutements concernent essentiellement des postes de jardiniers et guides \/ personnels d&rsquo;accueil. C&rsquo;est dans cette rubrique que vous pourrez vous tenir inform\u00e9 de nos recrutements en cours. N&rsquo;h\u00e9sitez pas \u00e0 la consulter r\u00e9guli\u00e8rement et \u00e0 nous transmettre une candidature spontan\u00e9e ! A bient\u00f4t aux Jardins !<\/strong>[\/vc_column_text][\/vc_column][\/vc_row][vc_row][vc_column width=\u00a0\u00bb1\/4&Prime;][vc_single_image image=\u00a0\u00bb2617&Prime; img_size=\u00a0\u00bblarge\u00a0\u00bb onclick=\u00a0\u00bblink_image\u00a0\u00bb css=\u00a0\u00bb.vc_custom_1670951230836{padding-top: 20px !important;}\u00a0\u00bb][\/vc_column][vc_column width=\u00a0\u00bb3\/4&Prime;][vc_column_text el_class=\u00a0\u00bbor\u00a0\u00bb]<\/p>\n<h3>Stages accueil, billetterie, m\u00e9diation culturelle<\/h3>\n<p>[\/vc_column_text][vc_raw_html]JTNDZGl2JTIwY2xhc3MlM0QlMjJzZXAlMjIlM0UlM0MlMkZkaXYlM0U=[\/vc_raw_html][vc_column_text]<em>Offres de stages d&rsquo;avril \u00e0 octobre<\/em><\/p>\n<p>Les Jardins du manoir d\u2019Eyrignac en Dordogne, pr\u00e8s de Sarlat, l\u2019un des plus beaux Jardins de France accueillent r\u00e9guli\u00e8rement des stagiaires. En immersion dans notre \u00e9quipe d&rsquo;accueil vous \u00eates accompagn\u00e9s et form\u00e9s \u00e0 l&rsquo;accueil de nos visiteurs, \u00e0 l&rsquo;utilisation d&rsquo;un syst\u00e8me de billetterie automatis\u00e9 et, selon profil, \u00e0 l&rsquo;accompagnement de groupes en visite guid\u00e9e. Pour profiter d&rsquo;une exp\u00e9rience professionnelle significative, vous accomplirez les m\u00eames taches que l&rsquo;\u00e9quipe d&rsquo;accueil d&rsquo;Eyrignac.[\/vc_column_text][\/vc_column][\/vc_row][vc_row][vc_column width=\u00a0\u00bb1\/4&Prime;][vc_single_image image=\u00a0\u00bb2881&Prime; img_size=\u00a0\u00bblarge\u00a0\u00bb onclick=\u00a0\u00bblink_image\u00a0\u00bb css=\u00a0\u00bb.vc_custom_1550052842622{padding-top: 20px !important;}\u00a0\u00bb][\/vc_column][vc_column width=\u00a0\u00bb3\/4&Prime;][vc_column_text el_class=\u00a0\u00bbor\u00a0\u00bb]<\/p>\n<h3>Stage bac pro ou contrat d&rsquo;alternance \u00ab\u00a0Am\u00e9nagement Paysager\u00a0\u00bb<\/h3>\n<p>[\/vc_column_text][vc_raw_html]JTNDZGl2JTIwY2xhc3MlM0QlMjJzZXAlMjIlM0UlM0MlMkZkaXYlM0U=[\/vc_raw_html][vc_column_text css=\u00a0\u00bb\u00a0\u00bb]<em>Offres de stages toute l&rsquo;ann\u00e9e<\/em><\/p>\n<p>Les Jardins du manoir d\u2019Eyrignac en Dordogne, pr\u00e8s de Sarlat, l\u2019un des plus beaux Jardins de France recherchent des stagiaires Bac pro ou alternants \u00ab Am\u00e9nagement paysager \u00bb, pour les former \u00e0 l\u2019entretien d\u2019un jardin remarquable. Nous d\u00e9sirons partager notre exp\u00e9rience avec de jeunes jardiniers paysagistes, passionn\u00e9s et motiv\u00e9s. Ils seront encadr\u00e9s par le chef jardinier et toute son \u00e9quipe et accompliront les m\u00eames t\u00e2ches.[\/vc_column_text][vc_btn title=\u00a0\u00bbJe postule\u00a0\u00bb style=\u00a0\u00bbclassic\u00a0\u00bb shape=\u00a0\u00bbsquare\u00a0\u00bb color=\u00a0\u00bbwhite\u00a0\u00bb align=\u00a0\u00bbleft\u00a0\u00bb i_align=\u00a0\u00bbright\u00a0\u00bb i_icon_fontawesome=\u00a0\u00bbfa fa-play\u00a0\u00bb add_icon=\u00a0\u00bbtrue\u00a0\u00bb link=\u00a0\u00bburl:https%3A%2F%2Fwww.eyrignac.com%2Ffr%2Fcontact|||\u00a0\u00bb el_class=\u00a0\u00bbor\u00a0\u00bb][\/vc_column][\/vc_row][vc_row][vc_column][\/vc_column][\/vc_row]<\/p>\n<\/div>","protected":false},"excerpt":{"rendered":"[vc_row][vc_column][vc_column_text] Stages, contrats saisonniers, &#8230; Nous recrutons r\u00e9guli\u00e8rement de nouveaux talents pour renforcer les \u00e9quipes d&rsquo;Eyrignac. Vous \u00eates \u00e0 la recherche d&rsquo;un stage ou d&rsquo;un emploi? Nos recrutements concernent essentiellement des postes de jardiniers et guides \/ personnels d&rsquo;accueil. C&rsquo;est dans cette rubrique que vous pourrez vous tenir inform\u00e9 de nos recrutements en cours. N&rsquo;h\u00e9sitez&#8230; <a class=\"view-article\" href=\"https:\/\/www.eyrignac.com\/fr\/recrutement\">Voir l&rsquo;article<\/a>","protected":false},"author":8,"featured_media":0,"parent":0,"menu_order":0,"comment_status":"closed","ping_status":"closed","template":"","meta":{"_acf_changed":false,"footnotes":""},"class_list":["post-2862","page","type-page","status-publish","hentry"],"acf":[],"yoast_head":"<!-- This site is optimized with the Yoast SEO plugin v27.5 - https:\/\/yoast.com\/product\/yoast-seo-wordpress\/ -->\n<title>Recrutement - Eyrignac et ses jardins<\/title>\n<meta name=\"description\" content=\"Offres de stages, contrats saisonniers, personnels d&#039;accueil et guides touristiques : Eyrignac vous tient inform\u00e9 de ses recrutements.\" \/>\n<meta name=\"robots\" content=\"index, follow, max-snippet:-1, max-image-preview:large, max-video-preview:-1\" \/>\n<link rel=\"canonical\" href=\"https:\/\/www.eyrignac.com\/fr\/recrutement\" \/>\n<meta property=\"og:locale\" content=\"fr_FR\" \/>\n<meta property=\"og:type\" content=\"article\" \/>\n<meta property=\"og:title\" content=\"Recrutement - Eyrignac et ses jardins\" \/>\n<meta property=\"og:description\" content=\"Offres de stages, contrats saisonniers, personnels d&#039;accueil et guides touristiques : Eyrignac vous tient inform\u00e9 de ses recrutements.\" \/>\n<meta property=\"og:url\" content=\"https:\/\/www.eyrignac.com\/fr\/recrutement\" \/>\n<meta property=\"og:site_name\" content=\"Eyrignac et ses jardins\" \/>\n<meta property=\"article:publisher\" content=\"https:\/\/www.facebook.com\/JardinsEyrignac\/\" \/>\n<meta property=\"article:modified_time\" content=\"2025-11-21T17:03:12+00:00\" \/>\n<meta name=\"twitter:card\" content=\"summary_large_image\" \/>\n<meta name=\"twitter:site\" content=\"@eyrignac\" \/>\n<meta name=\"twitter:label1\" content=\"Dur\u00e9e de lecture estim\u00e9e\" \/>\n\t<meta name=\"twitter:data1\" content=\"3 minutes\" \/>\n<script type=\"application\/ld+json\" class=\"yoast-schema-graph\">{\"@context\":\"https:\\\/\\\/schema.org\",\"@graph\":[{\"@type\":\"WebPage\",\"@id\":\"https:\\\/\\\/www.eyrignac.com\\\/fr\\\/recrutement\",\"url\":\"https:\\\/\\\/www.eyrignac.com\\\/fr\\\/recrutement\",\"name\":\"Recrutement - Eyrignac et ses jardins\",\"isPartOf\":{\"@id\":\"https:\\\/\\\/www.eyrignac.com\\\/fr\\\/#website\"},\"datePublished\":\"2019-02-12T14:18:06+00:00\",\"dateModified\":\"2025-11-21T17:03:12+00:00\",\"description\":\"Offres de stages, contrats saisonniers, personnels d'accueil et guides touristiques : Eyrignac vous tient inform\u00e9 de ses recrutements.\",\"breadcrumb\":{\"@id\":\"https:\\\/\\\/www.eyrignac.com\\\/fr\\\/recrutement#breadcrumb\"},\"inLanguage\":\"fr-FR\",\"potentialAction\":[{\"@type\":\"ReadAction\",\"target\":[\"https:\\\/\\\/www.eyrignac.com\\\/fr\\\/recrutement\"]}]},{\"@type\":\"BreadcrumbList\",\"@id\":\"https:\\\/\\\/www.eyrignac.com\\\/fr\\\/recrutement#breadcrumb\",\"itemListElement\":[{\"@type\":\"ListItem\",\"position\":1,\"name\":\"Accueil\",\"item\":\"https:\\\/\\\/www.eyrignac.com\\\/fr\"},{\"@type\":\"ListItem\",\"position\":2,\"name\":\"Recrutement\"}]},{\"@type\":\"WebSite\",\"@id\":\"https:\\\/\\\/www.eyrignac.com\\\/fr\\\/#website\",\"url\":\"https:\\\/\\\/www.eyrignac.com\\\/fr\\\/\",\"name\":\"Eyrignac et ses jardins\",\"description\":\"Lieu de verdure unique en Dordogne\",\"publisher\":{\"@id\":\"https:\\\/\\\/www.eyrignac.com\\\/fr\\\/#organization\"},\"potentialAction\":[{\"@type\":\"SearchAction\",\"target\":{\"@type\":\"EntryPoint\",\"urlTemplate\":\"https:\\\/\\\/www.eyrignac.com\\\/fr\\\/?s={search_term_string}\"},\"query-input\":{\"@type\":\"PropertyValueSpecification\",\"valueRequired\":true,\"valueName\":\"search_term_string\"}}],\"inLanguage\":\"fr-FR\"},{\"@type\":\"Organization\",\"@id\":\"https:\\\/\\\/www.eyrignac.com\\\/fr\\\/#organization\",\"name\":\"Eyrignac\",\"url\":\"https:\\\/\\\/www.eyrignac.com\\\/fr\\\/\",\"logo\":{\"@type\":\"ImageObject\",\"inLanguage\":\"fr-FR\",\"@id\":\"https:\\\/\\\/www.eyrignac.com\\\/fr\\\/#\\\/schema\\\/logo\\\/image\\\/\",\"url\":\"https:\\\/\\\/www.eyrignac.com\\\/wp-content\\\/uploads\\\/2017\\\/12\\\/logo-eyrignac.png\",\"contentUrl\":\"https:\\\/\\\/www.eyrignac.com\\\/wp-content\\\/uploads\\\/2017\\\/12\\\/logo-eyrignac.png\",\"width\":500,\"height\":189,\"caption\":\"Eyrignac\"},\"image\":{\"@id\":\"https:\\\/\\\/www.eyrignac.com\\\/fr\\\/#\\\/schema\\\/logo\\\/image\\\/\"},\"sameAs\":[\"https:\\\/\\\/www.facebook.com\\\/JardinsEyrignac\\\/\",\"https:\\\/\\\/x.com\\\/eyrignac\",\"https:\\\/\\\/www.instagram.com\\\/eyrignac\\\/\",\"https:\\\/\\\/www.pinterest.fr\\\/eyrignac\\\/\",\"https:\\\/\\\/www.youtube.com\\\/channel\\\/UCjWc47ArIew83eRXXjaBowg\"]}]}<\/script>\n<!-- \/ Yoast SEO plugin. -->","yoast_head_json":{"title":"Recrutement - Eyrignac et ses jardins","description":"Offres de stages, contrats saisonniers, personnels d'accueil et guides touristiques : Eyrignac vous tient inform\u00e9 de ses recrutements.","robots":{"index":"index","follow":"follow","max-snippet":"max-snippet:-1","max-image-preview":"max-image-preview:large","max-video-preview":"max-video-preview:-1"},"canonical":"https:\/\/www.eyrignac.com\/fr\/recrutement","og_locale":"fr_FR","og_type":"article","og_title":"Recrutement - Eyrignac et ses jardins","og_description":"Offres de stages, contrats saisonniers, personnels d'accueil et guides touristiques : Eyrignac vous tient inform\u00e9 de ses recrutements.","og_url":"https:\/\/www.eyrignac.com\/fr\/recrutement","og_site_name":"Eyrignac et ses jardins","article_publisher":"https:\/\/www.facebook.com\/JardinsEyrignac\/","article_modified_time":"2025-11-21T17:03:12+00:00","twitter_card":"summary_large_image","twitter_site":"@eyrignac","twitter_misc":{"Dur\u00e9e de lecture estim\u00e9e":"3 minutes"},"schema":{"@context":"https:\/\/schema.org","@graph":[{"@type":"WebPage","@id":"https:\/\/www.eyrignac.com\/fr\/recrutement","url":"https:\/\/www.eyrignac.com\/fr\/recrutement","name":"Recrutement - Eyrignac et ses jardins","isPartOf":{"@id":"https:\/\/www.eyrignac.com\/fr\/#website"},"datePublished":"2019-02-12T14:18:06+00:00","dateModified":"2025-11-21T17:03:12+00:00","description":"Offres de stages, contrats saisonniers, personnels d'accueil et guides touristiques : Eyrignac vous tient inform\u00e9 de ses recrutements.","breadcrumb":{"@id":"https:\/\/www.eyrignac.com\/fr\/recrutement#breadcrumb"},"inLanguage":"fr-FR","potentialAction":[{"@type":"ReadAction","target":["https:\/\/www.eyrignac.com\/fr\/recrutement"]}]},{"@type":"BreadcrumbList","@id":"https:\/\/www.eyrignac.com\/fr\/recrutement#breadcrumb","itemListElement":[{"@type":"ListItem","position":1,"name":"Accueil","item":"https:\/\/www.eyrignac.com\/fr"},{"@type":"ListItem","position":2,"name":"Recrutement"}]},{"@type":"WebSite","@id":"https:\/\/www.eyrignac.com\/fr\/#website","url":"https:\/\/www.eyrignac.com\/fr\/","name":"Eyrignac et ses jardins","description":"Lieu de verdure unique en Dordogne","publisher":{"@id":"https:\/\/www.eyrignac.com\/fr\/#organization"},"potentialAction":[{"@type":"SearchAction","target":{"@type":"EntryPoint","urlTemplate":"https:\/\/www.eyrignac.com\/fr\/?s={search_term_string}"},"query-input":{"@type":"PropertyValueSpecification","valueRequired":true,"valueName":"search_term_string"}}],"inLanguage":"fr-FR"},{"@type":"Organization","@id":"https:\/\/www.eyrignac.com\/fr\/#organization","name":"Eyrignac","url":"https:\/\/www.eyrignac.com\/fr\/","logo":{"@type":"ImageObject","inLanguage":"fr-FR","@id":"https:\/\/www.eyrignac.com\/fr\/#\/schema\/logo\/image\/","url":"https:\/\/www.eyrignac.com\/wp-content\/uploads\/2017\/12\/logo-eyrignac.png","contentUrl":"https:\/\/www.eyrignac.com\/wp-content\/uploads\/2017\/12\/logo-eyrignac.png","width":500,"height":189,"caption":"Eyrignac"},"image":{"@id":"https:\/\/www.eyrignac.com\/fr\/#\/schema\/logo\/image\/"},"sameAs":["https:\/\/www.facebook.com\/JardinsEyrignac\/","https:\/\/x.com\/eyrignac","https:\/\/www.instagram.com\/eyrignac\/","https:\/\/www.pinterest.fr\/eyrignac\/","https:\/\/www.youtube.com\/channel\/UCjWc47ArIew83eRXXjaBowg"]}]}},"_links":{"self":[{"href":"https:\/\/www.eyrignac.com\/fr\/wp-json\/wp\/v2\/pages\/2862","targetHints":{"allow":["GET"]}}],"collection":[{"href":"https:\/\/www.eyrignac.com\/fr\/wp-json\/wp\/v2\/pages"}],"about":[{"href":"https:\/\/www.eyrignac.com\/fr\/wp-json\/wp\/v2\/types\/page"}],"author":[{"embeddable":true,"href":"https:\/\/www.eyrignac.com\/fr\/wp-json\/wp\/v2\/users\/8"}],"replies":[{"embeddable":true,"href":"https:\/\/www.eyrignac.com\/fr\/wp-json\/wp\/v2\/comments?post=2862"}],"version-history":[{"count":0,"href":"https:\/\/www.eyrignac.com\/fr\/wp-json\/wp\/v2\/pages\/2862\/revisions"}],"wp:attachment":[{"href":"https:\/\/www.eyrignac.com\/fr\/wp-json\/wp\/v2\/media?parent=2862"}],"curies":[{"name":"wp","href":"https:\/\/api.w.org\/{rel}","templated":true}]}}