{"id":2706,"date":"2018-12-17T16:54:05","date_gmt":"2018-12-17T15:54:05","guid":{"rendered":"https:\/\/www.eyrignac.com\/?page_id=2706"},"modified":"2026-03-05T12:30:29","modified_gmt":"2026-03-05T11:30:29","slug":"billetterie","status":"publish","type":"page","link":"https:\/\/www.eyrignac.com\/fr\/billetterie","title":{"rendered":"Billetterie"},"content":{"rendered":"<div class=\"wpb-content-wrapper\"><p>[vc_row][vc_column][\/vc_column][\/vc_row][vc_row][vc_column][vc_column_text]<strong>La billetterie d\u2019Eyrignac et ses Jardins est ouverte tous les jours de l\u2019ann\u00e9e et vous accueille tout au long de la journ\u00e9e. <\/strong><strong>Les billets \u00e9lectroniques \u00e0 imprimer chez vous ou \u00e0 enregistrer sur votre t\u00e9l\u00e9phone portable et tablette, vous donnent acc\u00e8s aux Jardins d\u2019Eyrignac en Dordogne \u00e0 la date et \u00e0 l\u2019heure que vous souhaitez. <\/strong><strong>Ils sont valables toute la journ\u00e9e et vous permettent d\u2019aller et venir comme bon vous semble.<\/strong>[\/vc_column_text][vc_empty_space][vc_row_inner][vc_column_inner width=\u00a0\u00bb1\/3&Prime;][vc_single_image image=\u00a0\u00bb309&Prime; img_size=\u00a0\u00bbmedium\u00a0\u00bb css=\u00a0\u00bb.vc_custom_1770046408235{padding-top: 25px !important;}\u00a0\u00bb][\/vc_column_inner][vc_column_inner width=\u00a0\u00bb2\/3&Prime;][vc_column_text css=\u00a0\u00bb\u00a0\u00bb el_class=\u00a0\u00bbor\u00a0\u00bb]<\/p>\n<h3>Visite libre des jardins &#8211; tous les jours de l&rsquo;ann\u00e9e<\/h3>\n<p>[\/vc_column_text][vc_column_text css=\u00a0\u00bb\u00a0\u00bb]D\u00e9couverte libre des jardins d&rsquo;Eyrignac. Un plan des Jardins vous est remis \u00e0 l&rsquo;accueil et des panneaux explicatifs et un support audioguid\u00e9 vous apporteront des informations tout au long du parcours. Des jeux-aventures sont propos\u00e9s \u00e0 l&rsquo;accueil pour une visite ludique en famille et des ateliers cr\u00e9atifs sont r\u00e9guli\u00e8rement propos\u00e9s pendant les vacances scolaires![\/vc_column_text][vc_column_text css=\u00a0\u00bb\u00a0\u00bb]<strong>Pendant les vacances d\u2019hiver \u2744\ufe0f, profitez en famille<\/strong> : le jeu de piste \u201c<a href=\"https:\/\/www.eyrignac.com\/fr\/actualites\/vacances-de-fevrier\">F\u00e9vrier Gourmand<\/a>\u201d \ud83c\udf6b et l\u2019atelier cr\u00e9atif \u201cMon Petit \u00c9cureuil du Jardin\u201d \ud83d\udc3f\ufe0f sont inclus dans votre billet de visite libre des jardins ! \ud83c\udf3f[\/vc_column_text][vc_column_text css=\u00a0\u00bb\u00a0\u00bb]\ud83d\udc23\ud83c\udf6b <strong data-start=\"117\" data-end=\"163\">Bonne nouvelle pour les petits gourmands !<\/strong> Le <a href=\"https:\/\/www.eyrignac.com\/fr\/actualites\/week-end-paques-famille-jardins-eyrignac\">Cluedo <em data-start=\"174\" data-end=\"193\">Tr\u00e9sors de P\u00e2ques<\/em> <\/a>des <strong data-start=\"198\" data-end=\"229\">dimanche 5 et lundi 6 avril<\/strong> est <strong data-start=\"234\" data-end=\"290\" data-is-only-node=\"\">inclus dans votre billet de visite libre des jardins<\/strong>.[\/vc_column_text][vc_btn title=\u00a0\u00bbAcheter les billets en ligne\u00a0\u00bb style=\u00a0\u00bbclassic\u00a0\u00bb shape=\u00a0\u00bbsquare\u00a0\u00bb color=\u00a0\u00bbwhite\u00a0\u00bb size=\u00a0\u00bbsm\u00a0\u00bb align=\u00a0\u00bbcenter\u00a0\u00bb css=\u00a0\u00bb\u00a0\u00bb link=\u00a0\u00bburl:https%3A%2F%2Feyrignac.ats-sarlat.com%3A8443%2Fcgi-bin%2FProgATS%2Fecommerce%3Flicence%3D24LES_JARDINS02%26prest%3D1%20|title:Billets%20en%20ligne%20Visite%20Libre|target:_blank\u00a0\u00bb el_class=\u00a0\u00bbupcase or\u00a0\u00bb][vc_column_text]<\/p>\n<p>[\/vc_column_text][\/vc_column_inner][\/vc_row_inner][vc_row_inner][vc_column_inner width=\u00a0\u00bb1\/3&Prime;][vc_single_image image=\u00a0\u00bb9333&Prime; img_size=\u00a0\u00bbmedium\u00a0\u00bb css=\u00a0\u00bb.vc_custom_1772703834670{padding-top: 25px !important;}\u00a0\u00bb][\/vc_column_inner][vc_column_inner width=\u00a0\u00bb2\/3&Prime;][vc_column_text css=\u00a0\u00bb\u00a0\u00bb el_class=\u00a0\u00bbor\u00a0\u00bb]<\/p>\n<h3>Les visites insolites : vacances de printemps et <a href=\"https:\/\/www.eyrignac.com\/fr\/actualites\/manoir-eyrignac-chateaux-en-fete-en-dordogne\">Ch\u00e2teaux en F\u00eate<\/a><\/h3>\n<p>[\/vc_column_text][vc_column_text css=\u00a0\u00bb\u00a0\u00bb]Pendant les vacances de printemps et l\u2019\u00e9v\u00e9nement <a href=\"https:\/\/www.dordogne-perigord-tourisme.fr\/chateaux-en-fete\/\">Ch\u00e2teaux en F\u00eate<\/a>, la programmation des Visites Insolites int\u00e8gre des exp\u00e9riences exceptionnelles : visite th\u00e9\u00e2tralis\u00e9e avec Henriette, l&rsquo;anc\u00eatre de la famille, d\u00e9couverte du manoir ou rencontre avec le propri\u00e9taire. Pour y participer, s\u00e9lectionnez ci-dessous le billet d\u00e9di\u00e9 \u00e0 ces visites sp\u00e9ciales, qui comprend \u00e9galement la visite libre des jardins.<\/p>\n<ul>\n<li><strong>Mardi 7 avril \u00e0 11h<\/strong> : visite th\u00e9\u00e2tralis\u00e9e des jardins avec Henriette<\/li>\n<li><strong>Les mardis 14, 21 et 28 avril \u00e0 11h<\/strong> : Visites th\u00e9\u00e2tralis\u00e9es sp\u00e9ciales jardin et manoir avec Henriette<\/li>\n<li><strong>Les Dimanches 12, 19 et 26 avril \u00e0 15h<\/strong> : rencontre au manoir avec Patrick Sermadiras, propri\u00e9taire d&rsquo;Eyrignac<\/li>\n<\/ul>\n<p>Le billet Visite Insolite est valable toute la journ\u00e9e et inclut les livrets jeux enfants sur demande.[\/vc_column_text][vc_btn title=\u00a0\u00bbR\u00e9server ma visite insolite\u00a0\u00bb style=\u00a0\u00bbclassic\u00a0\u00bb shape=\u00a0\u00bbsquare\u00a0\u00bb color=\u00a0\u00bbwhite\u00a0\u00bb size=\u00a0\u00bbsm\u00a0\u00bb align=\u00a0\u00bbcenter\u00a0\u00bb css=\u00a0\u00bb\u00a0\u00bb link=\u00a0\u00bburl:https%3A%2F%2Feyrignac.ats-sarlat.com%3A8443%2Fcgi-bin%2FProgATS%2Fecommerce%3Flicence%3D24LES_JARDINS02%26prest%3D2|title:Billets%20en%20ligne%20Visite%20Libre%20et%20visite%20insolite|target:_blank\u00a0\u00bb el_class=\u00a0\u00bbupcase or\u00a0\u00bb][vc_column_text]<\/p>\n<p>[\/vc_column_text][\/vc_column_inner][\/vc_row_inner][vc_row_inner][vc_column_inner width=\u00a0\u00bb1\/3&Prime;][vc_single_image image=\u00a0\u00bb9164&Prime; img_size=\u00a0\u00bbmedium\u00a0\u00bb css=\u00a0\u00bb.vc_custom_1684920260819{padding-top: 25px !important;}\u00a0\u00bb][\/vc_column_inner][vc_column_inner width=\u00a0\u00bb2\/3&Prime;][vc_column_text css=\u00a0\u00bb\u00a0\u00bb el_class=\u00a0\u00bbor\u00a0\u00bb]<\/p>\n<h3>Exp\u00e9rience <a href=\"https:\/\/www.eyrignac.com\/fr\/actualites\/jardinier-un-jour-eyrignac-et-ses-jardins\">Jardinier d&rsquo;un Jour<\/a><\/h3>\n<p>[\/vc_column_text][vc_column_text]Nouveaut\u00e9 unique en France ! Une matin\u00e9e en immersion dans l&rsquo;\u00e9quipe des jardiniers d&rsquo;Eyrignac qui s&rsquo;adresse aux passionn\u00e9s de jardin. Le billet inclut la visite libre des jardin et est valable toute la journ\u00e9e.<\/p>\n<ul>\n<li>Un apprenti jardinier par s\u00e9ance<\/li>\n<li>Sur r\u00e9servation uniquement<\/li>\n<li>P\u00e9riode : toute l\u2019ann\u00e9e, du lundi au vendredi<\/li>\n<li>Dur\u00e9e de l&rsquo;exp\u00e9rience : 3h (9h-12h)<\/li>\n<li>Possibilit\u00e9 d\u2019un bon cadeau<\/li>\n<\/ul>\n<p>[\/vc_column_text][vc_btn title=\u00a0\u00bbR\u00e9server\u00a0\u00bb style=\u00a0\u00bbclassic\u00a0\u00bb shape=\u00a0\u00bbsquare\u00a0\u00bb color=\u00a0\u00bbwhite\u00a0\u00bb size=\u00a0\u00bbsm\u00a0\u00bb align=\u00a0\u00bbcenter\u00a0\u00bb css=\u00a0\u00bb\u00a0\u00bb link=\u00a0\u00bburl:https%3A%2F%2Feyrignac.ats-sarlat.com%3A8443%2Fcgi-bin%2FProgATS%2Fecommerce%3Flicence%3D24LES_JARDINS02%26prest%3D15|title:Billets%20en%20ligne%20Jardinier%20d&rsquo;un%20Jour|target:_blank\u00a0\u00bb el_class=\u00a0\u00bbupcase or\u00a0\u00bb][vc_column_text]<\/p>\n<p>[\/vc_column_text][\/vc_column_inner][\/vc_row_inner][vc_row_inner][vc_column_inner width=\u00a0\u00bb1\/3&Prime;][vc_single_image image=\u00a0\u00bb1355&Prime; img_size=\u00a0\u00bbmedium\u00a0\u00bb css=\u00a0\u00bb.vc_custom_1536854700243{padding-top: 25px !important;}\u00a0\u00bb][\/vc_column_inner][vc_column_inner width=\u00a0\u00bb2\/3&Prime;][vc_column_text el_class=\u00a0\u00bbor\u00a0\u00bb]<\/p>\n<h3>Visite guide priv\u00e9<\/h3>\n<p>[\/vc_column_text][vc_column_text]Vous souhaitez un moment exclusif, un guide \u00e0 votre \u00e9coute et enti\u00e8rement d\u00e9di\u00e9 \u00e0 votre exp\u00e9rience de visite\u2026 Parcourez les jardins en dehors du circuit habituel de visite et appr\u00e9ciez des commentaires exhaustifs sur l\u2019historique et l\u2019entretien d\u2019un joyau v\u00e9g\u00e9tal riche de plus de 500 ans d\u2019histoire (de 2 \u00e0 10 personnes).[\/vc_column_text][vc_btn title=\u00a0\u00bbR\u00e9server\u00a0\u00bb style=\u00a0\u00bbclassic\u00a0\u00bb shape=\u00a0\u00bbsquare\u00a0\u00bb color=\u00a0\u00bbwhite\u00a0\u00bb size=\u00a0\u00bbsm\u00a0\u00bb align=\u00a0\u00bbcenter\u00a0\u00bb css=\u00a0\u00bb\u00a0\u00bb link=\u00a0\u00bburl:https%3A%2F%2Feyrignac.ats-sarlat.com%3A8443%2Fcgi-bin%2FProgATS%2Fecommerce%3Flicence%3D24LES_JARDINS02%26prest%3D14|title:Billets%20en%20ligne%20Visite%20priv%C3%A9e|target:_blank\u00a0\u00bb el_class=\u00a0\u00bbupcase or\u00a0\u00bb][\/vc_column_inner][\/vc_row_inner][\/vc_column][\/vc_row][vc_row][vc_column width=\u00a0\u00bb1\/3&Prime;][vc_single_image image=\u00a0\u00bb1422&Prime; img_size=\u00a0\u00bbmedium\u00a0\u00bb css=\u00a0\u00bb.vc_custom_1536852782174{padding-top: 25px !important;}\u00a0\u00bb][\/vc_column][vc_column width=\u00a0\u00bb2\/3&Prime;][vc_column_text el_class=\u00a0\u00bbor\u00a0\u00bb]<\/p>\n<h3>Visiter Eyrignac en groupe (Visite libre)<\/h3>\n<p>[\/vc_column_text][vc_column_text css=\u00a0\u00bb\u00a0\u00bb]Vous d\u00e9ambulerez librement, \u00e0 votre propre rythme dans les Jardins, avec le plan des jardins propos\u00e9 en 6 langues qui vous sera remis \u00e0 l\u2019accueil, compl\u00e9t\u00e9 par les nombreux pupitres explicatifs qui jalonnent le parcours. Ou bien vous suivrez pas \u00e0 pas les commentaire audioguid\u00e9s sur smartphone disponibles en 10 langues (fran\u00e7ais, anglais, espagnol, n\u00e9erlandais, allemand, italien, portugais, chinois, japonais, russe)[\/vc_column_text][vc_column_text]<\/p>\n<p>[\/vc_column_text][vc_btn title=\u00a0\u00bbR\u00e9server\u00a0\u00bb style=\u00a0\u00bbclassic\u00a0\u00bb shape=\u00a0\u00bbsquare\u00a0\u00bb color=\u00a0\u00bbwhite\u00a0\u00bb size=\u00a0\u00bbsm\u00a0\u00bb align=\u00a0\u00bbcenter\u00a0\u00bb css=\u00a0\u00bb\u00a0\u00bb link=\u00a0\u00bburl:https%3A%2F%2Feyrignac.ats-sarlat.com%3A8443%2Fcgi-bin%2FProgATS%2Fecommerce%3Flicence%3D24LES_JARDINS02%26prest%3D17|title:Billets%20en%20ligne%20Visite%20Libre%20Groupes|target:_blank\u00a0\u00bb el_class=\u00a0\u00bbupcase or\u00a0\u00bb][\/vc_column][\/vc_row][vc_row][vc_column width=\u00a0\u00bb1\/3&Prime;][vc_single_image image=\u00a0\u00bb10870&Prime; img_size=\u00a0\u00bbmedium\u00a0\u00bb css=\u00a0\u00bb.vc_custom_1770046320347{padding-top: 25px !important;}\u00a0\u00bb][\/vc_column][vc_column width=\u00a0\u00bb2\/3&Prime;][vc_column_text css=\u00a0\u00bb\u00a0\u00bb el_class=\u00a0\u00bbor\u00a0\u00bb]<\/p>\n<h3>Pique-Niques Blancs<\/h3>\n<p>[\/vc_column_text][vc_column_text css=\u00a0\u00bb\u00a0\u00bb]<strong>Du 6 juillet au 24 ao\u00fbt 2026<\/strong>, <strong>tous les lundis soir \u00e0 partir de 19h<\/strong>, petits et grands se retrouvent dans le Jardin Blanc d&rsquo;Eyrignac pour une soir\u00e9e festive en plein air : pique-nique sur les gazons, DJ, bar \u00e0 cocktails, bar \u00e0 glace, lumi\u00e8res, animations pour les enfants, feu d&rsquo;artifice en cl\u00f4ture de soir\u00e9e, et un code vestimentaire BLANC !<\/p>\n<p>Le billet inclut la visite libre des jardins.<br \/>\n<strong>Une tenue blanche sans motif est exig\u00e9e pour tous les participants \u00e0 la soir\u00e9e. Nombre de participants limit\u00e9.<\/strong>[\/vc_column_text][vc_column_text]<\/p>\n<p>[\/vc_column_text][vc_btn title=\u00a0\u00bbR\u00e9server ma soir\u00e9e\u00a0\u00bb style=\u00a0\u00bbclassic\u00a0\u00bb shape=\u00a0\u00bbsquare\u00a0\u00bb color=\u00a0\u00bbwhite\u00a0\u00bb size=\u00a0\u00bbsm\u00a0\u00bb align=\u00a0\u00bbcenter\u00a0\u00bb css=\u00a0\u00bb\u00a0\u00bb link=\u00a0\u00bburl:https%3A%2F%2Feyrignac.ats-sarlat.com%3A8443%2Fcgi-bin%2FProgATS%2Fecommerce%3Flicence%3D24LES_JARDINS02%26prest%3D4|title:Billets%20en%20ligne%20Pique-Niques%20Blancs|target:_blank\u00a0\u00bb el_class=\u00a0\u00bbupcase or\u00a0\u00bb][\/vc_column][\/vc_row][vc_row][vc_column width=\u00a0\u00bb1\/3&Prime;][vc_single_image image=\u00a0\u00bb2407&Prime; img_size=\u00a0\u00bbmedium\u00a0\u00bb css=\u00a0\u00bb.vc_custom_1545062142977{padding-top: 25px !important;}\u00a0\u00bb][\/vc_column][vc_column width=\u00a0\u00bb2\/3&Prime;][vc_column_text el_class=\u00a0\u00bbor\u00a0\u00bb]<\/p>\n<h3>Comment payer<\/h3>\n<p>[\/vc_column_text][vc_column_text css=\u00a0\u00bb\u00a0\u00bb]Par Carte bleu, Visa ou Mastercard \u2013 100% s\u00e9curis\u00e9<\/p>\n<p>Le paiement est effectu\u00e9 via l&rsquo;application s\u00e9curis\u00e9e du Cr\u00e9dit Agricole. Le paiement est effectu\u00e9 sur une page crypt\u00e9e SSL, ce proc\u00e9d\u00e9 permet d\u2019encoder toutes les informations que vous saisissez sur la page Web. En t\u00e9moigne le cadenas affich\u00e9 dans votre navigateur. Ainsi, vos r\u00e9f\u00e9rences de cartes bancaires ne peuvent \u00eatre intercept\u00e9es.[\/vc_column_text][\/vc_column][\/vc_row][vc_row][vc_column][\/vc_column][\/vc_row]<\/p>\n<\/div>","protected":false},"excerpt":{"rendered":"[vc_row][vc_column][\/vc_column][\/vc_row][vc_row][vc_column][vc_column_text]La billetterie d\u2019Eyrignac et ses Jardins est ouverte tous les jours de l\u2019ann\u00e9e et vous accueille tout au long de la journ\u00e9e. Les billets \u00e9lectroniques \u00e0 imprimer chez vous ou \u00e0 enregistrer sur votre t\u00e9l\u00e9phone portable et tablette, vous donnent acc\u00e8s aux Jardins d\u2019Eyrignac en Dordogne \u00e0 la date et \u00e0 l\u2019heure que vous souhaitez&#8230;. <a class=\"view-article\" href=\"https:\/\/www.eyrignac.com\/fr\/billetterie\">Voir l&rsquo;article<\/a>","protected":false},"author":1,"featured_media":0,"parent":0,"menu_order":0,"comment_status":"closed","ping_status":"closed","template":"","meta":{"_acf_changed":false,"footnotes":""},"class_list":["post-2706","page","type-page","status-publish","hentry"],"acf":[],"yoast_head":"<!-- This site is optimized with the Yoast SEO plugin v27.4 - https:\/\/yoast.com\/product\/yoast-seo-wordpress\/ -->\n<title>Billetterie - Eyrignac et ses jardins<\/title>\n<meta name=\"description\" content=\"La billetterie en ligne d&#039;Eyrignac et ses Jardins est s\u00e9curis\u00e9e et permet d&#039;acheter les billets avant la visite des jardins\" \/>\n<meta name=\"robots\" content=\"index, follow, max-snippet:-1, max-image-preview:large, max-video-preview:-1\" \/>\n<link rel=\"canonical\" href=\"https:\/\/www.eyrignac.com\/fr\/billetterie\" \/>\n<meta property=\"og:locale\" content=\"fr_FR\" \/>\n<meta property=\"og:type\" content=\"article\" \/>\n<meta property=\"og:title\" content=\"Billetterie - Eyrignac et ses jardins\" \/>\n<meta property=\"og:description\" content=\"La billetterie en ligne d&#039;Eyrignac et ses Jardins est s\u00e9curis\u00e9e et permet d&#039;acheter les billets avant la visite des jardins\" \/>\n<meta property=\"og:url\" content=\"https:\/\/www.eyrignac.com\/fr\/billetterie\" \/>\n<meta property=\"og:site_name\" content=\"Eyrignac et ses jardins\" \/>\n<meta property=\"article:publisher\" content=\"https:\/\/www.facebook.com\/JardinsEyrignac\/\" \/>\n<meta property=\"article:modified_time\" content=\"2026-03-05T11:30:29+00:00\" \/>\n<meta name=\"twitter:card\" content=\"summary_large_image\" \/>\n<meta name=\"twitter:site\" content=\"@eyrignac\" \/>\n<meta name=\"twitter:label1\" content=\"Dur\u00e9e de lecture estim\u00e9e\" \/>\n\t<meta name=\"twitter:data1\" content=\"3 minutes\" \/>\n<script type=\"application\/ld+json\" class=\"yoast-schema-graph\">{\"@context\":\"https:\\\/\\\/schema.org\",\"@graph\":[{\"@type\":\"WebPage\",\"@id\":\"https:\\\/\\\/www.eyrignac.com\\\/fr\\\/billetterie\",\"url\":\"https:\\\/\\\/www.eyrignac.com\\\/fr\\\/billetterie\",\"name\":\"Billetterie - Eyrignac et ses jardins\",\"isPartOf\":{\"@id\":\"https:\\\/\\\/www.eyrignac.com\\\/fr\\\/#website\"},\"datePublished\":\"2018-12-17T15:54:05+00:00\",\"dateModified\":\"2026-03-05T11:30:29+00:00\",\"description\":\"La billetterie en ligne d'Eyrignac et ses Jardins est s\u00e9curis\u00e9e et permet d'acheter les billets avant la visite des jardins\",\"breadcrumb\":{\"@id\":\"https:\\\/\\\/www.eyrignac.com\\\/fr\\\/billetterie#breadcrumb\"},\"inLanguage\":\"fr-FR\",\"potentialAction\":[{\"@type\":\"ReadAction\",\"target\":[\"https:\\\/\\\/www.eyrignac.com\\\/fr\\\/billetterie\"]}]},{\"@type\":\"BreadcrumbList\",\"@id\":\"https:\\\/\\\/www.eyrignac.com\\\/fr\\\/billetterie#breadcrumb\",\"itemListElement\":[{\"@type\":\"ListItem\",\"position\":1,\"name\":\"Accueil\",\"item\":\"https:\\\/\\\/www.eyrignac.com\\\/fr\"},{\"@type\":\"ListItem\",\"position\":2,\"name\":\"Billetterie\"}]},{\"@type\":\"WebSite\",\"@id\":\"https:\\\/\\\/www.eyrignac.com\\\/fr\\\/#website\",\"url\":\"https:\\\/\\\/www.eyrignac.com\\\/fr\\\/\",\"name\":\"Eyrignac et ses jardins\",\"description\":\"Lieu de verdure unique en Dordogne\",\"publisher\":{\"@id\":\"https:\\\/\\\/www.eyrignac.com\\\/fr\\\/#organization\"},\"potentialAction\":[{\"@type\":\"SearchAction\",\"target\":{\"@type\":\"EntryPoint\",\"urlTemplate\":\"https:\\\/\\\/www.eyrignac.com\\\/fr\\\/?s={search_term_string}\"},\"query-input\":{\"@type\":\"PropertyValueSpecification\",\"valueRequired\":true,\"valueName\":\"search_term_string\"}}],\"inLanguage\":\"fr-FR\"},{\"@type\":\"Organization\",\"@id\":\"https:\\\/\\\/www.eyrignac.com\\\/fr\\\/#organization\",\"name\":\"Eyrignac\",\"url\":\"https:\\\/\\\/www.eyrignac.com\\\/fr\\\/\",\"logo\":{\"@type\":\"ImageObject\",\"inLanguage\":\"fr-FR\",\"@id\":\"https:\\\/\\\/www.eyrignac.com\\\/fr\\\/#\\\/schema\\\/logo\\\/image\\\/\",\"url\":\"https:\\\/\\\/www.eyrignac.com\\\/wp-content\\\/uploads\\\/2017\\\/12\\\/logo-eyrignac.png\",\"contentUrl\":\"https:\\\/\\\/www.eyrignac.com\\\/wp-content\\\/uploads\\\/2017\\\/12\\\/logo-eyrignac.png\",\"width\":500,\"height\":189,\"caption\":\"Eyrignac\"},\"image\":{\"@id\":\"https:\\\/\\\/www.eyrignac.com\\\/fr\\\/#\\\/schema\\\/logo\\\/image\\\/\"},\"sameAs\":[\"https:\\\/\\\/www.facebook.com\\\/JardinsEyrignac\\\/\",\"https:\\\/\\\/x.com\\\/eyrignac\",\"https:\\\/\\\/www.instagram.com\\\/eyrignac\\\/\",\"https:\\\/\\\/www.pinterest.fr\\\/eyrignac\\\/\",\"https:\\\/\\\/www.youtube.com\\\/channel\\\/UCjWc47ArIew83eRXXjaBowg\"]}]}<\/script>\n<!-- \/ Yoast SEO plugin. -->","yoast_head_json":{"title":"Billetterie - Eyrignac et ses jardins","description":"La billetterie en ligne d'Eyrignac et ses Jardins est s\u00e9curis\u00e9e et permet d'acheter les billets avant la visite des jardins","robots":{"index":"index","follow":"follow","max-snippet":"max-snippet:-1","max-image-preview":"max-image-preview:large","max-video-preview":"max-video-preview:-1"},"canonical":"https:\/\/www.eyrignac.com\/fr\/billetterie","og_locale":"fr_FR","og_type":"article","og_title":"Billetterie - Eyrignac et ses jardins","og_description":"La billetterie en ligne d'Eyrignac et ses Jardins est s\u00e9curis\u00e9e et permet d'acheter les billets avant la visite des jardins","og_url":"https:\/\/www.eyrignac.com\/fr\/billetterie","og_site_name":"Eyrignac et ses jardins","article_publisher":"https:\/\/www.facebook.com\/JardinsEyrignac\/","article_modified_time":"2026-03-05T11:30:29+00:00","twitter_card":"summary_large_image","twitter_site":"@eyrignac","twitter_misc":{"Dur\u00e9e de lecture estim\u00e9e":"3 minutes"},"schema":{"@context":"https:\/\/schema.org","@graph":[{"@type":"WebPage","@id":"https:\/\/www.eyrignac.com\/fr\/billetterie","url":"https:\/\/www.eyrignac.com\/fr\/billetterie","name":"Billetterie - Eyrignac et ses jardins","isPartOf":{"@id":"https:\/\/www.eyrignac.com\/fr\/#website"},"datePublished":"2018-12-17T15:54:05+00:00","dateModified":"2026-03-05T11:30:29+00:00","description":"La billetterie en ligne d'Eyrignac et ses Jardins est s\u00e9curis\u00e9e et permet d'acheter les billets avant la visite des jardins","breadcrumb":{"@id":"https:\/\/www.eyrignac.com\/fr\/billetterie#breadcrumb"},"inLanguage":"fr-FR","potentialAction":[{"@type":"ReadAction","target":["https:\/\/www.eyrignac.com\/fr\/billetterie"]}]},{"@type":"BreadcrumbList","@id":"https:\/\/www.eyrignac.com\/fr\/billetterie#breadcrumb","itemListElement":[{"@type":"ListItem","position":1,"name":"Accueil","item":"https:\/\/www.eyrignac.com\/fr"},{"@type":"ListItem","position":2,"name":"Billetterie"}]},{"@type":"WebSite","@id":"https:\/\/www.eyrignac.com\/fr\/#website","url":"https:\/\/www.eyrignac.com\/fr\/","name":"Eyrignac et ses jardins","description":"Lieu de verdure unique en Dordogne","publisher":{"@id":"https:\/\/www.eyrignac.com\/fr\/#organization"},"potentialAction":[{"@type":"SearchAction","target":{"@type":"EntryPoint","urlTemplate":"https:\/\/www.eyrignac.com\/fr\/?s={search_term_string}"},"query-input":{"@type":"PropertyValueSpecification","valueRequired":true,"valueName":"search_term_string"}}],"inLanguage":"fr-FR"},{"@type":"Organization","@id":"https:\/\/www.eyrignac.com\/fr\/#organization","name":"Eyrignac","url":"https:\/\/www.eyrignac.com\/fr\/","logo":{"@type":"ImageObject","inLanguage":"fr-FR","@id":"https:\/\/www.eyrignac.com\/fr\/#\/schema\/logo\/image\/","url":"https:\/\/www.eyrignac.com\/wp-content\/uploads\/2017\/12\/logo-eyrignac.png","contentUrl":"https:\/\/www.eyrignac.com\/wp-content\/uploads\/2017\/12\/logo-eyrignac.png","width":500,"height":189,"caption":"Eyrignac"},"image":{"@id":"https:\/\/www.eyrignac.com\/fr\/#\/schema\/logo\/image\/"},"sameAs":["https:\/\/www.facebook.com\/JardinsEyrignac\/","https:\/\/x.com\/eyrignac","https:\/\/www.instagram.com\/eyrignac\/","https:\/\/www.pinterest.fr\/eyrignac\/","https:\/\/www.youtube.com\/channel\/UCjWc47ArIew83eRXXjaBowg"]}]}},"_links":{"self":[{"href":"https:\/\/www.eyrignac.com\/fr\/wp-json\/wp\/v2\/pages\/2706","targetHints":{"allow":["GET"]}}],"collection":[{"href":"https:\/\/www.eyrignac.com\/fr\/wp-json\/wp\/v2\/pages"}],"about":[{"href":"https:\/\/www.eyrignac.com\/fr\/wp-json\/wp\/v2\/types\/page"}],"author":[{"embeddable":true,"href":"https:\/\/www.eyrignac.com\/fr\/wp-json\/wp\/v2\/users\/1"}],"replies":[{"embeddable":true,"href":"https:\/\/www.eyrignac.com\/fr\/wp-json\/wp\/v2\/comments?post=2706"}],"version-history":[{"count":14,"href":"https:\/\/www.eyrignac.com\/fr\/wp-json\/wp\/v2\/pages\/2706\/revisions"}],"predecessor-version":[{"id":12136,"href":"https:\/\/www.eyrignac.com\/fr\/wp-json\/wp\/v2\/pages\/2706\/revisions\/12136"}],"wp:attachment":[{"href":"https:\/\/www.eyrignac.com\/fr\/wp-json\/wp\/v2\/media?parent=2706"}],"curies":[{"name":"wp","href":"https:\/\/api.w.org\/{rel}","templated":true}]}}