{"id":238,"date":"2018-01-16T12:25:30","date_gmt":"2018-01-16T11:25:30","guid":{"rendered":"https:\/\/www.eyrignac.com\/?page_id=238"},"modified":"2021-01-14T11:54:21","modified_gmt":"2021-01-14T10:54:21","slug":"en-mode-vip","status":"publish","type":"page","link":"https:\/\/www.eyrignac.com\/fr\/preparer-ma-visite\/en-mode-vip","title":{"rendered":"Visite d&rsquo;Eyrignac et ses jardins sur mesure"},"content":{"rendered":"<div class=\"wpb-content-wrapper\"><p>[vc_row][vc_column][vc_column_text el_class=\u00a0\u00bbor\u00a0\u00bb]<\/p>\n<h1>Visiter Eyrignac et ses Jardins en mode VIP<\/h1>\n<p>[\/vc_column_text][vc_column_text css=\u00a0\u00bb.vc_custom_1516739092502{margin-bottom: 30px !important;}\u00a0\u00bb]<strong>Eyrignac et ses Jardins comptent parmi les lieux exceptionnels du P\u00e9rigord noir. A lieu d\u2019exception, visite d\u2019exception : visite avec un guide priv\u00e9, visite en compagnie de Patrick Sermadiras, le propri\u00e9taire, cours d\u2019art de vivre au Manoir avec Capucine Sermadiras, d\u00e9jeuner ou d\u00eener au Manoir, ou prestation sur mesure (vol en h\u00e9licopt\u00e8re et atterrissage sur la piste priv\u00e9e du domaine, privatisation des jardins pour soir\u00e9e de gala, etc.). Toutes les demandes seront \u00e9tudi\u00e9es avec attention.<\/strong>[\/vc_column_text][vc_column_text el_class=\u00a0\u00bbor\u00a0\u00bb]<\/p>\n<h2>Visites priv\u00e9es<\/h2>\n<p>[\/vc_column_text][vc_row_inner css=\u00a0\u00bb.vc_custom_1516206920135{margin-bottom: 30px !important;}\u00a0\u00bb][vc_column_inner width=\u00a0\u00bb1\/3&Prime; css=\u00a0\u00bb.vc_custom_1516958091381{padding-right: 20px !important;}\u00a0\u00bb][vc_single_image image=\u00a0\u00bb1355&Prime; img_size=\u00a0\u00bblarge\u00a0\u00bb onclick=\u00a0\u00bblink_image\u00a0\u00bb][\/vc_column_inner][vc_column_inner width=\u00a0\u00bb2\/3&Prime;][vc_column_text el_class=\u00a0\u00bbnomt nopb\u00a0\u00bb]<\/p>\n<h2>Visite avec un guide priv\u00e9<\/h2>\n<p>[\/vc_column_text][vc_raw_html css=\u00a0\u00bb.vc_custom_1515593443476{margin-bottom: 15px !important;}\u00a0\u00bb]JTNDZGl2JTIwY2xhc3MlM0QlMjJzZXAlMjIlM0UlM0MlMkZkaXYlM0U=[\/vc_raw_html][vc_column_text]Vous souhaitez un moment exclusif, un guide \u00e0 votre \u00e9coute et enti\u00e8rement d\u00e9di\u00e9 \u00e0 votre exp\u00e9rience de visite\u2026<br \/>\nSur demande pr\u00e9alable, r\u00e9servez votre visite priv\u00e9e de 2 \u00e0 10 personnes.<br \/>\nVous parcourez les jardins en dehors du circuit habituel de visite et appr\u00e9cierez des commentaires exhaustifs sur l&rsquo;historique et l&rsquo;entretien d&rsquo;un joyau v\u00e9g\u00e9tal riche de plus de 500 ans d&rsquo;histoire.<\/p>\n<p><em>Tarif adulte : 50\u20ac par personne &#8211; Minimum 2 personnes<\/em><br \/>\n<em>Dur\u00e9e : environ 1h15<\/em>[\/vc_column_text][\/vc_column_inner][\/vc_row_inner][vc_row_inner css=\u00a0\u00bb.vc_custom_1516206931934{margin-bottom: 30px !important;}\u00a0\u00bb][vc_column_inner width=\u00a0\u00bb1\/3&Prime; css=\u00a0\u00bb.vc_custom_1516958098980{padding-right: 20px !important;}\u00a0\u00bb][vc_single_image image=\u00a0\u00bb1382&Prime; img_size=\u00a0\u00bblarge\u00a0\u00bb onclick=\u00a0\u00bblink_image\u00a0\u00bb][\/vc_column_inner][vc_column_inner width=\u00a0\u00bb2\/3&Prime;][vc_column_text el_class=\u00a0\u00bbnomt nopb\u00a0\u00bb]<\/p>\n<h2>Visite priv\u00e9e avec le Chef Jardinier<\/h2>\n<p>[\/vc_column_text][vc_raw_html css=\u00a0\u00bb.vc_custom_1515593443476{margin-bottom: 15px !important;}\u00a0\u00bb]JTNDZGl2JTIwY2xhc3MlM0QlMjJzZXAlMjIlM0UlM0MlMkZkaXYlM0U=[\/vc_raw_html][vc_column_text]Accompagn\u00e9 par notre chef jardinier, p\u00e9n\u00e9trez dans les coulisses d\u2019Eyrignac et ses Jardins, consid\u00e9r\u00e9s comme le joyau v\u00e9g\u00e9tal du P\u00e9rigord Noir. En plus de l\u2019histoire des jardins, vous d\u00e9couvrirez le travail quotidien des jardiniers d&rsquo;Eyrignac : taille des v\u00e9g\u00e9taux \u00e0 la cisaille, entretien des gazons et les nombreuses finitions qui font d\u2019Eyrignac une r\u00e9f\u00e9rence en mati\u00e8re de jardin.<\/p>\n<p><em>Tarif adulte : 75 \u20ac par personne &#8211; Minimum 2 personnes<\/em><br \/>\n<em>Dur\u00e9e : environ 1h30 sur r\u00e9servation (sur rdv en fonction de la<\/em><br \/>\n<em>disponibilit\u00e9 du chef jardinier)<\/em>[\/vc_column_text][\/vc_column_inner][\/vc_row_inner][vc_row_inner css=\u00a0\u00bb.vc_custom_1516206925030{margin-bottom: 30px !important;}\u00a0\u00bb][vc_column_inner width=\u00a0\u00bb1\/3&Prime; css=\u00a0\u00bb.vc_custom_1516958095365{padding-right: 20px !important;}\u00a0\u00bb][vc_single_image image=\u00a0\u00bb1369&Prime; img_size=\u00a0\u00bblarge\u00a0\u00bb onclick=\u00a0\u00bblink_image\u00a0\u00bb][\/vc_column_inner][vc_column_inner width=\u00a0\u00bb2\/3&Prime;][vc_column_text el_class=\u00a0\u00bbnomt nopb\u00a0\u00bb]<\/p>\n<h2>Visite prestige du jardin avec le propri\u00e9taire, Patrick Sermadiras<\/h2>\n<p>[\/vc_column_text][vc_raw_html css=\u00a0\u00bb.vc_custom_1515593443476{margin-bottom: 15px !important;}\u00a0\u00bb]JTNDZGl2JTIwY2xhc3MlM0QlMjJzZXAlMjIlM0UlM0MlMkZkaXYlM0U=[\/vc_raw_html][vc_column_text]Au cours de cette visite priv\u00e9e du jardin, Patrick Sermadiras, propri\u00e9taire des lieux comme l\u2019est sa famille depuis 22 g\u00e9n\u00e9rations, vous fera partager sa passion pour Eyrignac ainsi que la gen\u00e8se des jardins qui ont \u00e9t\u00e9 con\u00e7us par son p\u00e8re.<\/p>\n<p><em>Tarif adulte : 100\u20ac par personne &#8211; Minimum 2 personnes<\/em><br \/>\n<i>Dur\u00e9e : environ 1h15 &#8211; Sur r\u00e9servation<\/i>[\/vc_column_text][\/vc_column_inner][\/vc_row_inner][\/vc_column][\/vc_row][vc_row css=\u00a0\u00bb.vc_custom_1516205065841{margin-bottom: 30px !important;}\u00a0\u00bb][vc_column css=\u00a0\u00bb.vc_custom_1515600657263{padding-right: 20px !important;}\u00a0\u00bb][vc_column_text css=\u00a0\u00bb.vc_custom_1519079464591{margin-bottom: 0px !important;}\u00a0\u00bb]<\/p>\n<h2>Renseignements<\/h2>\n<p>[\/vc_column_text][vc_raw_html css=\u00a0\u00bb.vc_custom_1515593443476{margin-bottom: 15px !important;}\u00a0\u00bb]JTNDZGl2JTIwY2xhc3MlM0QlMjJzZXAlMjIlM0UlM0MlMkZkaXYlM0U=[\/vc_raw_html][vc_column_text css=\u00a0\u00bb.vc_custom_1516205127194{margin-bottom: 0px !important;}\u00a0\u00bb]Au 05 53 28 99 71 ou contact@eyrignac.com[\/vc_column_text][\/vc_column][\/vc_row][vc_row][vc_column][vc_column_text el_class=\u00a0\u00bbor\u00a0\u00bb]<\/p>\n<h2>Exp\u00e9riences et ateliers th\u00e9matiques<\/h2>\n<p>[\/vc_column_text][vc_row_inner][vc_column_inner width=\u00a0\u00bb1\/3&Prime;][vc_single_image image=\u00a0\u00bb5857&Prime; img_size=\u00a0\u00bblarge\u00a0\u00bb onclick=\u00a0\u00bblink_image\u00a0\u00bb][\/vc_column_inner][vc_column_inner width=\u00a0\u00bb2\/3&Prime;][vc_column_text el_class=\u00a0\u00bbnomt nopb\u00a0\u00bb]<\/p>\n<h2>JARDINIER D\u2019UN JOUR<\/h2>\n<p>[\/vc_column_text][vc_raw_html css=\u00a0\u00bb.vc_custom_1515593443476{margin-bottom: 15px !important;}\u00a0\u00bb]JTNDZGl2JTIwY2xhc3MlM0QlMjJzZXAlMjIlM0UlM0MlMkZkaXYlM0U=[\/vc_raw_html][vc_column_text]Immergez-vous dans le quotidien d&rsquo;Eyrignac en devenant jardinier le temps d&rsquo;une matin\u00e9e. Cette exp\u00e9rience unique vous permettra de vous essayer au maniement des cisailles et des cordeaux et de d\u00e9couvrir tous les petits secrets d\u2019entretiens d\u2019Eyrignac.<\/p>\n<p><em>Tarif adulte : 250 \u20ac par personne<\/em><br \/>\n<em>Dur\u00e9e : 3h &#8211; Uniquement sur r\u00e9servation &#8211; Du Lundi au Vendredi &#8211; de 9h \u00e0 12h<\/em>[\/vc_column_text][vc_empty_space][\/vc_column_inner][\/vc_row_inner][vc_row_inner][vc_column_inner width=\u00a0\u00bb1\/3&Prime;][vc_single_image image=\u00a0\u00bb5861&Prime; img_size=\u00a0\u00bblarge\u00a0\u00bb onclick=\u00a0\u00bblink_image\u00a0\u00bb][\/vc_column_inner][vc_column_inner width=\u00a0\u00bb2\/3&Prime;][vc_column_text el_class=\u00a0\u00bbnomt nopb\u00a0\u00bb]<\/p>\n<h2>D\u00e9jeuner ou d\u00eener au Manoir avec les propri\u00e9taires d&rsquo;Eyrignac<\/h2>\n<p>[\/vc_column_text][vc_raw_html css=\u00a0\u00bb.vc_custom_1515593443476{margin-bottom: 15px !important;}\u00a0\u00bb]JTNDZGl2JTIwY2xhc3MlM0QlMjJzZXAlMjIlM0UlM0MlMkZkaXYlM0U=[\/vc_raw_html][vc_column_text]Un cadre d&rsquo;exception, une coupe de champagne, un bon vin, des produits du terroir s\u00e9lectionn\u00e9s par nos soins accord\u00e9s avec les l\u00e9gumes du potager d&rsquo;Eyrignac, feront de ce moment de partage avec Patrick et Capucine Sermadiras un souvenir inoubliable. La d\u00e9couverte des jardins est comprise.<\/p>\n<p><em>Tarif adulte : 200\u20ac par personne<\/em><br \/>\n<em>De 2 \u00e0 10 personnes &#8211; Uniquement sur r\u00e9servation<\/em>[\/vc_column_text][vc_empty_space][\/vc_column_inner][\/vc_row_inner][vc_row_inner][vc_column_inner width=\u00a0\u00bb1\/3&Prime;][vc_single_image image=\u00a0\u00bb1896&Prime; img_size=\u00a0\u00bblarge\u00a0\u00bb onclick=\u00a0\u00bblink_image\u00a0\u00bb][\/vc_column_inner][vc_column_inner width=\u00a0\u00bb2\/3&Prime;][vc_column_text el_class=\u00a0\u00bbnomt nopb\u00a0\u00bb]<\/p>\n<h2>COURS DE TAILLE AVEC UN JARDINIER SP\u00c9CIALISTE DE L\u2019ART TOPIAIRE<\/h2>\n<p>[\/vc_column_text][vc_raw_html css=\u00a0\u00bb.vc_custom_1515593443476{margin-bottom: 15px !important;}\u00a0\u00bb]JTNDZGl2JTIwY2xhc3MlM0QlMjJzZXAlMjIlM0UlM0MlMkZkaXYlM0U=[\/vc_raw_html][vc_column_text]Guid\u00e9 par un jardinier d\u2019Eyrignac vous exp\u00e9rimenterez les techniques de l&rsquo;art de la taille des v\u00e9g\u00e9taux. A l&rsquo;issue de la s\u00e9ance vous aurez re\u00e7u de nombreux conseils et astuces de taille. Ce cours pratique avec cisailles \u00e0 main est adapt\u00e9 aux d\u00e9butants comme aux jardiniers chevronn\u00e9s.<br \/>\n<em>Inclut la visite libre des jardins et des sentiers botaniques.<\/em><\/p>\n<p><em>Tarif adulte : 200 \u20ac par personne<\/em><br \/>\n<em>Dur\u00e9e du cours : 2h environ<\/em>[\/vc_column_text][vc_empty_space][\/vc_column_inner][\/vc_row_inner][vc_row_inner][vc_column_inner width=\u00a0\u00bb1\/3&Prime;][vc_single_image image=\u00a0\u00bb3229&Prime; img_size=\u00a0\u00bblarge\u00a0\u00bb onclick=\u00a0\u00bblink_image\u00a0\u00bb][\/vc_column_inner][vc_column_inner width=\u00a0\u00bb2\/3&Prime;][vc_column_text el_class=\u00a0\u00bbnomt nopb\u00a0\u00bb]<\/p>\n<h2>CONSEIL SUR L\u2019ENTRETIEN &amp; LE TRAITEMENT DU BUIS<\/h2>\n<p>[\/vc_column_text][vc_raw_html css=\u00a0\u00bb.vc_custom_1515593443476{margin-bottom: 15px !important;}\u00a0\u00bb]JTNDZGl2JTIwY2xhc3MlM0QlMjJzZXAlMjIlM0UlM0MlMkZkaXYlM0U=[\/vc_raw_html][vc_column_text]Les Jardins du Manoir d\u2019Eyrignac sont devenus une r\u00e9f\u00e9rence pour l\u2019entretien des jardins mais aussi dans la pr\u00e9vention des maladies du buis.<br \/>\nNotre chef jardinier, met \u00e0 votre disposition tout son savoir-faire. B\u00e9n\u00e9ficiez d\u2019un cours pratique sur le choix, l\u2019implantation, l\u2019entretien et le traitement de vos buis. Etudiez les gestes et le calendrier id\u00e9al pour r\u00e9ussir vos travaux paysagers.<\/p>\n<p><em>Tarif adulte : 100 \u20ac par personne<\/em><br \/>\n<em>Dur\u00e9e : 1h &#8211; Uniquement sur r\u00e9servation<\/em>[\/vc_column_text][\/vc_column_inner][\/vc_row_inner][\/vc_column][\/vc_row][vc_row css=\u00a0\u00bb.vc_custom_1516205065841{margin-bottom: 30px !important;}\u00a0\u00bb][vc_column css=\u00a0\u00bb.vc_custom_1515600657263{padding-right: 20px !important;}\u00a0\u00bb][vc_column_text css=\u00a0\u00bb.vc_custom_1519079464591{margin-bottom: 0px !important;}\u00a0\u00bb]<\/p>\n<h2>Renseignements<\/h2>\n<p>[\/vc_column_text][vc_raw_html css=\u00a0\u00bb.vc_custom_1515593443476{margin-bottom: 15px !important;}\u00a0\u00bb]JTNDZGl2JTIwY2xhc3MlM0QlMjJzZXAlMjIlM0UlM0MlMkZkaXYlM0U=[\/vc_raw_html][vc_column_text css=\u00a0\u00bb.vc_custom_1516205127194{margin-bottom: 0px !important;}\u00a0\u00bb]Au 05 53 28 99 71 ou contact@eyrignac.com[\/vc_column_text][\/vc_column][\/vc_row]<\/p>\n<\/div>","protected":false},"excerpt":{"rendered":"[vc_row][vc_column][vc_column_text el_class=\u00a0\u00bbor\u00a0\u00bb] Visiter Eyrignac et ses Jardins en mode VIP [\/vc_column_text][vc_column_text css=\u00a0\u00bb.vc_custom_1516739092502{margin-bottom: 30px !important;}\u00a0\u00bb]Eyrignac et ses Jardins comptent parmi les lieux exceptionnels du P\u00e9rigord noir. A lieu d\u2019exception, visite d\u2019exception : visite avec un guide priv\u00e9, visite en compagnie de Patrick Sermadiras, le propri\u00e9taire, cours d\u2019art de vivre au Manoir avec Capucine Sermadiras, d\u00e9jeuner ou&#8230; <a class=\"view-article\" href=\"https:\/\/www.eyrignac.com\/fr\/preparer-ma-visite\/en-mode-vip\">Voir l&rsquo;article<\/a>","protected":false},"author":1,"featured_media":0,"parent":9,"menu_order":1,"comment_status":"closed","ping_status":"closed","template":"","meta":{"_acf_changed":false,"footnotes":""},"class_list":["post-238","page","type-page","status-publish","hentry"],"acf":[],"yoast_head":"<!-- This site is optimized with the Yoast SEO plugin v27.5 - https:\/\/yoast.com\/product\/yoast-seo-wordpress\/ -->\n<title>Visite sur mesure des jardins du Manoir d&#039;Eyrignac<\/title>\n<meta name=\"description\" content=\"Eyrignac et ses Jardins comptent parmi les lieux exceptionnels du P\u00e9rigord noir. A lieu d\u2019exception, visite d\u2019exception : visite avec un guide priv\u00e9, visite en compagnie de Patrick Sermadiras, le propri\u00e9taire, cours d\u2019art de vivre au Manoir avec Capucine Sermadiras, d\u00e9jeuner ou d\u00eener au Manoir, ou prestation sur mesure\" \/>\n<meta name=\"robots\" content=\"index, follow, max-snippet:-1, max-image-preview:large, max-video-preview:-1\" \/>\n<link rel=\"canonical\" href=\"https:\/\/www.eyrignac.com\/fr\/preparer-ma-visite\/en-mode-vip\" \/>\n<meta property=\"og:locale\" content=\"fr_FR\" \/>\n<meta property=\"og:type\" content=\"article\" \/>\n<meta property=\"og:title\" content=\"Visite sur mesure des jardins du Manoir d&#039;Eyrignac\" \/>\n<meta property=\"og:description\" content=\"Eyrignac et ses Jardins comptent parmi les lieux exceptionnels du P\u00e9rigord noir. A lieu d\u2019exception, visite d\u2019exception : visite avec un guide priv\u00e9, visite en compagnie de Patrick Sermadiras, le propri\u00e9taire, cours d\u2019art de vivre au Manoir avec Capucine Sermadiras, d\u00e9jeuner ou d\u00eener au Manoir, ou prestation sur mesure\" \/>\n<meta property=\"og:url\" content=\"https:\/\/www.eyrignac.com\/fr\/preparer-ma-visite\/en-mode-vip\" \/>\n<meta property=\"og:site_name\" content=\"Eyrignac et ses jardins\" \/>\n<meta property=\"article:publisher\" content=\"https:\/\/www.facebook.com\/JardinsEyrignac\/\" \/>\n<meta property=\"article:modified_time\" content=\"2021-01-14T10:54:21+00:00\" \/>\n<meta name=\"twitter:card\" content=\"summary_large_image\" \/>\n<meta name=\"twitter:site\" content=\"@eyrignac\" \/>\n<meta name=\"twitter:label1\" content=\"Dur\u00e9e de lecture estim\u00e9e\" \/>\n\t<meta name=\"twitter:data1\" content=\"7 minutes\" \/>\n<script type=\"application\/ld+json\" class=\"yoast-schema-graph\">{\"@context\":\"https:\\\/\\\/schema.org\",\"@graph\":[{\"@type\":\"WebPage\",\"@id\":\"https:\\\/\\\/www.eyrignac.com\\\/fr\\\/preparer-ma-visite\\\/en-mode-vip\",\"url\":\"https:\\\/\\\/www.eyrignac.com\\\/fr\\\/preparer-ma-visite\\\/en-mode-vip\",\"name\":\"Visite sur mesure des jardins du Manoir d'Eyrignac\",\"isPartOf\":{\"@id\":\"https:\\\/\\\/www.eyrignac.com\\\/fr\\\/#website\"},\"datePublished\":\"2018-01-16T11:25:30+00:00\",\"dateModified\":\"2021-01-14T10:54:21+00:00\",\"description\":\"Eyrignac et ses Jardins comptent parmi les lieux exceptionnels du P\u00e9rigord noir. A lieu d\u2019exception, visite d\u2019exception : visite avec un guide priv\u00e9, visite en compagnie de Patrick Sermadiras, le propri\u00e9taire, cours d\u2019art de vivre au Manoir avec Capucine Sermadiras, d\u00e9jeuner ou d\u00eener au Manoir, ou prestation sur mesure\",\"breadcrumb\":{\"@id\":\"https:\\\/\\\/www.eyrignac.com\\\/fr\\\/preparer-ma-visite\\\/en-mode-vip#breadcrumb\"},\"inLanguage\":\"fr-FR\",\"potentialAction\":[{\"@type\":\"ReadAction\",\"target\":[\"https:\\\/\\\/www.eyrignac.com\\\/fr\\\/preparer-ma-visite\\\/en-mode-vip\"]}]},{\"@type\":\"BreadcrumbList\",\"@id\":\"https:\\\/\\\/www.eyrignac.com\\\/fr\\\/preparer-ma-visite\\\/en-mode-vip#breadcrumb\",\"itemListElement\":[{\"@type\":\"ListItem\",\"position\":1,\"name\":\"Accueil\",\"item\":\"https:\\\/\\\/www.eyrignac.com\\\/fr\"},{\"@type\":\"ListItem\",\"position\":2,\"name\":\"Pr\u00e9parer ma visite\",\"item\":\"https:\\\/\\\/www.eyrignac.com\\\/fr\\\/preparer-ma-visite\"},{\"@type\":\"ListItem\",\"position\":3,\"name\":\"Visite d&rsquo;Eyrignac et ses jardins sur mesure\"}]},{\"@type\":\"WebSite\",\"@id\":\"https:\\\/\\\/www.eyrignac.com\\\/fr\\\/#website\",\"url\":\"https:\\\/\\\/www.eyrignac.com\\\/fr\\\/\",\"name\":\"Eyrignac et ses jardins\",\"description\":\"Lieu de verdure unique en Dordogne\",\"publisher\":{\"@id\":\"https:\\\/\\\/www.eyrignac.com\\\/fr\\\/#organization\"},\"potentialAction\":[{\"@type\":\"SearchAction\",\"target\":{\"@type\":\"EntryPoint\",\"urlTemplate\":\"https:\\\/\\\/www.eyrignac.com\\\/fr\\\/?s={search_term_string}\"},\"query-input\":{\"@type\":\"PropertyValueSpecification\",\"valueRequired\":true,\"valueName\":\"search_term_string\"}}],\"inLanguage\":\"fr-FR\"},{\"@type\":\"Organization\",\"@id\":\"https:\\\/\\\/www.eyrignac.com\\\/fr\\\/#organization\",\"name\":\"Eyrignac\",\"url\":\"https:\\\/\\\/www.eyrignac.com\\\/fr\\\/\",\"logo\":{\"@type\":\"ImageObject\",\"inLanguage\":\"fr-FR\",\"@id\":\"https:\\\/\\\/www.eyrignac.com\\\/fr\\\/#\\\/schema\\\/logo\\\/image\\\/\",\"url\":\"https:\\\/\\\/www.eyrignac.com\\\/wp-content\\\/uploads\\\/2017\\\/12\\\/logo-eyrignac.png\",\"contentUrl\":\"https:\\\/\\\/www.eyrignac.com\\\/wp-content\\\/uploads\\\/2017\\\/12\\\/logo-eyrignac.png\",\"width\":500,\"height\":189,\"caption\":\"Eyrignac\"},\"image\":{\"@id\":\"https:\\\/\\\/www.eyrignac.com\\\/fr\\\/#\\\/schema\\\/logo\\\/image\\\/\"},\"sameAs\":[\"https:\\\/\\\/www.facebook.com\\\/JardinsEyrignac\\\/\",\"https:\\\/\\\/x.com\\\/eyrignac\",\"https:\\\/\\\/www.instagram.com\\\/eyrignac\\\/\",\"https:\\\/\\\/www.pinterest.fr\\\/eyrignac\\\/\",\"https:\\\/\\\/www.youtube.com\\\/channel\\\/UCjWc47ArIew83eRXXjaBowg\"]}]}<\/script>\n<!-- \/ Yoast SEO plugin. -->","yoast_head_json":{"title":"Visite sur mesure des jardins du Manoir d'Eyrignac","description":"Eyrignac et ses Jardins comptent parmi les lieux exceptionnels du P\u00e9rigord noir. A lieu d\u2019exception, visite d\u2019exception : visite avec un guide priv\u00e9, visite en compagnie de Patrick Sermadiras, le propri\u00e9taire, cours d\u2019art de vivre au Manoir avec Capucine Sermadiras, d\u00e9jeuner ou d\u00eener au Manoir, ou prestation sur mesure","robots":{"index":"index","follow":"follow","max-snippet":"max-snippet:-1","max-image-preview":"max-image-preview:large","max-video-preview":"max-video-preview:-1"},"canonical":"https:\/\/www.eyrignac.com\/fr\/preparer-ma-visite\/en-mode-vip","og_locale":"fr_FR","og_type":"article","og_title":"Visite sur mesure des jardins du Manoir d'Eyrignac","og_description":"Eyrignac et ses Jardins comptent parmi les lieux exceptionnels du P\u00e9rigord noir. A lieu d\u2019exception, visite d\u2019exception : visite avec un guide priv\u00e9, visite en compagnie de Patrick Sermadiras, le propri\u00e9taire, cours d\u2019art de vivre au Manoir avec Capucine Sermadiras, d\u00e9jeuner ou d\u00eener au Manoir, ou prestation sur mesure","og_url":"https:\/\/www.eyrignac.com\/fr\/preparer-ma-visite\/en-mode-vip","og_site_name":"Eyrignac et ses jardins","article_publisher":"https:\/\/www.facebook.com\/JardinsEyrignac\/","article_modified_time":"2021-01-14T10:54:21+00:00","twitter_card":"summary_large_image","twitter_site":"@eyrignac","twitter_misc":{"Dur\u00e9e de lecture estim\u00e9e":"7 minutes"},"schema":{"@context":"https:\/\/schema.org","@graph":[{"@type":"WebPage","@id":"https:\/\/www.eyrignac.com\/fr\/preparer-ma-visite\/en-mode-vip","url":"https:\/\/www.eyrignac.com\/fr\/preparer-ma-visite\/en-mode-vip","name":"Visite sur mesure des jardins du Manoir d'Eyrignac","isPartOf":{"@id":"https:\/\/www.eyrignac.com\/fr\/#website"},"datePublished":"2018-01-16T11:25:30+00:00","dateModified":"2021-01-14T10:54:21+00:00","description":"Eyrignac et ses Jardins comptent parmi les lieux exceptionnels du P\u00e9rigord noir. A lieu d\u2019exception, visite d\u2019exception : visite avec un guide priv\u00e9, visite en compagnie de Patrick Sermadiras, le propri\u00e9taire, cours d\u2019art de vivre au Manoir avec Capucine Sermadiras, d\u00e9jeuner ou d\u00eener au Manoir, ou prestation sur mesure","breadcrumb":{"@id":"https:\/\/www.eyrignac.com\/fr\/preparer-ma-visite\/en-mode-vip#breadcrumb"},"inLanguage":"fr-FR","potentialAction":[{"@type":"ReadAction","target":["https:\/\/www.eyrignac.com\/fr\/preparer-ma-visite\/en-mode-vip"]}]},{"@type":"BreadcrumbList","@id":"https:\/\/www.eyrignac.com\/fr\/preparer-ma-visite\/en-mode-vip#breadcrumb","itemListElement":[{"@type":"ListItem","position":1,"name":"Accueil","item":"https:\/\/www.eyrignac.com\/fr"},{"@type":"ListItem","position":2,"name":"Pr\u00e9parer ma visite","item":"https:\/\/www.eyrignac.com\/fr\/preparer-ma-visite"},{"@type":"ListItem","position":3,"name":"Visite d&rsquo;Eyrignac et ses jardins sur mesure"}]},{"@type":"WebSite","@id":"https:\/\/www.eyrignac.com\/fr\/#website","url":"https:\/\/www.eyrignac.com\/fr\/","name":"Eyrignac et ses jardins","description":"Lieu de verdure unique en Dordogne","publisher":{"@id":"https:\/\/www.eyrignac.com\/fr\/#organization"},"potentialAction":[{"@type":"SearchAction","target":{"@type":"EntryPoint","urlTemplate":"https:\/\/www.eyrignac.com\/fr\/?s={search_term_string}"},"query-input":{"@type":"PropertyValueSpecification","valueRequired":true,"valueName":"search_term_string"}}],"inLanguage":"fr-FR"},{"@type":"Organization","@id":"https:\/\/www.eyrignac.com\/fr\/#organization","name":"Eyrignac","url":"https:\/\/www.eyrignac.com\/fr\/","logo":{"@type":"ImageObject","inLanguage":"fr-FR","@id":"https:\/\/www.eyrignac.com\/fr\/#\/schema\/logo\/image\/","url":"https:\/\/www.eyrignac.com\/wp-content\/uploads\/2017\/12\/logo-eyrignac.png","contentUrl":"https:\/\/www.eyrignac.com\/wp-content\/uploads\/2017\/12\/logo-eyrignac.png","width":500,"height":189,"caption":"Eyrignac"},"image":{"@id":"https:\/\/www.eyrignac.com\/fr\/#\/schema\/logo\/image\/"},"sameAs":["https:\/\/www.facebook.com\/JardinsEyrignac\/","https:\/\/x.com\/eyrignac","https:\/\/www.instagram.com\/eyrignac\/","https:\/\/www.pinterest.fr\/eyrignac\/","https:\/\/www.youtube.com\/channel\/UCjWc47ArIew83eRXXjaBowg"]}]}},"_links":{"self":[{"href":"https:\/\/www.eyrignac.com\/fr\/wp-json\/wp\/v2\/pages\/238","targetHints":{"allow":["GET"]}}],"collection":[{"href":"https:\/\/www.eyrignac.com\/fr\/wp-json\/wp\/v2\/pages"}],"about":[{"href":"https:\/\/www.eyrignac.com\/fr\/wp-json\/wp\/v2\/types\/page"}],"author":[{"embeddable":true,"href":"https:\/\/www.eyrignac.com\/fr\/wp-json\/wp\/v2\/users\/1"}],"replies":[{"embeddable":true,"href":"https:\/\/www.eyrignac.com\/fr\/wp-json\/wp\/v2\/comments?post=238"}],"version-history":[{"count":0,"href":"https:\/\/www.eyrignac.com\/fr\/wp-json\/wp\/v2\/pages\/238\/revisions"}],"up":[{"embeddable":true,"href":"https:\/\/www.eyrignac.com\/fr\/wp-json\/wp\/v2\/pages\/9"}],"wp:attachment":[{"href":"https:\/\/www.eyrignac.com\/fr\/wp-json\/wp\/v2\/media?parent=238"}],"curies":[{"name":"wp","href":"https:\/\/api.w.org\/{rel}","templated":true}]}}