{"id":236,"date":"2018-01-16T12:25:05","date_gmt":"2018-01-16T11:25:05","guid":{"rendered":"https:\/\/www.eyrignac.com\/?page_id=236"},"modified":"2022-10-04T17:45:50","modified_gmt":"2022-10-04T15:45:50","slug":"eyrignac-avec-un-jardinier","status":"publish","type":"page","link":"https:\/\/www.eyrignac.com\/fr\/preparer-ma-visite\/eyrignac-avec-un-jardinier","title":{"rendered":"Visiter les Jardins d\u2019Eyrignac avec un jardinier"},"content":{"rendered":"<div class=\"wpb-content-wrapper\"><p>[vc_row][vc_column][vc_column_text el_class=\u00a0\u00bbor\u00a0\u00bb]<\/p>\n<h1>Visiter les Jardins d\u2019Eyrignac avec un jardinier<\/h1>\n<p>[\/vc_column_text][vc_column_text css=\u00a0\u00bb.vc_custom_1516739934011{margin-bottom: 30px !important;}\u00a0\u00bb]<strong>Jardin d\u2019eau et de verdure, alliant rigueur \u00e0 la fran\u00e7aise et douceur bucolique, les jardins d\u2019Eyrignac sont un lieu unique en Dordogne. L\u2019Art topiaire y est c\u00e9l\u00e9br\u00e9 avec une collection de 300 sculptures v\u00e9g\u00e9tales taill\u00e9es avec soin \u00e0 la main par les jardiniers du domaine. D\u00e9couvrez ce lieu avec nos orf\u00e8vres de la nature en assistant soit \u00e0 une visite technique soit \u00e0 des ateliers.<\/strong><\/p>\n<p><strong>\u00a0<\/strong>[\/vc_column_text][vc_row_inner css=\u00a0\u00bb.vc_custom_1516206920135{margin-bottom: 30px !important;}\u00a0\u00bb][vc_column_inner width=\u00a0\u00bb1\/3&Prime; css=\u00a0\u00bb.vc_custom_1516958150781{padding-right: 20px !important;}\u00a0\u00bb][vc_single_image image=\u00a0\u00bb1364&Prime; img_size=\u00a0\u00bblarge\u00a0\u00bb onclick=\u00a0\u00bblink_image\u00a0\u00bb][\/vc_column_inner][vc_column_inner width=\u00a0\u00bb2\/3&Prime;][vc_column_text el_class=\u00a0\u00bbnomt nopb\u00a0\u00bb]<\/p>\n<h2>Visite technique avec le Chef Jardinier<\/h2>\n<p>[\/vc_column_text][vc_raw_html css=\u00a0\u00bb.vc_custom_1515593443476{margin-bottom: 15px !important;}\u00a0\u00bb]JTNDZGl2JTIwY2xhc3MlM0QlMjJzZXAlMjIlM0UlM0MlMkZkaXYlM0U=[\/vc_raw_html][vc_column_text]Visitez le plus beau jardin du P\u00e9rigord accompagn\u00e9 de notre chef jardinier et d\u00e9couvrez son entretien, la taille des v\u00e9g\u00e9taux effectu\u00e9e \u00e0 la main, le travail de finition des gazons \u2026 Cette visite s\u2019adresse aux futurs jardiniers\/ paysagistes et sa dur\u00e9e est de 1 heure 30 environ (sur rendez-vous selon disponibilit\u00e9 du chef jardinier).<br \/>\n<em>Visite minimum 15 personnes : 25\u20ac par personne<\/em>[\/vc_column_text][\/vc_column_inner][\/vc_row_inner][vc_row_inner css=\u00a0\u00bb.vc_custom_1516206925030{margin-bottom: 30px !important;}\u00a0\u00bb][vc_column_inner width=\u00a0\u00bb1\/3&Prime; css=\u00a0\u00bb.vc_custom_1516958154189{padding-right: 20px !important;}\u00a0\u00bb][vc_single_image image=\u00a0\u00bb466&Prime; img_size=\u00a0\u00bblarge\u00a0\u00bb onclick=\u00a0\u00bblink_image\u00a0\u00bb][\/vc_column_inner][vc_column_inner width=\u00a0\u00bb2\/3&Prime;][vc_column_text el_class=\u00a0\u00bbnomt nopb\u00a0\u00bb]<\/p>\n<h2>Cours de taille avec un jardinier sp\u00e9cialiste de l\u2019art topiaire<\/h2>\n<p>[\/vc_column_text][vc_raw_html css=\u00a0\u00bb.vc_custom_1515593443476{margin-bottom: 15px !important;}\u00a0\u00bb]JTNDZGl2JTIwY2xhc3MlM0QlMjJzZXAlMjIlM0UlM0MlMkZkaXYlM0U=[\/vc_raw_html][vc_column_text]Les Jardins du Manoir d&rsquo;Eyrignac sont devenus une r\u00e9f\u00e9rence dans la sculpture des buis, ifs ou charmilles. La taille des v\u00e9g\u00e9taux est un v\u00e9ritable art appel\u00e9 \u00ab\u00a0Art Topiaire\u00a0\u00bb. Notre sp\u00e9cialiste de la taille vous propose de vous initier \u00e0 l&rsquo;Art topiaire en vous guidant dans le choix des v\u00e9g\u00e9taux les plus appropri\u00e9s, en vous conseillant sur les motifs ou formes g\u00e9om\u00e9triques adapt\u00e9s aux jardins \u00e0 la Fran\u00e7aise. Il vous r\u00e9v\u00e8lera ses meilleures astuces pour maintenir et entretenir vos topiaires.<br \/>\n<em>Tarif adulte : 200\u20ac par personne &#8211; Dur\u00e9e du cours 2h<\/em><em><br \/>\nVisite libre des jardins et des sentiers botaniques inclus<br \/>\n<\/em>[\/vc_column_text][\/vc_column_inner][\/vc_row_inner][vc_row_inner css=\u00a0\u00bb.vc_custom_1516206931934{margin-bottom: 30px !important;}\u00a0\u00bb][vc_column_inner width=\u00a0\u00bb1\/3&Prime; css=\u00a0\u00bb.vc_custom_1516958163046{padding-right: 20px !important;}\u00a0\u00bb][vc_single_image image=\u00a0\u00bb1365&Prime; img_size=\u00a0\u00bblarge\u00a0\u00bb onclick=\u00a0\u00bblink_image\u00a0\u00bb][\/vc_column_inner][vc_column_inner width=\u00a0\u00bb2\/3&Prime;][vc_column_text el_class=\u00a0\u00bbnomt nopb\u00a0\u00bb]<\/p>\n<h2>Conseils sur l&rsquo;entretien et le traitement des buis<\/h2>\n<p>[\/vc_column_text][vc_raw_html css=\u00a0\u00bb.vc_custom_1515593443476{margin-bottom: 15px !important;}\u00a0\u00bb]JTNDZGl2JTIwY2xhc3MlM0QlMjJzZXAlMjIlM0UlM0MlMkZkaXYlM0U=[\/vc_raw_html][vc_column_text]Les Jardins du Manoir d&rsquo;Eyrignac sont devenus une r\u00e9f\u00e9rence pour l&rsquo;entretien des jardins de verdure mais aussi dans la pr\u00e9vention des maladies du buis. Notre chef jardinier, vous apporte ses conseils et son expertise pour vous aider \u00e0 r\u00e9soudre les probl\u00e8mes de vos buis. Sa grande exp\u00e9rience du terrain et sa connaissance technique vous aidera \u00e0 \u00e9tablir un protocole d&rsquo;intervention sur vos v\u00e9g\u00e9taux.<br \/>\n<em>Tarif adulte : 100\u20ac par personne<br \/>\nDur\u00e9e 1h &#8211; Uniquement sur rendez-vous<\/em>[\/vc_column_text][\/vc_column_inner][\/vc_row_inner][vc_row_inner css=\u00a0\u00bb.vc_custom_1516206931934{margin-bottom: 30px !important;}\u00a0\u00bb][vc_column_inner width=\u00a0\u00bb1\/3&Prime; css=\u00a0\u00bb.vc_custom_1516958163046{padding-right: 20px !important;}\u00a0\u00bb][vc_single_image image=\u00a0\u00bb2518&Prime; img_size=\u00a0\u00bblarge\u00a0\u00bb onclick=\u00a0\u00bblink_image\u00a0\u00bb][\/vc_column_inner][vc_column_inner width=\u00a0\u00bb2\/3&Prime;][vc_column_text el_class=\u00a0\u00bbnomt nopb\u00a0\u00bb]<\/p>\n<h2>Visite priv\u00e9e avec le Chef Jardinier<\/h2>\n<p>[\/vc_column_text][vc_raw_html css=\u00a0\u00bb.vc_custom_1515593443476{margin-bottom: 15px !important;}\u00a0\u00bb]JTNDZGl2JTIwY2xhc3MlM0QlMjJzZXAlMjIlM0UlM0MlMkZkaXYlM0U=[\/vc_raw_html][vc_column_text]Partez \u00e0 la d\u00e9couverte d&rsquo;Eyrignac et ses Jardins accompagn\u00e9 de notre chef jardinier, et d\u00e9couvrez tous les secrets et l&rsquo;histoire des Jardins. Il vous expliquera \u00e9galement l&rsquo;entretien effectu\u00e9 par son \u00e9quipe tout au long de l&rsquo;ann\u00e9e : taille des v\u00e9g\u00e9taux \u00e0 la cisaille, entretien des gazons et les nombreuses finitions qui font d&rsquo;Eyrignac un exemple reconnu en mati\u00e8re de jardin.<\/p>\n<p><em>Tarif adulte : 75\u20ac par personne &#8211; Minimum 2 personnes<\/em><em><br \/>\nDur\u00e9e environ 1 heure 30 sur r\u00e9servation (sur rendez-vous en fonction de la disponibilit\u00e9 du chef jardinier)<br \/>\n<\/em>[\/vc_column_text][\/vc_column_inner][\/vc_row_inner][vc_row_inner css=\u00a0\u00bb.vc_custom_1516206931934{margin-bottom: 30px !important;}\u00a0\u00bb][vc_column_inner width=\u00a0\u00bb1\/3&Prime; css=\u00a0\u00bb.vc_custom_1516958163046{padding-right: 20px !important;}\u00a0\u00bb][vc_single_image image=\u00a0\u00bb5857&Prime; img_size=\u00a0\u00bblarge\u00a0\u00bb onclick=\u00a0\u00bblink_image\u00a0\u00bb][\/vc_column_inner][vc_column_inner width=\u00a0\u00bb2\/3&Prime;][vc_column_text el_class=\u00a0\u00bbnomt nopb\u00a0\u00bb]<\/p>\n<h2>Nouveaut\u00e9 : Jardinier d&rsquo;un jour<\/h2>\n<p>[\/vc_column_text][vc_raw_html css=\u00a0\u00bb.vc_custom_1515593443476{margin-bottom: 15px !important;}\u00a0\u00bb]JTNDZGl2JTIwY2xhc3MlM0QlMjJzZXAlMjIlM0UlM0MlMkZkaXYlM0U=[\/vc_raw_html][vc_column_text]Glissez-vous dans la peau d\u2019un jardinier d\u2019Eyrignac pendant quelques heures : \u00e0 l\u2019aide de cisailles et cordeaux, vous pourrez apporter votre aide \u00e0 nos jardiniers et d\u00e9couvrir tous les petits secrets d\u2019entretiens d\u2019Eyrignac.<\/p>\n<p><em>Tarif adulte : 250\u20ac par personne &#8211; Uniquement sur r\u00e9servation<\/em><em><br \/>\nDur\u00e9e : 3h &#8211; Du lundi au vendredi &#8211; de 9h \u00e0 12h<br \/>\n<\/em>[\/vc_column_text][\/vc_column_inner][\/vc_row_inner][\/vc_column][\/vc_row][vc_row css=\u00a0\u00bb.vc_custom_1516205065841{margin-bottom: 30px !important;}\u00a0\u00bb][vc_column css=\u00a0\u00bb.vc_custom_1515600657263{padding-right: 20px !important;}\u00a0\u00bb][vc_column_text css=\u00a0\u00bb.vc_custom_1519079581052{margin-bottom: 0px !important;}\u00a0\u00bb]<\/p>\n<h2>Renseignements<\/h2>\n<p>[\/vc_column_text][vc_raw_html css=\u00a0\u00bb.vc_custom_1515593443476{margin-bottom: 15px !important;}\u00a0\u00bb]JTNDZGl2JTIwY2xhc3MlM0QlMjJzZXAlMjIlM0UlM0MlMkZkaXYlM0U=[\/vc_raw_html][vc_column_text css=\u00a0\u00bb.vc_custom_1516205127194{margin-bottom: 0px !important;}\u00a0\u00bb]Au 05 53 28 99 71 ou contact@eyrignac.com[\/vc_column_text][\/vc_column][\/vc_row]<\/p>\n<\/div>","protected":false},"excerpt":{"rendered":"[vc_row][vc_column][vc_column_text el_class=\u00a0\u00bbor\u00a0\u00bb] Visiter les Jardins d\u2019Eyrignac avec un jardinier [\/vc_column_text][vc_column_text css=\u00a0\u00bb.vc_custom_1516739934011{margin-bottom: 30px !important;}\u00a0\u00bb]Jardin d\u2019eau et de verdure, alliant rigueur \u00e0 la fran\u00e7aise et douceur bucolique, les jardins d\u2019Eyrignac sont un lieu unique en Dordogne. L\u2019Art topiaire y est c\u00e9l\u00e9br\u00e9 avec une collection de 300 sculptures v\u00e9g\u00e9tales taill\u00e9es avec soin \u00e0 la main par les jardiniers&#8230; <a class=\"view-article\" href=\"https:\/\/www.eyrignac.com\/fr\/preparer-ma-visite\/eyrignac-avec-un-jardinier\">Voir l&rsquo;article<\/a>","protected":false},"author":1,"featured_media":0,"parent":9,"menu_order":0,"comment_status":"closed","ping_status":"closed","template":"","meta":{"_acf_changed":false,"footnotes":""},"class_list":["post-236","page","type-page","status-publish","hentry"],"acf":[],"yoast_head":"<!-- This site is optimized with the Yoast SEO plugin v27.3 - https:\/\/yoast.com\/product\/yoast-seo-wordpress\/ -->\n<title>Visiter les Jardins d\u2019Eyrignac avec un jardinier<\/title>\n<meta name=\"description\" content=\"Alliant rigueur \u00e0 la fran\u00e7aise et douceur bucolique, les jardins d\u2019Eyrignac sont un lieu unique en Dordogne qui renferme une collection de 300 sculptures v\u00e9g\u00e9tales taill\u00e9es avec soin \u00e0 la main par les jardiniers du domaine. D\u00e9couvrez ce lieu en participant soit \u00e0 une visite technique soit \u00e0 des ateliers.\" \/>\n<meta name=\"robots\" content=\"index, follow, max-snippet:-1, max-image-preview:large, max-video-preview:-1\" \/>\n<link rel=\"canonical\" href=\"https:\/\/www.eyrignac.com\/fr\/preparer-ma-visite\/eyrignac-avec-un-jardinier\" \/>\n<meta property=\"og:locale\" content=\"fr_FR\" \/>\n<meta property=\"og:type\" content=\"article\" \/>\n<meta property=\"og:title\" content=\"Visiter les Jardins d\u2019Eyrignac avec un jardinier\" \/>\n<meta property=\"og:description\" content=\"Alliant rigueur \u00e0 la fran\u00e7aise et douceur bucolique, les jardins d\u2019Eyrignac sont un lieu unique en Dordogne qui renferme une collection de 300 sculptures v\u00e9g\u00e9tales taill\u00e9es avec soin \u00e0 la main par les jardiniers du domaine. D\u00e9couvrez ce lieu en participant soit \u00e0 une visite technique soit \u00e0 des ateliers.\" \/>\n<meta property=\"og:url\" content=\"https:\/\/www.eyrignac.com\/fr\/preparer-ma-visite\/eyrignac-avec-un-jardinier\" \/>\n<meta property=\"og:site_name\" content=\"Eyrignac et ses jardins\" \/>\n<meta property=\"article:publisher\" content=\"https:\/\/www.facebook.com\/JardinsEyrignac\/\" \/>\n<meta property=\"article:modified_time\" content=\"2022-10-04T15:45:50+00:00\" \/>\n<meta name=\"twitter:card\" content=\"summary_large_image\" \/>\n<meta name=\"twitter:site\" content=\"@eyrignac\" \/>\n<meta name=\"twitter:label1\" content=\"Dur\u00e9e de lecture estim\u00e9e\" \/>\n\t<meta name=\"twitter:data1\" content=\"4 minutes\" \/>\n<script type=\"application\/ld+json\" class=\"yoast-schema-graph\">{\"@context\":\"https:\\\/\\\/schema.org\",\"@graph\":[{\"@type\":\"WebPage\",\"@id\":\"https:\\\/\\\/www.eyrignac.com\\\/fr\\\/preparer-ma-visite\\\/eyrignac-avec-un-jardinier\",\"url\":\"https:\\\/\\\/www.eyrignac.com\\\/fr\\\/preparer-ma-visite\\\/eyrignac-avec-un-jardinier\",\"name\":\"Visiter les Jardins d\u2019Eyrignac avec un jardinier\",\"isPartOf\":{\"@id\":\"https:\\\/\\\/www.eyrignac.com\\\/fr\\\/#website\"},\"datePublished\":\"2018-01-16T11:25:05+00:00\",\"dateModified\":\"2022-10-04T15:45:50+00:00\",\"description\":\"Alliant rigueur \u00e0 la fran\u00e7aise et douceur bucolique, les jardins d\u2019Eyrignac sont un lieu unique en Dordogne qui renferme une collection de 300 sculptures v\u00e9g\u00e9tales taill\u00e9es avec soin \u00e0 la main par les jardiniers du domaine. D\u00e9couvrez ce lieu en participant soit \u00e0 une visite technique soit \u00e0 des ateliers.\",\"breadcrumb\":{\"@id\":\"https:\\\/\\\/www.eyrignac.com\\\/fr\\\/preparer-ma-visite\\\/eyrignac-avec-un-jardinier#breadcrumb\"},\"inLanguage\":\"fr-FR\",\"potentialAction\":[{\"@type\":\"ReadAction\",\"target\":[\"https:\\\/\\\/www.eyrignac.com\\\/fr\\\/preparer-ma-visite\\\/eyrignac-avec-un-jardinier\"]}]},{\"@type\":\"BreadcrumbList\",\"@id\":\"https:\\\/\\\/www.eyrignac.com\\\/fr\\\/preparer-ma-visite\\\/eyrignac-avec-un-jardinier#breadcrumb\",\"itemListElement\":[{\"@type\":\"ListItem\",\"position\":1,\"name\":\"Accueil\",\"item\":\"https:\\\/\\\/www.eyrignac.com\\\/fr\"},{\"@type\":\"ListItem\",\"position\":2,\"name\":\"Pr\u00e9parer ma visite\",\"item\":\"https:\\\/\\\/www.eyrignac.com\\\/fr\\\/preparer-ma-visite\"},{\"@type\":\"ListItem\",\"position\":3,\"name\":\"Visiter les Jardins d\u2019Eyrignac avec un jardinier\"}]},{\"@type\":\"WebSite\",\"@id\":\"https:\\\/\\\/www.eyrignac.com\\\/fr\\\/#website\",\"url\":\"https:\\\/\\\/www.eyrignac.com\\\/fr\\\/\",\"name\":\"Eyrignac et ses jardins\",\"description\":\"Lieu de verdure unique en Dordogne\",\"publisher\":{\"@id\":\"https:\\\/\\\/www.eyrignac.com\\\/fr\\\/#organization\"},\"potentialAction\":[{\"@type\":\"SearchAction\",\"target\":{\"@type\":\"EntryPoint\",\"urlTemplate\":\"https:\\\/\\\/www.eyrignac.com\\\/fr\\\/?s={search_term_string}\"},\"query-input\":{\"@type\":\"PropertyValueSpecification\",\"valueRequired\":true,\"valueName\":\"search_term_string\"}}],\"inLanguage\":\"fr-FR\"},{\"@type\":\"Organization\",\"@id\":\"https:\\\/\\\/www.eyrignac.com\\\/fr\\\/#organization\",\"name\":\"Eyrignac\",\"url\":\"https:\\\/\\\/www.eyrignac.com\\\/fr\\\/\",\"logo\":{\"@type\":\"ImageObject\",\"inLanguage\":\"fr-FR\",\"@id\":\"https:\\\/\\\/www.eyrignac.com\\\/fr\\\/#\\\/schema\\\/logo\\\/image\\\/\",\"url\":\"https:\\\/\\\/www.eyrignac.com\\\/wp-content\\\/uploads\\\/2017\\\/12\\\/logo-eyrignac.png\",\"contentUrl\":\"https:\\\/\\\/www.eyrignac.com\\\/wp-content\\\/uploads\\\/2017\\\/12\\\/logo-eyrignac.png\",\"width\":500,\"height\":189,\"caption\":\"Eyrignac\"},\"image\":{\"@id\":\"https:\\\/\\\/www.eyrignac.com\\\/fr\\\/#\\\/schema\\\/logo\\\/image\\\/\"},\"sameAs\":[\"https:\\\/\\\/www.facebook.com\\\/JardinsEyrignac\\\/\",\"https:\\\/\\\/x.com\\\/eyrignac\",\"https:\\\/\\\/www.instagram.com\\\/eyrignac\\\/\",\"https:\\\/\\\/www.pinterest.fr\\\/eyrignac\\\/\",\"https:\\\/\\\/www.youtube.com\\\/channel\\\/UCjWc47ArIew83eRXXjaBowg\"]}]}<\/script>\n<!-- \/ Yoast SEO plugin. -->","yoast_head_json":{"title":"Visiter les Jardins d\u2019Eyrignac avec un jardinier","description":"Alliant rigueur \u00e0 la fran\u00e7aise et douceur bucolique, les jardins d\u2019Eyrignac sont un lieu unique en Dordogne qui renferme une collection de 300 sculptures v\u00e9g\u00e9tales taill\u00e9es avec soin \u00e0 la main par les jardiniers du domaine. D\u00e9couvrez ce lieu en participant soit \u00e0 une visite technique soit \u00e0 des ateliers.","robots":{"index":"index","follow":"follow","max-snippet":"max-snippet:-1","max-image-preview":"max-image-preview:large","max-video-preview":"max-video-preview:-1"},"canonical":"https:\/\/www.eyrignac.com\/fr\/preparer-ma-visite\/eyrignac-avec-un-jardinier","og_locale":"fr_FR","og_type":"article","og_title":"Visiter les Jardins d\u2019Eyrignac avec un jardinier","og_description":"Alliant rigueur \u00e0 la fran\u00e7aise et douceur bucolique, les jardins d\u2019Eyrignac sont un lieu unique en Dordogne qui renferme une collection de 300 sculptures v\u00e9g\u00e9tales taill\u00e9es avec soin \u00e0 la main par les jardiniers du domaine. D\u00e9couvrez ce lieu en participant soit \u00e0 une visite technique soit \u00e0 des ateliers.","og_url":"https:\/\/www.eyrignac.com\/fr\/preparer-ma-visite\/eyrignac-avec-un-jardinier","og_site_name":"Eyrignac et ses jardins","article_publisher":"https:\/\/www.facebook.com\/JardinsEyrignac\/","article_modified_time":"2022-10-04T15:45:50+00:00","twitter_card":"summary_large_image","twitter_site":"@eyrignac","twitter_misc":{"Dur\u00e9e de lecture estim\u00e9e":"4 minutes"},"schema":{"@context":"https:\/\/schema.org","@graph":[{"@type":"WebPage","@id":"https:\/\/www.eyrignac.com\/fr\/preparer-ma-visite\/eyrignac-avec-un-jardinier","url":"https:\/\/www.eyrignac.com\/fr\/preparer-ma-visite\/eyrignac-avec-un-jardinier","name":"Visiter les Jardins d\u2019Eyrignac avec un jardinier","isPartOf":{"@id":"https:\/\/www.eyrignac.com\/fr\/#website"},"datePublished":"2018-01-16T11:25:05+00:00","dateModified":"2022-10-04T15:45:50+00:00","description":"Alliant rigueur \u00e0 la fran\u00e7aise et douceur bucolique, les jardins d\u2019Eyrignac sont un lieu unique en Dordogne qui renferme une collection de 300 sculptures v\u00e9g\u00e9tales taill\u00e9es avec soin \u00e0 la main par les jardiniers du domaine. D\u00e9couvrez ce lieu en participant soit \u00e0 une visite technique soit \u00e0 des ateliers.","breadcrumb":{"@id":"https:\/\/www.eyrignac.com\/fr\/preparer-ma-visite\/eyrignac-avec-un-jardinier#breadcrumb"},"inLanguage":"fr-FR","potentialAction":[{"@type":"ReadAction","target":["https:\/\/www.eyrignac.com\/fr\/preparer-ma-visite\/eyrignac-avec-un-jardinier"]}]},{"@type":"BreadcrumbList","@id":"https:\/\/www.eyrignac.com\/fr\/preparer-ma-visite\/eyrignac-avec-un-jardinier#breadcrumb","itemListElement":[{"@type":"ListItem","position":1,"name":"Accueil","item":"https:\/\/www.eyrignac.com\/fr"},{"@type":"ListItem","position":2,"name":"Pr\u00e9parer ma visite","item":"https:\/\/www.eyrignac.com\/fr\/preparer-ma-visite"},{"@type":"ListItem","position":3,"name":"Visiter les Jardins d\u2019Eyrignac avec un jardinier"}]},{"@type":"WebSite","@id":"https:\/\/www.eyrignac.com\/fr\/#website","url":"https:\/\/www.eyrignac.com\/fr\/","name":"Eyrignac et ses jardins","description":"Lieu de verdure unique en Dordogne","publisher":{"@id":"https:\/\/www.eyrignac.com\/fr\/#organization"},"potentialAction":[{"@type":"SearchAction","target":{"@type":"EntryPoint","urlTemplate":"https:\/\/www.eyrignac.com\/fr\/?s={search_term_string}"},"query-input":{"@type":"PropertyValueSpecification","valueRequired":true,"valueName":"search_term_string"}}],"inLanguage":"fr-FR"},{"@type":"Organization","@id":"https:\/\/www.eyrignac.com\/fr\/#organization","name":"Eyrignac","url":"https:\/\/www.eyrignac.com\/fr\/","logo":{"@type":"ImageObject","inLanguage":"fr-FR","@id":"https:\/\/www.eyrignac.com\/fr\/#\/schema\/logo\/image\/","url":"https:\/\/www.eyrignac.com\/wp-content\/uploads\/2017\/12\/logo-eyrignac.png","contentUrl":"https:\/\/www.eyrignac.com\/wp-content\/uploads\/2017\/12\/logo-eyrignac.png","width":500,"height":189,"caption":"Eyrignac"},"image":{"@id":"https:\/\/www.eyrignac.com\/fr\/#\/schema\/logo\/image\/"},"sameAs":["https:\/\/www.facebook.com\/JardinsEyrignac\/","https:\/\/x.com\/eyrignac","https:\/\/www.instagram.com\/eyrignac\/","https:\/\/www.pinterest.fr\/eyrignac\/","https:\/\/www.youtube.com\/channel\/UCjWc47ArIew83eRXXjaBowg"]}]}},"_links":{"self":[{"href":"https:\/\/www.eyrignac.com\/fr\/wp-json\/wp\/v2\/pages\/236","targetHints":{"allow":["GET"]}}],"collection":[{"href":"https:\/\/www.eyrignac.com\/fr\/wp-json\/wp\/v2\/pages"}],"about":[{"href":"https:\/\/www.eyrignac.com\/fr\/wp-json\/wp\/v2\/types\/page"}],"author":[{"embeddable":true,"href":"https:\/\/www.eyrignac.com\/fr\/wp-json\/wp\/v2\/users\/1"}],"replies":[{"embeddable":true,"href":"https:\/\/www.eyrignac.com\/fr\/wp-json\/wp\/v2\/comments?post=236"}],"version-history":[{"count":0,"href":"https:\/\/www.eyrignac.com\/fr\/wp-json\/wp\/v2\/pages\/236\/revisions"}],"up":[{"embeddable":true,"href":"https:\/\/www.eyrignac.com\/fr\/wp-json\/wp\/v2\/pages\/9"}],"wp:attachment":[{"href":"https:\/\/www.eyrignac.com\/fr\/wp-json\/wp\/v2\/media?parent=236"}],"curies":[{"name":"wp","href":"https:\/\/api.w.org\/{rel}","templated":true}]}}