{"id":230,"date":"2018-01-16T12:24:12","date_gmt":"2018-01-16T11:24:12","guid":{"rendered":"https:\/\/www.eyrignac.com\/?page_id=230"},"modified":"2025-11-24T14:01:13","modified_gmt":"2025-11-24T13:01:13","slug":"en-famille","status":"publish","type":"page","link":"https:\/\/www.eyrignac.com\/fr\/preparer-ma-visite\/en-famille","title":{"rendered":"Visiter les Jardins du Manoir d\u2019Eyrignac en famille"},"content":{"rendered":"<div class=\"wpb-content-wrapper\"><p>[vc_row][vc_column][vc_column_text el_class=\u00a0\u00bbor\u00a0\u00bb]<\/p>\n<h1>Visiter les Jardins du Manoir d\u2019Eyrignac en famille<\/h1>\n<p>[\/vc_column_text][vc_column_text css=\u00a0\u00bb.vc_custom_1651840303782{margin-bottom: 30px !important;}\u00a0\u00bb]<strong>Les Jardins d&rsquo;Eyrignac sont un lieu incontournable du P\u00e9rigord \u00e0 visiter en famille. Livrets-jeux, Cluedo de P\u00e2ques, Pique-Niques Blancs, ateliers, tout est r\u00e9uni \u00e0 Eyrignac pour des instants de partage ludique voire fun qui feront de vos vacances en Dordogne avec vos enfants et vos adolescents des moments inoubliables.<\/strong>[\/vc_column_text][vc_row_inner css=\u00a0\u00bb.vc_custom_1516206920135{margin-bottom: 30px !important;}\u00a0\u00bb][vc_column_inner width=\u00a0\u00bb1\/3&Prime; css=\u00a0\u00bb.vc_custom_1516958174718{padding-right: 20px !important;}\u00a0\u00bb][vc_single_image image=\u00a0\u00bb2528&Prime; img_size=\u00a0\u00bblarge\u00a0\u00bb onclick=\u00a0\u00bblink_image\u00a0\u00bb][vc_single_image image=\u00a0\u00bb2522&Prime; img_size=\u00a0\u00bblarge\u00a0\u00bb onclick=\u00a0\u00bblink_image\u00a0\u00bb][vc_single_image image=\u00a0\u00bb2509&Prime; img_size=\u00a0\u00bblarge\u00a0\u00bb onclick=\u00a0\u00bblink_image\u00a0\u00bb][\/vc_column_inner][vc_column_inner width=\u00a0\u00bb2\/3&Prime;][vc_column_text el_class=\u00a0\u00bbnomt nopb\u00a0\u00bb]<\/p>\n<h2>D\u00e9couvrir les Jardins d\u2019Eyrignac en s\u2019amusant<\/h2>\n<p>[\/vc_column_text][vc_column_text]Les Jardins d&rsquo;Eyrignac sont un formidable lieu d&rsquo;observation pour les enfants. Equip\u00e9s de leur livret d&rsquo;aventuriers, plong\u00e9s dans l\u2019univers de l\u2019art v\u00e9g\u00e9tal, ils pourront voir dans le jardin fran\u00e7ais d\u2019extraordinaires topiaires aux formes g\u00e9om\u00e9triques \u2013 sph\u00e8res, cylindres, c\u00f4nes, spirales \u2013 que les jardiniers ont combin\u00e9 pour cr\u00e9er des formes spectaculaires, mais aussi de charmants petits animaux de verdure dans le Jardin des Sources. Pour tout vous dire, nous nous demandons parfois si nos jardiniers n\u2019en profitent pas pour laisser s\u2019exprimer leur \u00e2me d&rsquo;enfants !<\/p>\n<p>Pendant que les enfants explorent les lieux, les parents, eux, peuvent fl\u00e2ner au gr\u00e9 des all\u00e9es ombrag\u00e9es et profitent d\u2019un instant de pl\u00e9nitude dans l\u2019un des plus beaux jardins \u00e0 la fran\u00e7aise du P\u00e9rigord.<\/p>\n<p><em>3 livrets-jeux gratuits disponibles toute l\u2019ann\u00e9e \u00e0 l\u2019accueil selon l\u2019\u00e2ge de nos jeunes visiteurs, 5+, 7+, 13+. <\/em><em>A la fin de la visite, les enfants se voient remettre un cadeau surprise.<\/em><\/p>\n<p><em>Les quiz aventure sont \u00e9galement disponibles en anglais !<\/em><\/p>\n<p><em>Pass Famille (2 adultes et jusqu&rsquo;\u00e0 3 enfants ou adolescents) : 42\u20ac<br \/>\n<\/em><a class=\"scroll\" href=\"#anchor-tarifs\">Les tarifs en d\u00e9tail<\/a>[\/vc_column_text][\/vc_column_inner][\/vc_row_inner][vc_row_inner css=\u00a0\u00bb.vc_custom_1516206925030{margin-bottom: 30px !important;}\u00a0\u00bb][vc_column_inner width=\u00a0\u00bb1\/3&Prime; css=\u00a0\u00bb.vc_custom_1516958178917{padding-right: 20px !important;}\u00a0\u00bb][vc_single_image image=\u00a0\u00bb2497&Prime; img_size=\u00a0\u00bblarge\u00a0\u00bb onclick=\u00a0\u00bblink_image\u00a0\u00bb][\/vc_column_inner][vc_column_inner width=\u00a0\u00bb2\/3&Prime;][vc_column_text el_class=\u00a0\u00bbnomt nopb\u00a0\u00bb]<\/p>\n<h2>Les Happy Pique-Niques d\u2019Eyrignac<\/h2>\n<p>[\/vc_column_text][vc_column_text]Pendant l\u2019\u00e9t\u00e9, tous les lundis soirs, les Jardins d\u2019Eyrignac sont le cadre des Pique-Niques blancs. De mani\u00e8re \u00e9ph\u00e9m\u00e8re les jardins renouent avec une tradition s\u00e9culaire, celle de la f\u00eate de plein air. Oui, car c\u2019est bien d\u2019une f\u00eate dont il s\u2019agit ! Musique, pique-nique, danse, fontaines, \u00e9clairage, coucher de soleil sur la vall\u00e9e de la Dordogne, feux d\u2019artifice, bonne humeur et convivialit\u00e9, tous les \u00e9l\u00e9ments sont r\u00e9unis pour que parents, enfants et adolescents passent une soir\u00e9e m\u00e9morable en P\u00e9rigord.<\/p>\n<p><a href=\"https:\/\/www.eyrignac.com\/fr\/pique-niques-blancs\" target=\"_blank\" rel=\"noopener noreferrer\">Toutes les informations sur le site des Pique-Niques Blancs<\/a>[\/vc_column_text][\/vc_column_inner][\/vc_row_inner][vc_row_inner css=\u00a0\u00bb.vc_custom_1516206931934{margin-bottom: 30px !important;}\u00a0\u00bb][vc_column_inner width=\u00a0\u00bb1\/3&Prime; css=\u00a0\u00bb.vc_custom_1516958183061{padding-right: 20px !important;}\u00a0\u00bb][vc_single_image image=\u00a0\u00bb1280&Prime; img_size=\u00a0\u00bblarge\u00a0\u00bb onclick=\u00a0\u00bblink_image\u00a0\u00bb][\/vc_column_inner][vc_column_inner width=\u00a0\u00bb2\/3&Prime;][vc_column_text el_class=\u00a0\u00bbnomt nopb\u00a0\u00bb]<\/p>\n<h2>Les Tr\u00e9sors de P\u00e2ques<\/h2>\n<p>[\/vc_column_text][vc_column_text]Chaque ann\u00e9e, pendant le week-end de P\u00e2ques, les Jardins d\u2019Eyrignac deviennent un extraordinaire terrain de jeu pour les familles. Au cours d\u2019un cluedo de P\u00e2ques, les enfants viennent au secours de l&rsquo;inspecteur Artaban pour sauver la grande soir\u00e9e de P\u00e2ques d&rsquo;Eyrignac. Les Tr\u00e9sors de P\u00e2ques, une activit\u00e9 ludique, originale et familiale.[\/vc_column_text][\/vc_column_inner][\/vc_row_inner][vc_row_inner css=\u00a0\u00bb.vc_custom_1516206931934{margin-bottom: 30px !important;}\u00a0\u00bb][vc_column_inner width=\u00a0\u00bb1\/3&Prime; css=\u00a0\u00bb.vc_custom_1516958186804{padding-right: 20px !important;}\u00a0\u00bb][vc_single_image image=\u00a0\u00bb2405&Prime; img_size=\u00a0\u00bblarge\u00a0\u00bb onclick=\u00a0\u00bblink_image\u00a0\u00bb][\/vc_column_inner][vc_column_inner width=\u00a0\u00bb2\/3&Prime;][vc_column_text el_class=\u00a0\u00bbnomt nopb\u00a0\u00bb]<\/p>\n<h2>Partez \u00e0 la d\u00e9couverte de la flore de Dordogne<\/h2>\n<p>[\/vc_column_text][vc_column_text]Prolongez votre visite sur le domaine en pleine nature en empruntant nos deux sentiers botaniques de 2,5 et 4,5 kms. En v\u00e9ritable compl\u00e9ment de la visite des jardins, partez \u00e0 la d\u00e9couverte des v\u00e9g\u00e9taux du P\u00e9rigord, de leurs vertus et leurs utilisations. Facile d\u2019acc\u00e8s, id\u00e9alement ombrag\u00e9s, ils vous m\u00e8neront ensuite \u00e0 la contemplation des vall\u00e9es environnantes depuis la table d\u2019orientation dominant les Jardins d\u2019Eyrignac[\/vc_column_text][\/vc_column_inner][\/vc_row_inner][vc_row_inner css=\u00a0\u00bb.vc_custom_1516206931934{margin-bottom: 30px !important;}\u00a0\u00bb][vc_column_inner width=\u00a0\u00bb1\/3&Prime; css=\u00a0\u00bb.vc_custom_1516958191117{padding-right: 20px !important;}\u00a0\u00bb][vc_single_image image=\u00a0\u00bb6990&Prime; img_size=\u00a0\u00bblarge\u00a0\u00bb onclick=\u00a0\u00bblink_image\u00a0\u00bb][\/vc_column_inner][vc_column_inner width=\u00a0\u00bb2\/3&Prime;][vc_column_text el_class=\u00a0\u00bbnomt nopb\u00a0\u00bb]<\/p>\n<h2>Les \u00e9quipements pour les familles<\/h2>\n<p>[\/vc_column_text][vc_column_text]Pour leur confort, les familles trouveront \u00e0 leur attention \u00e0 Eyrignac :<\/p>\n<ul>\n<li>Poussette (en pr\u00eat) ;<\/li>\n<li>une table \u00e0 langer ;<\/li>\n<li>une aire de pique-nique ombrag\u00e9e ;<\/li>\n<li>un menu enfant au restaurant \u00ab C\u00f4t\u00e9 Jardins \u00bb<\/li>\n<\/ul>\n<p>[\/vc_column_text][\/vc_column_inner][\/vc_row_inner][\/vc_column][\/vc_row][vc_row el_id=\u00a0\u00bbanchor-tarifs\u00a0\u00bb][vc_column css=\u00a0\u00bb.vc_custom_1515600657263{padding-right: 20px !important;}\u00a0\u00bb][vc_column_text css=\u00a0\u00bb.vc_custom_1519079630886{margin-bottom: 0px !important;}\u00a0\u00bb]<\/p>\n<h2><span class=\"or\">Tarifs<\/span> pour la visite libre des jardins<\/h2>\n<p>[\/vc_column_text][vc_column_text css=\u00a0\u00bb.vc_custom_1763989261630{margin-bottom: 0px !important;}\u00a0\u00bb]<strong>Adulte<\/strong> 13,90 \u20ac<\/p>\n<p><strong>Pass Famille<\/strong> (2 adultes et jusqu&rsquo;\u00e0 3 enfants ou adolescents) 42,00 \u20ac<\/p>\n<p><strong>Enfant<\/strong> (- de 5 ans) Gratuit<\/p>\n<p><strong>Enfant<\/strong> (de 5 \u00e0 10 ans) 7 \u20ac<\/p>\n<p><strong>Adolescent<\/strong> (de 11 \u00e0 17 ans) 9 \u20ac<\/p>\n<p><strong>Etudiant<\/strong> (sur pr\u00e9sentation d&rsquo;un justificatif) 11,90 \u20ac<\/p>\n<p><strong>Personne en situation de handicap<\/strong> 8,90 \u20ac<\/p>\n<p><strong>Accompagnateur personne en situation de handicap<\/strong> 11,90 \u20ac<\/p>\n<p class=\"small\"><em class=\"small\">Lieu labellis\u00e9 Tourisme et Handicap (Handicap Mental et Auditif)<\/em><br \/>\n<em>Fauteuil roulant \u00e0 disposition sur demande<\/em><\/p>\n<p><strong>Pass Patrimoine<\/strong> 39 \u20ac Pour profiter d\u2019Eyrignac quand vous le souhaitez, en toute saison<br \/>\n(carte nominative valable 1 an \u00e0 partir de la date d\u2019achat)<\/p>\n<p><strong>Tarif hiver<\/strong> 11,90 \u20ac (du 01\/01\/26 au 29\/02\/26 et du 07\/11\/26 au 31\/12\/26)[\/vc_column_text][\/vc_column][\/vc_row][vc_row css=\u00a0\u00bb.vc_custom_1516205065841{margin-bottom: 30px !important;}\u00a0\u00bb][vc_column css=\u00a0\u00bb.vc_custom_1515600657263{padding-right: 20px !important;}\u00a0\u00bb][vc_column_text css=\u00a0\u00bb.vc_custom_1521633345394{margin-bottom: 0px !important;}\u00a0\u00bb]<\/p>\n<h2><span class=\"or\">Paiements<\/span> accept\u00e9s<\/h2>\n<p>[\/vc_column_text][vc_column_text css=\u00a0\u00bb.vc_custom_1584614834915{margin-bottom: 0px !important;}\u00a0\u00bb]Esp\u00e8ces, Carte Bancaire (sauf American Express), Ch\u00e8ques bancaires, Ch\u00e8ques vacances, Ch\u00e8ques Culture[\/vc_column_text][\/vc_column][\/vc_row][vc_row css=\u00a0\u00bb.vc_custom_1516205065841{margin-bottom: 30px !important;}\u00a0\u00bb][vc_column css=\u00a0\u00bb.vc_custom_1515600657263{padding-right: 20px !important;}\u00a0\u00bb][vc_column_text css=\u00a0\u00bb.vc_custom_1519079643678{margin-bottom: 0px !important;}\u00a0\u00bb]<\/p>\n<h2>Renseignements<\/h2>\n<p>[\/vc_column_text][vc_column_text css=\u00a0\u00bb.vc_custom_1516205127194{margin-bottom: 0px !important;}\u00a0\u00bb]Au 05 53 28 99 71 ou contact@eyrignac.com[\/vc_column_text][\/vc_column][\/vc_row]<\/p>\n<\/div>","protected":false},"excerpt":{"rendered":"[vc_row][vc_column][vc_column_text el_class=\u00a0\u00bbor\u00a0\u00bb] Visiter les Jardins du Manoir d\u2019Eyrignac en famille [\/vc_column_text][vc_column_text css=\u00a0\u00bb.vc_custom_1651840303782{margin-bottom: 30px !important;}\u00a0\u00bb]Les Jardins d&rsquo;Eyrignac sont un lieu incontournable du P\u00e9rigord \u00e0 visiter en famille. Livrets-jeux, Cluedo de P\u00e2ques, Pique-Niques Blancs, ateliers, tout est r\u00e9uni \u00e0 Eyrignac pour des instants de partage ludique voire fun qui feront de vos vacances en Dordogne avec vos&#8230; <a class=\"view-article\" href=\"https:\/\/www.eyrignac.com\/fr\/preparer-ma-visite\/en-famille\">Voir l&rsquo;article<\/a>","protected":false},"author":1,"featured_media":0,"parent":9,"menu_order":0,"comment_status":"closed","ping_status":"closed","template":"","meta":{"_acf_changed":false,"footnotes":""},"class_list":["post-230","page","type-page","status-publish","hentry"],"acf":[],"yoast_head":"<!-- This site is optimized with the Yoast SEO plugin v27.6 - https:\/\/yoast.com\/product\/yoast-seo-wordpress\/ -->\n<title>Les activit\u00e9s en famille dans les jardins d\u2019Eyrignac (Dordogne)<\/title>\n<meta name=\"description\" content=\"La visite des jardins d\u2019Eyrignac en famille, une activit\u00e9 de plein air o\u00f9 l\u2019on apprend en s\u2019amusant. Livrets-jeux, chasse aux \u0153ufs, Happy Pique-Nique, tout est r\u00e9uni \u00e0 Eyrignac pour des instants de partage ludique voire fun avec vos enfants et vos adolescents. Ouverts toute l\u2019ann\u00e9e \u00e0 15km de Sarlat (Dordogne).\" \/>\n<meta name=\"robots\" content=\"index, follow, max-snippet:-1, max-image-preview:large, max-video-preview:-1\" \/>\n<link rel=\"canonical\" href=\"https:\/\/www.eyrignac.com\/fr\/preparer-ma-visite\/en-famille\" \/>\n<meta property=\"og:locale\" content=\"fr_FR\" \/>\n<meta property=\"og:type\" content=\"article\" \/>\n<meta property=\"og:title\" content=\"Les activit\u00e9s en famille dans les jardins d\u2019Eyrignac (Dordogne)\" \/>\n<meta property=\"og:description\" content=\"La visite des jardins d\u2019Eyrignac en famille, une activit\u00e9 de plein air o\u00f9 l\u2019on apprend en s\u2019amusant. Livrets-jeux, chasse aux \u0153ufs, Happy Pique-Nique, tout est r\u00e9uni \u00e0 Eyrignac pour des instants de partage ludique voire fun avec vos enfants et vos adolescents. Ouverts toute l\u2019ann\u00e9e \u00e0 15km de Sarlat (Dordogne).\" \/>\n<meta property=\"og:url\" content=\"https:\/\/www.eyrignac.com\/fr\/preparer-ma-visite\/en-famille\" \/>\n<meta property=\"og:site_name\" content=\"Eyrignac et ses jardins\" \/>\n<meta property=\"article:publisher\" content=\"https:\/\/www.facebook.com\/JardinsEyrignac\/\" \/>\n<meta property=\"article:modified_time\" content=\"2025-11-24T13:01:13+00:00\" \/>\n<meta name=\"twitter:card\" content=\"summary_large_image\" \/>\n<meta name=\"twitter:site\" content=\"@eyrignac\" \/>\n<meta name=\"twitter:label1\" content=\"Dur\u00e9e de lecture estim\u00e9e\" \/>\n\t<meta name=\"twitter:data1\" content=\"4 minutes\" \/>\n<script type=\"application\/ld+json\" class=\"yoast-schema-graph\">{\"@context\":\"https:\\\/\\\/schema.org\",\"@graph\":[{\"@type\":\"WebPage\",\"@id\":\"https:\\\/\\\/www.eyrignac.com\\\/fr\\\/preparer-ma-visite\\\/en-famille\",\"url\":\"https:\\\/\\\/www.eyrignac.com\\\/fr\\\/preparer-ma-visite\\\/en-famille\",\"name\":\"Les activit\u00e9s en famille dans les jardins d\u2019Eyrignac (Dordogne)\",\"isPartOf\":{\"@id\":\"https:\\\/\\\/www.eyrignac.com\\\/fr\\\/#website\"},\"datePublished\":\"2018-01-16T11:24:12+00:00\",\"dateModified\":\"2025-11-24T13:01:13+00:00\",\"description\":\"La visite des jardins d\u2019Eyrignac en famille, une activit\u00e9 de plein air o\u00f9 l\u2019on apprend en s\u2019amusant. Livrets-jeux, chasse aux \u0153ufs, Happy Pique-Nique, tout est r\u00e9uni \u00e0 Eyrignac pour des instants de partage ludique voire fun avec vos enfants et vos adolescents. Ouverts toute l\u2019ann\u00e9e \u00e0 15km de Sarlat (Dordogne).\",\"breadcrumb\":{\"@id\":\"https:\\\/\\\/www.eyrignac.com\\\/fr\\\/preparer-ma-visite\\\/en-famille#breadcrumb\"},\"inLanguage\":\"fr-FR\",\"potentialAction\":[{\"@type\":\"ReadAction\",\"target\":[\"https:\\\/\\\/www.eyrignac.com\\\/fr\\\/preparer-ma-visite\\\/en-famille\"]}]},{\"@type\":\"BreadcrumbList\",\"@id\":\"https:\\\/\\\/www.eyrignac.com\\\/fr\\\/preparer-ma-visite\\\/en-famille#breadcrumb\",\"itemListElement\":[{\"@type\":\"ListItem\",\"position\":1,\"name\":\"Accueil\",\"item\":\"https:\\\/\\\/www.eyrignac.com\\\/fr\"},{\"@type\":\"ListItem\",\"position\":2,\"name\":\"Pr\u00e9parer ma visite\",\"item\":\"https:\\\/\\\/www.eyrignac.com\\\/fr\\\/preparer-ma-visite\"},{\"@type\":\"ListItem\",\"position\":3,\"name\":\"Visiter les Jardins du Manoir d\u2019Eyrignac en famille\"}]},{\"@type\":\"WebSite\",\"@id\":\"https:\\\/\\\/www.eyrignac.com\\\/fr\\\/#website\",\"url\":\"https:\\\/\\\/www.eyrignac.com\\\/fr\\\/\",\"name\":\"Eyrignac et ses jardins\",\"description\":\"Lieu de verdure unique en Dordogne\",\"publisher\":{\"@id\":\"https:\\\/\\\/www.eyrignac.com\\\/fr\\\/#organization\"},\"potentialAction\":[{\"@type\":\"SearchAction\",\"target\":{\"@type\":\"EntryPoint\",\"urlTemplate\":\"https:\\\/\\\/www.eyrignac.com\\\/fr\\\/?s={search_term_string}\"},\"query-input\":{\"@type\":\"PropertyValueSpecification\",\"valueRequired\":true,\"valueName\":\"search_term_string\"}}],\"inLanguage\":\"fr-FR\"},{\"@type\":\"Organization\",\"@id\":\"https:\\\/\\\/www.eyrignac.com\\\/fr\\\/#organization\",\"name\":\"Eyrignac\",\"url\":\"https:\\\/\\\/www.eyrignac.com\\\/fr\\\/\",\"logo\":{\"@type\":\"ImageObject\",\"inLanguage\":\"fr-FR\",\"@id\":\"https:\\\/\\\/www.eyrignac.com\\\/fr\\\/#\\\/schema\\\/logo\\\/image\\\/\",\"url\":\"https:\\\/\\\/www.eyrignac.com\\\/wp-content\\\/uploads\\\/2017\\\/12\\\/logo-eyrignac.png\",\"contentUrl\":\"https:\\\/\\\/www.eyrignac.com\\\/wp-content\\\/uploads\\\/2017\\\/12\\\/logo-eyrignac.png\",\"width\":500,\"height\":189,\"caption\":\"Eyrignac\"},\"image\":{\"@id\":\"https:\\\/\\\/www.eyrignac.com\\\/fr\\\/#\\\/schema\\\/logo\\\/image\\\/\"},\"sameAs\":[\"https:\\\/\\\/www.facebook.com\\\/JardinsEyrignac\\\/\",\"https:\\\/\\\/x.com\\\/eyrignac\",\"https:\\\/\\\/www.instagram.com\\\/eyrignac\\\/\",\"https:\\\/\\\/www.pinterest.fr\\\/eyrignac\\\/\",\"https:\\\/\\\/www.youtube.com\\\/channel\\\/UCjWc47ArIew83eRXXjaBowg\"]}]}<\/script>\n<!-- \/ Yoast SEO plugin. -->","yoast_head_json":{"title":"Les activit\u00e9s en famille dans les jardins d\u2019Eyrignac (Dordogne)","description":"La visite des jardins d\u2019Eyrignac en famille, une activit\u00e9 de plein air o\u00f9 l\u2019on apprend en s\u2019amusant. Livrets-jeux, chasse aux \u0153ufs, Happy Pique-Nique, tout est r\u00e9uni \u00e0 Eyrignac pour des instants de partage ludique voire fun avec vos enfants et vos adolescents. Ouverts toute l\u2019ann\u00e9e \u00e0 15km de Sarlat (Dordogne).","robots":{"index":"index","follow":"follow","max-snippet":"max-snippet:-1","max-image-preview":"max-image-preview:large","max-video-preview":"max-video-preview:-1"},"canonical":"https:\/\/www.eyrignac.com\/fr\/preparer-ma-visite\/en-famille","og_locale":"fr_FR","og_type":"article","og_title":"Les activit\u00e9s en famille dans les jardins d\u2019Eyrignac (Dordogne)","og_description":"La visite des jardins d\u2019Eyrignac en famille, une activit\u00e9 de plein air o\u00f9 l\u2019on apprend en s\u2019amusant. Livrets-jeux, chasse aux \u0153ufs, Happy Pique-Nique, tout est r\u00e9uni \u00e0 Eyrignac pour des instants de partage ludique voire fun avec vos enfants et vos adolescents. Ouverts toute l\u2019ann\u00e9e \u00e0 15km de Sarlat (Dordogne).","og_url":"https:\/\/www.eyrignac.com\/fr\/preparer-ma-visite\/en-famille","og_site_name":"Eyrignac et ses jardins","article_publisher":"https:\/\/www.facebook.com\/JardinsEyrignac\/","article_modified_time":"2025-11-24T13:01:13+00:00","twitter_card":"summary_large_image","twitter_site":"@eyrignac","twitter_misc":{"Dur\u00e9e de lecture estim\u00e9e":"4 minutes"},"schema":{"@context":"https:\/\/schema.org","@graph":[{"@type":"WebPage","@id":"https:\/\/www.eyrignac.com\/fr\/preparer-ma-visite\/en-famille","url":"https:\/\/www.eyrignac.com\/fr\/preparer-ma-visite\/en-famille","name":"Les activit\u00e9s en famille dans les jardins d\u2019Eyrignac (Dordogne)","isPartOf":{"@id":"https:\/\/www.eyrignac.com\/fr\/#website"},"datePublished":"2018-01-16T11:24:12+00:00","dateModified":"2025-11-24T13:01:13+00:00","description":"La visite des jardins d\u2019Eyrignac en famille, une activit\u00e9 de plein air o\u00f9 l\u2019on apprend en s\u2019amusant. Livrets-jeux, chasse aux \u0153ufs, Happy Pique-Nique, tout est r\u00e9uni \u00e0 Eyrignac pour des instants de partage ludique voire fun avec vos enfants et vos adolescents. Ouverts toute l\u2019ann\u00e9e \u00e0 15km de Sarlat (Dordogne).","breadcrumb":{"@id":"https:\/\/www.eyrignac.com\/fr\/preparer-ma-visite\/en-famille#breadcrumb"},"inLanguage":"fr-FR","potentialAction":[{"@type":"ReadAction","target":["https:\/\/www.eyrignac.com\/fr\/preparer-ma-visite\/en-famille"]}]},{"@type":"BreadcrumbList","@id":"https:\/\/www.eyrignac.com\/fr\/preparer-ma-visite\/en-famille#breadcrumb","itemListElement":[{"@type":"ListItem","position":1,"name":"Accueil","item":"https:\/\/www.eyrignac.com\/fr"},{"@type":"ListItem","position":2,"name":"Pr\u00e9parer ma visite","item":"https:\/\/www.eyrignac.com\/fr\/preparer-ma-visite"},{"@type":"ListItem","position":3,"name":"Visiter les Jardins du Manoir d\u2019Eyrignac en famille"}]},{"@type":"WebSite","@id":"https:\/\/www.eyrignac.com\/fr\/#website","url":"https:\/\/www.eyrignac.com\/fr\/","name":"Eyrignac et ses jardins","description":"Lieu de verdure unique en Dordogne","publisher":{"@id":"https:\/\/www.eyrignac.com\/fr\/#organization"},"potentialAction":[{"@type":"SearchAction","target":{"@type":"EntryPoint","urlTemplate":"https:\/\/www.eyrignac.com\/fr\/?s={search_term_string}"},"query-input":{"@type":"PropertyValueSpecification","valueRequired":true,"valueName":"search_term_string"}}],"inLanguage":"fr-FR"},{"@type":"Organization","@id":"https:\/\/www.eyrignac.com\/fr\/#organization","name":"Eyrignac","url":"https:\/\/www.eyrignac.com\/fr\/","logo":{"@type":"ImageObject","inLanguage":"fr-FR","@id":"https:\/\/www.eyrignac.com\/fr\/#\/schema\/logo\/image\/","url":"https:\/\/www.eyrignac.com\/wp-content\/uploads\/2017\/12\/logo-eyrignac.png","contentUrl":"https:\/\/www.eyrignac.com\/wp-content\/uploads\/2017\/12\/logo-eyrignac.png","width":500,"height":189,"caption":"Eyrignac"},"image":{"@id":"https:\/\/www.eyrignac.com\/fr\/#\/schema\/logo\/image\/"},"sameAs":["https:\/\/www.facebook.com\/JardinsEyrignac\/","https:\/\/x.com\/eyrignac","https:\/\/www.instagram.com\/eyrignac\/","https:\/\/www.pinterest.fr\/eyrignac\/","https:\/\/www.youtube.com\/channel\/UCjWc47ArIew83eRXXjaBowg"]}]}},"_links":{"self":[{"href":"https:\/\/www.eyrignac.com\/fr\/wp-json\/wp\/v2\/pages\/230","targetHints":{"allow":["GET"]}}],"collection":[{"href":"https:\/\/www.eyrignac.com\/fr\/wp-json\/wp\/v2\/pages"}],"about":[{"href":"https:\/\/www.eyrignac.com\/fr\/wp-json\/wp\/v2\/types\/page"}],"author":[{"embeddable":true,"href":"https:\/\/www.eyrignac.com\/fr\/wp-json\/wp\/v2\/users\/1"}],"replies":[{"embeddable":true,"href":"https:\/\/www.eyrignac.com\/fr\/wp-json\/wp\/v2\/comments?post=230"}],"version-history":[{"count":0,"href":"https:\/\/www.eyrignac.com\/fr\/wp-json\/wp\/v2\/pages\/230\/revisions"}],"up":[{"embeddable":true,"href":"https:\/\/www.eyrignac.com\/fr\/wp-json\/wp\/v2\/pages\/9"}],"wp:attachment":[{"href":"https:\/\/www.eyrignac.com\/fr\/wp-json\/wp\/v2\/media?parent=230"}],"curies":[{"name":"wp","href":"https:\/\/api.w.org\/{rel}","templated":true}]}}