{"id":228,"date":"2018-01-16T12:23:53","date_gmt":"2018-01-16T11:23:53","guid":{"rendered":"https:\/\/www.eyrignac.com\/?page_id=228"},"modified":"2026-01-23T15:16:48","modified_gmt":"2026-01-23T14:16:48","slug":"eyrignac-en-individuel","status":"publish","type":"page","link":"https:\/\/www.eyrignac.com\/fr\/preparer-ma-visite\/eyrignac-en-individuel","title":{"rendered":"Visiter Eyrignac et ses Jardins en individuel"},"content":{"rendered":"<div class=\"wpb-content-wrapper\"><p>[vc_row][vc_column][vc_column_text el_class=\u00a0\u00bbor\u00a0\u00bb]<\/p>\n<h1>Visiter Eyrignac et ses Jardins en individuel<\/h1>\n<p>[\/vc_column_text][vc_column_text css=\u00a0\u00bb.vc_custom_1516205866906{margin-bottom: 30px !important;}\u00a0\u00bb]<strong>Tel un \u00e9crin de verdure, le domaine d\u2019Eyrignac renferme en son c\u0153ur des jardins consid\u00e9r\u00e9s comme le joyau du P\u00e9rigord. Sur 10 ha, le jardin \u00e0 la fran\u00e7aise c\u00f4toie le style italianisant, les couleurs vives du Potager et des jardins de fleurs s\u2019harmonisent avec les touches asiatiques, l\u2019eau des fontaines jaillit et la Nature, ma\u00eetris\u00e9e, s\u2019offre en spectacle aux visiteurs. Facilement accessible depuis Sarlat, Brive-la-Gaillarde, P\u00e9rigueux, Cahors et Lascaux, Eyrignac et ses jardins sont ouverts toute l\u2019ann\u00e9e.<\/strong>[\/vc_column_text][vc_row_inner css=\u00a0\u00bb.vc_custom_1516206920135{margin-bottom: 30px !important;}\u00a0\u00bb][vc_column_inner width=\u00a0\u00bb1\/3&Prime; css=\u00a0\u00bb.vc_custom_1516957834102{padding-right: 20px !important;}\u00a0\u00bb][vc_single_image image=\u00a0\u00bb1428&Prime; img_size=\u00a0\u00bblarge\u00a0\u00bb onclick=\u00a0\u00bblink_image\u00a0\u00bb][vc_single_image image=\u00a0\u00bb1433&Prime; img_size=\u00a0\u00bblarge\u00a0\u00bb onclick=\u00a0\u00bblink_image\u00a0\u00bb][\/vc_column_inner][vc_column_inner width=\u00a0\u00bb2\/3&Prime;][vc_column_text el_class=\u00a0\u00bbnomt nopb\u00a0\u00bb]<\/p>\n<h2>A la d\u00e9couverte d\u2019Eyrignac, monument historique des XVIIe et XVIIIe si\u00e8cles<\/h2>\n<p>[\/vc_column_text][vc_column_text]Le domaine d\u2019Eyrignac est un lieu o\u00f9 vit la tradition. Depuis 500 ans, 22 g\u00e9n\u00e9rations se sont succ\u00e9d\u00e9es sur ces terres, \u201cL\u00e0 o\u00f9 l\u2019eau coule\u201d, (en Occitan \u201cey\u201d signifie \u201ceau\u201d). C\u2019est en s\u2019inscrivant dans cette tradition s\u00e9culaire, que Gilles Sermadiras, le p\u00e8re de l\u2019actuel propri\u00e9taire, Patrick Sermadiras, cr\u00e9e de toutes pi\u00e8ces dans les ann\u00e9es 1960 des jardins qu\u2019il con\u00e7oit comme un hommage aux jardins \u00e0 la fran\u00e7aise du Grand Si\u00e8cle. Incontournable en Dordogne pour les extraordinaires sculptures v\u00e9g\u00e9tales qu\u2019il renferme, ce joyau de l\u2019art des jardins est un manifeste unique de l\u2019Art topiaire en France : 300 ifs, buis, charmes et cypr\u00e8s y sont taill\u00e9s avec excellence par 6 jardiniers dans la tradition du travail \u00e0 l\u2019ancienne avec cisailles, cordeaux et fil \u00e0 plomb.<\/p>\n<p>Voisinant avec les jardins architectur\u00e9s, des univers color\u00e9s et po\u00e9tiques, sources de vie et de couleurs, apportent une dimension champ\u00eatre. S\u00e9par\u00e9s uniquement par une charmante all\u00e9e de c\u00e8dres pleureurs, le Jardin Potager et le Jardin Fleuriste traduisent aussi l\u2019interpr\u00e9tation f\u00e9minine de Capucine Sermadiras la propri\u00e9taire, qui souhaitait faire entrer le jardin dans la maison avec un joli bouquet de fleurs ou un bon panier de l\u00e9gumes.[\/vc_column_text][\/vc_column_inner][\/vc_row_inner][vc_row_inner css=\u00a0\u00bb.vc_custom_1516206925030{margin-bottom: 30px !important;}\u00a0\u00bb][vc_column_inner width=\u00a0\u00bb1\/3&Prime; css=\u00a0\u00bb.vc_custom_1516957888582{padding-right: 20px !important;}\u00a0\u00bb][vc_single_image image=\u00a0\u00bb1426&Prime; img_size=\u00a0\u00bblarge\u00a0\u00bb onclick=\u00a0\u00bblink_image\u00a0\u00bb][\/vc_column_inner][vc_column_inner width=\u00a0\u00bb2\/3&Prime;][vc_column_text el_class=\u00a0\u00bbnomt nopb\u00a0\u00bb]<\/p>\n<h2>La visite libre des jardins d\u2019Eyrignac<\/h2>\n<p>[\/vc_column_text][vc_column_text css=\u00a0\u00bb\u00a0\u00bb]Vous d\u00e9ambulerez librement, \u00e0 votre propre rythme dans les jardins, accompagn\u00e9s du plan des jardins, disponible en 6 langues qui vous sera remis \u00e0 l\u2019accueil (Fran\u00e7ais, Anglais, Espagnol, Hollandais, Allemand et Italien).<\/p>\n<p>Les nombreux pupitres jalonnant le parcours vous apporteront des informations suppl\u00e9mentaires sur l\u2019histoire des jardins, leur entretien ainsi que des astuces pour votre propre jardin.<\/p>\n<p>L\u2019audioguide, accessible gratuitement via un QR-code, vous permettra de b\u00e9n\u00e9ficier d\u2019informations plus d\u00e9taill\u00e9es sur l\u2019ensemble des points d\u2019int\u00e9r\u00eats. Vous suivrez pas \u00e0 pas les explications interactives de notre guide directement sur votre smartphone, sans mat\u00e9riel \u00e0 louer. L\u2019audioguide est disponible en plusieurs langues (Fran\u00e7ais, Anglais, Allemand, Espagnol, Hollandais, Italien, Russe, Chinois, Japonais, Portugais).[\/vc_column_text][\/vc_column_inner][\/vc_row_inner][vc_row_inner css=\u00a0\u00bb.vc_custom_1516206925030{margin-bottom: 30px !important;}\u00a0\u00bb][vc_column_inner width=\u00a0\u00bb1\/3&Prime; css=\u00a0\u00bb.vc_custom_1516957888582{padding-right: 20px !important;}\u00a0\u00bb][vc_single_image image=\u00a0\u00bb3455&Prime; img_size=\u00a0\u00bblarge\u00a0\u00bb onclick=\u00a0\u00bblink_image\u00a0\u00bb][\/vc_column_inner][vc_column_inner width=\u00a0\u00bb2\/3&Prime;][vc_column_text el_class=\u00a0\u00bbnomt nopb\u00a0\u00bb]<\/p>\n<h2>D\u00e9couverte sensorielle des jardins d\u2019Eyrignac<\/h2>\n<p>[\/vc_column_text][vc_column_text]R\u00e9veillez vos sens en parcourant les jardins d&rsquo;Eyrignac. D\u00e9chaussez-vous, posez les mains sur l&rsquo;\u00e9corce des arbres, ressentez les diff\u00e9rentes textures du jardin : la douceur des tapis de gazons, les grains de sable des all\u00e9es, la pierre, le v\u00e9g\u00e9tal. Faites une pause sur un banc et \u00e9coutez le calme, le chant des oiseaux, la vie des jardins. Les parfums des diff\u00e9rentes essences se r\u00e9v\u00e8leront \u00e0 vous. Prenez le temps de vous reconnecter avec vous-m\u00eame, profitez pleinement des bienfaits du jardin.<br \/>\n<em>Demandez \u00e0 l&rsquo;accueil le d\u00e9pliant \u00ab\u00a0D\u00e9couverte sensorielle d&rsquo;Eyrignac et ses Jardins\u00a0\u00bb (sans suppl\u00e9ment)<\/em>.[\/vc_column_text][\/vc_column_inner][\/vc_row_inner][vc_row_inner css=\u00a0\u00bb.vc_custom_1516206931934{margin-bottom: 30px !important;}\u00a0\u00bb][vc_column_inner width=\u00a0\u00bb1\/3&Prime; css=\u00a0\u00bb.vc_custom_1516957901806{padding-right: 20px !important;}\u00a0\u00bb][vc_single_image image=\u00a0\u00bb1435&Prime; img_size=\u00a0\u00bblarge\u00a0\u00bb onclick=\u00a0\u00bblink_image\u00a0\u00bb][\/vc_column_inner][vc_column_inner width=\u00a0\u00bb2\/3&Prime;][vc_column_text el_class=\u00a0\u00bbnomt nopb\u00a0\u00bb]<\/p>\n<h2>Partez \u00e0 la d\u00e9couverte de la flore de Dordogne<\/h2>\n<p>[\/vc_column_text][vc_column_text]Prolongez votre visite sur le domaine en pleine nature en empruntant nos deux sentiers botaniques de 2,5 et 4,5 kms. En v\u00e9ritable compl\u00e9ment de la visite des jardins, partez \u00e0 la d\u00e9couverte des v\u00e9g\u00e9taux du P\u00e9rigord, de leurs vertus et leurs utilisations. Facile d\u2019acc\u00e8s, id\u00e9alement ombrag\u00e9s, ils vous m\u00e8neront ensuite \u00e0 la contemplation des vall\u00e9es environnantes depuis la table d\u2019orientation dominant les Jardins d\u2019Eyrignac[\/vc_column_text][\/vc_column_inner][\/vc_row_inner][\/vc_column][\/vc_row][vc_row][vc_column css=\u00a0\u00bb.vc_custom_1515600657263{padding-right: 20px !important;}\u00a0\u00bb][vc_column_text css=\u00a0\u00bb.vc_custom_1519079366267{margin-bottom: 0px !important;}\u00a0\u00bb]<\/p>\n<h2><span class=\"or\">Tarifs<\/span> pour la visite libre des jardins en individuel<\/h2>\n<p>[\/vc_column_text][vc_column_text css=\u00a0\u00bb.vc_custom_1763981893578{margin-bottom: 0px !important;}\u00a0\u00bb]<strong>Adulte<\/strong> \u00a013,90 \u20ac (12,90 \u20ac en ligne)<\/p>\n<p><strong>Pass Famille<\/strong> (2 adultes et jusqu&rsquo;\u00e0 3 enfants ou adolescents) 42,00 \u20ac (39 \u20ac en ligne)<\/p>\n<p><strong>Enfant<\/strong> (- de 5 ans) Gratuit<\/p>\n<p><strong>Enfant<\/strong> (de 5 \u00e0 10 ans) 7 \u20ac (6,50 \u20ac en ligne)<\/p>\n<p><strong>Adolescent<\/strong> (de 11 \u00e0 17 ans)\u00a0 \u00a09 \u20ac (8,50 \u20ac en ligne)<\/p>\n<p><strong>Etudiant<\/strong> (sur pr\u00e9sentation d&rsquo;un justificatif)\u00a0 \u00a011,90 \u20ac (10,90 \u20ac en ligne)<\/p>\n<p><strong>Personne en situation de handicap<\/strong>\u00a0 \u00a08,90 \u20ac (7,90 \u20ac en ligne)<\/p>\n<p><strong>Accompagnateur personne en situation de handicap<\/strong>\u00a0 \u00a011,90 \u20ac (10,90 \u20ac en ligne)<\/p>\n<p class=\"small\"><em class=\"small\">Lieu labellis\u00e9 Tourisme et Handicap (Handicap Moteur 60% du site accessible, Mental et Auditif)<\/em><br \/>\n<em>Fauteuil roulant \u00e0 disposition sur demande<\/em><\/p>\n<p><strong>Pass Patrimoine<\/strong> 39 \u20ac Pour profiter d\u2019Eyrignac quand vous le souhaitez, en toute saison<br \/>\n(carte nominative valable 1 an \u00e0 partir de la date d\u2019achat)<\/p>\n<p><strong>Tarif hiver<\/strong> (du 01\/01\/26 au 28\/02\/26 et du 4\/11\/26 au 31\/12\/26) 11,90 \u20ac\u00a0 (10,90 \u20ac en ligne)[\/vc_column_text][vc_row_inner equal_height=\u00a0\u00bbyes\u00a0\u00bb css=\u00a0\u00bb.vc_custom_1516207802491{margin-top: 30px !important;margin-right: 0px !important;margin-bottom: 30px !important;margin-left: 0px !important;}\u00a0\u00bb][vc_column_inner width=\u00a0\u00bb1\/3&Prime; offset=\u00a0\u00bbvc_col-xs-12&Prime; css=\u00a0\u00bb.vc_custom_1516959322656{margin-top: 0px !important;padding-top: 0px !important;}\u00a0\u00bb][\/vc_column_inner][vc_column_inner width=\u00a0\u00bb2\/3&Prime; css=\u00a0\u00bb.vc_custom_1519077634288{margin-top: 0px !important;margin-right: 0px !important;margin-left: 0px !important;padding-top: 0px !important;padding-right: 0px !important;padding-left: 0px !important;background-color: #ffffff !important;}\u00a0\u00bb offset=\u00a0\u00bbvc_col-xs-12&Prime;][vc_btn title=\u00a0\u00bbAchetez d\u00e8s maintenant votre billet en ligne.\u00a0\u00bb style=\u00a0\u00bbclassic\u00a0\u00bb shape=\u00a0\u00bbsquare\u00a0\u00bb color=\u00a0\u00bbwhite\u00a0\u00bb size=\u00a0\u00bblg\u00a0\u00bb align=\u00a0\u00bbcenter\u00a0\u00bb css=\u00a0\u00bb.vc_custom_1592815188276{margin-top: 0px !important;margin-right: 0px !important;margin-left: 0px !important;padding-top: 0px !important;padding-right: 0px !important;padding-left: 0px !important;}\u00a0\u00bb button_block=\u00a0\u00bbtrue\u00a0\u00bb el_class=\u00a0\u00bbupcase or\u00a0\u00bb link=\u00a0\u00bburl:%2Ffr%2Facheter-mes-billets|||\u00a0\u00bb][\/vc_column_inner][\/vc_row_inner][\/vc_column][\/vc_row][vc_row css=\u00a0\u00bb.vc_custom_1516205065841{margin-bottom: 30px !important;}\u00a0\u00bb][vc_column css=\u00a0\u00bb.vc_custom_1515600657263{padding-right: 20px !important;}\u00a0\u00bb][vc_column_text css=\u00a0\u00bb.vc_custom_1521632975438{margin-bottom: 0px !important;}\u00a0\u00bb]<\/p>\n<h2><span class=\"or\">Paiements<\/span> accept\u00e9s<\/h2>\n<p>[\/vc_column_text][vc_column_text css=\u00a0\u00bb.vc_custom_1516204326611{margin-bottom: 0px !important;}\u00a0\u00bb]Esp\u00e8ces, Carte Bancaire (sauf American Express), Ch\u00e8ques bancaires, Ch\u00e8ques vacances, Ch\u00e8que Culture[\/vc_column_text][\/vc_column][\/vc_row][vc_row css=\u00a0\u00bb.vc_custom_1516189949290{padding-right: 15px !important;padding-left: 15px !important;background-color: #f6f2eb !important;}\u00a0\u00bb][vc_column width=\u00a0\u00bb1\/2&Prime; el_id=\u00a0\u00bbanchor-restaurant\u00a0\u00bb][vc_column_text css=\u00a0\u00bb.vc_custom_1519079381102{margin-bottom: 10px !important;}\u00a0\u00bb]<\/p>\n<h2>Pour agr\u00e9menter votre visite<\/h2>\n<p>[\/vc_column_text][vc_column_text]<\/p>\n<ul>\n<li>Restaurant et salon de th\u00e9 \u00ab C\u00f4t\u00e9 Jardins \u00bb \u00e0 l\u2019entr\u00e9e des Jardins. Consulter la page du <a href=\"https:\/\/www.eyrignac.com\/fr\/preparer-ma-visite\/restaurant-salon-de-the-cote-jardin-eyrignac\">restaurant et salon de th\u00e9 \u00ab C\u00f4t\u00e9 Jardins \u00bb<\/a><\/li>\n<li>Sur pr\u00e9sentation d&rsquo;un billet d&rsquo;entr\u00e9e adulte, 2 \u20ac de r\u00e9duction sur un repas au restaurant (hors boissons et snacking)<\/li>\n<li>Aire de Pique-nique \u00e0 l\u2019ombre des pins en acc\u00e8s libre<\/li>\n<li>Parkings gratuits et ombrag\u00e9s<\/li>\n<li>Camping-cars bienvenus jour et nuit<\/li>\n<li>Table \u00e0 langer<\/li>\n<li>Boutique cadeaux \u00ab C\u00f4t\u00e9 Jardins, C\u00f4t\u00e9 Manoir \u00bb sur le jardin et la d\u00e9coration<\/li>\n<\/ul>\n<p>[\/vc_column_text][\/vc_column][vc_column width=\u00a0\u00bb1\/2&Prime;][vc_single_image image=\u00a0\u00bb1425&Prime; img_size=\u00a0\u00bblarge\u00a0\u00bb onclick=\u00a0\u00bblink_image\u00a0\u00bb][vc_column_text el_class=\u00a0\u00bbsmall\u00a0\u00bb]<strong><span class=\"or\">A noter :<\/span><\/strong><br \/>\nLes chiens tenus en laisse sont les bienvenus.[\/vc_column_text][\/vc_column][\/vc_row][vc_row css=\u00a0\u00bb.vc_custom_1516205065841{margin-bottom: 30px !important;}\u00a0\u00bb][vc_column css=\u00a0\u00bb.vc_custom_1515600657263{padding-right: 20px !important;}\u00a0\u00bb][vc_column_text css=\u00a0\u00bb.vc_custom_1519079387957{margin-bottom: 0px !important;}\u00a0\u00bb]<\/p>\n<h2>Renseignements<\/h2>\n<p>[\/vc_column_text][vc_column_text css=\u00a0\u00bb.vc_custom_1516205127194{margin-bottom: 0px !important;}\u00a0\u00bb]Au 05 53 28 99 71 ou contact@eyrignac.com[\/vc_column_text][\/vc_column][\/vc_row]<\/p>\n<\/div>","protected":false},"excerpt":{"rendered":"[vc_row][vc_column][vc_column_text el_class=\u00a0\u00bbor\u00a0\u00bb] Visiter Eyrignac et ses Jardins en individuel [\/vc_column_text][vc_column_text css=\u00a0\u00bb.vc_custom_1516205866906{margin-bottom: 30px !important;}\u00a0\u00bb]Tel un \u00e9crin de verdure, le domaine d\u2019Eyrignac renferme en son c\u0153ur des jardins consid\u00e9r\u00e9s comme le joyau du P\u00e9rigord. Sur 10 ha, le jardin \u00e0 la fran\u00e7aise c\u00f4toie le style italianisant, les couleurs vives du Potager et des jardins de fleurs s\u2019harmonisent&#8230; <a class=\"view-article\" href=\"https:\/\/www.eyrignac.com\/fr\/preparer-ma-visite\/eyrignac-en-individuel\">Voir l&rsquo;article<\/a>","protected":false},"author":1,"featured_media":0,"parent":9,"menu_order":0,"comment_status":"closed","ping_status":"closed","template":"","meta":{"_acf_changed":false,"footnotes":""},"class_list":["post-228","page","type-page","status-publish","hentry"],"acf":[],"yoast_head":"<!-- This site is optimized with the Yoast SEO plugin v27.4 - https:\/\/yoast.com\/product\/yoast-seo-wordpress\/ -->\n<title>Visiter les jardins du Manoir d&#039;Eyrignac en individuel<\/title>\n<meta name=\"description\" content=\"Le domaine d\u2019Eyrignac renferme en son c\u0153ur des jardins consid\u00e9r\u00e9s comme le joyau du P\u00e9rigord. Sur 10 ha, jardin \u00e0 la fran\u00e7aise, style italianisant, couleurs vives des fleurs et touches asiatiques s\u2019harmonisent, l\u2019eau des fontaines jaillit et la Nature, ma\u00eetris\u00e9e, s\u2019offre en spectacle aux visiteurs.\" \/>\n<meta name=\"robots\" content=\"index, follow, max-snippet:-1, max-image-preview:large, max-video-preview:-1\" \/>\n<link rel=\"canonical\" href=\"https:\/\/www.eyrignac.com\/fr\/preparer-ma-visite\/eyrignac-en-individuel\" \/>\n<meta property=\"og:locale\" content=\"fr_FR\" \/>\n<meta property=\"og:type\" content=\"article\" \/>\n<meta property=\"og:title\" content=\"Visiter les jardins du Manoir d&#039;Eyrignac en individuel\" \/>\n<meta property=\"og:description\" content=\"Le domaine d\u2019Eyrignac renferme en son c\u0153ur des jardins consid\u00e9r\u00e9s comme le joyau du P\u00e9rigord. Sur 10 ha, jardin \u00e0 la fran\u00e7aise, style italianisant, couleurs vives des fleurs et touches asiatiques s\u2019harmonisent, l\u2019eau des fontaines jaillit et la Nature, ma\u00eetris\u00e9e, s\u2019offre en spectacle aux visiteurs.\" \/>\n<meta property=\"og:url\" content=\"https:\/\/www.eyrignac.com\/fr\/preparer-ma-visite\/eyrignac-en-individuel\" \/>\n<meta property=\"og:site_name\" content=\"Eyrignac et ses jardins\" \/>\n<meta property=\"article:publisher\" content=\"https:\/\/www.facebook.com\/JardinsEyrignac\/\" \/>\n<meta property=\"article:modified_time\" content=\"2026-01-23T14:16:48+00:00\" \/>\n<meta name=\"twitter:card\" content=\"summary_large_image\" \/>\n<meta name=\"twitter:site\" content=\"@eyrignac\" \/>\n<meta name=\"twitter:label1\" content=\"Dur\u00e9e de lecture estim\u00e9e\" \/>\n\t<meta name=\"twitter:data1\" content=\"6 minutes\" \/>\n<script type=\"application\/ld+json\" class=\"yoast-schema-graph\">{\"@context\":\"https:\\\/\\\/schema.org\",\"@graph\":[{\"@type\":\"WebPage\",\"@id\":\"https:\\\/\\\/www.eyrignac.com\\\/fr\\\/preparer-ma-visite\\\/eyrignac-en-individuel\",\"url\":\"https:\\\/\\\/www.eyrignac.com\\\/fr\\\/preparer-ma-visite\\\/eyrignac-en-individuel\",\"name\":\"Visiter les jardins du Manoir d'Eyrignac en individuel\",\"isPartOf\":{\"@id\":\"https:\\\/\\\/www.eyrignac.com\\\/fr\\\/#website\"},\"datePublished\":\"2018-01-16T11:23:53+00:00\",\"dateModified\":\"2026-01-23T14:16:48+00:00\",\"description\":\"Le domaine d\u2019Eyrignac renferme en son c\u0153ur des jardins consid\u00e9r\u00e9s comme le joyau du P\u00e9rigord. Sur 10 ha, jardin \u00e0 la fran\u00e7aise, style italianisant, couleurs vives des fleurs et touches asiatiques s\u2019harmonisent, l\u2019eau des fontaines jaillit et la Nature, ma\u00eetris\u00e9e, s\u2019offre en spectacle aux visiteurs.\",\"breadcrumb\":{\"@id\":\"https:\\\/\\\/www.eyrignac.com\\\/fr\\\/preparer-ma-visite\\\/eyrignac-en-individuel#breadcrumb\"},\"inLanguage\":\"fr-FR\",\"potentialAction\":[{\"@type\":\"ReadAction\",\"target\":[\"https:\\\/\\\/www.eyrignac.com\\\/fr\\\/preparer-ma-visite\\\/eyrignac-en-individuel\"]}]},{\"@type\":\"BreadcrumbList\",\"@id\":\"https:\\\/\\\/www.eyrignac.com\\\/fr\\\/preparer-ma-visite\\\/eyrignac-en-individuel#breadcrumb\",\"itemListElement\":[{\"@type\":\"ListItem\",\"position\":1,\"name\":\"Accueil\",\"item\":\"https:\\\/\\\/www.eyrignac.com\\\/fr\"},{\"@type\":\"ListItem\",\"position\":2,\"name\":\"Pr\u00e9parer ma visite\",\"item\":\"https:\\\/\\\/www.eyrignac.com\\\/fr\\\/preparer-ma-visite\"},{\"@type\":\"ListItem\",\"position\":3,\"name\":\"Visiter Eyrignac et ses Jardins en individuel\"}]},{\"@type\":\"WebSite\",\"@id\":\"https:\\\/\\\/www.eyrignac.com\\\/fr\\\/#website\",\"url\":\"https:\\\/\\\/www.eyrignac.com\\\/fr\\\/\",\"name\":\"Eyrignac et ses jardins\",\"description\":\"Lieu de verdure unique en Dordogne\",\"publisher\":{\"@id\":\"https:\\\/\\\/www.eyrignac.com\\\/fr\\\/#organization\"},\"potentialAction\":[{\"@type\":\"SearchAction\",\"target\":{\"@type\":\"EntryPoint\",\"urlTemplate\":\"https:\\\/\\\/www.eyrignac.com\\\/fr\\\/?s={search_term_string}\"},\"query-input\":{\"@type\":\"PropertyValueSpecification\",\"valueRequired\":true,\"valueName\":\"search_term_string\"}}],\"inLanguage\":\"fr-FR\"},{\"@type\":\"Organization\",\"@id\":\"https:\\\/\\\/www.eyrignac.com\\\/fr\\\/#organization\",\"name\":\"Eyrignac\",\"url\":\"https:\\\/\\\/www.eyrignac.com\\\/fr\\\/\",\"logo\":{\"@type\":\"ImageObject\",\"inLanguage\":\"fr-FR\",\"@id\":\"https:\\\/\\\/www.eyrignac.com\\\/fr\\\/#\\\/schema\\\/logo\\\/image\\\/\",\"url\":\"https:\\\/\\\/www.eyrignac.com\\\/wp-content\\\/uploads\\\/2017\\\/12\\\/logo-eyrignac.png\",\"contentUrl\":\"https:\\\/\\\/www.eyrignac.com\\\/wp-content\\\/uploads\\\/2017\\\/12\\\/logo-eyrignac.png\",\"width\":500,\"height\":189,\"caption\":\"Eyrignac\"},\"image\":{\"@id\":\"https:\\\/\\\/www.eyrignac.com\\\/fr\\\/#\\\/schema\\\/logo\\\/image\\\/\"},\"sameAs\":[\"https:\\\/\\\/www.facebook.com\\\/JardinsEyrignac\\\/\",\"https:\\\/\\\/x.com\\\/eyrignac\",\"https:\\\/\\\/www.instagram.com\\\/eyrignac\\\/\",\"https:\\\/\\\/www.pinterest.fr\\\/eyrignac\\\/\",\"https:\\\/\\\/www.youtube.com\\\/channel\\\/UCjWc47ArIew83eRXXjaBowg\"]}]}<\/script>\n<!-- \/ Yoast SEO plugin. -->","yoast_head_json":{"title":"Visiter les jardins du Manoir d'Eyrignac en individuel","description":"Le domaine d\u2019Eyrignac renferme en son c\u0153ur des jardins consid\u00e9r\u00e9s comme le joyau du P\u00e9rigord. Sur 10 ha, jardin \u00e0 la fran\u00e7aise, style italianisant, couleurs vives des fleurs et touches asiatiques s\u2019harmonisent, l\u2019eau des fontaines jaillit et la Nature, ma\u00eetris\u00e9e, s\u2019offre en spectacle aux visiteurs.","robots":{"index":"index","follow":"follow","max-snippet":"max-snippet:-1","max-image-preview":"max-image-preview:large","max-video-preview":"max-video-preview:-1"},"canonical":"https:\/\/www.eyrignac.com\/fr\/preparer-ma-visite\/eyrignac-en-individuel","og_locale":"fr_FR","og_type":"article","og_title":"Visiter les jardins du Manoir d'Eyrignac en individuel","og_description":"Le domaine d\u2019Eyrignac renferme en son c\u0153ur des jardins consid\u00e9r\u00e9s comme le joyau du P\u00e9rigord. Sur 10 ha, jardin \u00e0 la fran\u00e7aise, style italianisant, couleurs vives des fleurs et touches asiatiques s\u2019harmonisent, l\u2019eau des fontaines jaillit et la Nature, ma\u00eetris\u00e9e, s\u2019offre en spectacle aux visiteurs.","og_url":"https:\/\/www.eyrignac.com\/fr\/preparer-ma-visite\/eyrignac-en-individuel","og_site_name":"Eyrignac et ses jardins","article_publisher":"https:\/\/www.facebook.com\/JardinsEyrignac\/","article_modified_time":"2026-01-23T14:16:48+00:00","twitter_card":"summary_large_image","twitter_site":"@eyrignac","twitter_misc":{"Dur\u00e9e de lecture estim\u00e9e":"6 minutes"},"schema":{"@context":"https:\/\/schema.org","@graph":[{"@type":"WebPage","@id":"https:\/\/www.eyrignac.com\/fr\/preparer-ma-visite\/eyrignac-en-individuel","url":"https:\/\/www.eyrignac.com\/fr\/preparer-ma-visite\/eyrignac-en-individuel","name":"Visiter les jardins du Manoir d'Eyrignac en individuel","isPartOf":{"@id":"https:\/\/www.eyrignac.com\/fr\/#website"},"datePublished":"2018-01-16T11:23:53+00:00","dateModified":"2026-01-23T14:16:48+00:00","description":"Le domaine d\u2019Eyrignac renferme en son c\u0153ur des jardins consid\u00e9r\u00e9s comme le joyau du P\u00e9rigord. Sur 10 ha, jardin \u00e0 la fran\u00e7aise, style italianisant, couleurs vives des fleurs et touches asiatiques s\u2019harmonisent, l\u2019eau des fontaines jaillit et la Nature, ma\u00eetris\u00e9e, s\u2019offre en spectacle aux visiteurs.","breadcrumb":{"@id":"https:\/\/www.eyrignac.com\/fr\/preparer-ma-visite\/eyrignac-en-individuel#breadcrumb"},"inLanguage":"fr-FR","potentialAction":[{"@type":"ReadAction","target":["https:\/\/www.eyrignac.com\/fr\/preparer-ma-visite\/eyrignac-en-individuel"]}]},{"@type":"BreadcrumbList","@id":"https:\/\/www.eyrignac.com\/fr\/preparer-ma-visite\/eyrignac-en-individuel#breadcrumb","itemListElement":[{"@type":"ListItem","position":1,"name":"Accueil","item":"https:\/\/www.eyrignac.com\/fr"},{"@type":"ListItem","position":2,"name":"Pr\u00e9parer ma visite","item":"https:\/\/www.eyrignac.com\/fr\/preparer-ma-visite"},{"@type":"ListItem","position":3,"name":"Visiter Eyrignac et ses Jardins en individuel"}]},{"@type":"WebSite","@id":"https:\/\/www.eyrignac.com\/fr\/#website","url":"https:\/\/www.eyrignac.com\/fr\/","name":"Eyrignac et ses jardins","description":"Lieu de verdure unique en Dordogne","publisher":{"@id":"https:\/\/www.eyrignac.com\/fr\/#organization"},"potentialAction":[{"@type":"SearchAction","target":{"@type":"EntryPoint","urlTemplate":"https:\/\/www.eyrignac.com\/fr\/?s={search_term_string}"},"query-input":{"@type":"PropertyValueSpecification","valueRequired":true,"valueName":"search_term_string"}}],"inLanguage":"fr-FR"},{"@type":"Organization","@id":"https:\/\/www.eyrignac.com\/fr\/#organization","name":"Eyrignac","url":"https:\/\/www.eyrignac.com\/fr\/","logo":{"@type":"ImageObject","inLanguage":"fr-FR","@id":"https:\/\/www.eyrignac.com\/fr\/#\/schema\/logo\/image\/","url":"https:\/\/www.eyrignac.com\/wp-content\/uploads\/2017\/12\/logo-eyrignac.png","contentUrl":"https:\/\/www.eyrignac.com\/wp-content\/uploads\/2017\/12\/logo-eyrignac.png","width":500,"height":189,"caption":"Eyrignac"},"image":{"@id":"https:\/\/www.eyrignac.com\/fr\/#\/schema\/logo\/image\/"},"sameAs":["https:\/\/www.facebook.com\/JardinsEyrignac\/","https:\/\/x.com\/eyrignac","https:\/\/www.instagram.com\/eyrignac\/","https:\/\/www.pinterest.fr\/eyrignac\/","https:\/\/www.youtube.com\/channel\/UCjWc47ArIew83eRXXjaBowg"]}]}},"_links":{"self":[{"href":"https:\/\/www.eyrignac.com\/fr\/wp-json\/wp\/v2\/pages\/228","targetHints":{"allow":["GET"]}}],"collection":[{"href":"https:\/\/www.eyrignac.com\/fr\/wp-json\/wp\/v2\/pages"}],"about":[{"href":"https:\/\/www.eyrignac.com\/fr\/wp-json\/wp\/v2\/types\/page"}],"author":[{"embeddable":true,"href":"https:\/\/www.eyrignac.com\/fr\/wp-json\/wp\/v2\/users\/1"}],"replies":[{"embeddable":true,"href":"https:\/\/www.eyrignac.com\/fr\/wp-json\/wp\/v2\/comments?post=228"}],"version-history":[{"count":1,"href":"https:\/\/www.eyrignac.com\/fr\/wp-json\/wp\/v2\/pages\/228\/revisions"}],"predecessor-version":[{"id":11996,"href":"https:\/\/www.eyrignac.com\/fr\/wp-json\/wp\/v2\/pages\/228\/revisions\/11996"}],"up":[{"embeddable":true,"href":"https:\/\/www.eyrignac.com\/fr\/wp-json\/wp\/v2\/pages\/9"}],"wp:attachment":[{"href":"https:\/\/www.eyrignac.com\/fr\/wp-json\/wp\/v2\/media?parent=228"}],"curies":[{"name":"wp","href":"https:\/\/api.w.org\/{rel}","templated":true}]}}