{"id":11,"date":"2017-12-04T17:21:22","date_gmt":"2017-12-04T16:21:22","guid":{"rendered":"https:\/\/www.eyrignac.com\/?page_id=11"},"modified":"2018-12-18T12:23:25","modified_gmt":"2018-12-18T11:23:25","slug":"decouvrir-jardins-eyrignac","status":"publish","type":"page","link":"https:\/\/www.eyrignac.com\/fr\/decouvrir-jardins-eyrignac","title":{"rendered":"D\u00e9couvrir les jardins"},"content":{"rendered":"<div class=\"wpb-content-wrapper\"><p>[vc_row][vc_column][vc_column_text el_class=\u00a0\u00bbor\u00a0\u00bb]<\/p>\n<h1>D\u00e9couvrir les jardins<\/h1>\n<p>[\/vc_column_text][\/vc_column][\/vc_row][vc_row][vc_column width=\u00a0\u00bb1\/3&Prime;][vc_column_text]<strong>Au c\u0153ur du P\u00e9rigord Noir, tout pr\u00e8s de Sarlat, venez d\u00e9couvrir 10 hectares de sculptures v\u00e9g\u00e9tales. Un exemple unique d\u2019Art Topiaire en France avec de nouveaux univers de plus en plus color\u00e9s : visitez les 7 jardins selon vos envies et profitez d\u2019une balade en pleine nature sur le domaine forestier de 200 hectares.<\/strong>[\/vc_column_text][\/vc_column][vc_column width=\u00a0\u00bb2\/3&Prime;][vc_raw_html]JTNDZGl2JTIwaWQlM0QlMjJwbGFuJTIyJTNFJTBBJTNDaW1nJTIwY2xhc3MlM0QlMjJhbGlnbm5vbmUlMjBzaXplLW1lZGl1bSUyMHdwLWltYWdlLTM5MCUyMiUyMHNyYyUzRCUyMmh0dHBzJTNBJTJGJTJGd3d3LmV5cmlnbmFjLmNvbSUyRndwLWNvbnRlbnQlMkZ1cGxvYWRzJTJGMjAxOCUyRjAxJTJGcGxhbl92aXJ0dWVsLmpwZyUyMiUyMGFsdCUzRCUyMkQlQzMlQTljb3V2cmV6JTIwbGVzJTIwSmFyZGlucyUyMiUyMCUyRiUzRSUwQSUwOSUzQ2ElMjBocmVmJTNEJTIyJTJGZGVjb3V2cmlyLWxlcy1qYXJkaW5zLWV5cmlnbmFjJTJGZnIlMkZsYS1wYWdvZGUtY2hpbm9pc2UlMkYlMjIlMjBjbGFzcyUzRCUyMnpvbmUlMjB0b29sdGlwJTIyJTIwaWQlM0QlMjJ6b25lMSUyMiUyMHRpdGxlJTNEJTIyTGElMjBQYWdvZGUlMjBDaGlub2lzZSUyMiUzRSUzQyUyRmElM0UlMEElMDklM0NhJTIwaHJlZiUzRCUyMiUyRmRlY291dnJpci1sZXMtamFyZGlucy1leXJpZ25hYyUyRmZyJTJGbGVzLXNjdWxwdHVyZXMtdmVnZXRhbGVzJTJGJTIyJTIwY2xhc3MlM0QlMjJ6b25lJTIwdG9vbHRpcCUyMiUyMGlkJTNEJTIyem9uZTIlMjIlMjB0aXRsZSUzRCUyMkxlcyUyMHNjdWxwdHVyZXMlMjB2JUMzJUE5ZyVDMyVBOXRhbGVzJTIyJTNFJTNDJTJGYSUzRSUwQSUwOSUzQ2ElMjBocmVmJTNEJTIyJTJGZGVjb3V2cmlyLWxlcy1qYXJkaW5zLWV5cmlnbmFjJTJGZnIlMkZwYXJ0ZXJyZS1hLWxhLWZyYW5jYWlzZSUyRiUyMiUyMGNsYXNzJTNEJTIyem9uZSUyMHRvb2x0aXAlMjIlMjBpZCUzRCUyMnpvbmUzJTIyJTIwdGl0bGUlM0QlMjJMZSUyMFBhcnRlcnJlJTIwJUMzJUEwJTIwbGElMjBGcmFuJUMzJUE3YWlzZSUyMiUzRSUzQyUyRmElM0UlMEElMDklM0NhJTIwaHJlZiUzRCUyMiUyRmRlY291dnJpci1sZXMtamFyZGlucy1leXJpZ25hYyUyRmZyJTJGbGUtamFyZGluLWJsYW5jJTJGJTIyJTIwY2xhc3MlM0QlMjJ6b25lJTIwdG9vbHRpcCUyMiUyMGlkJTNEJTIyem9uZTQlMjIlMjB0aXRsZSUzRCUyMkxlJTIwamFyZGluJTIwQmxhbmMlMjIlM0UlM0MlMkZhJTNFJTBBJTA5JTNDYSUyMGhyZWYlM0QlMjIlMkZkZWNvdXZyaXItbGVzLWphcmRpbnMtZXlyaWduYWMlMkZmciUyRmxlLW1hbm9pci1hcnRhYmFuLWV5cmlnbmFjJTJGJTIyJTIwY2xhc3MlM0QlMjJ6b25lJTIwdG9vbHRpcCUyMiUyMGlkJTNEJTIyem9uZTUlMjIlMjB0aXRsZSUzRCUyMkxlJTIwTWFub2lyJTIwZCUyN0FydGFiYW4lMjIlM0UlM0MlMkZhJTNFJTBBJTA5JTNDYSUyMGhyZWYlM0QlMjIlMkZkZWNvdXZyaXItbGVzLWphcmRpbnMtZXlyaWduYWMlMkZmciUyRmphcmRpbi1zb3VyY2VzLXByZXMtZmxldXJpcyUyRiUyMiUyMGNsYXNzJTNEJTIyem9uZSUyMHRvb2x0aXAlMjIlMjBpZCUzRCUyMnpvbmU2JTIyJTIwdGl0bGUlM0QlMjJMZSUyMGphcmRpbiUyMGRlcyUyMFNvdXJjZXMlMjBldCUyMGxlcyUyMFByJUMzJUE5cyUyMGZsZXVyaXMlMjIlM0UlM0MlMkZhJTNFJTBBJTA5JTNDYSUyMGhyZWYlM0QlMjIlMkZkZWNvdXZyaXItbGVzLWphcmRpbnMtZXlyaWduYWMlMkZmciUyRmphcmRpbi1mbGV1cmlzdGUtcG90YWdlciUyRiUyMiUyMGNsYXNzJTNEJTIyem9uZSUyMHRvb2x0aXAlMjIlMjBpZCUzRCUyMnpvbmU3JTIyJTIwdGl0bGUlM0QlMjJMZSUyMGphcmRpbiUyMEZsZXVyaXN0ZSUyMGV0JTIwbGUlMjBKYXJkaW4lMjBQb3RhZ2VyJTIyJTNFJTNDJTJGYSUzRSUwQSUzQyUyRmRpdiUzRQ==[\/vc_raw_html][\/vc_column][\/vc_row][vc_row][vc_column][vc_basic_grid post_type=\u00a0\u00bbpost\u00a0\u00bb max_items=\u00a0\u00bb10&Prime; order=\u00a0\u00bbASC\u00a0\u00bb item=\u00a0\u00bb420&Prime; grid_id=\u00a0\u00bbvc_gid:1545132189501-4259b2ca-3c41-4&Prime; taxonomies=\u00a0\u00bb11&Prime;][\/vc_column][\/vc_row]<\/p>\n<\/div>","protected":false},"excerpt":{"rendered":"[vc_row][vc_column][vc_column_text el_class=\u00a0\u00bbor\u00a0\u00bb] D\u00e9couvrir les jardins [\/vc_column_text][\/vc_column][\/vc_row][vc_row][vc_column width=\u00a0\u00bb1\/3&Prime;][vc_column_text]Au c\u0153ur du P\u00e9rigord Noir, tout pr\u00e8s de Sarlat, venez d\u00e9couvrir 10 hectares de sculptures v\u00e9g\u00e9tales. Un exemple unique d\u2019Art Topiaire en France avec de nouveaux univers de plus en plus color\u00e9s : visitez les 7 jardins selon vos envies et profitez d\u2019une balade en pleine nature sur le&#8230; <a class=\"view-article\" href=\"https:\/\/www.eyrignac.com\/fr\/decouvrir-jardins-eyrignac\">Voir l&rsquo;article<\/a>","protected":false},"author":1,"featured_media":0,"parent":0,"menu_order":0,"comment_status":"closed","ping_status":"closed","template":"","meta":{"_acf_changed":false,"footnotes":""},"class_list":["post-11","page","type-page","status-publish","hentry"],"acf":[],"yoast_head":"<!-- This site is optimized with the Yoast SEO plugin v27.4 - https:\/\/yoast.com\/product\/yoast-seo-wordpress\/ -->\n<title>D\u00e9couvrez Eyrignac et ses jardins, les plus beaux jardins du P\u00e9rigord<\/title>\n<meta name=\"description\" content=\"Au c\u0153ur du P\u00e9rigord Noir, \u00e0 proximit\u00e9 de Sarlat, vous pourrez visiter les plus beaux jardins du P\u00e9rigord. Eyrignac compte 7 jardins : le jardin fran\u00e7ais, l&#039;all\u00e9e des Vases, l&#039;all\u00e9e des Charmes, le jardin Blanc, Le Potager, le jardin fleuriste, le jardin des Sources.\" \/>\n<meta name=\"robots\" content=\"index, follow, max-snippet:-1, max-image-preview:large, max-video-preview:-1\" \/>\n<link rel=\"canonical\" href=\"https:\/\/www.eyrignac.com\/fr\/decouvrir-jardins-eyrignac\" \/>\n<meta property=\"og:locale\" content=\"fr_FR\" \/>\n<meta property=\"og:type\" content=\"article\" \/>\n<meta property=\"og:title\" content=\"D\u00e9couvrez Eyrignac et ses jardins, les plus beaux jardins du P\u00e9rigord\" \/>\n<meta property=\"og:description\" content=\"Au c\u0153ur du P\u00e9rigord Noir, \u00e0 proximit\u00e9 de Sarlat, vous pourrez visiter les plus beaux jardins du P\u00e9rigord. Eyrignac compte 7 jardins : le jardin fran\u00e7ais, l&#039;all\u00e9e des Vases, l&#039;all\u00e9e des Charmes, le jardin Blanc, Le Potager, le jardin fleuriste, le jardin des Sources.\" \/>\n<meta property=\"og:url\" content=\"https:\/\/www.eyrignac.com\/fr\/decouvrir-jardins-eyrignac\" \/>\n<meta property=\"og:site_name\" content=\"Eyrignac et ses jardins\" \/>\n<meta property=\"article:publisher\" content=\"https:\/\/www.facebook.com\/JardinsEyrignac\/\" \/>\n<meta property=\"article:modified_time\" content=\"2018-12-18T11:23:25+00:00\" \/>\n<meta name=\"twitter:card\" content=\"summary_large_image\" \/>\n<meta name=\"twitter:site\" content=\"@eyrignac\" \/>\n<meta name=\"twitter:label1\" content=\"Dur\u00e9e de lecture estim\u00e9e\" \/>\n\t<meta name=\"twitter:data1\" content=\"1 minute\" \/>\n<script type=\"application\/ld+json\" class=\"yoast-schema-graph\">{\"@context\":\"https:\\\/\\\/schema.org\",\"@graph\":[{\"@type\":\"WebPage\",\"@id\":\"https:\\\/\\\/www.eyrignac.com\\\/fr\\\/decouvrir-jardins-eyrignac\",\"url\":\"https:\\\/\\\/www.eyrignac.com\\\/fr\\\/decouvrir-jardins-eyrignac\",\"name\":\"D\u00e9couvrez Eyrignac et ses jardins, les plus beaux jardins du P\u00e9rigord\",\"isPartOf\":{\"@id\":\"https:\\\/\\\/www.eyrignac.com\\\/fr\\\/#website\"},\"datePublished\":\"2017-12-04T16:21:22+00:00\",\"dateModified\":\"2018-12-18T11:23:25+00:00\",\"description\":\"Au c\u0153ur du P\u00e9rigord Noir, \u00e0 proximit\u00e9 de Sarlat, vous pourrez visiter les plus beaux jardins du P\u00e9rigord. Eyrignac compte 7 jardins : le jardin fran\u00e7ais, l'all\u00e9e des Vases, l'all\u00e9e des Charmes, le jardin Blanc, Le Potager, le jardin fleuriste, le jardin des Sources.\",\"breadcrumb\":{\"@id\":\"https:\\\/\\\/www.eyrignac.com\\\/fr\\\/decouvrir-jardins-eyrignac#breadcrumb\"},\"inLanguage\":\"fr-FR\",\"potentialAction\":[{\"@type\":\"ReadAction\",\"target\":[\"https:\\\/\\\/www.eyrignac.com\\\/fr\\\/decouvrir-jardins-eyrignac\"]}]},{\"@type\":\"BreadcrumbList\",\"@id\":\"https:\\\/\\\/www.eyrignac.com\\\/fr\\\/decouvrir-jardins-eyrignac#breadcrumb\",\"itemListElement\":[{\"@type\":\"ListItem\",\"position\":1,\"name\":\"Accueil\",\"item\":\"https:\\\/\\\/www.eyrignac.com\\\/fr\"},{\"@type\":\"ListItem\",\"position\":2,\"name\":\"D\u00e9couvrir les jardins\"}]},{\"@type\":\"WebSite\",\"@id\":\"https:\\\/\\\/www.eyrignac.com\\\/fr\\\/#website\",\"url\":\"https:\\\/\\\/www.eyrignac.com\\\/fr\\\/\",\"name\":\"Eyrignac et ses jardins\",\"description\":\"Lieu de verdure unique en Dordogne\",\"publisher\":{\"@id\":\"https:\\\/\\\/www.eyrignac.com\\\/fr\\\/#organization\"},\"potentialAction\":[{\"@type\":\"SearchAction\",\"target\":{\"@type\":\"EntryPoint\",\"urlTemplate\":\"https:\\\/\\\/www.eyrignac.com\\\/fr\\\/?s={search_term_string}\"},\"query-input\":{\"@type\":\"PropertyValueSpecification\",\"valueRequired\":true,\"valueName\":\"search_term_string\"}}],\"inLanguage\":\"fr-FR\"},{\"@type\":\"Organization\",\"@id\":\"https:\\\/\\\/www.eyrignac.com\\\/fr\\\/#organization\",\"name\":\"Eyrignac\",\"url\":\"https:\\\/\\\/www.eyrignac.com\\\/fr\\\/\",\"logo\":{\"@type\":\"ImageObject\",\"inLanguage\":\"fr-FR\",\"@id\":\"https:\\\/\\\/www.eyrignac.com\\\/fr\\\/#\\\/schema\\\/logo\\\/image\\\/\",\"url\":\"https:\\\/\\\/www.eyrignac.com\\\/wp-content\\\/uploads\\\/2017\\\/12\\\/logo-eyrignac.png\",\"contentUrl\":\"https:\\\/\\\/www.eyrignac.com\\\/wp-content\\\/uploads\\\/2017\\\/12\\\/logo-eyrignac.png\",\"width\":500,\"height\":189,\"caption\":\"Eyrignac\"},\"image\":{\"@id\":\"https:\\\/\\\/www.eyrignac.com\\\/fr\\\/#\\\/schema\\\/logo\\\/image\\\/\"},\"sameAs\":[\"https:\\\/\\\/www.facebook.com\\\/JardinsEyrignac\\\/\",\"https:\\\/\\\/x.com\\\/eyrignac\",\"https:\\\/\\\/www.instagram.com\\\/eyrignac\\\/\",\"https:\\\/\\\/www.pinterest.fr\\\/eyrignac\\\/\",\"https:\\\/\\\/www.youtube.com\\\/channel\\\/UCjWc47ArIew83eRXXjaBowg\"]}]}<\/script>\n<!-- \/ Yoast SEO plugin. -->","yoast_head_json":{"title":"D\u00e9couvrez Eyrignac et ses jardins, les plus beaux jardins du P\u00e9rigord","description":"Au c\u0153ur du P\u00e9rigord Noir, \u00e0 proximit\u00e9 de Sarlat, vous pourrez visiter les plus beaux jardins du P\u00e9rigord. Eyrignac compte 7 jardins : le jardin fran\u00e7ais, l'all\u00e9e des Vases, l'all\u00e9e des Charmes, le jardin Blanc, Le Potager, le jardin fleuriste, le jardin des Sources.","robots":{"index":"index","follow":"follow","max-snippet":"max-snippet:-1","max-image-preview":"max-image-preview:large","max-video-preview":"max-video-preview:-1"},"canonical":"https:\/\/www.eyrignac.com\/fr\/decouvrir-jardins-eyrignac","og_locale":"fr_FR","og_type":"article","og_title":"D\u00e9couvrez Eyrignac et ses jardins, les plus beaux jardins du P\u00e9rigord","og_description":"Au c\u0153ur du P\u00e9rigord Noir, \u00e0 proximit\u00e9 de Sarlat, vous pourrez visiter les plus beaux jardins du P\u00e9rigord. Eyrignac compte 7 jardins : le jardin fran\u00e7ais, l'all\u00e9e des Vases, l'all\u00e9e des Charmes, le jardin Blanc, Le Potager, le jardin fleuriste, le jardin des Sources.","og_url":"https:\/\/www.eyrignac.com\/fr\/decouvrir-jardins-eyrignac","og_site_name":"Eyrignac et ses jardins","article_publisher":"https:\/\/www.facebook.com\/JardinsEyrignac\/","article_modified_time":"2018-12-18T11:23:25+00:00","twitter_card":"summary_large_image","twitter_site":"@eyrignac","twitter_misc":{"Dur\u00e9e de lecture estim\u00e9e":"1 minute"},"schema":{"@context":"https:\/\/schema.org","@graph":[{"@type":"WebPage","@id":"https:\/\/www.eyrignac.com\/fr\/decouvrir-jardins-eyrignac","url":"https:\/\/www.eyrignac.com\/fr\/decouvrir-jardins-eyrignac","name":"D\u00e9couvrez Eyrignac et ses jardins, les plus beaux jardins du P\u00e9rigord","isPartOf":{"@id":"https:\/\/www.eyrignac.com\/fr\/#website"},"datePublished":"2017-12-04T16:21:22+00:00","dateModified":"2018-12-18T11:23:25+00:00","description":"Au c\u0153ur du P\u00e9rigord Noir, \u00e0 proximit\u00e9 de Sarlat, vous pourrez visiter les plus beaux jardins du P\u00e9rigord. Eyrignac compte 7 jardins : le jardin fran\u00e7ais, l'all\u00e9e des Vases, l'all\u00e9e des Charmes, le jardin Blanc, Le Potager, le jardin fleuriste, le jardin des Sources.","breadcrumb":{"@id":"https:\/\/www.eyrignac.com\/fr\/decouvrir-jardins-eyrignac#breadcrumb"},"inLanguage":"fr-FR","potentialAction":[{"@type":"ReadAction","target":["https:\/\/www.eyrignac.com\/fr\/decouvrir-jardins-eyrignac"]}]},{"@type":"BreadcrumbList","@id":"https:\/\/www.eyrignac.com\/fr\/decouvrir-jardins-eyrignac#breadcrumb","itemListElement":[{"@type":"ListItem","position":1,"name":"Accueil","item":"https:\/\/www.eyrignac.com\/fr"},{"@type":"ListItem","position":2,"name":"D\u00e9couvrir les jardins"}]},{"@type":"WebSite","@id":"https:\/\/www.eyrignac.com\/fr\/#website","url":"https:\/\/www.eyrignac.com\/fr\/","name":"Eyrignac et ses jardins","description":"Lieu de verdure unique en Dordogne","publisher":{"@id":"https:\/\/www.eyrignac.com\/fr\/#organization"},"potentialAction":[{"@type":"SearchAction","target":{"@type":"EntryPoint","urlTemplate":"https:\/\/www.eyrignac.com\/fr\/?s={search_term_string}"},"query-input":{"@type":"PropertyValueSpecification","valueRequired":true,"valueName":"search_term_string"}}],"inLanguage":"fr-FR"},{"@type":"Organization","@id":"https:\/\/www.eyrignac.com\/fr\/#organization","name":"Eyrignac","url":"https:\/\/www.eyrignac.com\/fr\/","logo":{"@type":"ImageObject","inLanguage":"fr-FR","@id":"https:\/\/www.eyrignac.com\/fr\/#\/schema\/logo\/image\/","url":"https:\/\/www.eyrignac.com\/wp-content\/uploads\/2017\/12\/logo-eyrignac.png","contentUrl":"https:\/\/www.eyrignac.com\/wp-content\/uploads\/2017\/12\/logo-eyrignac.png","width":500,"height":189,"caption":"Eyrignac"},"image":{"@id":"https:\/\/www.eyrignac.com\/fr\/#\/schema\/logo\/image\/"},"sameAs":["https:\/\/www.facebook.com\/JardinsEyrignac\/","https:\/\/x.com\/eyrignac","https:\/\/www.instagram.com\/eyrignac\/","https:\/\/www.pinterest.fr\/eyrignac\/","https:\/\/www.youtube.com\/channel\/UCjWc47ArIew83eRXXjaBowg"]}]}},"_links":{"self":[{"href":"https:\/\/www.eyrignac.com\/fr\/wp-json\/wp\/v2\/pages\/11","targetHints":{"allow":["GET"]}}],"collection":[{"href":"https:\/\/www.eyrignac.com\/fr\/wp-json\/wp\/v2\/pages"}],"about":[{"href":"https:\/\/www.eyrignac.com\/fr\/wp-json\/wp\/v2\/types\/page"}],"author":[{"embeddable":true,"href":"https:\/\/www.eyrignac.com\/fr\/wp-json\/wp\/v2\/users\/1"}],"replies":[{"embeddable":true,"href":"https:\/\/www.eyrignac.com\/fr\/wp-json\/wp\/v2\/comments?post=11"}],"version-history":[{"count":0,"href":"https:\/\/www.eyrignac.com\/fr\/wp-json\/wp\/v2\/pages\/11\/revisions"}],"wp:attachment":[{"href":"https:\/\/www.eyrignac.com\/fr\/wp-json\/wp\/v2\/media?parent=11"}],"curies":[{"name":"wp","href":"https:\/\/api.w.org\/{rel}","templated":true}]}}