{"id":9661,"date":"2023-11-20T11:59:57","date_gmt":"2023-11-20T10:59:57","guid":{"rendered":"https:\/\/www.eyrignac.com\/fr?post_type=product&#038;p=9661"},"modified":"2026-02-17T10:45:55","modified_gmt":"2026-02-17T09:45:55","slug":"noix-caramelisees-salees","status":"publish","type":"product","link":"https:\/\/www.eyrignac.com\/en\/produit\/noix-caramelisees-salees","title":{"rendered":"Noix caram\u00e9lis\u00e9es sal\u00e9es"},"content":{"rendered":"<p>La noix est un produit indissociable du patrimoine culinaire p\u00e9rigourdin. Caram\u00e9lis\u00e9es et sal\u00e9es, elles apportent une touche originale et gourmande \u00e0 n&#8217;importe quel ap\u00e9ritif.<\/p>\n<p>Ingr\u00e9dients: noix, sel, sucre, sirop de glucose, huile de tournesol. Poids net : 150g<\/p>\n","protected":false},"excerpt":{"rendered":"La noix est un produit indissociable du patrimoine culinaire p\u00e9rigourdin. Caram\u00e9lis\u00e9es et sal\u00e9es, elles apportent une touche originale et gourmande \u00e0 n&#8217;importe quel ap\u00e9ritif.\r\n\r\nIngr\u00e9dients: noix, sel, sucre, sirop de glucose, huile de tournesol. Poids net : 150g","protected":false},"featured_media":9662,"template":"","meta":{"_acf_changed":false},"product_brand":[],"product_cat":[40],"product_tag":[],"class_list":{"0":"post-9661","1":"product","2":"type-product","3":"status-publish","4":"has-post-thumbnail","6":"product_cat-gourmandise-terroir","8":"first","9":"outofstock","10":"taxable","11":"shipping-taxable","12":"purchasable","13":"product-type-simple"},"acf":[],"yoast_head":"<!-- This site is optimized with the Yoast SEO plugin v27.4 - https:\/\/yoast.com\/product\/yoast-seo-wordpress\/ -->\n<title>Noix caram\u00e9lis\u00e9es sal\u00e9es - Eyrignac et ses jardins<\/title>\n<meta name=\"description\" content=\"La noix est un produit indissociable du patrimoine culinaire p\u00e9rigourdin. Caram\u00e9lis\u00e9es et sal\u00e9es, elles apportent une touche originale et gourmande \u00e0 n&#039;importe quel ap\u00e9ritif. Ingr\u00e9dients: noix, sel, sucre, sirop de glucose, huile de tournesol. Poids net : 150g\" \/>\n<meta name=\"robots\" content=\"index, follow, max-snippet:-1, max-image-preview:large, max-video-preview:-1\" \/>\n<link rel=\"canonical\" href=\"https:\/\/www.eyrignac.com\/fr\/produit\/noix-caramelisees-salees\" \/>\n<meta property=\"og:locale\" content=\"en_US\" \/>\n<meta property=\"og:type\" content=\"article\" \/>\n<meta property=\"og:title\" content=\"Noix caram\u00e9lis\u00e9es sal\u00e9es - Eyrignac et ses jardins\" \/>\n<meta property=\"og:description\" content=\"La noix est un produit indissociable du patrimoine culinaire p\u00e9rigourdin. Caram\u00e9lis\u00e9es et sal\u00e9es, elles apportent une touche originale et gourmande \u00e0 n&#039;importe quel ap\u00e9ritif. Ingr\u00e9dients: noix, sel, sucre, sirop de glucose, huile de tournesol. Poids net : 150g\" \/>\n<meta property=\"og:url\" content=\"https:\/\/www.eyrignac.com\/fr\/produit\/noix-caramelisees-salees\" \/>\n<meta property=\"og:site_name\" content=\"Eyrignac et ses jardins\" \/>\n<meta property=\"article:publisher\" content=\"https:\/\/www.facebook.com\/JardinsEyrignac\/\" \/>\n<meta property=\"article:modified_time\" content=\"2026-02-17T09:45:55+00:00\" \/>\n<meta property=\"og:image\" content=\"https:\/\/www.eyrignac.com\/wp-content\/uploads\/2023\/11\/noix-caramelisees-salees.png\" \/>\n\t<meta property=\"og:image:width\" content=\"960\" \/>\n\t<meta property=\"og:image:height\" content=\"1280\" \/>\n\t<meta property=\"og:image:type\" content=\"image\/png\" \/>\n<meta name=\"twitter:card\" content=\"summary_large_image\" \/>\n<meta name=\"twitter:site\" content=\"@eyrignac\" \/>\n<script type=\"application\/ld+json\" class=\"yoast-schema-graph\">{\"@context\":\"https:\\\/\\\/schema.org\",\"@graph\":[{\"@type\":\"WebPage\",\"@id\":\"https:\\\/\\\/www.eyrignac.com\\\/fr\\\/produit\\\/noix-caramelisees-salees\",\"url\":\"https:\\\/\\\/www.eyrignac.com\\\/fr\\\/produit\\\/noix-caramelisees-salees\",\"name\":\"Noix caram\u00e9lis\u00e9es sal\u00e9es - Eyrignac et ses jardins\",\"isPartOf\":{\"@id\":\"https:\\\/\\\/www.eyrignac.com\\\/fr\\\/#website\"},\"primaryImageOfPage\":{\"@id\":\"https:\\\/\\\/www.eyrignac.com\\\/fr\\\/produit\\\/noix-caramelisees-salees#primaryimage\"},\"image\":{\"@id\":\"https:\\\/\\\/www.eyrignac.com\\\/fr\\\/produit\\\/noix-caramelisees-salees#primaryimage\"},\"thumbnailUrl\":\"https:\\\/\\\/www.eyrignac.com\\\/wp-content\\\/uploads\\\/2023\\\/11\\\/noix-caramelisees-salees.png\",\"datePublished\":\"2023-11-20T10:59:57+00:00\",\"dateModified\":\"2026-02-17T09:45:55+00:00\",\"description\":\"La noix est un produit indissociable du patrimoine culinaire p\u00e9rigourdin. Caram\u00e9lis\u00e9es et sal\u00e9es, elles apportent une touche originale et gourmande \u00e0 n'importe quel ap\u00e9ritif. Ingr\u00e9dients: noix, sel, sucre, sirop de glucose, huile de tournesol. Poids net : 150g\",\"breadcrumb\":{\"@id\":\"https:\\\/\\\/www.eyrignac.com\\\/fr\\\/produit\\\/noix-caramelisees-salees#breadcrumb\"},\"inLanguage\":\"en-US\",\"potentialAction\":[{\"@type\":\"ReadAction\",\"target\":[\"https:\\\/\\\/www.eyrignac.com\\\/fr\\\/produit\\\/noix-caramelisees-salees\"]}]},{\"@type\":\"ImageObject\",\"inLanguage\":\"en-US\",\"@id\":\"https:\\\/\\\/www.eyrignac.com\\\/fr\\\/produit\\\/noix-caramelisees-salees#primaryimage\",\"url\":\"https:\\\/\\\/www.eyrignac.com\\\/wp-content\\\/uploads\\\/2023\\\/11\\\/noix-caramelisees-salees.png\",\"contentUrl\":\"https:\\\/\\\/www.eyrignac.com\\\/wp-content\\\/uploads\\\/2023\\\/11\\\/noix-caramelisees-salees.png\",\"width\":960,\"height\":1280},{\"@type\":\"BreadcrumbList\",\"@id\":\"https:\\\/\\\/www.eyrignac.com\\\/fr\\\/produit\\\/noix-caramelisees-salees#breadcrumb\",\"itemListElement\":[{\"@type\":\"ListItem\",\"position\":1,\"name\":\"Accueil\",\"item\":\"https:\\\/\\\/www.eyrignac.com\\\/en\"},{\"@type\":\"ListItem\",\"position\":2,\"name\":\"Noix caram\u00e9lis\u00e9es sal\u00e9es\"}]},{\"@type\":\"WebSite\",\"@id\":\"https:\\\/\\\/www.eyrignac.com\\\/fr\\\/#website\",\"url\":\"https:\\\/\\\/www.eyrignac.com\\\/fr\\\/\",\"name\":\"Eyrignac et ses jardins\",\"description\":\"Lieu de verdure unique en Dordogne\",\"publisher\":{\"@id\":\"https:\\\/\\\/www.eyrignac.com\\\/fr\\\/#organization\"},\"potentialAction\":[{\"@type\":\"SearchAction\",\"target\":{\"@type\":\"EntryPoint\",\"urlTemplate\":\"https:\\\/\\\/www.eyrignac.com\\\/fr\\\/?s={search_term_string}\"},\"query-input\":{\"@type\":\"PropertyValueSpecification\",\"valueRequired\":true,\"valueName\":\"search_term_string\"}}],\"inLanguage\":\"en-US\"},{\"@type\":\"Organization\",\"@id\":\"https:\\\/\\\/www.eyrignac.com\\\/fr\\\/#organization\",\"name\":\"Eyrignac\",\"url\":\"https:\\\/\\\/www.eyrignac.com\\\/fr\\\/\",\"logo\":{\"@type\":\"ImageObject\",\"inLanguage\":\"en-US\",\"@id\":\"https:\\\/\\\/www.eyrignac.com\\\/fr\\\/#\\\/schema\\\/logo\\\/image\\\/\",\"url\":\"https:\\\/\\\/www.eyrignac.com\\\/wp-content\\\/uploads\\\/2017\\\/12\\\/logo-eyrignac.png\",\"contentUrl\":\"https:\\\/\\\/www.eyrignac.com\\\/wp-content\\\/uploads\\\/2017\\\/12\\\/logo-eyrignac.png\",\"width\":500,\"height\":189,\"caption\":\"Eyrignac\"},\"image\":{\"@id\":\"https:\\\/\\\/www.eyrignac.com\\\/fr\\\/#\\\/schema\\\/logo\\\/image\\\/\"},\"sameAs\":[\"https:\\\/\\\/www.facebook.com\\\/JardinsEyrignac\\\/\",\"https:\\\/\\\/x.com\\\/eyrignac\",\"https:\\\/\\\/www.instagram.com\\\/eyrignac\\\/\",\"https:\\\/\\\/www.pinterest.fr\\\/eyrignac\\\/\",\"https:\\\/\\\/www.youtube.com\\\/channel\\\/UCjWc47ArIew83eRXXjaBowg\"]}]}<\/script>\n<!-- \/ Yoast SEO plugin. -->","yoast_head_json":{"title":"Noix caram\u00e9lis\u00e9es sal\u00e9es - Eyrignac et ses jardins","description":"La noix est un produit indissociable du patrimoine culinaire p\u00e9rigourdin. Caram\u00e9lis\u00e9es et sal\u00e9es, elles apportent une touche originale et gourmande \u00e0 n'importe quel ap\u00e9ritif. Ingr\u00e9dients: noix, sel, sucre, sirop de glucose, huile de tournesol. Poids net : 150g","robots":{"index":"index","follow":"follow","max-snippet":"max-snippet:-1","max-image-preview":"max-image-preview:large","max-video-preview":"max-video-preview:-1"},"canonical":"https:\/\/www.eyrignac.com\/fr\/produit\/noix-caramelisees-salees","og_locale":"en_US","og_type":"article","og_title":"Noix caram\u00e9lis\u00e9es sal\u00e9es - Eyrignac et ses jardins","og_description":"La noix est un produit indissociable du patrimoine culinaire p\u00e9rigourdin. Caram\u00e9lis\u00e9es et sal\u00e9es, elles apportent une touche originale et gourmande \u00e0 n'importe quel ap\u00e9ritif. Ingr\u00e9dients: noix, sel, sucre, sirop de glucose, huile de tournesol. Poids net : 150g","og_url":"https:\/\/www.eyrignac.com\/fr\/produit\/noix-caramelisees-salees","og_site_name":"Eyrignac et ses jardins","article_publisher":"https:\/\/www.facebook.com\/JardinsEyrignac\/","article_modified_time":"2026-02-17T09:45:55+00:00","og_image":[{"width":960,"height":1280,"url":"https:\/\/www.eyrignac.com\/wp-content\/uploads\/2023\/11\/noix-caramelisees-salees.png","type":"image\/png"}],"twitter_card":"summary_large_image","twitter_site":"@eyrignac","schema":{"@context":"https:\/\/schema.org","@graph":[{"@type":"WebPage","@id":"https:\/\/www.eyrignac.com\/fr\/produit\/noix-caramelisees-salees","url":"https:\/\/www.eyrignac.com\/fr\/produit\/noix-caramelisees-salees","name":"Noix caram\u00e9lis\u00e9es sal\u00e9es - Eyrignac et ses jardins","isPartOf":{"@id":"https:\/\/www.eyrignac.com\/fr\/#website"},"primaryImageOfPage":{"@id":"https:\/\/www.eyrignac.com\/fr\/produit\/noix-caramelisees-salees#primaryimage"},"image":{"@id":"https:\/\/www.eyrignac.com\/fr\/produit\/noix-caramelisees-salees#primaryimage"},"thumbnailUrl":"https:\/\/www.eyrignac.com\/wp-content\/uploads\/2023\/11\/noix-caramelisees-salees.png","datePublished":"2023-11-20T10:59:57+00:00","dateModified":"2026-02-17T09:45:55+00:00","description":"La noix est un produit indissociable du patrimoine culinaire p\u00e9rigourdin. Caram\u00e9lis\u00e9es et sal\u00e9es, elles apportent une touche originale et gourmande \u00e0 n'importe quel ap\u00e9ritif. Ingr\u00e9dients: noix, sel, sucre, sirop de glucose, huile de tournesol. Poids net : 150g","breadcrumb":{"@id":"https:\/\/www.eyrignac.com\/fr\/produit\/noix-caramelisees-salees#breadcrumb"},"inLanguage":"en-US","potentialAction":[{"@type":"ReadAction","target":["https:\/\/www.eyrignac.com\/fr\/produit\/noix-caramelisees-salees"]}]},{"@type":"ImageObject","inLanguage":"en-US","@id":"https:\/\/www.eyrignac.com\/fr\/produit\/noix-caramelisees-salees#primaryimage","url":"https:\/\/www.eyrignac.com\/wp-content\/uploads\/2023\/11\/noix-caramelisees-salees.png","contentUrl":"https:\/\/www.eyrignac.com\/wp-content\/uploads\/2023\/11\/noix-caramelisees-salees.png","width":960,"height":1280},{"@type":"BreadcrumbList","@id":"https:\/\/www.eyrignac.com\/fr\/produit\/noix-caramelisees-salees#breadcrumb","itemListElement":[{"@type":"ListItem","position":1,"name":"Accueil","item":"https:\/\/www.eyrignac.com\/en"},{"@type":"ListItem","position":2,"name":"Noix caram\u00e9lis\u00e9es sal\u00e9es"}]},{"@type":"WebSite","@id":"https:\/\/www.eyrignac.com\/fr\/#website","url":"https:\/\/www.eyrignac.com\/fr\/","name":"Eyrignac et ses jardins","description":"Lieu de verdure unique en Dordogne","publisher":{"@id":"https:\/\/www.eyrignac.com\/fr\/#organization"},"potentialAction":[{"@type":"SearchAction","target":{"@type":"EntryPoint","urlTemplate":"https:\/\/www.eyrignac.com\/fr\/?s={search_term_string}"},"query-input":{"@type":"PropertyValueSpecification","valueRequired":true,"valueName":"search_term_string"}}],"inLanguage":"en-US"},{"@type":"Organization","@id":"https:\/\/www.eyrignac.com\/fr\/#organization","name":"Eyrignac","url":"https:\/\/www.eyrignac.com\/fr\/","logo":{"@type":"ImageObject","inLanguage":"en-US","@id":"https:\/\/www.eyrignac.com\/fr\/#\/schema\/logo\/image\/","url":"https:\/\/www.eyrignac.com\/wp-content\/uploads\/2017\/12\/logo-eyrignac.png","contentUrl":"https:\/\/www.eyrignac.com\/wp-content\/uploads\/2017\/12\/logo-eyrignac.png","width":500,"height":189,"caption":"Eyrignac"},"image":{"@id":"https:\/\/www.eyrignac.com\/fr\/#\/schema\/logo\/image\/"},"sameAs":["https:\/\/www.facebook.com\/JardinsEyrignac\/","https:\/\/x.com\/eyrignac","https:\/\/www.instagram.com\/eyrignac\/","https:\/\/www.pinterest.fr\/eyrignac\/","https:\/\/www.youtube.com\/channel\/UCjWc47ArIew83eRXXjaBowg"]}]}},"_links":{"self":[{"href":"https:\/\/www.eyrignac.com\/en\/wp-json\/wp\/v2\/product\/9661","targetHints":{"allow":["GET"]}}],"collection":[{"href":"https:\/\/www.eyrignac.com\/en\/wp-json\/wp\/v2\/product"}],"about":[{"href":"https:\/\/www.eyrignac.com\/en\/wp-json\/wp\/v2\/types\/product"}],"wp:featuredmedia":[{"embeddable":true,"href":"https:\/\/www.eyrignac.com\/en\/wp-json\/wp\/v2\/media\/9662"}],"wp:attachment":[{"href":"https:\/\/www.eyrignac.com\/en\/wp-json\/wp\/v2\/media?parent=9661"}],"wp:term":[{"taxonomy":"product_brand","embeddable":true,"href":"https:\/\/www.eyrignac.com\/en\/wp-json\/wp\/v2\/product_brand?post=9661"},{"taxonomy":"product_cat","embeddable":true,"href":"https:\/\/www.eyrignac.com\/en\/wp-json\/wp\/v2\/product_cat?post=9661"},{"taxonomy":"product_tag","embeddable":true,"href":"https:\/\/www.eyrignac.com\/en\/wp-json\/wp\/v2\/product_tag?post=9661"}],"curies":[{"name":"wp","href":"https:\/\/api.w.org\/{rel}","templated":true}]}}