{"id":5775,"date":"2020-12-14T10:43:58","date_gmt":"2020-12-14T09:43:58","guid":{"rendered":"https:\/\/www.eyrignac.com\/fr?post_type=product&#038;p=5775"},"modified":"2023-11-27T15:59:59","modified_gmt":"2023-11-27T14:59:59","slug":"notebook-eyrignac-et-ses-jardins-2","status":"publish","type":"product","link":"https:\/\/www.eyrignac.com\/en\/produit\/notebook-eyrignac-et-ses-jardins-2","title":{"rendered":"Notebook Eyrignac et ses jardins"},"content":{"rendered":"<p>Notebook Eyrignac et ses jardins avec le manoir en couverture. Il se glissera facilement dans un sac ou dans une poche afin de l&#8217;avoir toujours \u00e0 porter de main. Le syst\u00e8me de fermeture est \u00e9lastique et les pages sont blanches afin de vous permettre aussi bien d&#8217;\u00e9crire que de dessiner.<\/p>\n","protected":false},"excerpt":{"rendered":"Notebook Eyrignac et ses jardins avec le manoir en couverture. Il se glissera facilement dans un sac ou dans une poche afin de l&#8217;avoir toujours \u00e0 porter de main. Le syst\u00e8me de fermeture est \u00e9lastique et les pages sont blanches afin de vous permettre aussi bien d&#8217;\u00e9crire que de dessiner.\r\n\r\n11x18cm","protected":false},"featured_media":9676,"template":"","meta":{"_acf_changed":false},"product_brand":[],"product_cat":[41],"product_tag":[],"class_list":{"0":"post-5775","1":"product","2":"type-product","3":"status-publish","4":"has-post-thumbnail","6":"product_cat-librairie","8":"first","9":"instock","10":"taxable","11":"shipping-taxable","12":"purchasable","13":"product-type-simple"},"acf":[],"yoast_head":"<!-- This site is optimized with the Yoast SEO plugin v27.4 - https:\/\/yoast.com\/product\/yoast-seo-wordpress\/ -->\n<title>Notebook Eyrignac et ses jardins - Eyrignac et ses jardins<\/title>\n<meta name=\"description\" content=\"Notebook Eyrignac et ses jardins avec le manoir en couverture. Il se glissera facilement dans un sac ou dans une poche afin de l&#039;avoir toujours \u00e0 porter de main. Le syst\u00e8me de fermeture est \u00e9lastique et les pages sont blanches afin de vous permettre aussi bien d&#039;\u00e9crire que de dessiner.\" \/>\n<meta name=\"robots\" content=\"index, follow, max-snippet:-1, max-image-preview:large, max-video-preview:-1\" \/>\n<link rel=\"canonical\" href=\"https:\/\/www.eyrignac.com\/fr\/produit\/notebook-eyrignac-et-ses-jardins-2\" \/>\n<meta property=\"og:locale\" content=\"en_US\" \/>\n<meta property=\"og:type\" content=\"article\" \/>\n<meta property=\"og:title\" content=\"Notebook Eyrignac et ses jardins - Eyrignac et ses jardins\" \/>\n<meta property=\"og:description\" content=\"Notebook Eyrignac et ses jardins avec le manoir en couverture. Il se glissera facilement dans un sac ou dans une poche afin de l&#039;avoir toujours \u00e0 porter de main. Le syst\u00e8me de fermeture est \u00e9lastique et les pages sont blanches afin de vous permettre aussi bien d&#039;\u00e9crire que de dessiner.\" \/>\n<meta property=\"og:url\" content=\"https:\/\/www.eyrignac.com\/fr\/produit\/notebook-eyrignac-et-ses-jardins-2\" \/>\n<meta property=\"og:site_name\" content=\"Eyrignac et ses jardins\" \/>\n<meta property=\"article:publisher\" content=\"https:\/\/www.facebook.com\/JardinsEyrignac\/\" \/>\n<meta property=\"article:modified_time\" content=\"2023-11-27T14:59:59+00:00\" \/>\n<meta property=\"og:image\" content=\"https:\/\/www.eyrignac.com\/wp-content\/uploads\/2020\/12\/notebook-manoir.png\" \/>\n\t<meta property=\"og:image:width\" content=\"480\" \/>\n\t<meta property=\"og:image:height\" content=\"640\" \/>\n\t<meta property=\"og:image:type\" content=\"image\/png\" \/>\n<meta name=\"twitter:card\" content=\"summary_large_image\" \/>\n<meta name=\"twitter:site\" content=\"@eyrignac\" \/>\n<script type=\"application\/ld+json\" class=\"yoast-schema-graph\">{\"@context\":\"https:\\\/\\\/schema.org\",\"@graph\":[{\"@type\":\"WebPage\",\"@id\":\"https:\\\/\\\/www.eyrignac.com\\\/fr\\\/produit\\\/notebook-eyrignac-et-ses-jardins-2\",\"url\":\"https:\\\/\\\/www.eyrignac.com\\\/fr\\\/produit\\\/notebook-eyrignac-et-ses-jardins-2\",\"name\":\"Notebook Eyrignac et ses jardins - Eyrignac et ses jardins\",\"isPartOf\":{\"@id\":\"https:\\\/\\\/www.eyrignac.com\\\/fr\\\/#website\"},\"primaryImageOfPage\":{\"@id\":\"https:\\\/\\\/www.eyrignac.com\\\/fr\\\/produit\\\/notebook-eyrignac-et-ses-jardins-2#primaryimage\"},\"image\":{\"@id\":\"https:\\\/\\\/www.eyrignac.com\\\/fr\\\/produit\\\/notebook-eyrignac-et-ses-jardins-2#primaryimage\"},\"thumbnailUrl\":\"https:\\\/\\\/www.eyrignac.com\\\/wp-content\\\/uploads\\\/2020\\\/12\\\/notebook-manoir.png\",\"datePublished\":\"2020-12-14T09:43:58+00:00\",\"dateModified\":\"2023-11-27T14:59:59+00:00\",\"description\":\"Notebook Eyrignac et ses jardins avec le manoir en couverture. Il se glissera facilement dans un sac ou dans une poche afin de l'avoir toujours \u00e0 porter de main. Le syst\u00e8me de fermeture est \u00e9lastique et les pages sont blanches afin de vous permettre aussi bien d'\u00e9crire que de dessiner.\",\"breadcrumb\":{\"@id\":\"https:\\\/\\\/www.eyrignac.com\\\/fr\\\/produit\\\/notebook-eyrignac-et-ses-jardins-2#breadcrumb\"},\"inLanguage\":\"en-US\",\"potentialAction\":[{\"@type\":\"ReadAction\",\"target\":[\"https:\\\/\\\/www.eyrignac.com\\\/fr\\\/produit\\\/notebook-eyrignac-et-ses-jardins-2\"]}]},{\"@type\":\"ImageObject\",\"inLanguage\":\"en-US\",\"@id\":\"https:\\\/\\\/www.eyrignac.com\\\/fr\\\/produit\\\/notebook-eyrignac-et-ses-jardins-2#primaryimage\",\"url\":\"https:\\\/\\\/www.eyrignac.com\\\/wp-content\\\/uploads\\\/2020\\\/12\\\/notebook-manoir.png\",\"contentUrl\":\"https:\\\/\\\/www.eyrignac.com\\\/wp-content\\\/uploads\\\/2020\\\/12\\\/notebook-manoir.png\",\"width\":480,\"height\":640},{\"@type\":\"BreadcrumbList\",\"@id\":\"https:\\\/\\\/www.eyrignac.com\\\/fr\\\/produit\\\/notebook-eyrignac-et-ses-jardins-2#breadcrumb\",\"itemListElement\":[{\"@type\":\"ListItem\",\"position\":1,\"name\":\"Accueil\",\"item\":\"https:\\\/\\\/www.eyrignac.com\\\/en\"},{\"@type\":\"ListItem\",\"position\":2,\"name\":\"Notebook Eyrignac et ses jardins\"}]},{\"@type\":\"WebSite\",\"@id\":\"https:\\\/\\\/www.eyrignac.com\\\/fr\\\/#website\",\"url\":\"https:\\\/\\\/www.eyrignac.com\\\/fr\\\/\",\"name\":\"Eyrignac et ses jardins\",\"description\":\"Lieu de verdure unique en Dordogne\",\"publisher\":{\"@id\":\"https:\\\/\\\/www.eyrignac.com\\\/fr\\\/#organization\"},\"potentialAction\":[{\"@type\":\"SearchAction\",\"target\":{\"@type\":\"EntryPoint\",\"urlTemplate\":\"https:\\\/\\\/www.eyrignac.com\\\/fr\\\/?s={search_term_string}\"},\"query-input\":{\"@type\":\"PropertyValueSpecification\",\"valueRequired\":true,\"valueName\":\"search_term_string\"}}],\"inLanguage\":\"en-US\"},{\"@type\":\"Organization\",\"@id\":\"https:\\\/\\\/www.eyrignac.com\\\/fr\\\/#organization\",\"name\":\"Eyrignac\",\"url\":\"https:\\\/\\\/www.eyrignac.com\\\/fr\\\/\",\"logo\":{\"@type\":\"ImageObject\",\"inLanguage\":\"en-US\",\"@id\":\"https:\\\/\\\/www.eyrignac.com\\\/fr\\\/#\\\/schema\\\/logo\\\/image\\\/\",\"url\":\"https:\\\/\\\/www.eyrignac.com\\\/wp-content\\\/uploads\\\/2017\\\/12\\\/logo-eyrignac.png\",\"contentUrl\":\"https:\\\/\\\/www.eyrignac.com\\\/wp-content\\\/uploads\\\/2017\\\/12\\\/logo-eyrignac.png\",\"width\":500,\"height\":189,\"caption\":\"Eyrignac\"},\"image\":{\"@id\":\"https:\\\/\\\/www.eyrignac.com\\\/fr\\\/#\\\/schema\\\/logo\\\/image\\\/\"},\"sameAs\":[\"https:\\\/\\\/www.facebook.com\\\/JardinsEyrignac\\\/\",\"https:\\\/\\\/x.com\\\/eyrignac\",\"https:\\\/\\\/www.instagram.com\\\/eyrignac\\\/\",\"https:\\\/\\\/www.pinterest.fr\\\/eyrignac\\\/\",\"https:\\\/\\\/www.youtube.com\\\/channel\\\/UCjWc47ArIew83eRXXjaBowg\"]}]}<\/script>\n<!-- \/ Yoast SEO plugin. -->","yoast_head_json":{"title":"Notebook Eyrignac et ses jardins - Eyrignac et ses jardins","description":"Notebook Eyrignac et ses jardins avec le manoir en couverture. Il se glissera facilement dans un sac ou dans une poche afin de l'avoir toujours \u00e0 porter de main. Le syst\u00e8me de fermeture est \u00e9lastique et les pages sont blanches afin de vous permettre aussi bien d'\u00e9crire que de dessiner.","robots":{"index":"index","follow":"follow","max-snippet":"max-snippet:-1","max-image-preview":"max-image-preview:large","max-video-preview":"max-video-preview:-1"},"canonical":"https:\/\/www.eyrignac.com\/fr\/produit\/notebook-eyrignac-et-ses-jardins-2","og_locale":"en_US","og_type":"article","og_title":"Notebook Eyrignac et ses jardins - Eyrignac et ses jardins","og_description":"Notebook Eyrignac et ses jardins avec le manoir en couverture. Il se glissera facilement dans un sac ou dans une poche afin de l'avoir toujours \u00e0 porter de main. Le syst\u00e8me de fermeture est \u00e9lastique et les pages sont blanches afin de vous permettre aussi bien d'\u00e9crire que de dessiner.","og_url":"https:\/\/www.eyrignac.com\/fr\/produit\/notebook-eyrignac-et-ses-jardins-2","og_site_name":"Eyrignac et ses jardins","article_publisher":"https:\/\/www.facebook.com\/JardinsEyrignac\/","article_modified_time":"2023-11-27T14:59:59+00:00","og_image":[{"width":480,"height":640,"url":"https:\/\/www.eyrignac.com\/wp-content\/uploads\/2020\/12\/notebook-manoir.png","type":"image\/png"}],"twitter_card":"summary_large_image","twitter_site":"@eyrignac","schema":{"@context":"https:\/\/schema.org","@graph":[{"@type":"WebPage","@id":"https:\/\/www.eyrignac.com\/fr\/produit\/notebook-eyrignac-et-ses-jardins-2","url":"https:\/\/www.eyrignac.com\/fr\/produit\/notebook-eyrignac-et-ses-jardins-2","name":"Notebook Eyrignac et ses jardins - Eyrignac et ses jardins","isPartOf":{"@id":"https:\/\/www.eyrignac.com\/fr\/#website"},"primaryImageOfPage":{"@id":"https:\/\/www.eyrignac.com\/fr\/produit\/notebook-eyrignac-et-ses-jardins-2#primaryimage"},"image":{"@id":"https:\/\/www.eyrignac.com\/fr\/produit\/notebook-eyrignac-et-ses-jardins-2#primaryimage"},"thumbnailUrl":"https:\/\/www.eyrignac.com\/wp-content\/uploads\/2020\/12\/notebook-manoir.png","datePublished":"2020-12-14T09:43:58+00:00","dateModified":"2023-11-27T14:59:59+00:00","description":"Notebook Eyrignac et ses jardins avec le manoir en couverture. Il se glissera facilement dans un sac ou dans une poche afin de l'avoir toujours \u00e0 porter de main. Le syst\u00e8me de fermeture est \u00e9lastique et les pages sont blanches afin de vous permettre aussi bien d'\u00e9crire que de dessiner.","breadcrumb":{"@id":"https:\/\/www.eyrignac.com\/fr\/produit\/notebook-eyrignac-et-ses-jardins-2#breadcrumb"},"inLanguage":"en-US","potentialAction":[{"@type":"ReadAction","target":["https:\/\/www.eyrignac.com\/fr\/produit\/notebook-eyrignac-et-ses-jardins-2"]}]},{"@type":"ImageObject","inLanguage":"en-US","@id":"https:\/\/www.eyrignac.com\/fr\/produit\/notebook-eyrignac-et-ses-jardins-2#primaryimage","url":"https:\/\/www.eyrignac.com\/wp-content\/uploads\/2020\/12\/notebook-manoir.png","contentUrl":"https:\/\/www.eyrignac.com\/wp-content\/uploads\/2020\/12\/notebook-manoir.png","width":480,"height":640},{"@type":"BreadcrumbList","@id":"https:\/\/www.eyrignac.com\/fr\/produit\/notebook-eyrignac-et-ses-jardins-2#breadcrumb","itemListElement":[{"@type":"ListItem","position":1,"name":"Accueil","item":"https:\/\/www.eyrignac.com\/en"},{"@type":"ListItem","position":2,"name":"Notebook Eyrignac et ses jardins"}]},{"@type":"WebSite","@id":"https:\/\/www.eyrignac.com\/fr\/#website","url":"https:\/\/www.eyrignac.com\/fr\/","name":"Eyrignac et ses jardins","description":"Lieu de verdure unique en Dordogne","publisher":{"@id":"https:\/\/www.eyrignac.com\/fr\/#organization"},"potentialAction":[{"@type":"SearchAction","target":{"@type":"EntryPoint","urlTemplate":"https:\/\/www.eyrignac.com\/fr\/?s={search_term_string}"},"query-input":{"@type":"PropertyValueSpecification","valueRequired":true,"valueName":"search_term_string"}}],"inLanguage":"en-US"},{"@type":"Organization","@id":"https:\/\/www.eyrignac.com\/fr\/#organization","name":"Eyrignac","url":"https:\/\/www.eyrignac.com\/fr\/","logo":{"@type":"ImageObject","inLanguage":"en-US","@id":"https:\/\/www.eyrignac.com\/fr\/#\/schema\/logo\/image\/","url":"https:\/\/www.eyrignac.com\/wp-content\/uploads\/2017\/12\/logo-eyrignac.png","contentUrl":"https:\/\/www.eyrignac.com\/wp-content\/uploads\/2017\/12\/logo-eyrignac.png","width":500,"height":189,"caption":"Eyrignac"},"image":{"@id":"https:\/\/www.eyrignac.com\/fr\/#\/schema\/logo\/image\/"},"sameAs":["https:\/\/www.facebook.com\/JardinsEyrignac\/","https:\/\/x.com\/eyrignac","https:\/\/www.instagram.com\/eyrignac\/","https:\/\/www.pinterest.fr\/eyrignac\/","https:\/\/www.youtube.com\/channel\/UCjWc47ArIew83eRXXjaBowg"]}]}},"_links":{"self":[{"href":"https:\/\/www.eyrignac.com\/en\/wp-json\/wp\/v2\/product\/5775","targetHints":{"allow":["GET"]}}],"collection":[{"href":"https:\/\/www.eyrignac.com\/en\/wp-json\/wp\/v2\/product"}],"about":[{"href":"https:\/\/www.eyrignac.com\/en\/wp-json\/wp\/v2\/types\/product"}],"wp:featuredmedia":[{"embeddable":true,"href":"https:\/\/www.eyrignac.com\/en\/wp-json\/wp\/v2\/media\/9676"}],"wp:attachment":[{"href":"https:\/\/www.eyrignac.com\/en\/wp-json\/wp\/v2\/media?parent=5775"}],"wp:term":[{"taxonomy":"product_brand","embeddable":true,"href":"https:\/\/www.eyrignac.com\/en\/wp-json\/wp\/v2\/product_brand?post=5775"},{"taxonomy":"product_cat","embeddable":true,"href":"https:\/\/www.eyrignac.com\/en\/wp-json\/wp\/v2\/product_cat?post=5775"},{"taxonomy":"product_tag","embeddable":true,"href":"https:\/\/www.eyrignac.com\/en\/wp-json\/wp\/v2\/product_tag?post=5775"}],"curies":[{"name":"wp","href":"https:\/\/api.w.org\/{rel}","templated":true}]}}