{"id":2151,"date":"2018-07-04T10:44:24","date_gmt":"2018-07-04T08:44:24","guid":{"rendered":"https:\/\/www.eyrignac.com\/fr?post_type=product&#038;p=2151"},"modified":"2024-05-02T18:41:18","modified_gmt":"2024-05-02T16:41:18","slug":"cueille-fleurs","status":"publish","type":"product","link":"https:\/\/www.eyrignac.com\/en\/produit\/cueille-fleurs","title":{"rendered":"S\u00e9cateur cueille-fleurs ARS"},"content":{"rendered":"","protected":false},"excerpt":{"rendered":"S\u00e9cateur cueille-fleurs ARS pour couper et pincer la tige de la fleur gr\u00e2ce aux sabots fix\u00e9s sur les lames. Manche l\u00e9ger en alu. S\u00e9cateur \u00e0 lames pointues et chrom\u00e9e, qui ne rouille pas avec syst\u00e8me de retenu de la tige une fois coup\u00e9e. La poign\u00e9e rotative de l&#8217;outils de coupe permet d&#8217;\u00eatre dans l&#8217;axe de la coupe et la facilite. Avec son manche de 30 cm vous pouvez tailler ou couper des v\u00e9g\u00e9taux piquants et \u00e9pineux sans risque.\r\nApprouv\u00e9 et utilis\u00e9 par les jardiniers d&#8217;Eyrignac.\r\nEyrignac applique le tarif public conseill\u00e9 + SAV + suivi pi\u00e8ces d\u00e9tach\u00e9es !","protected":false},"featured_media":2342,"template":"","meta":{"_acf_changed":false},"product_brand":[],"product_cat":[37],"product_tag":[],"class_list":{"0":"post-2151","1":"product","2":"type-product","3":"status-publish","4":"has-post-thumbnail","6":"product_cat-jardinage","8":"first","9":"instock","10":"taxable","11":"shipping-taxable","12":"purchasable","13":"product-type-simple"},"acf":[],"yoast_head":"<!-- This site is optimized with the Yoast SEO plugin v27.4 - https:\/\/yoast.com\/product\/yoast-seo-wordpress\/ -->\n<title>S\u00e9cateur cueille-fleurs ARS - Eyrignac et ses jardins<\/title>\n<meta name=\"robots\" content=\"index, follow, max-snippet:-1, max-image-preview:large, max-video-preview:-1\" \/>\n<link rel=\"canonical\" href=\"https:\/\/www.eyrignac.com\/fr\/produit\/cueille-fleurs\" \/>\n<meta property=\"og:locale\" content=\"en_US\" \/>\n<meta property=\"og:type\" content=\"article\" \/>\n<meta property=\"og:title\" content=\"S\u00e9cateur cueille-fleurs ARS - Eyrignac et ses jardins\" \/>\n<meta property=\"og:description\" content=\"S\u00e9cateur cueille-fleurs ARS pour couper et pincer la tige de la fleur gr\u00e2ce aux sabots fix\u00e9s sur les lames. Manche l\u00e9ger en alu. S\u00e9cateur \u00e0 lames pointues et chrom\u00e9e, qui ne rouille pas avec syst\u00e8me de retenu de la tige une fois coup\u00e9e. La poign\u00e9e rotative de l&#039;outils de coupe permet d&#039;\u00eatre dans l&#039;axe de la coupe et la facilite. Avec son manche de 30 cm vous pouvez tailler ou couper des v\u00e9g\u00e9taux piquants et \u00e9pineux sans risque. Approuv\u00e9 et utilis\u00e9 par les jardiniers d&#039;Eyrignac. Eyrignac applique le tarif public conseill\u00e9 + SAV + suivi pi\u00e8ces d\u00e9tach\u00e9es !\" \/>\n<meta property=\"og:url\" content=\"https:\/\/www.eyrignac.com\/fr\/produit\/cueille-fleurs\" \/>\n<meta property=\"og:site_name\" content=\"Eyrignac et ses jardins\" \/>\n<meta property=\"article:publisher\" content=\"https:\/\/www.facebook.com\/JardinsEyrignac\/\" \/>\n<meta property=\"article:modified_time\" content=\"2024-05-02T16:41:18+00:00\" \/>\n<meta property=\"og:image\" content=\"https:\/\/www.eyrignac.com\/wp-content\/uploads\/2018\/07\/eyrignac_cueille_fleurs_ars.jpg\" \/>\n\t<meta property=\"og:image:width\" content=\"1000\" \/>\n\t<meta property=\"og:image:height\" content=\"733\" \/>\n\t<meta property=\"og:image:type\" content=\"image\/jpeg\" \/>\n<meta name=\"twitter:card\" content=\"summary_large_image\" \/>\n<meta name=\"twitter:site\" content=\"@eyrignac\" \/>\n<script type=\"application\/ld+json\" class=\"yoast-schema-graph\">{\"@context\":\"https:\\\/\\\/schema.org\",\"@graph\":[{\"@type\":\"WebPage\",\"@id\":\"https:\\\/\\\/www.eyrignac.com\\\/fr\\\/produit\\\/cueille-fleurs\",\"url\":\"https:\\\/\\\/www.eyrignac.com\\\/fr\\\/produit\\\/cueille-fleurs\",\"name\":\"S\u00e9cateur cueille-fleurs ARS - Eyrignac et ses jardins\",\"isPartOf\":{\"@id\":\"https:\\\/\\\/www.eyrignac.com\\\/fr\\\/#website\"},\"primaryImageOfPage\":{\"@id\":\"https:\\\/\\\/www.eyrignac.com\\\/fr\\\/produit\\\/cueille-fleurs#primaryimage\"},\"image\":{\"@id\":\"https:\\\/\\\/www.eyrignac.com\\\/fr\\\/produit\\\/cueille-fleurs#primaryimage\"},\"thumbnailUrl\":\"https:\\\/\\\/www.eyrignac.com\\\/wp-content\\\/uploads\\\/2018\\\/07\\\/eyrignac_cueille_fleurs_ars.jpg\",\"datePublished\":\"2018-07-04T08:44:24+00:00\",\"dateModified\":\"2024-05-02T16:41:18+00:00\",\"breadcrumb\":{\"@id\":\"https:\\\/\\\/www.eyrignac.com\\\/fr\\\/produit\\\/cueille-fleurs#breadcrumb\"},\"inLanguage\":\"en-US\",\"potentialAction\":[{\"@type\":\"ReadAction\",\"target\":[\"https:\\\/\\\/www.eyrignac.com\\\/fr\\\/produit\\\/cueille-fleurs\"]}]},{\"@type\":\"ImageObject\",\"inLanguage\":\"en-US\",\"@id\":\"https:\\\/\\\/www.eyrignac.com\\\/fr\\\/produit\\\/cueille-fleurs#primaryimage\",\"url\":\"https:\\\/\\\/www.eyrignac.com\\\/wp-content\\\/uploads\\\/2018\\\/07\\\/eyrignac_cueille_fleurs_ars.jpg\",\"contentUrl\":\"https:\\\/\\\/www.eyrignac.com\\\/wp-content\\\/uploads\\\/2018\\\/07\\\/eyrignac_cueille_fleurs_ars.jpg\",\"width\":1000,\"height\":733,\"caption\":\"S\u00e9cateur cueille-fleurs Ars\"},{\"@type\":\"BreadcrumbList\",\"@id\":\"https:\\\/\\\/www.eyrignac.com\\\/fr\\\/produit\\\/cueille-fleurs#breadcrumb\",\"itemListElement\":[{\"@type\":\"ListItem\",\"position\":1,\"name\":\"Accueil\",\"item\":\"https:\\\/\\\/www.eyrignac.com\\\/en\"},{\"@type\":\"ListItem\",\"position\":2,\"name\":\"S\u00e9cateur cueille-fleurs ARS\"}]},{\"@type\":\"WebSite\",\"@id\":\"https:\\\/\\\/www.eyrignac.com\\\/fr\\\/#website\",\"url\":\"https:\\\/\\\/www.eyrignac.com\\\/fr\\\/\",\"name\":\"Eyrignac et ses jardins\",\"description\":\"Lieu de verdure unique en Dordogne\",\"publisher\":{\"@id\":\"https:\\\/\\\/www.eyrignac.com\\\/fr\\\/#organization\"},\"potentialAction\":[{\"@type\":\"SearchAction\",\"target\":{\"@type\":\"EntryPoint\",\"urlTemplate\":\"https:\\\/\\\/www.eyrignac.com\\\/fr\\\/?s={search_term_string}\"},\"query-input\":{\"@type\":\"PropertyValueSpecification\",\"valueRequired\":true,\"valueName\":\"search_term_string\"}}],\"inLanguage\":\"en-US\"},{\"@type\":\"Organization\",\"@id\":\"https:\\\/\\\/www.eyrignac.com\\\/fr\\\/#organization\",\"name\":\"Eyrignac\",\"url\":\"https:\\\/\\\/www.eyrignac.com\\\/fr\\\/\",\"logo\":{\"@type\":\"ImageObject\",\"inLanguage\":\"en-US\",\"@id\":\"https:\\\/\\\/www.eyrignac.com\\\/fr\\\/#\\\/schema\\\/logo\\\/image\\\/\",\"url\":\"https:\\\/\\\/www.eyrignac.com\\\/wp-content\\\/uploads\\\/2017\\\/12\\\/logo-eyrignac.png\",\"contentUrl\":\"https:\\\/\\\/www.eyrignac.com\\\/wp-content\\\/uploads\\\/2017\\\/12\\\/logo-eyrignac.png\",\"width\":500,\"height\":189,\"caption\":\"Eyrignac\"},\"image\":{\"@id\":\"https:\\\/\\\/www.eyrignac.com\\\/fr\\\/#\\\/schema\\\/logo\\\/image\\\/\"},\"sameAs\":[\"https:\\\/\\\/www.facebook.com\\\/JardinsEyrignac\\\/\",\"https:\\\/\\\/x.com\\\/eyrignac\",\"https:\\\/\\\/www.instagram.com\\\/eyrignac\\\/\",\"https:\\\/\\\/www.pinterest.fr\\\/eyrignac\\\/\",\"https:\\\/\\\/www.youtube.com\\\/channel\\\/UCjWc47ArIew83eRXXjaBowg\"]}]}<\/script>\n<!-- \/ Yoast SEO plugin. -->","yoast_head_json":{"title":"S\u00e9cateur cueille-fleurs ARS - Eyrignac et ses jardins","robots":{"index":"index","follow":"follow","max-snippet":"max-snippet:-1","max-image-preview":"max-image-preview:large","max-video-preview":"max-video-preview:-1"},"canonical":"https:\/\/www.eyrignac.com\/fr\/produit\/cueille-fleurs","og_locale":"en_US","og_type":"article","og_title":"S\u00e9cateur cueille-fleurs ARS - Eyrignac et ses jardins","og_description":"S\u00e9cateur cueille-fleurs ARS pour couper et pincer la tige de la fleur gr\u00e2ce aux sabots fix\u00e9s sur les lames. Manche l\u00e9ger en alu. S\u00e9cateur \u00e0 lames pointues et chrom\u00e9e, qui ne rouille pas avec syst\u00e8me de retenu de la tige une fois coup\u00e9e. La poign\u00e9e rotative de l'outils de coupe permet d'\u00eatre dans l'axe de la coupe et la facilite. Avec son manche de 30 cm vous pouvez tailler ou couper des v\u00e9g\u00e9taux piquants et \u00e9pineux sans risque. Approuv\u00e9 et utilis\u00e9 par les jardiniers d'Eyrignac. Eyrignac applique le tarif public conseill\u00e9 + SAV + suivi pi\u00e8ces d\u00e9tach\u00e9es !","og_url":"https:\/\/www.eyrignac.com\/fr\/produit\/cueille-fleurs","og_site_name":"Eyrignac et ses jardins","article_publisher":"https:\/\/www.facebook.com\/JardinsEyrignac\/","article_modified_time":"2024-05-02T16:41:18+00:00","og_image":[{"width":1000,"height":733,"url":"https:\/\/www.eyrignac.com\/wp-content\/uploads\/2018\/07\/eyrignac_cueille_fleurs_ars.jpg","type":"image\/jpeg"}],"twitter_card":"summary_large_image","twitter_site":"@eyrignac","schema":{"@context":"https:\/\/schema.org","@graph":[{"@type":"WebPage","@id":"https:\/\/www.eyrignac.com\/fr\/produit\/cueille-fleurs","url":"https:\/\/www.eyrignac.com\/fr\/produit\/cueille-fleurs","name":"S\u00e9cateur cueille-fleurs ARS - Eyrignac et ses jardins","isPartOf":{"@id":"https:\/\/www.eyrignac.com\/fr\/#website"},"primaryImageOfPage":{"@id":"https:\/\/www.eyrignac.com\/fr\/produit\/cueille-fleurs#primaryimage"},"image":{"@id":"https:\/\/www.eyrignac.com\/fr\/produit\/cueille-fleurs#primaryimage"},"thumbnailUrl":"https:\/\/www.eyrignac.com\/wp-content\/uploads\/2018\/07\/eyrignac_cueille_fleurs_ars.jpg","datePublished":"2018-07-04T08:44:24+00:00","dateModified":"2024-05-02T16:41:18+00:00","breadcrumb":{"@id":"https:\/\/www.eyrignac.com\/fr\/produit\/cueille-fleurs#breadcrumb"},"inLanguage":"en-US","potentialAction":[{"@type":"ReadAction","target":["https:\/\/www.eyrignac.com\/fr\/produit\/cueille-fleurs"]}]},{"@type":"ImageObject","inLanguage":"en-US","@id":"https:\/\/www.eyrignac.com\/fr\/produit\/cueille-fleurs#primaryimage","url":"https:\/\/www.eyrignac.com\/wp-content\/uploads\/2018\/07\/eyrignac_cueille_fleurs_ars.jpg","contentUrl":"https:\/\/www.eyrignac.com\/wp-content\/uploads\/2018\/07\/eyrignac_cueille_fleurs_ars.jpg","width":1000,"height":733,"caption":"S\u00e9cateur cueille-fleurs Ars"},{"@type":"BreadcrumbList","@id":"https:\/\/www.eyrignac.com\/fr\/produit\/cueille-fleurs#breadcrumb","itemListElement":[{"@type":"ListItem","position":1,"name":"Accueil","item":"https:\/\/www.eyrignac.com\/en"},{"@type":"ListItem","position":2,"name":"S\u00e9cateur cueille-fleurs ARS"}]},{"@type":"WebSite","@id":"https:\/\/www.eyrignac.com\/fr\/#website","url":"https:\/\/www.eyrignac.com\/fr\/","name":"Eyrignac et ses jardins","description":"Lieu de verdure unique en Dordogne","publisher":{"@id":"https:\/\/www.eyrignac.com\/fr\/#organization"},"potentialAction":[{"@type":"SearchAction","target":{"@type":"EntryPoint","urlTemplate":"https:\/\/www.eyrignac.com\/fr\/?s={search_term_string}"},"query-input":{"@type":"PropertyValueSpecification","valueRequired":true,"valueName":"search_term_string"}}],"inLanguage":"en-US"},{"@type":"Organization","@id":"https:\/\/www.eyrignac.com\/fr\/#organization","name":"Eyrignac","url":"https:\/\/www.eyrignac.com\/fr\/","logo":{"@type":"ImageObject","inLanguage":"en-US","@id":"https:\/\/www.eyrignac.com\/fr\/#\/schema\/logo\/image\/","url":"https:\/\/www.eyrignac.com\/wp-content\/uploads\/2017\/12\/logo-eyrignac.png","contentUrl":"https:\/\/www.eyrignac.com\/wp-content\/uploads\/2017\/12\/logo-eyrignac.png","width":500,"height":189,"caption":"Eyrignac"},"image":{"@id":"https:\/\/www.eyrignac.com\/fr\/#\/schema\/logo\/image\/"},"sameAs":["https:\/\/www.facebook.com\/JardinsEyrignac\/","https:\/\/x.com\/eyrignac","https:\/\/www.instagram.com\/eyrignac\/","https:\/\/www.pinterest.fr\/eyrignac\/","https:\/\/www.youtube.com\/channel\/UCjWc47ArIew83eRXXjaBowg"]}]}},"_links":{"self":[{"href":"https:\/\/www.eyrignac.com\/en\/wp-json\/wp\/v2\/product\/2151","targetHints":{"allow":["GET"]}}],"collection":[{"href":"https:\/\/www.eyrignac.com\/en\/wp-json\/wp\/v2\/product"}],"about":[{"href":"https:\/\/www.eyrignac.com\/en\/wp-json\/wp\/v2\/types\/product"}],"wp:featuredmedia":[{"embeddable":true,"href":"https:\/\/www.eyrignac.com\/en\/wp-json\/wp\/v2\/media\/2342"}],"wp:attachment":[{"href":"https:\/\/www.eyrignac.com\/en\/wp-json\/wp\/v2\/media?parent=2151"}],"wp:term":[{"taxonomy":"product_brand","embeddable":true,"href":"https:\/\/www.eyrignac.com\/en\/wp-json\/wp\/v2\/product_brand?post=2151"},{"taxonomy":"product_cat","embeddable":true,"href":"https:\/\/www.eyrignac.com\/en\/wp-json\/wp\/v2\/product_cat?post=2151"},{"taxonomy":"product_tag","embeddable":true,"href":"https:\/\/www.eyrignac.com\/en\/wp-json\/wp\/v2\/product_tag?post=2151"}],"curies":[{"name":"wp","href":"https:\/\/api.w.org\/{rel}","templated":true}]}}