{"id":2080,"date":"2018-07-03T17:17:48","date_gmt":"2018-07-03T15:17:48","guid":{"rendered":"https:\/\/www.eyrignac.com\/fr?post_type=product&#038;p=2080"},"modified":"2026-02-17T10:49:53","modified_gmt":"2026-02-17T09:49:53","slug":"the-vert","status":"publish","type":"product","link":"https:\/\/www.eyrignac.com\/en\/produit\/the-vert","title":{"rendered":"Th\u00e9 vert"},"content":{"rendered":"","protected":false},"excerpt":{"rendered":"M\u00e9lange exclusif aux p\u00e9tales de roses, fleurs, buis, pommes et jasmin. Fabriqu\u00e9 artisanalement en France. Consid\u00e9r\u00e9 comme un v\u00e9ritable \u00e9lixir de bien \u00eatre, le th\u00e9 vert est un th\u00e9 peu oxyd\u00e9 qui conserve ainsi toutes ses propri\u00e9t\u00e9s vertueuses. Tr\u00e8s populaire en Chine et au Japon, il est conseill\u00e9 de boire quotidiennement plusieurs tasses de th\u00e9 vert.\r\nAssemblage r\u00e9alis\u00e9 sp\u00e9cialement pour les Jardins du Manoir d&#8217;Eyrignac. Fabrication Artisanale. Poids net de 100g","protected":false},"featured_media":2306,"template":"","meta":{"_acf_changed":false},"product_brand":[],"product_cat":[40],"product_tag":[],"class_list":{"0":"post-2080","1":"product","2":"type-product","3":"status-publish","4":"has-post-thumbnail","6":"product_cat-gourmandise-terroir","8":"first","9":"instock","10":"taxable","11":"shipping-taxable","12":"purchasable","13":"product-type-simple"},"acf":[],"yoast_head":"<!-- This site is optimized with the Yoast SEO plugin v27.4 - https:\/\/yoast.com\/product\/yoast-seo-wordpress\/ -->\n<title>Th\u00e9 vert - Eyrignac et ses jardins<\/title>\n<meta name=\"robots\" content=\"index, follow, max-snippet:-1, max-image-preview:large, max-video-preview:-1\" \/>\n<link rel=\"canonical\" href=\"https:\/\/www.eyrignac.com\/fr\/produit\/the-vert\" \/>\n<meta property=\"og:locale\" content=\"en_US\" \/>\n<meta property=\"og:type\" content=\"article\" \/>\n<meta property=\"og:title\" content=\"Th\u00e9 vert - Eyrignac et ses jardins\" \/>\n<meta property=\"og:description\" content=\"M\u00e9lange exclusif aux p\u00e9tales de roses, fleurs, buis, pommes et jasmin. Fabriqu\u00e9 artisanalement en France. Consid\u00e9r\u00e9 comme un v\u00e9ritable \u00e9lixir de bien \u00eatre, le th\u00e9 vert est un th\u00e9 peu oxyd\u00e9 qui conserve ainsi toutes ses propri\u00e9t\u00e9s vertueuses. Tr\u00e8s populaire en Chine et au Japon, il est conseill\u00e9 de boire quotidiennement plusieurs tasses de th\u00e9 vert. Assemblage r\u00e9alis\u00e9 sp\u00e9cialement pour les Jardins du Manoir d&#039;Eyrignac. Fabrication Artisanale. Poids net de 100g\" \/>\n<meta property=\"og:url\" content=\"https:\/\/www.eyrignac.com\/fr\/produit\/the-vert\" \/>\n<meta property=\"og:site_name\" content=\"Eyrignac et ses jardins\" \/>\n<meta property=\"article:publisher\" content=\"https:\/\/www.facebook.com\/JardinsEyrignac\/\" \/>\n<meta property=\"article:modified_time\" content=\"2026-02-17T09:49:53+00:00\" \/>\n<meta property=\"og:image\" content=\"https:\/\/www.eyrignac.com\/wp-content\/uploads\/2018\/07\/eyrignac_the_vert.jpg\" \/>\n\t<meta property=\"og:image:width\" content=\"800\" \/>\n\t<meta property=\"og:image:height\" content=\"600\" \/>\n\t<meta property=\"og:image:type\" content=\"image\/jpeg\" \/>\n<meta name=\"twitter:card\" content=\"summary_large_image\" \/>\n<meta name=\"twitter:site\" content=\"@eyrignac\" \/>\n<script type=\"application\/ld+json\" class=\"yoast-schema-graph\">{\"@context\":\"https:\\\/\\\/schema.org\",\"@graph\":[{\"@type\":\"WebPage\",\"@id\":\"https:\\\/\\\/www.eyrignac.com\\\/fr\\\/produit\\\/the-vert\",\"url\":\"https:\\\/\\\/www.eyrignac.com\\\/fr\\\/produit\\\/the-vert\",\"name\":\"Th\u00e9 vert - Eyrignac et ses jardins\",\"isPartOf\":{\"@id\":\"https:\\\/\\\/www.eyrignac.com\\\/fr\\\/#website\"},\"primaryImageOfPage\":{\"@id\":\"https:\\\/\\\/www.eyrignac.com\\\/fr\\\/produit\\\/the-vert#primaryimage\"},\"image\":{\"@id\":\"https:\\\/\\\/www.eyrignac.com\\\/fr\\\/produit\\\/the-vert#primaryimage\"},\"thumbnailUrl\":\"https:\\\/\\\/www.eyrignac.com\\\/wp-content\\\/uploads\\\/2018\\\/07\\\/eyrignac_the_vert.jpg\",\"datePublished\":\"2018-07-03T15:17:48+00:00\",\"dateModified\":\"2026-02-17T09:49:53+00:00\",\"breadcrumb\":{\"@id\":\"https:\\\/\\\/www.eyrignac.com\\\/fr\\\/produit\\\/the-vert#breadcrumb\"},\"inLanguage\":\"en-US\",\"potentialAction\":[{\"@type\":\"ReadAction\",\"target\":[\"https:\\\/\\\/www.eyrignac.com\\\/fr\\\/produit\\\/the-vert\"]}]},{\"@type\":\"ImageObject\",\"inLanguage\":\"en-US\",\"@id\":\"https:\\\/\\\/www.eyrignac.com\\\/fr\\\/produit\\\/the-vert#primaryimage\",\"url\":\"https:\\\/\\\/www.eyrignac.com\\\/wp-content\\\/uploads\\\/2018\\\/07\\\/eyrignac_the_vert.jpg\",\"contentUrl\":\"https:\\\/\\\/www.eyrignac.com\\\/wp-content\\\/uploads\\\/2018\\\/07\\\/eyrignac_the_vert.jpg\",\"width\":800,\"height\":600,\"caption\":\"Th\u00e9 vert\"},{\"@type\":\"BreadcrumbList\",\"@id\":\"https:\\\/\\\/www.eyrignac.com\\\/fr\\\/produit\\\/the-vert#breadcrumb\",\"itemListElement\":[{\"@type\":\"ListItem\",\"position\":1,\"name\":\"Accueil\",\"item\":\"https:\\\/\\\/www.eyrignac.com\\\/en\"},{\"@type\":\"ListItem\",\"position\":2,\"name\":\"Th\u00e9 vert\"}]},{\"@type\":\"WebSite\",\"@id\":\"https:\\\/\\\/www.eyrignac.com\\\/fr\\\/#website\",\"url\":\"https:\\\/\\\/www.eyrignac.com\\\/fr\\\/\",\"name\":\"Eyrignac et ses jardins\",\"description\":\"Lieu de verdure unique en Dordogne\",\"publisher\":{\"@id\":\"https:\\\/\\\/www.eyrignac.com\\\/fr\\\/#organization\"},\"potentialAction\":[{\"@type\":\"SearchAction\",\"target\":{\"@type\":\"EntryPoint\",\"urlTemplate\":\"https:\\\/\\\/www.eyrignac.com\\\/fr\\\/?s={search_term_string}\"},\"query-input\":{\"@type\":\"PropertyValueSpecification\",\"valueRequired\":true,\"valueName\":\"search_term_string\"}}],\"inLanguage\":\"en-US\"},{\"@type\":\"Organization\",\"@id\":\"https:\\\/\\\/www.eyrignac.com\\\/fr\\\/#organization\",\"name\":\"Eyrignac\",\"url\":\"https:\\\/\\\/www.eyrignac.com\\\/fr\\\/\",\"logo\":{\"@type\":\"ImageObject\",\"inLanguage\":\"en-US\",\"@id\":\"https:\\\/\\\/www.eyrignac.com\\\/fr\\\/#\\\/schema\\\/logo\\\/image\\\/\",\"url\":\"https:\\\/\\\/www.eyrignac.com\\\/wp-content\\\/uploads\\\/2017\\\/12\\\/logo-eyrignac.png\",\"contentUrl\":\"https:\\\/\\\/www.eyrignac.com\\\/wp-content\\\/uploads\\\/2017\\\/12\\\/logo-eyrignac.png\",\"width\":500,\"height\":189,\"caption\":\"Eyrignac\"},\"image\":{\"@id\":\"https:\\\/\\\/www.eyrignac.com\\\/fr\\\/#\\\/schema\\\/logo\\\/image\\\/\"},\"sameAs\":[\"https:\\\/\\\/www.facebook.com\\\/JardinsEyrignac\\\/\",\"https:\\\/\\\/x.com\\\/eyrignac\",\"https:\\\/\\\/www.instagram.com\\\/eyrignac\\\/\",\"https:\\\/\\\/www.pinterest.fr\\\/eyrignac\\\/\",\"https:\\\/\\\/www.youtube.com\\\/channel\\\/UCjWc47ArIew83eRXXjaBowg\"]}]}<\/script>\n<!-- \/ Yoast SEO plugin. -->","yoast_head_json":{"title":"Th\u00e9 vert - Eyrignac et ses jardins","robots":{"index":"index","follow":"follow","max-snippet":"max-snippet:-1","max-image-preview":"max-image-preview:large","max-video-preview":"max-video-preview:-1"},"canonical":"https:\/\/www.eyrignac.com\/fr\/produit\/the-vert","og_locale":"en_US","og_type":"article","og_title":"Th\u00e9 vert - Eyrignac et ses jardins","og_description":"M\u00e9lange exclusif aux p\u00e9tales de roses, fleurs, buis, pommes et jasmin. Fabriqu\u00e9 artisanalement en France. Consid\u00e9r\u00e9 comme un v\u00e9ritable \u00e9lixir de bien \u00eatre, le th\u00e9 vert est un th\u00e9 peu oxyd\u00e9 qui conserve ainsi toutes ses propri\u00e9t\u00e9s vertueuses. Tr\u00e8s populaire en Chine et au Japon, il est conseill\u00e9 de boire quotidiennement plusieurs tasses de th\u00e9 vert. Assemblage r\u00e9alis\u00e9 sp\u00e9cialement pour les Jardins du Manoir d'Eyrignac. Fabrication Artisanale. Poids net de 100g","og_url":"https:\/\/www.eyrignac.com\/fr\/produit\/the-vert","og_site_name":"Eyrignac et ses jardins","article_publisher":"https:\/\/www.facebook.com\/JardinsEyrignac\/","article_modified_time":"2026-02-17T09:49:53+00:00","og_image":[{"width":800,"height":600,"url":"https:\/\/www.eyrignac.com\/wp-content\/uploads\/2018\/07\/eyrignac_the_vert.jpg","type":"image\/jpeg"}],"twitter_card":"summary_large_image","twitter_site":"@eyrignac","schema":{"@context":"https:\/\/schema.org","@graph":[{"@type":"WebPage","@id":"https:\/\/www.eyrignac.com\/fr\/produit\/the-vert","url":"https:\/\/www.eyrignac.com\/fr\/produit\/the-vert","name":"Th\u00e9 vert - Eyrignac et ses jardins","isPartOf":{"@id":"https:\/\/www.eyrignac.com\/fr\/#website"},"primaryImageOfPage":{"@id":"https:\/\/www.eyrignac.com\/fr\/produit\/the-vert#primaryimage"},"image":{"@id":"https:\/\/www.eyrignac.com\/fr\/produit\/the-vert#primaryimage"},"thumbnailUrl":"https:\/\/www.eyrignac.com\/wp-content\/uploads\/2018\/07\/eyrignac_the_vert.jpg","datePublished":"2018-07-03T15:17:48+00:00","dateModified":"2026-02-17T09:49:53+00:00","breadcrumb":{"@id":"https:\/\/www.eyrignac.com\/fr\/produit\/the-vert#breadcrumb"},"inLanguage":"en-US","potentialAction":[{"@type":"ReadAction","target":["https:\/\/www.eyrignac.com\/fr\/produit\/the-vert"]}]},{"@type":"ImageObject","inLanguage":"en-US","@id":"https:\/\/www.eyrignac.com\/fr\/produit\/the-vert#primaryimage","url":"https:\/\/www.eyrignac.com\/wp-content\/uploads\/2018\/07\/eyrignac_the_vert.jpg","contentUrl":"https:\/\/www.eyrignac.com\/wp-content\/uploads\/2018\/07\/eyrignac_the_vert.jpg","width":800,"height":600,"caption":"Th\u00e9 vert"},{"@type":"BreadcrumbList","@id":"https:\/\/www.eyrignac.com\/fr\/produit\/the-vert#breadcrumb","itemListElement":[{"@type":"ListItem","position":1,"name":"Accueil","item":"https:\/\/www.eyrignac.com\/en"},{"@type":"ListItem","position":2,"name":"Th\u00e9 vert"}]},{"@type":"WebSite","@id":"https:\/\/www.eyrignac.com\/fr\/#website","url":"https:\/\/www.eyrignac.com\/fr\/","name":"Eyrignac et ses jardins","description":"Lieu de verdure unique en Dordogne","publisher":{"@id":"https:\/\/www.eyrignac.com\/fr\/#organization"},"potentialAction":[{"@type":"SearchAction","target":{"@type":"EntryPoint","urlTemplate":"https:\/\/www.eyrignac.com\/fr\/?s={search_term_string}"},"query-input":{"@type":"PropertyValueSpecification","valueRequired":true,"valueName":"search_term_string"}}],"inLanguage":"en-US"},{"@type":"Organization","@id":"https:\/\/www.eyrignac.com\/fr\/#organization","name":"Eyrignac","url":"https:\/\/www.eyrignac.com\/fr\/","logo":{"@type":"ImageObject","inLanguage":"en-US","@id":"https:\/\/www.eyrignac.com\/fr\/#\/schema\/logo\/image\/","url":"https:\/\/www.eyrignac.com\/wp-content\/uploads\/2017\/12\/logo-eyrignac.png","contentUrl":"https:\/\/www.eyrignac.com\/wp-content\/uploads\/2017\/12\/logo-eyrignac.png","width":500,"height":189,"caption":"Eyrignac"},"image":{"@id":"https:\/\/www.eyrignac.com\/fr\/#\/schema\/logo\/image\/"},"sameAs":["https:\/\/www.facebook.com\/JardinsEyrignac\/","https:\/\/x.com\/eyrignac","https:\/\/www.instagram.com\/eyrignac\/","https:\/\/www.pinterest.fr\/eyrignac\/","https:\/\/www.youtube.com\/channel\/UCjWc47ArIew83eRXXjaBowg"]}]}},"_links":{"self":[{"href":"https:\/\/www.eyrignac.com\/en\/wp-json\/wp\/v2\/product\/2080","targetHints":{"allow":["GET"]}}],"collection":[{"href":"https:\/\/www.eyrignac.com\/en\/wp-json\/wp\/v2\/product"}],"about":[{"href":"https:\/\/www.eyrignac.com\/en\/wp-json\/wp\/v2\/types\/product"}],"wp:featuredmedia":[{"embeddable":true,"href":"https:\/\/www.eyrignac.com\/en\/wp-json\/wp\/v2\/media\/2306"}],"wp:attachment":[{"href":"https:\/\/www.eyrignac.com\/en\/wp-json\/wp\/v2\/media?parent=2080"}],"wp:term":[{"taxonomy":"product_brand","embeddable":true,"href":"https:\/\/www.eyrignac.com\/en\/wp-json\/wp\/v2\/product_brand?post=2080"},{"taxonomy":"product_cat","embeddable":true,"href":"https:\/\/www.eyrignac.com\/en\/wp-json\/wp\/v2\/product_cat?post=2080"},{"taxonomy":"product_tag","embeddable":true,"href":"https:\/\/www.eyrignac.com\/en\/wp-json\/wp\/v2\/product_tag?post=2080"}],"curies":[{"name":"wp","href":"https:\/\/api.w.org\/{rel}","templated":true}]}}