{"id":837,"date":"2018-03-07T22:42:57","date_gmt":"2018-03-07T21:42:57","guid":{"rendered":"https:\/\/www.eyrignac.com\/?page_id=837"},"modified":"2024-05-30T11:15:05","modified_gmt":"2024-05-30T09:15:05","slug":"plan-my-visit-eyrignac","status":"publish","type":"page","link":"https:\/\/www.eyrignac.com\/en\/plan-my-visit-eyrignac","title":{"rendered":"Plan my visit"},"content":{"rendered":"<div class=\"wpb-content-wrapper\"><p>[vc_row][vc_column css=&#8221;.vc_custom_1516198831838{margin-bottom: 0px !important;}&#8221;][\/vc_column][\/vc_row][vc_row][vc_column][vc_column_text css=&#8221;.vc_custom_1520459027310{margin-bottom: 15px !important;}&#8221;]<\/p>\n<h1>Background information for your visit to the Eyrignac Gardens.<\/h1>\n<p>[\/vc_column_text][vc_column_text]Set high in the Perigord Noir, 13 Km from Sarlat, Eyrignac and its gardens is an historic monument from the 17<sup>th<\/sup> and 18<sup>th<\/sup> centuries, open all year round to individuals, families and groups.\u00a0 An absolute must see are the 300 sculpted plants, superbly and artistically hand clipped by our gardeners.\u00a0 The lawns, the water features, the flower gardens and the White Rose garden makes Eyrignac an unforgettable visit whilst in the Dordogne.[\/vc_column_text][\/vc_column][\/vc_row][vc_row equal_height=&#8221;yes&#8221; css=&#8221;.vc_custom_1516192007090{padding-top: 0px !important;background-color: #f2f0ec !important;}&#8221;][vc_column width=&#8221;1\/4&#8243; css=&#8221;.vc_custom_1516891239912{margin-top: 20px !important;margin-right: 20px !important;margin-bottom: 20px !important;margin-left: 20px !important;background-image: url(https:\/\/www.eyrignac.com\/wp-content\/uploads\/2018\/01\/horaires-eyrignac.jpg?id=166) !important;background-position: center !important;background-repeat: no-repeat !important;background-size: cover !important;}&#8221; offset=&#8221;vc_hidden-xs&#8221;][\/vc_column][vc_column width=&#8221;3\/4&#8243; css=&#8221;.vc_custom_1515423902845{margin-top: 0px !important;padding-top: 0px !important;}&#8221;][vc_column_text css=&#8221;.vc_custom_1520459148848{margin-bottom: 0px !important;}&#8221;]<\/p>\n<h2>Opening hours<\/h2>\n<p>[\/vc_column_text][vc_column_text css=&#8221;.vc_custom_1520459175604{margin-bottom: 15px !important;}&#8221; el_class=&#8221;or&#8221;]<strong>The gardens are open every day of the year without exception <\/strong>[\/vc_column_text][vc_column_text]<strong>Ticket Office:<br \/>\n1st January to 31st March: <\/strong>from 10.30 a.m. to 12.30 and from 2.30 pm to nightfall<br \/>\n<strong>1st to 30th April: <\/strong>10 a.m. to 7 p.m. continuously<br \/>\n<strong>1st May to 30th September: <\/strong>from 9.30 a.m. to 7 p.m. continuously<br \/>\n<strong>1st to 31th October: <\/strong>from 10 a.m. to nightfall* continuously<br \/>\n<strong>1st November to 31st December: <\/strong>from 10.30 a.m. to 12.30 and from 2.30 pm to nightfall<br \/>\n*Ticket office closes at 7 p.m.[\/vc_column_text][\/vc_column][\/vc_row][vc_row][vc_column width=&#8221;1\/2&#8243; css=&#8221;.vc_custom_1515600657263{padding-right: 20px !important;}&#8221;][vc_column_text css=&#8221;.vc_custom_1519079189347{margin-bottom: 0px !important;}&#8221;]<\/p>\n<h2><span class=\"or\">Tarifs<\/span> pour la visite libre des jardins en individuel<\/h2>\n<p>[\/vc_column_text][vc_column_text css=&#8221;.vc_custom_1704728965485{margin-bottom: 0px !important;}&#8221;]<strong>Adult<\/strong> 13.90\u20ac (12.90\u20ac online)<br \/>\n<strong>Family Pass<\/strong> (valid for 2 adults and up to 3 children or teenagers) 42,00\u20ac (39.00\u20ac online)<br \/>\n<strong>Children<\/strong> (under 5) Free<br \/>\n<strong>Children<\/strong> (from 5 to 10) 7\u20ac (6.50\u20ac online)<br \/>\n<strong>Teenager<\/strong> (from 11 to 18) 9\u20ac (8.50\u20ac online)<br \/>\n<em><strong>New :<\/strong> Our adventure quiz are now available in English, our young visitors will visit the gardens with a compass, telescope or magnifying glass ! Upon request at the Ticket Office, no extra charge<\/em><\/p>\n<p><u>Family Visits<\/u><\/p>\n<p><strong>Student<\/strong> (student card) 11,90\u20ac (10.90\u20ac online)<br \/>\n<strong>Disabled people<\/strong>\u00a0 8,90\u20ac (7.90\u20ac online)<\/p>\n<p><strong>Pass Patrimoine<\/strong> (individual card valid 1 year) Enjoy Eyrignac as wish, all year long<\/p>\n<p><strong>Winter fee<\/strong> 11.90\u20ac\u00a0 (10.90\u20ac online) ( From january 1 to february 29, 2024 and from november 7 to december 31, 2024)<\/p>\n<p>Wheelchair upon request[\/vc_column_text][vc_column_text el_class=&#8221;or small&#8221;]**Lieu labellis\u00e9 Tourisme et Handicap<br \/>\n(Handicap Moteur, Mental et Auditif)<br \/>\nFauteuil roulant \u00e0 disposition sur demande[\/vc_column_text][vc_row_inner css=&#8221;.vc_custom_1519075963470{margin-right: 0px !important;margin-bottom: 30px !important;margin-left: 0px !important;padding-right: 0px !important;padding-left: 0px !important;background-color: #ffffff !important;}&#8221;][vc_column_inner offset=&#8221;vc_col-xs-12&#8243; css=&#8221;.vc_custom_1519076051006{margin-top: 0px !important;margin-right: 0px !important;margin-left: 0px !important;padding-top: 0px !important;padding-right: 0px !important;padding-left: 0px !important;background-color: #ffffff !important;}&#8221;][vc_btn title=&#8221;Ticketing&#8221; style=&#8221;classic&#8221; shape=&#8221;square&#8221; color=&#8221;white&#8221; align=&#8221;center&#8221; css=&#8221;.vc_custom_1627394142953{margin-top: 0px !important;margin-right: 0px !important;margin-left: 0px !important;padding-top: 10px !important;padding-right: 0px !important;padding-left: 0px !important;}&#8221; button_block=&#8221;true&#8221; el_class=&#8221;upcase or&#8221; link=&#8221;url:https%3A%2F%2Fwww.eyrignac.com%2Ffr%2Fbilletterie|title:Ticketing&#8221;][\/vc_column_inner][\/vc_row_inner][vc_tta_accordion style=&#8221;flat&#8221; shape=&#8221;square&#8221; gap=&#8221;10&#8243; c_position=&#8221;right&#8221; active_section=&#8221;0&#8243; no_fill=&#8221;true&#8221; collapsible_all=&#8221;true&#8221; el_class=&#8221;tab-home&#8221;][vc_tta_section title=&#8221;Payment methods&#8221; tab_id=&#8221;paiement&#8221;][vc_column_text css=&#8221;&#8221;]We accept cash and credit cards (except American Express)[\/vc_column_text][\/vc_tta_section][vc_tta_section title=&#8221;Group Prices&#8221; tab_id=&#8221;groupes&#8221;][vc_column_text]<strong>Unaccompanied tour\u00a0 <\/strong>(minimum of 15 fee paying visitors) 8\u20ac per adult<strong><br \/>\nGuided tour<\/strong> (minimum of 15 fee paying visitors)\u00a0 9.50\u20ac per adult<strong><br \/>\nOnly for groups\u00a0: Full day Lascaux\/Eyrignac<br \/>\n<\/strong><a href=\"https:\/\/www.eyrignac.com\/en\/plan-my-visit-eyrignac\/group-visits-to-the-eyrignac-gardens\">See Group visits<\/a>[\/vc_column_text][\/vc_tta_section][\/vc_tta_accordion][\/vc_column][vc_column width=&#8221;1\/2&#8243; el_id=&#8221;anchor-plan&#8221;][vc_column_text css=&#8221;.vc_custom_1520459947878{margin-bottom: 0px !important;}&#8221;]<\/p>\n<h2><span class=\"or\">How to<\/span> get to Eyrignac<\/h2>\n<p>[\/vc_column_text][vc_column_text]The gardens are situated at 13 km north of Sarlat.[\/vc_column_text][vc_single_image image=&#8221;194&#8243; img_size=&#8221;medium&#8221; alignment=&#8221;center&#8221; onclick=&#8221;custom_link&#8221; img_link_target=&#8221;_blank&#8221; css=&#8221;.vc_custom_1516203219351{margin-top: 25px !important;margin-bottom: 25px !important;padding-top: 25px !important;padding-bottom: 25px !important;}&#8221; link=&#8221;https:\/\/www.google.fr\/maps\/place\/Eyrignac+et+ses+Jardins+en+Dordogne\/@44.944997,1.315269,13z\/data=!4m5!3m4!1s0x12acac46f3bec1a1:0xa6abe105f40617ef!8m2!3d44.9398727!4d1.316169?hl=fr&#8221;][vc_tta_accordion style=&#8221;flat&#8221; shape=&#8221;square&#8221; gap=&#8221;5&#8243; c_position=&#8221;right&#8221; active_section=&#8221;0&#8243; no_fill=&#8221;true&#8221; collapsible_all=&#8221;true&#8221; el_class=&#8221;small-tab&#8221; css=&#8221;.vc_custom_1516202615514{margin-bottom: 0px !important;}&#8221;][vc_tta_section title=&#8221;Railroad stations&#8221; tab_id=&#8221;train&#8221; el_class=&#8221;tab&#8221;][vc_column_text]Sarlat 13 km, Souillac 20 km, Brive 40 km[\/vc_column_text][\/vc_tta_section][vc_tta_section title=&#8221;Direct Access&#8221; tab_id=&#8221;voiture&#8221;][vc_column_text]A20 Highway : Brive or Souillac freeway exit<br \/>\nA89 Highway: La Bachellerie or Terrasson freeway exit<br \/>\nN\u00b017 (Montignac-Lascaux) freeway exit from Perigueux-Bordeaux<\/p>\n<p><strong>GPS Coordinates<\/strong><\/p>\n<p>\u00ab Salignac-Eyvigues \u00bb (Ch\u00e2teau d\u2019Eyrignac)<br \/>\n44.939130 1.315900[\/vc_column_text][\/vc_tta_section][vc_tta_section title=&#8221;Airports&#8221; tab_id=&#8221;avion&#8221;][vc_column_text]Brive-Vallee de la Dordogne 40 km<br \/>\nBergerac 90 km, Limoges 150 km,<br \/>\nToulouse 190 km, Bordeaux 200 km[\/vc_column_text][\/vc_tta_section][\/vc_tta_accordion][vc_tta_accordion style=&#8221;flat&#8221; shape=&#8221;square&#8221; gap=&#8221;10&#8243; c_position=&#8221;right&#8221; active_section=&#8221;0&#8243; no_fill=&#8221;true&#8221; collapsible_all=&#8221;true&#8221; el_class=&#8221;tab-home&#8221; css=&#8221;.vc_custom_1516202635337{margin-top: 0px !important;margin-bottom: 0px !important;}&#8221;][vc_tta_section title=&#8221;During your Visit&#8221; tab_id=&#8221;accompagner&#8221;][vc_column_text]Free map of the gardens available in 6 languages\u00a0: Frecnh, English, Spanish, Dutch, German and Italian<br \/>\nRental Audioguide\u00a0: 2\u20ac (Available in French, English, Spanish and Dutch)[\/vc_column_text][\/vc_tta_section][\/vc_tta_accordion][vc_tta_accordion style=&#8221;flat&#8221; shape=&#8221;square&#8221; c_position=&#8221;right&#8221; active_section=&#8221;0&#8243; no_fill=&#8221;true&#8221; collapsible_all=&#8221;true&#8221; el_class=&#8221;tab-home&#8221; css=&#8221;.vc_custom_1516201759703{margin-top: 0px !important;}&#8221;][vc_tta_section title=&#8221;See also&#8221; tab_id=&#8221;1516187472841-3a0d4fbb-9fae&#8221;][vc_column_text]Botanical walks<br \/>\nTwo nature trails of 2.5km and 4.5km to discover the flora and fauna of the Dordogne[\/vc_column_text][\/vc_tta_section][\/vc_tta_accordion][\/vc_column][\/vc_row][vc_row css=&#8221;.vc_custom_1516189949290{padding-right: 15px !important;padding-left: 15px !important;background-color: #f6f2eb !important;}&#8221;][vc_column width=&#8221;1\/2&#8243; el_id=&#8221;anchor-restaurant&#8221;][vc_column_text css=&#8221;.vc_custom_1520459677533{margin-bottom: 10px !important;}&#8221;]<\/p>\n<h2>Restaurant and Tea Room \u00ab C\u00f4t\u00e9 Jardins \u00bb at the entrance of the Gardens<\/h2>\n<p>[\/vc_column_text][vc_column_text]<\/p>\n<ul>\n<li>Open from 1st April until 31st October<\/li>\n<li>Note that with your Adult entrance ticket, a 2\u20ac discount will be granted on a meal only for Lunch (not available on drinks or slate plates)<\/li>\n<li>Shady picnic area (free access)<\/li>\n<li>Free car park in shady area<\/li>\n<li>Camper vans welcome day and night<\/li>\n<li>Changing facilities for babies<\/li>\n<li>&#8220;C\u00f4t\u00e9 Jardins, C\u00f4t\u00e9 Manoir&#8221;\u00a0Gift Shop open all year round\u00a0(gardening and decoration)<\/li>\n<\/ul>\n<p>[\/vc_column_text][\/vc_column][vc_column width=&#8221;1\/2&#8243;][vc_single_image image=&#8221;256&#8243; img_size=&#8221;large&#8221; onclick=&#8221;link_image&#8221;][vc_column_text el_class=&#8221;small&#8221;]<strong>Dogs on leads are welcome<\/strong>[\/vc_column_text][\/vc_column][\/vc_row]<\/p>\n<\/div>","protected":false},"excerpt":{"rendered":"[vc_row][vc_column css=&#8221;.vc_custom_1516198831838{margin-bottom: 0px !important;}&#8221;][\/vc_column][\/vc_row][vc_row][vc_column][vc_column_text css=&#8221;.vc_custom_1520459027310{margin-bottom: 15px !important;}&#8221;] Background information for your visit to the Eyrignac Gardens. [\/vc_column_text][vc_column_text]Set high in the Perigord Noir, 13 Km from Sarlat, Eyrignac and its gardens is an historic monument from the 17th and 18th centuries, open all year round to individuals, families and groups.\u00a0 An absolute must see are the&#8230; <a class=\"view-article\" href=\"https:\/\/www.eyrignac.com\/en\/plan-my-visit-eyrignac\">View Article<\/a>","protected":false},"author":1,"featured_media":0,"parent":0,"menu_order":0,"comment_status":"closed","ping_status":"closed","template":"","meta":{"_acf_changed":false,"footnotes":""},"class_list":["post-837","page","type-page","status-publish","hentry"],"acf":[],"yoast_head":"<!-- This site is optimized with the Yoast SEO plugin v27.4 - https:\/\/yoast.com\/product\/yoast-seo-wordpress\/ -->\n<title>Plan my visit to Eyrignac and its gardens (P\u00e9rigord Noir - Dordogne)<\/title>\n<meta name=\"description\" content=\"Set high in the Perigord Noir, 13 Km from Sarlat, Eyrignac and its gardens is an historic monument from the 17th and 18th centuries, open all year round to individuals, families and groups. An absolute must see are the 300 sculpted plants, the lawns, the water features, the flower gardens and the White Rose garden ...\" \/>\n<meta name=\"robots\" content=\"index, follow, max-snippet:-1, max-image-preview:large, max-video-preview:-1\" \/>\n<link rel=\"canonical\" href=\"https:\/\/www.eyrignac.com\/en\/plan-my-visit-eyrignac\" \/>\n<meta property=\"og:locale\" content=\"en_US\" \/>\n<meta property=\"og:type\" content=\"article\" \/>\n<meta property=\"og:title\" content=\"Plan my visit to Eyrignac and its gardens (P\u00e9rigord Noir - Dordogne)\" \/>\n<meta property=\"og:description\" content=\"Set high in the Perigord Noir, 13 Km from Sarlat, Eyrignac and its gardens is an historic monument from the 17th and 18th centuries, open all year round to individuals, families and groups. An absolute must see are the 300 sculpted plants, the lawns, the water features, the flower gardens and the White Rose garden ...\" \/>\n<meta property=\"og:url\" content=\"https:\/\/www.eyrignac.com\/en\/plan-my-visit-eyrignac\" \/>\n<meta property=\"og:site_name\" content=\"Eyrignac et ses jardins\" \/>\n<meta property=\"article:publisher\" content=\"https:\/\/www.facebook.com\/JardinsEyrignac\/\" \/>\n<meta property=\"article:modified_time\" content=\"2024-05-30T09:15:05+00:00\" \/>\n<meta name=\"twitter:card\" content=\"summary_large_image\" \/>\n<meta name=\"twitter:site\" content=\"@eyrignac\" \/>\n<meta name=\"twitter:label1\" content=\"Est. reading time\" \/>\n\t<meta name=\"twitter:data1\" content=\"6 minutes\" \/>\n<script type=\"application\/ld+json\" class=\"yoast-schema-graph\">{\"@context\":\"https:\\\/\\\/schema.org\",\"@graph\":[{\"@type\":\"WebPage\",\"@id\":\"https:\\\/\\\/www.eyrignac.com\\\/en\\\/plan-my-visit-eyrignac\",\"url\":\"https:\\\/\\\/www.eyrignac.com\\\/en\\\/plan-my-visit-eyrignac\",\"name\":\"Plan my visit to Eyrignac and its gardens (P\u00e9rigord Noir - Dordogne)\",\"isPartOf\":{\"@id\":\"https:\\\/\\\/www.eyrignac.com\\\/fr\\\/#website\"},\"datePublished\":\"2018-03-07T21:42:57+00:00\",\"dateModified\":\"2024-05-30T09:15:05+00:00\",\"description\":\"Set high in the Perigord Noir, 13 Km from Sarlat, Eyrignac and its gardens is an historic monument from the 17th and 18th centuries, open all year round to individuals, families and groups. An absolute must see are the 300 sculpted plants, the lawns, the water features, the flower gardens and the White Rose garden ...\",\"breadcrumb\":{\"@id\":\"https:\\\/\\\/www.eyrignac.com\\\/en\\\/plan-my-visit-eyrignac#breadcrumb\"},\"inLanguage\":\"en-US\",\"potentialAction\":[{\"@type\":\"ReadAction\",\"target\":[\"https:\\\/\\\/www.eyrignac.com\\\/en\\\/plan-my-visit-eyrignac\"]}]},{\"@type\":\"BreadcrumbList\",\"@id\":\"https:\\\/\\\/www.eyrignac.com\\\/en\\\/plan-my-visit-eyrignac#breadcrumb\",\"itemListElement\":[{\"@type\":\"ListItem\",\"position\":1,\"name\":\"Accueil\",\"item\":\"https:\\\/\\\/www.eyrignac.com\\\/en\"},{\"@type\":\"ListItem\",\"position\":2,\"name\":\"Plan my visit\"}]},{\"@type\":\"WebSite\",\"@id\":\"https:\\\/\\\/www.eyrignac.com\\\/fr\\\/#website\",\"url\":\"https:\\\/\\\/www.eyrignac.com\\\/fr\\\/\",\"name\":\"Eyrignac et ses jardins\",\"description\":\"Lieu de verdure unique en Dordogne\",\"publisher\":{\"@id\":\"https:\\\/\\\/www.eyrignac.com\\\/fr\\\/#organization\"},\"potentialAction\":[{\"@type\":\"SearchAction\",\"target\":{\"@type\":\"EntryPoint\",\"urlTemplate\":\"https:\\\/\\\/www.eyrignac.com\\\/fr\\\/?s={search_term_string}\"},\"query-input\":{\"@type\":\"PropertyValueSpecification\",\"valueRequired\":true,\"valueName\":\"search_term_string\"}}],\"inLanguage\":\"en-US\"},{\"@type\":\"Organization\",\"@id\":\"https:\\\/\\\/www.eyrignac.com\\\/fr\\\/#organization\",\"name\":\"Eyrignac\",\"url\":\"https:\\\/\\\/www.eyrignac.com\\\/fr\\\/\",\"logo\":{\"@type\":\"ImageObject\",\"inLanguage\":\"en-US\",\"@id\":\"https:\\\/\\\/www.eyrignac.com\\\/fr\\\/#\\\/schema\\\/logo\\\/image\\\/\",\"url\":\"https:\\\/\\\/www.eyrignac.com\\\/wp-content\\\/uploads\\\/2017\\\/12\\\/logo-eyrignac.png\",\"contentUrl\":\"https:\\\/\\\/www.eyrignac.com\\\/wp-content\\\/uploads\\\/2017\\\/12\\\/logo-eyrignac.png\",\"width\":500,\"height\":189,\"caption\":\"Eyrignac\"},\"image\":{\"@id\":\"https:\\\/\\\/www.eyrignac.com\\\/fr\\\/#\\\/schema\\\/logo\\\/image\\\/\"},\"sameAs\":[\"https:\\\/\\\/www.facebook.com\\\/JardinsEyrignac\\\/\",\"https:\\\/\\\/x.com\\\/eyrignac\",\"https:\\\/\\\/www.instagram.com\\\/eyrignac\\\/\",\"https:\\\/\\\/www.pinterest.fr\\\/eyrignac\\\/\",\"https:\\\/\\\/www.youtube.com\\\/channel\\\/UCjWc47ArIew83eRXXjaBowg\"]}]}<\/script>\n<!-- \/ Yoast SEO plugin. -->","yoast_head_json":{"title":"Plan my visit to Eyrignac and its gardens (P\u00e9rigord Noir - Dordogne)","description":"Set high in the Perigord Noir, 13 Km from Sarlat, Eyrignac and its gardens is an historic monument from the 17th and 18th centuries, open all year round to individuals, families and groups. An absolute must see are the 300 sculpted plants, the lawns, the water features, the flower gardens and the White Rose garden ...","robots":{"index":"index","follow":"follow","max-snippet":"max-snippet:-1","max-image-preview":"max-image-preview:large","max-video-preview":"max-video-preview:-1"},"canonical":"https:\/\/www.eyrignac.com\/en\/plan-my-visit-eyrignac","og_locale":"en_US","og_type":"article","og_title":"Plan my visit to Eyrignac and its gardens (P\u00e9rigord Noir - Dordogne)","og_description":"Set high in the Perigord Noir, 13 Km from Sarlat, Eyrignac and its gardens is an historic monument from the 17th and 18th centuries, open all year round to individuals, families and groups. An absolute must see are the 300 sculpted plants, the lawns, the water features, the flower gardens and the White Rose garden ...","og_url":"https:\/\/www.eyrignac.com\/en\/plan-my-visit-eyrignac","og_site_name":"Eyrignac et ses jardins","article_publisher":"https:\/\/www.facebook.com\/JardinsEyrignac\/","article_modified_time":"2024-05-30T09:15:05+00:00","twitter_card":"summary_large_image","twitter_site":"@eyrignac","twitter_misc":{"Est. reading time":"6 minutes"},"schema":{"@context":"https:\/\/schema.org","@graph":[{"@type":"WebPage","@id":"https:\/\/www.eyrignac.com\/en\/plan-my-visit-eyrignac","url":"https:\/\/www.eyrignac.com\/en\/plan-my-visit-eyrignac","name":"Plan my visit to Eyrignac and its gardens (P\u00e9rigord Noir - Dordogne)","isPartOf":{"@id":"https:\/\/www.eyrignac.com\/fr\/#website"},"datePublished":"2018-03-07T21:42:57+00:00","dateModified":"2024-05-30T09:15:05+00:00","description":"Set high in the Perigord Noir, 13 Km from Sarlat, Eyrignac and its gardens is an historic monument from the 17th and 18th centuries, open all year round to individuals, families and groups. An absolute must see are the 300 sculpted plants, the lawns, the water features, the flower gardens and the White Rose garden ...","breadcrumb":{"@id":"https:\/\/www.eyrignac.com\/en\/plan-my-visit-eyrignac#breadcrumb"},"inLanguage":"en-US","potentialAction":[{"@type":"ReadAction","target":["https:\/\/www.eyrignac.com\/en\/plan-my-visit-eyrignac"]}]},{"@type":"BreadcrumbList","@id":"https:\/\/www.eyrignac.com\/en\/plan-my-visit-eyrignac#breadcrumb","itemListElement":[{"@type":"ListItem","position":1,"name":"Accueil","item":"https:\/\/www.eyrignac.com\/en"},{"@type":"ListItem","position":2,"name":"Plan my visit"}]},{"@type":"WebSite","@id":"https:\/\/www.eyrignac.com\/fr\/#website","url":"https:\/\/www.eyrignac.com\/fr\/","name":"Eyrignac et ses jardins","description":"Lieu de verdure unique en Dordogne","publisher":{"@id":"https:\/\/www.eyrignac.com\/fr\/#organization"},"potentialAction":[{"@type":"SearchAction","target":{"@type":"EntryPoint","urlTemplate":"https:\/\/www.eyrignac.com\/fr\/?s={search_term_string}"},"query-input":{"@type":"PropertyValueSpecification","valueRequired":true,"valueName":"search_term_string"}}],"inLanguage":"en-US"},{"@type":"Organization","@id":"https:\/\/www.eyrignac.com\/fr\/#organization","name":"Eyrignac","url":"https:\/\/www.eyrignac.com\/fr\/","logo":{"@type":"ImageObject","inLanguage":"en-US","@id":"https:\/\/www.eyrignac.com\/fr\/#\/schema\/logo\/image\/","url":"https:\/\/www.eyrignac.com\/wp-content\/uploads\/2017\/12\/logo-eyrignac.png","contentUrl":"https:\/\/www.eyrignac.com\/wp-content\/uploads\/2017\/12\/logo-eyrignac.png","width":500,"height":189,"caption":"Eyrignac"},"image":{"@id":"https:\/\/www.eyrignac.com\/fr\/#\/schema\/logo\/image\/"},"sameAs":["https:\/\/www.facebook.com\/JardinsEyrignac\/","https:\/\/x.com\/eyrignac","https:\/\/www.instagram.com\/eyrignac\/","https:\/\/www.pinterest.fr\/eyrignac\/","https:\/\/www.youtube.com\/channel\/UCjWc47ArIew83eRXXjaBowg"]}]}},"_links":{"self":[{"href":"https:\/\/www.eyrignac.com\/en\/wp-json\/wp\/v2\/pages\/837","targetHints":{"allow":["GET"]}}],"collection":[{"href":"https:\/\/www.eyrignac.com\/en\/wp-json\/wp\/v2\/pages"}],"about":[{"href":"https:\/\/www.eyrignac.com\/en\/wp-json\/wp\/v2\/types\/page"}],"author":[{"embeddable":true,"href":"https:\/\/www.eyrignac.com\/en\/wp-json\/wp\/v2\/users\/1"}],"replies":[{"embeddable":true,"href":"https:\/\/www.eyrignac.com\/en\/wp-json\/wp\/v2\/comments?post=837"}],"version-history":[{"count":0,"href":"https:\/\/www.eyrignac.com\/en\/wp-json\/wp\/v2\/pages\/837\/revisions"}],"wp:attachment":[{"href":"https:\/\/www.eyrignac.com\/en\/wp-json\/wp\/v2\/media?parent=837"}],"curies":[{"name":"wp","href":"https:\/\/api.w.org\/{rel}","templated":true}]}}