{"id":3779,"date":"2019-06-26T20:01:50","date_gmt":"2019-06-26T18:01:50","guid":{"rendered":"https:\/\/www.eyrignac.com\/?page_id=3779"},"modified":"2019-06-26T22:35:30","modified_gmt":"2019-06-26T20:35:30","slug":"cote-jardins-the-manoir-eyrignac-restaurant-tea-room","status":"publish","type":"page","link":"https:\/\/www.eyrignac.com\/en\/plan-my-visit-eyrignac\/cote-jardins-the-manoir-eyrignac-restaurant-tea-room","title":{"rendered":"\u201cC\u00d4T\u00c9 JARDINS\u201d : THE MANOIR D&#8217;EYRIGNAC&#8217;S RESTAURANT &#038; TEA ROOM"},"content":{"rendered":"<div class=\"wpb-content-wrapper\"><p>[vc_row][vc_column][vc_column_text]<strong>At the entrance of Eyrignac gardens, the Restaurant &amp; Tea Room &#8220;C\u00f4t\u00e9 Jardins&#8221; welcomes you for a gourmet break. Quality regional products and delightful flavours are guaranteed!<\/strong>[\/vc_column_text][\/vc_column][\/vc_row][vc_row][vc_column width=&#8221;1\/4&#8243;][vc_empty_space][vc_media_grid element_width=&#8221;12&#8243; grid_id=&#8221;vc_gid:1561581299760-0adfe5bc-4d78-10&#8243; include=&#8221;2975,2971,2973,2739&#8243;][\/vc_column][vc_column width=&#8221;3\/4&#8243;][vc_column_text]<\/p>\n<h3>THE \u201cC\u00d4T\u00c9 JARDINS\u201d RESTAURANT: &#8216;PERIGOURDINE&#8217; STYLE DISHES, 100% MADE ON SITE<\/h3>\n<p>[\/vc_column_text][vc_raw_html]JTNDZGl2JTIwY2xhc3MlM0QlMjJzZXAlMjIlM0UlM0MlMkZkaXYlM0U=[\/vc_raw_html][vc_column_text]A delicious aroma tempts the taste buds at the entrance of Eyrignac gardens. These are the delicious dishes 100% prepared on site by the team of the &#8220;C\u00f4t\u00e9 Jardin&#8221; restaurant. On the menu: sandwiches, burgers, \u00e0 la carte dishes, composed from a range of carefully selected local products: foie gras, black ham, duck confit, trappe d&#8217;Echourgnac cheese, walnuts, and porcini mushrooms all prepared of course in Perigord fashion accompanied by Sarlat potatoes.<\/p>\n<p><a href=\"https:\/\/www.eyrignac.com\/wp-content\/uploads\/2019\/06\/eyrignac_restaurant_menu.pdf\" target=\"_blank\" rel=\"noopener noreferrer\">Display the &#8220;C\u00f4t\u00e9 Jardin&#8221; restaurant menu<\/a>[\/vc_column_text][vc_empty_space][vc_column_text]<\/p>\n<h3>THE TEA ROOM: GOURMET TREATS<\/h3>\n<p>[\/vc_column_text][vc_raw_html]JTNDZGl2JTIwY2xhc3MlM0QlMjJzZXAlMjIlM0UlM0MlMkZkaXYlM0U=[\/vc_raw_html][vc_column_text]For a little snack or a coffee break, don&#8217;t hesitate to visit the tea room and sit indoors or on the terrace. On the sweet treats menu, you will find, for example, the traditional walnut cake (gateau aux noix), but also artisanal ice cream and sorbets, and your choice of pancakes and waffles to accompany a hot or cold drink.[\/vc_column_text][\/vc_column][\/vc_row][vc_row css=&#8221;.vc_custom_1561580881184{background-color: #f2f0ec !important;}&#8221;][vc_column][vc_column_text]<\/p>\n<h3>THE \u201cC\u00d4T\u00c9 JARDIN\u201d RESTAURANT &amp; TEA ROOM<\/h3>\n<p>[\/vc_column_text][vc_raw_html css=&#8221;.vc_custom_1561580742115{background-color: #f2f0ec !important;}&#8221;]JTNDZGl2JTIwY2xhc3MlM0QlMjJzZXAlMjIlM0UlM0MlMkZkaXYlM0U=[\/vc_raw_html][vc_column_text]<\/p>\n<ul>\n<li>Open from the 1st April to the 31st October.<\/li>\n<li>For families, a children&#8217;s menu is on offer.<\/li>\n<li>Discover the specialty menus for groups.<\/li>\n<li>Reservations are required for groups.<\/li>\n<\/ul>\n<p><a href=\"https:\/\/www.eyrignac.com\/en\/plan-my-visit-eyrignac\/group-visits-to-the-eyrignac-gardens\">Consult the page dedicated to group visits of Eyrignac and its gardens<\/a>[\/vc_column_text][\/vc_column][\/vc_row][vc_row][vc_column][vc_empty_space][\/vc_column][\/vc_row]<\/p>\n<\/div>","protected":false},"excerpt":{"rendered":"[vc_row][vc_column][vc_column_text]At the entrance of Eyrignac gardens, the Restaurant &amp; Tea Room &#8220;C\u00f4t\u00e9 Jardins&#8221; welcomes you for a gourmet break. Quality regional products and delightful flavours are guaranteed![\/vc_column_text][\/vc_column][\/vc_row][vc_row][vc_column width=&#8221;1\/4&#8243;][vc_empty_space][vc_media_grid element_width=&#8221;12&#8243; grid_id=&#8221;vc_gid:1561581299760-0adfe5bc-4d78-10&#8243; include=&#8221;2975,2971,2973,2739&#8243;][\/vc_column][vc_column width=&#8221;3\/4&#8243;][vc_column_text] THE \u201cC\u00d4T\u00c9 JARDINS\u201d RESTAURANT: &#8216;PERIGOURDINE&#8217; STYLE DISHES, 100% MADE ON SITE [\/vc_column_text][vc_raw_html]JTNDZGl2JTIwY2xhc3MlM0QlMjJzZXAlMjIlM0UlM0MlMkZkaXYlM0U=[\/vc_raw_html][vc_column_text]A delicious aroma tempts the taste buds at the entrance of Eyrignac&#8230; <a class=\"view-article\" href=\"https:\/\/www.eyrignac.com\/en\/plan-my-visit-eyrignac\/cote-jardins-the-manoir-eyrignac-restaurant-tea-room\">View Article<\/a>","protected":false},"author":3,"featured_media":0,"parent":837,"menu_order":0,"comment_status":"closed","ping_status":"closed","template":"","meta":{"_acf_changed":false,"footnotes":""},"class_list":["post-3779","page","type-page","status-publish","hentry"],"acf":[],"yoast_head":"<!-- This site is optimized with the Yoast SEO plugin v27.5 - https:\/\/yoast.com\/product\/yoast-seo-wordpress\/ -->\n<title>\u201cC\u00d4T\u00c9 JARDINS\u201d : THE MANOIR D&#039;EYRIGNAC&#039;S RESTAURANT &amp; TEA ROOM - Eyrignac et ses jardins<\/title>\n<meta name=\"description\" content=\"At the entrance of Eyrignac gardens, the Restaurant &amp; Tea Room &quot;C\u00f4t\u00e9 Jardins&quot; welcomes you for a gourmet break. Quality regional products and delightful flav\" \/>\n<meta name=\"robots\" content=\"index, follow, max-snippet:-1, max-image-preview:large, max-video-preview:-1\" \/>\n<link rel=\"canonical\" href=\"https:\/\/www.eyrignac.com\/en\/plan-my-visit-eyrignac\/cote-jardins-the-manoir-eyrignac-restaurant-tea-room\" \/>\n<meta property=\"og:locale\" content=\"en_US\" \/>\n<meta property=\"og:type\" content=\"article\" \/>\n<meta property=\"og:title\" content=\"\u201cC\u00d4T\u00c9 JARDINS\u201d : THE MANOIR D&#039;EYRIGNAC&#039;S RESTAURANT &amp; TEA ROOM - Eyrignac et ses jardins\" \/>\n<meta property=\"og:description\" content=\"At the entrance of Eyrignac gardens, the Restaurant &amp; Tea Room &quot;C\u00f4t\u00e9 Jardins&quot; welcomes you for a gourmet break. Quality regional products and delightful flav\" \/>\n<meta property=\"og:url\" content=\"https:\/\/www.eyrignac.com\/en\/plan-my-visit-eyrignac\/cote-jardins-the-manoir-eyrignac-restaurant-tea-room\" \/>\n<meta property=\"og:site_name\" content=\"Eyrignac et ses jardins\" \/>\n<meta property=\"article:publisher\" content=\"https:\/\/www.facebook.com\/JardinsEyrignac\/\" \/>\n<meta property=\"article:modified_time\" content=\"2019-06-26T20:35:30+00:00\" \/>\n<meta name=\"twitter:card\" content=\"summary_large_image\" \/>\n<meta name=\"twitter:site\" content=\"@eyrignac\" \/>\n<meta name=\"twitter:label1\" content=\"Est. reading time\" \/>\n\t<meta name=\"twitter:data1\" content=\"2 minutes\" \/>\n<script type=\"application\/ld+json\" class=\"yoast-schema-graph\">{\"@context\":\"https:\\\/\\\/schema.org\",\"@graph\":[{\"@type\":\"WebPage\",\"@id\":\"https:\\\/\\\/www.eyrignac.com\\\/en\\\/plan-my-visit-eyrignac\\\/cote-jardins-the-manoir-eyrignac-restaurant-tea-room\",\"url\":\"https:\\\/\\\/www.eyrignac.com\\\/en\\\/plan-my-visit-eyrignac\\\/cote-jardins-the-manoir-eyrignac-restaurant-tea-room\",\"name\":\"\u201cC\u00d4T\u00c9 JARDINS\u201d : THE MANOIR D'EYRIGNAC'S RESTAURANT & TEA ROOM - Eyrignac et ses jardins\",\"isPartOf\":{\"@id\":\"https:\\\/\\\/www.eyrignac.com\\\/fr\\\/#website\"},\"datePublished\":\"2019-06-26T18:01:50+00:00\",\"dateModified\":\"2019-06-26T20:35:30+00:00\",\"description\":\"At the entrance of Eyrignac gardens, the Restaurant & Tea Room \\\"C\u00f4t\u00e9 Jardins\\\" welcomes you for a gourmet break. Quality regional products and delightful flav\",\"breadcrumb\":{\"@id\":\"https:\\\/\\\/www.eyrignac.com\\\/en\\\/plan-my-visit-eyrignac\\\/cote-jardins-the-manoir-eyrignac-restaurant-tea-room#breadcrumb\"},\"inLanguage\":\"en-US\",\"potentialAction\":[{\"@type\":\"ReadAction\",\"target\":[\"https:\\\/\\\/www.eyrignac.com\\\/en\\\/plan-my-visit-eyrignac\\\/cote-jardins-the-manoir-eyrignac-restaurant-tea-room\"]}]},{\"@type\":\"BreadcrumbList\",\"@id\":\"https:\\\/\\\/www.eyrignac.com\\\/en\\\/plan-my-visit-eyrignac\\\/cote-jardins-the-manoir-eyrignac-restaurant-tea-room#breadcrumb\",\"itemListElement\":[{\"@type\":\"ListItem\",\"position\":1,\"name\":\"Accueil\",\"item\":\"https:\\\/\\\/www.eyrignac.com\\\/en\"},{\"@type\":\"ListItem\",\"position\":2,\"name\":\"Plan my visit\",\"item\":\"https:\\\/\\\/www.eyrignac.com\\\/en\\\/plan-my-visit-eyrignac\"},{\"@type\":\"ListItem\",\"position\":3,\"name\":\"\u201cC\u00d4T\u00c9 JARDINS\u201d : THE MANOIR D&#8217;EYRIGNAC&#8217;S RESTAURANT &#038; TEA ROOM\"}]},{\"@type\":\"WebSite\",\"@id\":\"https:\\\/\\\/www.eyrignac.com\\\/fr\\\/#website\",\"url\":\"https:\\\/\\\/www.eyrignac.com\\\/fr\\\/\",\"name\":\"Eyrignac et ses jardins\",\"description\":\"Lieu de verdure unique en Dordogne\",\"publisher\":{\"@id\":\"https:\\\/\\\/www.eyrignac.com\\\/fr\\\/#organization\"},\"potentialAction\":[{\"@type\":\"SearchAction\",\"target\":{\"@type\":\"EntryPoint\",\"urlTemplate\":\"https:\\\/\\\/www.eyrignac.com\\\/fr\\\/?s={search_term_string}\"},\"query-input\":{\"@type\":\"PropertyValueSpecification\",\"valueRequired\":true,\"valueName\":\"search_term_string\"}}],\"inLanguage\":\"en-US\"},{\"@type\":\"Organization\",\"@id\":\"https:\\\/\\\/www.eyrignac.com\\\/fr\\\/#organization\",\"name\":\"Eyrignac\",\"url\":\"https:\\\/\\\/www.eyrignac.com\\\/fr\\\/\",\"logo\":{\"@type\":\"ImageObject\",\"inLanguage\":\"en-US\",\"@id\":\"https:\\\/\\\/www.eyrignac.com\\\/fr\\\/#\\\/schema\\\/logo\\\/image\\\/\",\"url\":\"https:\\\/\\\/www.eyrignac.com\\\/wp-content\\\/uploads\\\/2017\\\/12\\\/logo-eyrignac.png\",\"contentUrl\":\"https:\\\/\\\/www.eyrignac.com\\\/wp-content\\\/uploads\\\/2017\\\/12\\\/logo-eyrignac.png\",\"width\":500,\"height\":189,\"caption\":\"Eyrignac\"},\"image\":{\"@id\":\"https:\\\/\\\/www.eyrignac.com\\\/fr\\\/#\\\/schema\\\/logo\\\/image\\\/\"},\"sameAs\":[\"https:\\\/\\\/www.facebook.com\\\/JardinsEyrignac\\\/\",\"https:\\\/\\\/x.com\\\/eyrignac\",\"https:\\\/\\\/www.instagram.com\\\/eyrignac\\\/\",\"https:\\\/\\\/www.pinterest.fr\\\/eyrignac\\\/\",\"https:\\\/\\\/www.youtube.com\\\/channel\\\/UCjWc47ArIew83eRXXjaBowg\"]}]}<\/script>\n<!-- \/ Yoast SEO plugin. -->","yoast_head_json":{"title":"\u201cC\u00d4T\u00c9 JARDINS\u201d : THE MANOIR D'EYRIGNAC'S RESTAURANT & TEA ROOM - Eyrignac et ses jardins","description":"At the entrance of Eyrignac gardens, the Restaurant & Tea Room \"C\u00f4t\u00e9 Jardins\" welcomes you for a gourmet break. Quality regional products and delightful flav","robots":{"index":"index","follow":"follow","max-snippet":"max-snippet:-1","max-image-preview":"max-image-preview:large","max-video-preview":"max-video-preview:-1"},"canonical":"https:\/\/www.eyrignac.com\/en\/plan-my-visit-eyrignac\/cote-jardins-the-manoir-eyrignac-restaurant-tea-room","og_locale":"en_US","og_type":"article","og_title":"\u201cC\u00d4T\u00c9 JARDINS\u201d : THE MANOIR D'EYRIGNAC'S RESTAURANT & TEA ROOM - Eyrignac et ses jardins","og_description":"At the entrance of Eyrignac gardens, the Restaurant & Tea Room \"C\u00f4t\u00e9 Jardins\" welcomes you for a gourmet break. Quality regional products and delightful flav","og_url":"https:\/\/www.eyrignac.com\/en\/plan-my-visit-eyrignac\/cote-jardins-the-manoir-eyrignac-restaurant-tea-room","og_site_name":"Eyrignac et ses jardins","article_publisher":"https:\/\/www.facebook.com\/JardinsEyrignac\/","article_modified_time":"2019-06-26T20:35:30+00:00","twitter_card":"summary_large_image","twitter_site":"@eyrignac","twitter_misc":{"Est. reading time":"2 minutes"},"schema":{"@context":"https:\/\/schema.org","@graph":[{"@type":"WebPage","@id":"https:\/\/www.eyrignac.com\/en\/plan-my-visit-eyrignac\/cote-jardins-the-manoir-eyrignac-restaurant-tea-room","url":"https:\/\/www.eyrignac.com\/en\/plan-my-visit-eyrignac\/cote-jardins-the-manoir-eyrignac-restaurant-tea-room","name":"\u201cC\u00d4T\u00c9 JARDINS\u201d : THE MANOIR D'EYRIGNAC'S RESTAURANT & TEA ROOM - Eyrignac et ses jardins","isPartOf":{"@id":"https:\/\/www.eyrignac.com\/fr\/#website"},"datePublished":"2019-06-26T18:01:50+00:00","dateModified":"2019-06-26T20:35:30+00:00","description":"At the entrance of Eyrignac gardens, the Restaurant & Tea Room \"C\u00f4t\u00e9 Jardins\" welcomes you for a gourmet break. Quality regional products and delightful flav","breadcrumb":{"@id":"https:\/\/www.eyrignac.com\/en\/plan-my-visit-eyrignac\/cote-jardins-the-manoir-eyrignac-restaurant-tea-room#breadcrumb"},"inLanguage":"en-US","potentialAction":[{"@type":"ReadAction","target":["https:\/\/www.eyrignac.com\/en\/plan-my-visit-eyrignac\/cote-jardins-the-manoir-eyrignac-restaurant-tea-room"]}]},{"@type":"BreadcrumbList","@id":"https:\/\/www.eyrignac.com\/en\/plan-my-visit-eyrignac\/cote-jardins-the-manoir-eyrignac-restaurant-tea-room#breadcrumb","itemListElement":[{"@type":"ListItem","position":1,"name":"Accueil","item":"https:\/\/www.eyrignac.com\/en"},{"@type":"ListItem","position":2,"name":"Plan my visit","item":"https:\/\/www.eyrignac.com\/en\/plan-my-visit-eyrignac"},{"@type":"ListItem","position":3,"name":"\u201cC\u00d4T\u00c9 JARDINS\u201d : THE MANOIR D&#8217;EYRIGNAC&#8217;S RESTAURANT &#038; TEA ROOM"}]},{"@type":"WebSite","@id":"https:\/\/www.eyrignac.com\/fr\/#website","url":"https:\/\/www.eyrignac.com\/fr\/","name":"Eyrignac et ses jardins","description":"Lieu de verdure unique en Dordogne","publisher":{"@id":"https:\/\/www.eyrignac.com\/fr\/#organization"},"potentialAction":[{"@type":"SearchAction","target":{"@type":"EntryPoint","urlTemplate":"https:\/\/www.eyrignac.com\/fr\/?s={search_term_string}"},"query-input":{"@type":"PropertyValueSpecification","valueRequired":true,"valueName":"search_term_string"}}],"inLanguage":"en-US"},{"@type":"Organization","@id":"https:\/\/www.eyrignac.com\/fr\/#organization","name":"Eyrignac","url":"https:\/\/www.eyrignac.com\/fr\/","logo":{"@type":"ImageObject","inLanguage":"en-US","@id":"https:\/\/www.eyrignac.com\/fr\/#\/schema\/logo\/image\/","url":"https:\/\/www.eyrignac.com\/wp-content\/uploads\/2017\/12\/logo-eyrignac.png","contentUrl":"https:\/\/www.eyrignac.com\/wp-content\/uploads\/2017\/12\/logo-eyrignac.png","width":500,"height":189,"caption":"Eyrignac"},"image":{"@id":"https:\/\/www.eyrignac.com\/fr\/#\/schema\/logo\/image\/"},"sameAs":["https:\/\/www.facebook.com\/JardinsEyrignac\/","https:\/\/x.com\/eyrignac","https:\/\/www.instagram.com\/eyrignac\/","https:\/\/www.pinterest.fr\/eyrignac\/","https:\/\/www.youtube.com\/channel\/UCjWc47ArIew83eRXXjaBowg"]}]}},"_links":{"self":[{"href":"https:\/\/www.eyrignac.com\/en\/wp-json\/wp\/v2\/pages\/3779","targetHints":{"allow":["GET"]}}],"collection":[{"href":"https:\/\/www.eyrignac.com\/en\/wp-json\/wp\/v2\/pages"}],"about":[{"href":"https:\/\/www.eyrignac.com\/en\/wp-json\/wp\/v2\/types\/page"}],"author":[{"embeddable":true,"href":"https:\/\/www.eyrignac.com\/en\/wp-json\/wp\/v2\/users\/3"}],"replies":[{"embeddable":true,"href":"https:\/\/www.eyrignac.com\/en\/wp-json\/wp\/v2\/comments?post=3779"}],"version-history":[{"count":0,"href":"https:\/\/www.eyrignac.com\/en\/wp-json\/wp\/v2\/pages\/3779\/revisions"}],"up":[{"embeddable":true,"href":"https:\/\/www.eyrignac.com\/en\/wp-json\/wp\/v2\/pages\/837"}],"wp:attachment":[{"href":"https:\/\/www.eyrignac.com\/en\/wp-json\/wp\/v2\/media?parent=3779"}],"curies":[{"name":"wp","href":"https:\/\/api.w.org\/{rel}","templated":true}]}}